{"id":82248,"date":"2025-12-05T14:02:12","date_gmt":"2025-12-05T14:02:12","guid":{"rendered":"https:\/\/ginecologiaavanzada.es\/carla-castell-arenillas\/"},"modified":"2026-02-10T18:46:44","modified_gmt":"2026-02-10T18:46:44","slug":"carla-castell-arenillas","status":"publish","type":"page","link":"https:\/\/ginecologiaavanzada.es\/ca\/carla-castell-arenillas\/","title":{"rendered":"CARLA CASTELL ARENILLAS"},"content":{"rendered":"\t\t<div data-elementor-type=\"wp-page\" data-elementor-id=\"82248\" class=\"elementor elementor-82248 elementor-80792\" data-elementor-post-type=\"page\">\n\t\t\t\t\t\t<section class=\"elementor-section elementor-top-section elementor-element elementor-element-d1b96b7 elementor-section-boxed elementor-section-height-default elementor-section-height-default\" data-id=\"d1b96b7\" data-element_type=\"section\" data-e-type=\"section\">\n\t\t\t\t\t\t<div class=\"elementor-container elementor-column-gap-default\">\n\t\t\t\t\t<div class=\"elementor-column elementor-col-50 elementor-top-column elementor-element elementor-element-1ed2a1c\" data-id=\"1ed2a1c\" data-element_type=\"column\" data-e-type=\"column\">\n\t\t\t<div class=\"elementor-widget-wrap elementor-element-populated\">\n\t\t\t\t\t\t<div class=\"elementor-element elementor-element-6884652 elementor-widget elementor-widget-image\" data-id=\"6884652\" data-element_type=\"widget\" data-e-type=\"widget\" data-widget_type=\"image.default\">\n\t\t\t\t<div class=\"elementor-widget-container\">\n\t\t\t\t\t\t\t\t\t\t\t\t\t\t\t<img fetchpriority=\"high\" decoding=\"async\" width=\"400\" height=\"400\" src=\"https:\/\/ginecologiaavanzada.es\/wp-content\/uploads\/2025\/11\/Carla-Castell-10-400x400.jpg\" class=\"attachment-large size-large wp-image-82247\" alt=\"\" srcset=\"https:\/\/ginecologiaavanzada.es\/wp-content\/uploads\/2025\/11\/Carla-Castell-10-400x400.jpg 400w, https:\/\/ginecologiaavanzada.es\/wp-content\/uploads\/2025\/11\/Carla-Castell-10-150x150.jpg 150w, https:\/\/ginecologiaavanzada.es\/wp-content\/uploads\/2025\/11\/Carla-Castell-10-768x768.jpg 768w, https:\/\/ginecologiaavanzada.es\/wp-content\/uploads\/2025\/11\/Carla-Castell-10-1536x1536.jpg 1536w, https:\/\/ginecologiaavanzada.es\/wp-content\/uploads\/2025\/11\/Carla-Castell-10-2048x2048.jpg 2048w, https:\/\/ginecologiaavanzada.es\/wp-content\/uploads\/2025\/11\/Carla-Castell-10-600x600.jpg 600w\" sizes=\"(max-width: 400px) 100vw, 400px\" \/>\t\t\t\t\t\t\t\t\t\t\t\t\t\t\t<\/div>\n\t\t\t\t<\/div>\n\t\t\t\t<div class=\"elementor-element elementor-element-de2decf elementor-widget elementor-widget-text-editor\" data-id=\"de2decf\" data-element_type=\"widget\" data-e-type=\"widget\" data-widget_type=\"text-editor.default\">\n\t\t\t\t<div class=\"elementor-widget-container\">\n\t\t\t\t\t\t\t\t\t<p>Dra. Carla Castell Arenillas <\/p>\t\t\t\t\t\t\t\t<\/div>\n\t\t\t\t<\/div>\n\t\t\t\t<div class=\"elementor-element elementor-element-f389ade elementor-widget elementor-widget-text-editor\" data-id=\"f389ade\" data-element_type=\"widget\" data-e-type=\"widget\" data-widget_type=\"text-editor.default\">\n\t\t\t\t<div class=\"elementor-widget-container\">\n\t\t\t\t\t\t\t\t\t<p><span style=\"color: #aa83b1;\">ESPECIALISTA<\/span><\/p>\n<p>Tractaments De Reproducci\u00f3 Assistida: Fecundaci\u00f3 In Vitro, Inseminacions Artificials, Congelaci\u00f3 D&#8217;\u00d2vuls, Ovodonaci\u00f3, M\u00e8tode Roba<br>Esterilitat i Infertilitat<br>Maternitat Uniparental<br>Maternitat Per a Parelles Femenines<br>Endometriosi i Esterilitat<br>Ovaris Poliqu\u00edstics i Esterilitat<\/p>\t\t\t\t\t\t\t\t<\/div>\n\t\t\t\t<\/div>\n\t\t\t\t<div class=\"elementor-element elementor-element-ec624b8 elementor-widget elementor-widget-text-editor\" data-id=\"ec624b8\" data-element_type=\"widget\" data-e-type=\"widget\" data-widget_type=\"text-editor.default\">\n\t\t\t\t<div class=\"elementor-widget-container\">\n\t\t\t\t\t\t\t\t\t<p>Demanar Cita<\/p>\t\t\t\t\t\t\t\t<\/div>\n\t\t\t\t<\/div>\n\t\t\t\t<section class=\"elementor-section elementor-inner-section elementor-element elementor-element-279b23b elementor-section-boxed elementor-section-height-default elementor-section-height-default\" data-id=\"279b23b\" data-element_type=\"section\" data-e-type=\"section\">\n\t\t\t\t\t\t<div class=\"elementor-container elementor-column-gap-default\">\n\t\t\t\t\t<div class=\"elementor-column elementor-col-33 elementor-inner-column elementor-element elementor-element-e588edb\" data-id=\"e588edb\" data-element_type=\"column\" data-e-type=\"column\">\n\t\t\t<div class=\"elementor-widget-wrap\">\n\t\t\t\t\t\t\t<\/div>\n\t\t<\/div>\n\t\t\t\t<div class=\"elementor-column elementor-col-33 elementor-inner-column elementor-element elementor-element-0b7cdf9\" data-id=\"0b7cdf9\" data-element_type=\"column\" data-e-type=\"column\">\n\t\t\t<div class=\"elementor-widget-wrap elementor-element-populated\">\n\t\t\t\t\t\t<div class=\"elementor-element elementor-element-28babf8 elementor-align-center elementor-widget elementor-widget-button\" data-id=\"28babf8\" data-element_type=\"widget\" data-e-type=\"widget\" data-widget_type=\"button.default\">\n\t\t\t\t<div class=\"elementor-widget-container\">\n\t\t\t\t\t\t\t\t\t<div class=\"elementor-button-wrapper\">\n\t\t\t\t\t<a class=\"elementor-button elementor-button-link elementor-size-sm\" href=\"https:\/\/www.doctoralia.es\/clinicas\/instituto-de-ginecologia-avanzada-2?saasonly=true\" target=\"_blank\">\n\t\t\t\t\t\t<span class=\"elementor-button-content-wrapper\">\n\t\t\t\t\t\t\t\t\t<span class=\"elementor-button-text\">Francesc Maci\u00e0<\/span>\n\t\t\t\t\t<\/span>\n\t\t\t\t\t<\/a>\n\t\t\t\t<\/div>\n\t\t\t\t\t\t\t\t<\/div>\n\t\t\t\t<\/div>\n\t\t\t\t\t<\/div>\n\t\t<\/div>\n\t\t\t\t<div class=\"elementor-column elementor-col-33 elementor-inner-column elementor-element elementor-element-f0ed51a\" data-id=\"f0ed51a\" data-element_type=\"column\" data-e-type=\"column\">\n\t\t\t<div class=\"elementor-widget-wrap\">\n\t\t\t\t\t\t\t<\/div>\n\t\t<\/div>\n\t\t\t\t\t<\/div>\n\t\t<\/section>\n\t\t\t\t\t<\/div>\n\t\t<\/div>\n\t\t\t\t<div class=\"elementor-column elementor-col-50 elementor-top-column elementor-element elementor-element-fc21a34\" data-id=\"fc21a34\" data-element_type=\"column\" data-e-type=\"column\">\n\t\t\t<div class=\"elementor-widget-wrap elementor-element-populated\">\n\t\t\t\t\t\t<div class=\"elementor-element elementor-element-dcc8d9c elementor-widget elementor-widget-text-editor\" data-id=\"dcc8d9c\" data-element_type=\"widget\" data-e-type=\"widget\" data-widget_type=\"text-editor.default\">\n\t\t\t\t<div class=\"elementor-widget-container\">\n\t\t\t\t\t\t\t\t\t<p>Especialista en ginecologia en la reproducci\u00f3 assistida, exercint a l&#8217;Hospital Cl\u00ednic i Provincial de Barcelona, \u200b\u200bInstitut Marqu\u00e8s, Hospital de Matar\u00f3 i Mollet, Centre ginecol\u00f2gic SomDex i com a responsable de la Unitat Reproducci\u00f3 Assistida a Women&#8217;s Salut i Benestar de la Dona i al Centre CIRH- Cl\u00ednica EUGIN.<\/p>\n<p>Actualment, especialista en Institut de Ginecologia Avan\u00e7ada, Francesc Maci\u00e0.<\/p>\n<p><span style=\"color: #aa83b1;\">M\u00c8RITS ACAD\u00c8MICS<\/span><\/p>\n<p><span style=\"color: #aa83b1; font-size: 18px;\">\u221a&nbsp;<\/span>Llicenciada en Medicina i Cirurgia per la Universitat Aut\u00f2noma de Barcelona Unitat Docent a l&#8217;Hospital Germans Trias i Pujol.<\/p>\n<p><span style=\"font-size: 18px; color: rgb(170, 131, 177);\">\u221a&nbsp;<\/span>Especialista en Obstetr\u00edcia i Ginecologia i Reproducci\u00f3 al Centre Docent Consorci Sanitari de Terrassa pel sistema de resid\u00e8ncia via MIR.<\/p>\n<p style=\"font-variant-ligatures: normal; font-variant-caps: normal; font-family: Montserrat, sans-serif; font-size: 18px; font-style: normal; font-weight: 400;\"><span style=\"font-size: 18px; color: rgb(170, 131, 177);\">ALTRES M\u00c8RITS ACAD\u00c8MICS<\/span><\/p>\n<p><span style=\"color: #aa83b1; font-size: 18px;\">\u221a&nbsp;<\/span>Beca S\u00f2crates-Erasmus a la Universitat Denis Diderot-Paris VII de Par\u00eds. Servei de Medicina Interna a l&#8217;Hospital St.Louis; Servei de Ginecologia i Obstetr\u00edcia, Cirurgia General, Traumatologia i Cardiologia a Hospital Lariboisiere.<\/p><p><span style=\"color: rgb(170, 131, 177); font-family: Montserrat, sans-serif; font-size: 18px; font-style: normal; font-variant-ligatures: normal; font-variant-caps: normal; font-weight: 400;\">\u221a&nbsp;<\/span>Formaci\u00f3 en ecografia obst\u00e8trica i ginecol\u00f2gica nivells I-II-III de la SSEGO. Hospital Vall d&#8217;Hebron.<\/p>\t\t\t\t\t\t\t\t<\/div>\n\t\t\t\t<\/div>\n\t\t\t\t\t<\/div>\n\t\t<\/div>\n\t\t\t\t\t<\/div>\n\t\t<\/section>\n\t\t\t\t<\/div>\n\t\t","protected":false},"excerpt":{"rendered":"<p>Dra. Carla Castell Arenillas ESPECIALISTA Tractaments De Reproducci\u00f3 Assistida: Fecundaci\u00f3 In Vitro, Inseminacions Artificials, Congelaci\u00f3 D&#8217;\u00d2vuls, Ovodonaci\u00f3, M\u00e8tode RobaEsterilitat i InfertilitatMaternitat UniparentalMaternitat Per a Parelles FemeninesEndometriosi i EsterilitatOvaris Poliqu\u00edstics i Esterilitat Demanar Cita Francesc Maci\u00e0 Especialista en ginecologia en la reproducci\u00f3 assistida, exercint a l&#8217;Hospital Cl\u00ednic i Provincial de Barcelona, \u200b\u200bInstitut Marqu\u00e8s, Hospital de Matar\u00f3 [&hellip;]<\/p>\n","protected":false},"author":6,"featured_media":0,"parent":0,"menu_order":0,"comment_status":"closed","ping_status":"closed","template":"","meta":{"_joinchat":[],"footnotes":""},"class_list":["post-82248","page","type-page","status-publish","hentry","entry"],"yoast_head":"<!-- This site is optimized with the Yoast SEO Premium plugin v27.1 (Yoast SEO v27.3) - https:\/\/yoast.com\/product\/yoast-seo-premium-wordpress\/ -->\n<title>CARLA CASTELL ARENILLAS &#8902; Instituto Ginecolog\u00eda Avanzada<\/title>\n<meta name=\"robots\" content=\"index, follow, max-snippet:-1, max-image-preview:large, max-video-preview:-1\" \/>\n<link rel=\"canonical\" href=\"https:\/\/ginecologiaavanzada.es\/ca\/carla-castell-arenillas\/\" \/>\n<meta property=\"og:locale\" content=\"ca_ES\" \/>\n<meta property=\"og:type\" content=\"article\" \/>\n<meta property=\"og:title\" content=\"CARLA CASTELL ARENILLAS\" \/>\n<meta property=\"og:description\" content=\"Dra. Carla Castell Arenillas ESPECIALISTA Tractaments De Reproducci\u00f3 Assistida: Fecundaci\u00f3 In Vitro, Inseminacions Artificials, Congelaci\u00f3 D&#8217;\u00d2vuls, Ovodonaci\u00f3, M\u00e8tode RobaEsterilitat i InfertilitatMaternitat UniparentalMaternitat Per a Parelles FemeninesEndometriosi i EsterilitatOvaris Poliqu\u00edstics i Esterilitat Demanar Cita Francesc Maci\u00e0 Especialista en ginecologia en la reproducci\u00f3 assistida, exercint a l&#8217;Hospital Cl\u00ednic i Provincial de Barcelona, \u200b\u200bInstitut Marqu\u00e8s, Hospital de Matar\u00f3 [&hellip;]\" \/>\n<meta property=\"og:url\" content=\"https:\/\/ginecologiaavanzada.es\/ca\/carla-castell-arenillas\/\" \/>\n<meta property=\"og:site_name\" content=\"Instituto Ginecolog\u00eda Avanzada\" \/>\n<meta property=\"article:modified_time\" content=\"2026-02-10T18:46:44+00:00\" \/>\n<meta property=\"og:image\" content=\"https:\/\/ginecologiaavanzada.es\/wp-content\/uploads\/2025\/11\/Carla-Castell-10-400x400.jpg\" \/>\n<meta name=\"twitter:card\" content=\"summary_large_image\" \/>\n<meta name=\"twitter:label1\" content=\"Temps estimat de lectura\" \/>\n\t<meta name=\"twitter:data1\" content=\"1 minut\" \/>\n<script type=\"application\/ld+json\" class=\"yoast-schema-graph\">{\"@context\":\"https:\\\/\\\/schema.org\",\"@graph\":[{\"@type\":\"WebPage\",\"@id\":\"https:\\\/\\\/ginecologiaavanzada.es\\\/ca\\\/carla-castell-arenillas\\\/\",\"url\":\"https:\\\/\\\/ginecologiaavanzada.es\\\/ca\\\/carla-castell-arenillas\\\/\",\"name\":\"CARLA CASTELL ARENILLAS &#8902; Instituto Ginecolog\u00eda Avanzada\",\"isPartOf\":{\"@id\":\"https:\\\/\\\/ginecologiaavanzada.es\\\/ca\\\/#website\"},\"primaryImageOfPage\":{\"@id\":\"https:\\\/\\\/ginecologiaavanzada.es\\\/ca\\\/carla-castell-arenillas\\\/#primaryimage\"},\"image\":{\"@id\":\"https:\\\/\\\/ginecologiaavanzada.es\\\/ca\\\/carla-castell-arenillas\\\/#primaryimage\"},\"thumbnailUrl\":\"https:\\\/\\\/ginecologiaavanzada.es\\\/wp-content\\\/uploads\\\/2025\\\/11\\\/Carla-Castell-10-400x400.jpg\",\"datePublished\":\"2025-12-05T14:02:12+00:00\",\"dateModified\":\"2026-02-10T18:46:44+00:00\",\"breadcrumb\":{\"@id\":\"https:\\\/\\\/ginecologiaavanzada.es\\\/ca\\\/carla-castell-arenillas\\\/#breadcrumb\"},\"inLanguage\":\"ca\",\"potentialAction\":[{\"@type\":\"ReadAction\",\"target\":[\"https:\\\/\\\/ginecologiaavanzada.es\\\/ca\\\/carla-castell-arenillas\\\/\"]}]},{\"@type\":\"ImageObject\",\"inLanguage\":\"ca\",\"@id\":\"https:\\\/\\\/ginecologiaavanzada.es\\\/ca\\\/carla-castell-arenillas\\\/#primaryimage\",\"url\":\"https:\\\/\\\/ginecologiaavanzada.es\\\/wp-content\\\/uploads\\\/2025\\\/11\\\/Carla-Castell-10-400x400.jpg\",\"contentUrl\":\"https:\\\/\\\/ginecologiaavanzada.es\\\/wp-content\\\/uploads\\\/2025\\\/11\\\/Carla-Castell-10-400x400.jpg\"},{\"@type\":\"BreadcrumbList\",\"@id\":\"https:\\\/\\\/ginecologiaavanzada.es\\\/ca\\\/carla-castell-arenillas\\\/#breadcrumb\",\"itemListElement\":[{\"@type\":\"ListItem\",\"position\":1,\"name\":\"Portada\",\"item\":\"https:\\\/\\\/ginecologiaavanzada.es\\\/ca\\\/inici\\\/\"},{\"@type\":\"ListItem\",\"position\":2,\"name\":\"CARLA CASTELL ARENILLAS\"}]},{\"@type\":\"WebSite\",\"@id\":\"https:\\\/\\\/ginecologiaavanzada.es\\\/ca\\\/#website\",\"url\":\"https:\\\/\\\/ginecologiaavanzada.es\\\/ca\\\/\",\"name\":\"Ginecologia Avanzada\",\"description\":\"Enfoque integral de la mujer, visi\u00f3n de la mujer en todos sus aspectos, f\u00edsicos, y emocionales.\",\"publisher\":{\"@id\":\"https:\\\/\\\/ginecologiaavanzada.es\\\/ca\\\/#organization\"},\"potentialAction\":[{\"@type\":\"SearchAction\",\"target\":{\"@type\":\"EntryPoint\",\"urlTemplate\":\"https:\\\/\\\/ginecologiaavanzada.es\\\/ca\\\/?s={search_term_string}\"},\"query-input\":{\"@type\":\"PropertyValueSpecification\",\"valueRequired\":true,\"valueName\":\"search_term_string\"}}],\"inLanguage\":\"ca\"},{\"@type\":\"Organization\",\"@id\":\"https:\\\/\\\/ginecologiaavanzada.es\\\/ca\\\/#organization\",\"name\":\"Ginecologia Avanzada\",\"url\":\"https:\\\/\\\/ginecologiaavanzada.es\\\/ca\\\/\",\"logo\":{\"@type\":\"ImageObject\",\"inLanguage\":\"ca\",\"@id\":\"https:\\\/\\\/ginecologiaavanzada.es\\\/ca\\\/#\\\/schema\\\/logo\\\/image\\\/\",\"url\":\"https:\\\/\\\/ginecologiaavanzada.es\\\/wp-content\\\/uploads\\\/logo-fosc-1.jpg\",\"contentUrl\":\"https:\\\/\\\/ginecologiaavanzada.es\\\/wp-content\\\/uploads\\\/logo-fosc-1.jpg\",\"width\":680,\"height\":280,\"caption\":\"Ginecologia Avanzada\"},\"image\":{\"@id\":\"https:\\\/\\\/ginecologiaavanzada.es\\\/ca\\\/#\\\/schema\\\/logo\\\/image\\\/\"}}]}<\/script>\n<!-- \/ Yoast SEO Premium plugin. -->","yoast_head_json":{"title":"CARLA CASTELL ARENILLAS &#8902; Instituto Ginecolog\u00eda Avanzada","robots":{"index":"index","follow":"follow","max-snippet":"max-snippet:-1","max-image-preview":"max-image-preview:large","max-video-preview":"max-video-preview:-1"},"canonical":"https:\/\/ginecologiaavanzada.es\/ca\/carla-castell-arenillas\/","og_locale":"ca_ES","og_type":"article","og_title":"CARLA CASTELL ARENILLAS","og_description":"Dra. Carla Castell Arenillas ESPECIALISTA Tractaments De Reproducci\u00f3 Assistida: Fecundaci\u00f3 In Vitro, Inseminacions Artificials, Congelaci\u00f3 D&#8217;\u00d2vuls, Ovodonaci\u00f3, M\u00e8tode RobaEsterilitat i InfertilitatMaternitat UniparentalMaternitat Per a Parelles FemeninesEndometriosi i EsterilitatOvaris Poliqu\u00edstics i Esterilitat Demanar Cita Francesc Maci\u00e0 Especialista en ginecologia en la reproducci\u00f3 assistida, exercint a l&#8217;Hospital Cl\u00ednic i Provincial de Barcelona, \u200b\u200bInstitut Marqu\u00e8s, Hospital de Matar\u00f3 [&hellip;]","og_url":"https:\/\/ginecologiaavanzada.es\/ca\/carla-castell-arenillas\/","og_site_name":"Instituto Ginecolog\u00eda Avanzada","article_modified_time":"2026-02-10T18:46:44+00:00","og_image":[{"url":"https:\/\/ginecologiaavanzada.es\/wp-content\/uploads\/2025\/11\/Carla-Castell-10-400x400.jpg","type":"","width":"","height":""}],"twitter_card":"summary_large_image","twitter_misc":{"Temps estimat de lectura":"1 minut"},"schema":{"@context":"https:\/\/schema.org","@graph":[{"@type":"WebPage","@id":"https:\/\/ginecologiaavanzada.es\/ca\/carla-castell-arenillas\/","url":"https:\/\/ginecologiaavanzada.es\/ca\/carla-castell-arenillas\/","name":"CARLA CASTELL ARENILLAS &#8902; Instituto Ginecolog\u00eda Avanzada","isPartOf":{"@id":"https:\/\/ginecologiaavanzada.es\/ca\/#website"},"primaryImageOfPage":{"@id":"https:\/\/ginecologiaavanzada.es\/ca\/carla-castell-arenillas\/#primaryimage"},"image":{"@id":"https:\/\/ginecologiaavanzada.es\/ca\/carla-castell-arenillas\/#primaryimage"},"thumbnailUrl":"https:\/\/ginecologiaavanzada.es\/wp-content\/uploads\/2025\/11\/Carla-Castell-10-400x400.jpg","datePublished":"2025-12-05T14:02:12+00:00","dateModified":"2026-02-10T18:46:44+00:00","breadcrumb":{"@id":"https:\/\/ginecologiaavanzada.es\/ca\/carla-castell-arenillas\/#breadcrumb"},"inLanguage":"ca","potentialAction":[{"@type":"ReadAction","target":["https:\/\/ginecologiaavanzada.es\/ca\/carla-castell-arenillas\/"]}]},{"@type":"ImageObject","inLanguage":"ca","@id":"https:\/\/ginecologiaavanzada.es\/ca\/carla-castell-arenillas\/#primaryimage","url":"https:\/\/ginecologiaavanzada.es\/wp-content\/uploads\/2025\/11\/Carla-Castell-10-400x400.jpg","contentUrl":"https:\/\/ginecologiaavanzada.es\/wp-content\/uploads\/2025\/11\/Carla-Castell-10-400x400.jpg"},{"@type":"BreadcrumbList","@id":"https:\/\/ginecologiaavanzada.es\/ca\/carla-castell-arenillas\/#breadcrumb","itemListElement":[{"@type":"ListItem","position":1,"name":"Portada","item":"https:\/\/ginecologiaavanzada.es\/ca\/inici\/"},{"@type":"ListItem","position":2,"name":"CARLA CASTELL ARENILLAS"}]},{"@type":"WebSite","@id":"https:\/\/ginecologiaavanzada.es\/ca\/#website","url":"https:\/\/ginecologiaavanzada.es\/ca\/","name":"Ginecologia Avanzada","description":"Enfoque integral de la mujer, visi\u00f3n de la mujer en todos sus aspectos, f\u00edsicos, y emocionales.","publisher":{"@id":"https:\/\/ginecologiaavanzada.es\/ca\/#organization"},"potentialAction":[{"@type":"SearchAction","target":{"@type":"EntryPoint","urlTemplate":"https:\/\/ginecologiaavanzada.es\/ca\/?s={search_term_string}"},"query-input":{"@type":"PropertyValueSpecification","valueRequired":true,"valueName":"search_term_string"}}],"inLanguage":"ca"},{"@type":"Organization","@id":"https:\/\/ginecologiaavanzada.es\/ca\/#organization","name":"Ginecologia Avanzada","url":"https:\/\/ginecologiaavanzada.es\/ca\/","logo":{"@type":"ImageObject","inLanguage":"ca","@id":"https:\/\/ginecologiaavanzada.es\/ca\/#\/schema\/logo\/image\/","url":"https:\/\/ginecologiaavanzada.es\/wp-content\/uploads\/logo-fosc-1.jpg","contentUrl":"https:\/\/ginecologiaavanzada.es\/wp-content\/uploads\/logo-fosc-1.jpg","width":680,"height":280,"caption":"Ginecologia Avanzada"},"image":{"@id":"https:\/\/ginecologiaavanzada.es\/ca\/#\/schema\/logo\/image\/"}}]}},"_links":{"self":[{"href":"https:\/\/ginecologiaavanzada.es\/ca\/wp-json\/wp\/v2\/pages\/82248","targetHints":{"allow":["GET"]}}],"collection":[{"href":"https:\/\/ginecologiaavanzada.es\/ca\/wp-json\/wp\/v2\/pages"}],"about":[{"href":"https:\/\/ginecologiaavanzada.es\/ca\/wp-json\/wp\/v2\/types\/page"}],"author":[{"embeddable":true,"href":"https:\/\/ginecologiaavanzada.es\/ca\/wp-json\/wp\/v2\/users\/6"}],"replies":[{"embeddable":true,"href":"https:\/\/ginecologiaavanzada.es\/ca\/wp-json\/wp\/v2\/comments?post=82248"}],"version-history":[{"count":1,"href":"https:\/\/ginecologiaavanzada.es\/ca\/wp-json\/wp\/v2\/pages\/82248\/revisions"}],"predecessor-version":[{"id":82249,"href":"https:\/\/ginecologiaavanzada.es\/ca\/wp-json\/wp\/v2\/pages\/82248\/revisions\/82249"}],"wp:attachment":[{"href":"https:\/\/ginecologiaavanzada.es\/ca\/wp-json\/wp\/v2\/media?parent=82248"}],"curies":[{"name":"wp","href":"https:\/\/api.w.org\/{rel}","templated":true}]}}