{"id":82285,"date":"2025-12-04T19:01:59","date_gmt":"2025-12-04T19:01:59","guid":{"rendered":"https:\/\/ginecologiaavanzada.es\/romina-castagno\/"},"modified":"2026-04-10T21:42:35","modified_gmt":"2026-04-10T21:42:35","slug":"romina-castagno","status":"publish","type":"page","link":"https:\/\/ginecologiaavanzada.es\/ca\/romina-castagno\/","title":{"rendered":"Romina Castagno"},"content":{"rendered":"\t\t<div data-elementor-type=\"wp-page\" data-elementor-id=\"82285\" class=\"elementor elementor-82285 elementor-80651\" data-elementor-post-type=\"page\">\n\t\t\t\t\t\t<section class=\"elementor-section elementor-top-section elementor-element elementor-element-d1b96b7 elementor-section-boxed elementor-section-height-default elementor-section-height-default\" data-id=\"d1b96b7\" data-element_type=\"section\" data-e-type=\"section\">\n\t\t\t\t\t\t<div class=\"elementor-container elementor-column-gap-default\">\n\t\t\t\t\t<div class=\"elementor-column elementor-col-50 elementor-top-column elementor-element elementor-element-1ed2a1c\" data-id=\"1ed2a1c\" data-element_type=\"column\" data-e-type=\"column\">\n\t\t\t<div class=\"elementor-widget-wrap elementor-element-populated\">\n\t\t\t\t\t\t<div class=\"elementor-element elementor-element-6884652 elementor-widget elementor-widget-image\" data-id=\"6884652\" data-element_type=\"widget\" data-e-type=\"widget\" data-widget_type=\"image.default\">\n\t\t\t\t<div class=\"elementor-widget-container\">\n\t\t\t\t\t\t\t\t\t\t\t\t\t\t\t<img fetchpriority=\"high\" decoding=\"async\" width=\"400\" height=\"400\" src=\"https:\/\/ginecologiaavanzada.es\/wp-content\/uploads\/2025\/11\/Castagno-12-Photoroom-400x400.png\" class=\"attachment-large size-large wp-image-80128\" alt=\"\" srcset=\"https:\/\/ginecologiaavanzada.es\/wp-content\/uploads\/2025\/11\/Castagno-12-Photoroom-400x400.png 400w, https:\/\/ginecologiaavanzada.es\/wp-content\/uploads\/2025\/11\/Castagno-12-Photoroom-150x150.png 150w, https:\/\/ginecologiaavanzada.es\/wp-content\/uploads\/2025\/11\/Castagno-12-Photoroom-768x767.png 768w, https:\/\/ginecologiaavanzada.es\/wp-content\/uploads\/2025\/11\/Castagno-12-Photoroom-600x600.png 600w, https:\/\/ginecologiaavanzada.es\/wp-content\/uploads\/2025\/11\/Castagno-12-Photoroom.png 1280w\" sizes=\"(max-width: 400px) 100vw, 400px\" \/>\t\t\t\t\t\t\t\t\t\t\t\t\t\t\t<\/div>\n\t\t\t\t<\/div>\n\t\t\t\t<div class=\"elementor-element elementor-element-de2decf elementor-widget elementor-widget-text-editor\" data-id=\"de2decf\" data-element_type=\"widget\" data-e-type=\"widget\" data-widget_type=\"text-editor.default\">\n\t\t\t\t<div class=\"elementor-widget-container\">\n\t\t\t\t\t\t\t\t\t<p>Dra. Romina Castagno | N\u00ba Col. 39006<\/p>\t\t\t\t\t\t\t\t<\/div>\n\t\t\t\t<\/div>\n\t\t\t\t<div class=\"elementor-element elementor-element-f389ade elementor-widget elementor-widget-text-editor\" data-id=\"f389ade\" data-element_type=\"widget\" data-e-type=\"widget\" data-widget_type=\"text-editor.default\">\n\t\t\t\t<div class=\"elementor-widget-container\">\n\t\t\t\t\t\t\t\t\t<p>ESPECIALISTA<br>Tractament integral de la menopausa<br>Ginecologia general<br>Ginecologia de l&#8217;adolesc\u00e8ncia<\/p>\t\t\t\t\t\t\t\t<\/div>\n\t\t\t\t<\/div>\n\t\t\t\t<div class=\"elementor-element elementor-element-8e684cf elementor-hidden-mobile elementor-widget elementor-widget-text-editor\" data-id=\"8e684cf\" data-element_type=\"widget\" data-e-type=\"widget\" data-widget_type=\"text-editor.default\">\n\t\t\t\t<div class=\"elementor-widget-container\">\n\t\t\t\t\t\t\t\t\t<p>Consulta a<\/p>\t\t\t\t\t\t\t\t<\/div>\n\t\t\t\t<\/div>\n\t\t\t\t<section class=\"elementor-section elementor-inner-section elementor-element elementor-element-ca0ee7b elementor-hidden-mobile elementor-section-boxed elementor-section-height-default elementor-section-height-default\" data-id=\"ca0ee7b\" data-element_type=\"section\" data-e-type=\"section\">\n\t\t\t\t\t\t<div class=\"elementor-container elementor-column-gap-default\">\n\t\t\t\t\t<div class=\"elementor-column elementor-col-50 elementor-inner-column elementor-element elementor-element-b3d622d\" data-id=\"b3d622d\" data-element_type=\"column\" data-e-type=\"column\">\n\t\t\t<div class=\"elementor-widget-wrap elementor-element-populated\">\n\t\t\t\t\t\t<div class=\"elementor-element elementor-element-3ce1e68 elementor-align-right elementor-widget elementor-widget-button\" data-id=\"3ce1e68\" data-element_type=\"widget\" data-e-type=\"widget\" data-widget_type=\"button.default\">\n\t\t\t\t<div class=\"elementor-widget-container\">\n\t\t\t\t\t\t\t\t\t<div class=\"elementor-button-wrapper\">\n\t\t\t\t\t<a class=\"elementor-button elementor-button-link elementor-size-sm\" href=\"https:\/\/www.doctoralia.es\/clinicas\/instituto-de-ginecologia-avanzada-2?saasonly=true\" target=\"_blank\">\n\t\t\t\t\t\t<span class=\"elementor-button-content-wrapper\">\n\t\t\t\t\t\t\t\t\t<span class=\"elementor-button-text\">Francesc Maci\u00e0<\/span>\n\t\t\t\t\t<\/span>\n\t\t\t\t\t<\/a>\n\t\t\t\t<\/div>\n\t\t\t\t\t\t\t\t<\/div>\n\t\t\t\t<\/div>\n\t\t\t\t\t<\/div>\n\t\t<\/div>\n\t\t\t\t<div class=\"elementor-column elementor-col-50 elementor-inner-column elementor-element elementor-element-48bf678\" data-id=\"48bf678\" data-element_type=\"column\" data-e-type=\"column\">\n\t\t\t<div class=\"elementor-widget-wrap elementor-element-populated\">\n\t\t\t\t\t\t<div class=\"elementor-element elementor-element-23d8e2a elementor-widget elementor-widget-button\" data-id=\"23d8e2a\" data-element_type=\"widget\" data-e-type=\"widget\" data-widget_type=\"button.default\">\n\t\t\t\t<div class=\"elementor-widget-container\">\n\t\t\t\t\t\t\t\t\t<div class=\"elementor-button-wrapper\">\n\t\t\t\t\t<a class=\"elementor-button elementor-button-link elementor-size-sm\" href=\"#\">\n\t\t\t\t\t\t<span class=\"elementor-button-content-wrapper\">\n\t\t\t\t\t\t\t\t\t<span class=\"elementor-button-text\">CENTRE QUIR\u00d3N<\/span>\n\t\t\t\t\t<\/span>\n\t\t\t\t\t<\/a>\n\t\t\t\t<\/div>\n\t\t\t\t\t\t\t\t<\/div>\n\t\t\t\t<\/div>\n\t\t\t\t\t<\/div>\n\t\t<\/div>\n\t\t\t\t\t<\/div>\n\t\t<\/section>\n\t\t\t\t\t<\/div>\n\t\t<\/div>\n\t\t\t\t<div class=\"elementor-column elementor-col-50 elementor-top-column elementor-element elementor-element-fc21a34\" data-id=\"fc21a34\" data-element_type=\"column\" data-e-type=\"column\">\n\t\t\t<div class=\"elementor-widget-wrap elementor-element-populated\">\n\t\t\t\t\t\t<div class=\"elementor-element elementor-element-dcc8d9c elementor-widget elementor-widget-text-editor\" data-id=\"dcc8d9c\" data-element_type=\"widget\" data-e-type=\"widget\" data-widget_type=\"text-editor.default\">\n\t\t\t\t<div class=\"elementor-widget-container\">\n\t\t\t\t\t\t\t\t\t<p>Des de la meva especialitzaci\u00f3 he exercit hospitals d&#8217;alt nivell com a Hospital Unitat de Medicina Fetal de l&#8217;Hospital Matern Infantil Vall d&#8217;Hebron, Hospital Quir\u00f3 Barcelona, \u200b\u200bCl\u00ednica Creu Blanca i S\u00f2cia de WE Woman Excellence Centre M\u00e8dic, Sant Cugat del Vall\u00e8s.<\/p><p>Actualment com a especialista en Institut de Ginecologia Avan\u00e7ada, a Francesc Maci\u00e0.<\/p><p><span style=\"color: #aa83b1;\">M\u00c8RITS ACAD\u00c8MICS<\/span><\/p><p><span style=\"color: #aa83b1;\">\u221a <strong style=\"font-size: 18px;\">Llicenciatura<\/strong> en Medicina i Cirurgia per la Facultat de Medicina.<\/span> Universitat de Buenos Aires, Argentina. <\/p><p><strong style=\"font-size: 18px;\"><span style=\"color: #aa83b1;\">\u221a Diploma de Metge d&#8217;Honor (Matr\u00edcula), Universitat de Buenos Aires, Argentina.<\/span><\/strong><\/p><p><strong style=\"font-size: 18px;\"><span style=\"color: #aa83b1;\">\u221a Especialista en Ginecologia i Obstetr\u00edcia, per l&#8217;Institut Universitari CEMIC (Centre d&#8217;Educaci\u00f3 M\u00e8dica i Investigaci\u00f3 Cl\u00ednica Norberto Quirno).<\/span><\/strong><\/p><p><strong style=\"font-size: 18px;\"><span style=\"color: #aa83b1;\">\u221a T\u00edtol d&#8217;especialista en tocoginecologia, atorgat pel Ministeri d&#8217;Educaci\u00f3, Cultura i Esport, Madrid.<\/span><\/strong><\/p><p style=\"font-variant-ligatures: normal; font-variant-caps: normal; font-family: Montserrat, sans-serif; font-size: 18px; font-style: normal; font-weight: 400;\"><span style=\"font-size: 18px; color: #aa83b1;\">ALTRES M\u00c8RITS ACAD\u00c8MICS<\/span><\/p><p><strong style=\"font-size: 18px;\"><span style=\"color: #aa83b1;\">\u221a <\/span><\/strong><strong>Nivel I-II-III<\/strong> de Secci\u00f3 d&#8217;Ecografia de la Societat Espanyola d&#8217;Obstetr\u00edcia i Ginecologia (SESEGO).<\/p><p><strong style=\"font-size: 18px;\"><span style=\"color: #aa83b1;\">\u221a Diploma Nacional d&#8217;Ecografia a Ginecologia i Obstetr\u00edcia. Societat Argentina d&#8217;Ultrasonografia a Medicina i Biologia (SAUMB).<\/span><\/strong> <\/p><p><strong style=\"font-size: 18px;\"><span style=\"color: #aa83b1;\">\u221a Diploma Inter-Universitari Nacional d&#8217;Ecografia en Ginecologia i Obstetr\u00edcia de la Regi\u00f3 Sud-oest de Fran\u00e7a. Universitat PAUL SABATIER de Tolosa (Dr. SARRAMON) i Universitat VICTOR SEGALEN de Bordeaux II (Dr. MAUGEAY- LAULOM).<\/span><\/strong> <\/p><p><strong style=\"font-size: 18px;\"><span style=\"color: #aa83b1;\">\u221a M\u00e0ster de Medicina de l\u00b4Adolesc\u00e8ncia.<\/span><\/strong><\/p><p><strong style=\"font-size: 18px;\"><span style=\"color: #aa83b1;\">\u221a Especialista a Menopausa. Curs Universitari d\u00b4Experts. AEEM i Universitat Alfonso X Madrid.<\/span><\/strong>  <\/p><p><strong style=\"font-size: 18px;\"><span style=\"color: #aa83b1;\">\u221a Fellowship a Ginecologia i Obstetr\u00edcia. (Faisant-Fonction d\u2019Interne de Gyn\u00e9cologie et Obst\u00e9trique en pr\u00e9parant uneix Attestation de Formation Sp\u00e9cialis\u00e9e Approfondie. Universit\u00e9 Paul Sabatier Tolosa III). Orientaci\u00f3 obstetr\u00edcia d&#8217;alt risc a l&#8217;Hospital PAULE DE VIGUIER, Pr. REME. Tolosa, Fran\u00e7a.<\/span><\/strong>    <\/p><p><strong style=\"font-size: 18px;\"><span style=\"color: #aa83b1;\">\u221a Fellowship al Servei de Diagn\u00f2stic Antenatal i Ecografia, Dr. MF SARRAMON, Hospital Paule de Viguier, Centre Hospitalari Universitari de Tolosa.<\/span><\/strong> <\/p><p><strong style=\"font-size: 18px;\"><span style=\"color: #aa83b1;\">\u221a Assistent estranger de la consulta d&#8217;Embar\u00e0s i HIV, Dr. BERREBI, Hospital Paule de Viguier. Centre Hospitalari Universitari de Tolosa.<\/span><\/strong> <\/p><p><strong style=\"font-size: 18px;\"><span style=\"color: #aa83b1;\">\u221a Assistent docent de la Cursa d&#8217;Obstetr\u00edcia a l&#8217;Escola de Portadores. Hospital La Grave, Centre Hospitalari Universitari de Tolosa.<\/span><\/strong><\/p>\t\t\t\t\t\t\t\t<\/div>\n\t\t\t\t<\/div>\n\t\t\t\t<div class=\"elementor-element elementor-element-28280a3 elementor-hidden-desktop elementor-hidden-tablet elementor-widget elementor-widget-text-editor\" data-id=\"28280a3\" data-element_type=\"widget\" data-e-type=\"widget\" data-widget_type=\"text-editor.default\">\n\t\t\t\t<div class=\"elementor-widget-container\">\n\t\t\t\t\t\t\t\t\t<p>Consulta a<\/p>\t\t\t\t\t\t\t\t<\/div>\n\t\t\t\t<\/div>\n\t\t\t\t<section class=\"elementor-section elementor-inner-section elementor-element elementor-element-e8aa7af elementor-hidden-desktop elementor-hidden-tablet elementor-section-boxed elementor-section-height-default elementor-section-height-default\" data-id=\"e8aa7af\" data-element_type=\"section\" data-e-type=\"section\">\n\t\t\t\t\t\t<div class=\"elementor-container elementor-column-gap-default\">\n\t\t\t\t\t<div class=\"elementor-column elementor-col-50 elementor-inner-column elementor-element elementor-element-ed9e317\" data-id=\"ed9e317\" data-element_type=\"column\" data-e-type=\"column\">\n\t\t\t<div class=\"elementor-widget-wrap elementor-element-populated\">\n\t\t\t\t\t\t<div class=\"elementor-element elementor-element-4f011e9 elementor-align-right elementor-widget elementor-widget-button\" data-id=\"4f011e9\" data-element_type=\"widget\" data-e-type=\"widget\" data-widget_type=\"button.default\">\n\t\t\t\t<div class=\"elementor-widget-container\">\n\t\t\t\t\t\t\t\t\t<div class=\"elementor-button-wrapper\">\n\t\t\t\t\t<a class=\"elementor-button elementor-button-link elementor-size-sm\" href=\"https:\/\/www.doctoralia.es\/clinicas\/instituto-de-ginecologia-avanzada-2?saasonly=true\" target=\"_blank\">\n\t\t\t\t\t\t<span class=\"elementor-button-content-wrapper\">\n\t\t\t\t\t\t\t\t\t<span class=\"elementor-button-text\">Francesc Maci\u00e0<\/span>\n\t\t\t\t\t<\/span>\n\t\t\t\t\t<\/a>\n\t\t\t\t<\/div>\n\t\t\t\t\t\t\t\t<\/div>\n\t\t\t\t<\/div>\n\t\t\t\t\t<\/div>\n\t\t<\/div>\n\t\t\t\t<div class=\"elementor-column elementor-col-50 elementor-inner-column elementor-element elementor-element-05910f4\" data-id=\"05910f4\" data-element_type=\"column\" data-e-type=\"column\">\n\t\t\t<div class=\"elementor-widget-wrap elementor-element-populated\">\n\t\t\t\t\t\t<div class=\"elementor-element elementor-element-b54bd7f elementor-widget elementor-widget-button\" data-id=\"b54bd7f\" data-element_type=\"widget\" data-e-type=\"widget\" data-widget_type=\"button.default\">\n\t\t\t\t<div class=\"elementor-widget-container\">\n\t\t\t\t\t\t\t\t\t<div class=\"elementor-button-wrapper\">\n\t\t\t\t\t<a class=\"elementor-button elementor-button-link elementor-size-sm\" href=\"#\">\n\t\t\t\t\t\t<span class=\"elementor-button-content-wrapper\">\n\t\t\t\t\t\t\t\t\t<span class=\"elementor-button-text\">CENTRE QUIR\u00d3N<\/span>\n\t\t\t\t\t<\/span>\n\t\t\t\t\t<\/a>\n\t\t\t\t<\/div>\n\t\t\t\t\t\t\t\t<\/div>\n\t\t\t\t<\/div>\n\t\t\t\t\t<\/div>\n\t\t<\/div>\n\t\t\t\t\t<\/div>\n\t\t<\/section>\n\t\t\t\t\t<\/div>\n\t\t<\/div>\n\t\t\t\t\t<\/div>\n\t\t<\/section>\n\t\t\t\t<\/div>\n\t\t","protected":false},"excerpt":{"rendered":"<p>Dra. Romina Castagno | N\u00ba Col. 39006 ESPECIALISTATractament integral de la menopausaGinecologia generalGinecologia de l&#8217;adolesc\u00e8ncia Consulta a Francesc Maci\u00e0 CENTRE QUIR\u00d3N Des de la meva especialitzaci\u00f3 he exercit hospitals d&#8217;alt nivell com a Hospital Unitat de Medicina Fetal de l&#8217;Hospital Matern Infantil Vall d&#8217;Hebron, Hospital Quir\u00f3 Barcelona, \u200b\u200bCl\u00ednica Creu Blanca i S\u00f2cia de WE Woman [&hellip;]<\/p>\n","protected":false},"author":6,"featured_media":0,"parent":0,"menu_order":0,"comment_status":"closed","ping_status":"closed","template":"","meta":{"_joinchat":[],"footnotes":""},"class_list":["post-82285","page","type-page","status-publish","hentry","entry"],"yoast_head":"<!-- This site is optimized with the Yoast SEO Premium plugin v27.1 (Yoast SEO v27.3) - https:\/\/yoast.com\/product\/yoast-seo-premium-wordpress\/ -->\n<title>Romina Castagno &#8902; Instituto Ginecolog\u00eda Avanzada<\/title>\n<meta name=\"robots\" content=\"index, follow, max-snippet:-1, max-image-preview:large, max-video-preview:-1\" \/>\n<link rel=\"canonical\" href=\"https:\/\/ginecologiaavanzada.es\/ca\/romina-castagno\/\" \/>\n<meta property=\"og:locale\" content=\"ca_ES\" \/>\n<meta property=\"og:type\" content=\"article\" \/>\n<meta property=\"og:title\" content=\"Romina Castagno\" \/>\n<meta property=\"og:description\" content=\"Dra. Romina Castagno | N\u00ba Col. 39006 ESPECIALISTATractament integral de la menopausaGinecologia generalGinecologia de l&#8217;adolesc\u00e8ncia Consulta a Francesc Maci\u00e0 CENTRE QUIR\u00d3N Des de la meva especialitzaci\u00f3 he exercit hospitals d&#8217;alt nivell com a Hospital Unitat de Medicina Fetal de l&#8217;Hospital Matern Infantil Vall d&#8217;Hebron, Hospital Quir\u00f3 Barcelona, \u200b\u200bCl\u00ednica Creu Blanca i S\u00f2cia de WE Woman [&hellip;]\" \/>\n<meta property=\"og:url\" content=\"https:\/\/ginecologiaavanzada.es\/ca\/romina-castagno\/\" \/>\n<meta property=\"og:site_name\" content=\"Instituto Ginecolog\u00eda Avanzada\" \/>\n<meta property=\"article:modified_time\" content=\"2026-04-10T21:42:35+00:00\" \/>\n<meta property=\"og:image\" content=\"https:\/\/ginecologiaavanzada.es\/wp-content\/uploads\/2025\/11\/Castagno-12-Photoroom.png\" \/>\n\t<meta property=\"og:image:width\" content=\"1280\" \/>\n\t<meta property=\"og:image:height\" content=\"1279\" \/>\n\t<meta property=\"og:image:type\" content=\"image\/png\" \/>\n<meta name=\"twitter:card\" content=\"summary_large_image\" \/>\n<meta name=\"twitter:label1\" content=\"Temps estimat de lectura\" \/>\n\t<meta name=\"twitter:data1\" content=\"2 minuts\" \/>\n<script type=\"application\/ld+json\" class=\"yoast-schema-graph\">{\"@context\":\"https:\\\/\\\/schema.org\",\"@graph\":[{\"@type\":\"WebPage\",\"@id\":\"https:\\\/\\\/ginecologiaavanzada.es\\\/ca\\\/romina-castagno\\\/\",\"url\":\"https:\\\/\\\/ginecologiaavanzada.es\\\/ca\\\/romina-castagno\\\/\",\"name\":\"Romina Castagno &#8902; Instituto Ginecolog\u00eda Avanzada\",\"isPartOf\":{\"@id\":\"https:\\\/\\\/ginecologiaavanzada.es\\\/ca\\\/#website\"},\"primaryImageOfPage\":{\"@id\":\"https:\\\/\\\/ginecologiaavanzada.es\\\/ca\\\/romina-castagno\\\/#primaryimage\"},\"image\":{\"@id\":\"https:\\\/\\\/ginecologiaavanzada.es\\\/ca\\\/romina-castagno\\\/#primaryimage\"},\"thumbnailUrl\":\"https:\\\/\\\/ginecologiaavanzada.es\\\/wp-content\\\/uploads\\\/2025\\\/11\\\/Castagno-12-Photoroom-400x400.png\",\"datePublished\":\"2025-12-04T19:01:59+00:00\",\"dateModified\":\"2026-04-10T21:42:35+00:00\",\"breadcrumb\":{\"@id\":\"https:\\\/\\\/ginecologiaavanzada.es\\\/ca\\\/romina-castagno\\\/#breadcrumb\"},\"inLanguage\":\"ca\",\"potentialAction\":[{\"@type\":\"ReadAction\",\"target\":[\"https:\\\/\\\/ginecologiaavanzada.es\\\/ca\\\/romina-castagno\\\/\"]}]},{\"@type\":\"ImageObject\",\"inLanguage\":\"ca\",\"@id\":\"https:\\\/\\\/ginecologiaavanzada.es\\\/ca\\\/romina-castagno\\\/#primaryimage\",\"url\":\"https:\\\/\\\/ginecologiaavanzada.es\\\/wp-content\\\/uploads\\\/2025\\\/11\\\/Castagno-12-Photoroom-400x400.png\",\"contentUrl\":\"https:\\\/\\\/ginecologiaavanzada.es\\\/wp-content\\\/uploads\\\/2025\\\/11\\\/Castagno-12-Photoroom-400x400.png\"},{\"@type\":\"BreadcrumbList\",\"@id\":\"https:\\\/\\\/ginecologiaavanzada.es\\\/ca\\\/romina-castagno\\\/#breadcrumb\",\"itemListElement\":[{\"@type\":\"ListItem\",\"position\":1,\"name\":\"Portada\",\"item\":\"https:\\\/\\\/ginecologiaavanzada.es\\\/ca\\\/inici\\\/\"},{\"@type\":\"ListItem\",\"position\":2,\"name\":\"Romina Castagno\"}]},{\"@type\":\"WebSite\",\"@id\":\"https:\\\/\\\/ginecologiaavanzada.es\\\/ca\\\/#website\",\"url\":\"https:\\\/\\\/ginecologiaavanzada.es\\\/ca\\\/\",\"name\":\"Ginecologia Avanzada\",\"description\":\"Enfoque integral de la mujer, visi\u00f3n de la mujer en todos sus aspectos, f\u00edsicos, y emocionales.\",\"publisher\":{\"@id\":\"https:\\\/\\\/ginecologiaavanzada.es\\\/ca\\\/#organization\"},\"potentialAction\":[{\"@type\":\"SearchAction\",\"target\":{\"@type\":\"EntryPoint\",\"urlTemplate\":\"https:\\\/\\\/ginecologiaavanzada.es\\\/ca\\\/?s={search_term_string}\"},\"query-input\":{\"@type\":\"PropertyValueSpecification\",\"valueRequired\":true,\"valueName\":\"search_term_string\"}}],\"inLanguage\":\"ca\"},{\"@type\":\"Organization\",\"@id\":\"https:\\\/\\\/ginecologiaavanzada.es\\\/ca\\\/#organization\",\"name\":\"Ginecologia Avanzada\",\"url\":\"https:\\\/\\\/ginecologiaavanzada.es\\\/ca\\\/\",\"logo\":{\"@type\":\"ImageObject\",\"inLanguage\":\"ca\",\"@id\":\"https:\\\/\\\/ginecologiaavanzada.es\\\/ca\\\/#\\\/schema\\\/logo\\\/image\\\/\",\"url\":\"https:\\\/\\\/ginecologiaavanzada.es\\\/wp-content\\\/uploads\\\/logo-fosc-1.jpg\",\"contentUrl\":\"https:\\\/\\\/ginecologiaavanzada.es\\\/wp-content\\\/uploads\\\/logo-fosc-1.jpg\",\"width\":680,\"height\":280,\"caption\":\"Ginecologia Avanzada\"},\"image\":{\"@id\":\"https:\\\/\\\/ginecologiaavanzada.es\\\/ca\\\/#\\\/schema\\\/logo\\\/image\\\/\"}}]}<\/script>\n<!-- \/ Yoast SEO Premium plugin. -->","yoast_head_json":{"title":"Romina Castagno &#8902; Instituto Ginecolog\u00eda Avanzada","robots":{"index":"index","follow":"follow","max-snippet":"max-snippet:-1","max-image-preview":"max-image-preview:large","max-video-preview":"max-video-preview:-1"},"canonical":"https:\/\/ginecologiaavanzada.es\/ca\/romina-castagno\/","og_locale":"ca_ES","og_type":"article","og_title":"Romina Castagno","og_description":"Dra. Romina Castagno | N\u00ba Col. 39006 ESPECIALISTATractament integral de la menopausaGinecologia generalGinecologia de l&#8217;adolesc\u00e8ncia Consulta a Francesc Maci\u00e0 CENTRE QUIR\u00d3N Des de la meva especialitzaci\u00f3 he exercit hospitals d&#8217;alt nivell com a Hospital Unitat de Medicina Fetal de l&#8217;Hospital Matern Infantil Vall d&#8217;Hebron, Hospital Quir\u00f3 Barcelona, \u200b\u200bCl\u00ednica Creu Blanca i S\u00f2cia de WE Woman [&hellip;]","og_url":"https:\/\/ginecologiaavanzada.es\/ca\/romina-castagno\/","og_site_name":"Instituto Ginecolog\u00eda Avanzada","article_modified_time":"2026-04-10T21:42:35+00:00","og_image":[{"width":1280,"height":1279,"url":"https:\/\/ginecologiaavanzada.es\/wp-content\/uploads\/2025\/11\/Castagno-12-Photoroom.png","type":"image\/png"}],"twitter_card":"summary_large_image","twitter_misc":{"Temps estimat de lectura":"2 minuts"},"schema":{"@context":"https:\/\/schema.org","@graph":[{"@type":"WebPage","@id":"https:\/\/ginecologiaavanzada.es\/ca\/romina-castagno\/","url":"https:\/\/ginecologiaavanzada.es\/ca\/romina-castagno\/","name":"Romina Castagno &#8902; Instituto Ginecolog\u00eda Avanzada","isPartOf":{"@id":"https:\/\/ginecologiaavanzada.es\/ca\/#website"},"primaryImageOfPage":{"@id":"https:\/\/ginecologiaavanzada.es\/ca\/romina-castagno\/#primaryimage"},"image":{"@id":"https:\/\/ginecologiaavanzada.es\/ca\/romina-castagno\/#primaryimage"},"thumbnailUrl":"https:\/\/ginecologiaavanzada.es\/wp-content\/uploads\/2025\/11\/Castagno-12-Photoroom-400x400.png","datePublished":"2025-12-04T19:01:59+00:00","dateModified":"2026-04-10T21:42:35+00:00","breadcrumb":{"@id":"https:\/\/ginecologiaavanzada.es\/ca\/romina-castagno\/#breadcrumb"},"inLanguage":"ca","potentialAction":[{"@type":"ReadAction","target":["https:\/\/ginecologiaavanzada.es\/ca\/romina-castagno\/"]}]},{"@type":"ImageObject","inLanguage":"ca","@id":"https:\/\/ginecologiaavanzada.es\/ca\/romina-castagno\/#primaryimage","url":"https:\/\/ginecologiaavanzada.es\/wp-content\/uploads\/2025\/11\/Castagno-12-Photoroom-400x400.png","contentUrl":"https:\/\/ginecologiaavanzada.es\/wp-content\/uploads\/2025\/11\/Castagno-12-Photoroom-400x400.png"},{"@type":"BreadcrumbList","@id":"https:\/\/ginecologiaavanzada.es\/ca\/romina-castagno\/#breadcrumb","itemListElement":[{"@type":"ListItem","position":1,"name":"Portada","item":"https:\/\/ginecologiaavanzada.es\/ca\/inici\/"},{"@type":"ListItem","position":2,"name":"Romina Castagno"}]},{"@type":"WebSite","@id":"https:\/\/ginecologiaavanzada.es\/ca\/#website","url":"https:\/\/ginecologiaavanzada.es\/ca\/","name":"Ginecologia Avanzada","description":"Enfoque integral de la mujer, visi\u00f3n de la mujer en todos sus aspectos, f\u00edsicos, y emocionales.","publisher":{"@id":"https:\/\/ginecologiaavanzada.es\/ca\/#organization"},"potentialAction":[{"@type":"SearchAction","target":{"@type":"EntryPoint","urlTemplate":"https:\/\/ginecologiaavanzada.es\/ca\/?s={search_term_string}"},"query-input":{"@type":"PropertyValueSpecification","valueRequired":true,"valueName":"search_term_string"}}],"inLanguage":"ca"},{"@type":"Organization","@id":"https:\/\/ginecologiaavanzada.es\/ca\/#organization","name":"Ginecologia Avanzada","url":"https:\/\/ginecologiaavanzada.es\/ca\/","logo":{"@type":"ImageObject","inLanguage":"ca","@id":"https:\/\/ginecologiaavanzada.es\/ca\/#\/schema\/logo\/image\/","url":"https:\/\/ginecologiaavanzada.es\/wp-content\/uploads\/logo-fosc-1.jpg","contentUrl":"https:\/\/ginecologiaavanzada.es\/wp-content\/uploads\/logo-fosc-1.jpg","width":680,"height":280,"caption":"Ginecologia Avanzada"},"image":{"@id":"https:\/\/ginecologiaavanzada.es\/ca\/#\/schema\/logo\/image\/"}}]}},"_links":{"self":[{"href":"https:\/\/ginecologiaavanzada.es\/ca\/wp-json\/wp\/v2\/pages\/82285","targetHints":{"allow":["GET"]}}],"collection":[{"href":"https:\/\/ginecologiaavanzada.es\/ca\/wp-json\/wp\/v2\/pages"}],"about":[{"href":"https:\/\/ginecologiaavanzada.es\/ca\/wp-json\/wp\/v2\/types\/page"}],"author":[{"embeddable":true,"href":"https:\/\/ginecologiaavanzada.es\/ca\/wp-json\/wp\/v2\/users\/6"}],"replies":[{"embeddable":true,"href":"https:\/\/ginecologiaavanzada.es\/ca\/wp-json\/wp\/v2\/comments?post=82285"}],"version-history":[{"count":5,"href":"https:\/\/ginecologiaavanzada.es\/ca\/wp-json\/wp\/v2\/pages\/82285\/revisions"}],"predecessor-version":[{"id":83723,"href":"https:\/\/ginecologiaavanzada.es\/ca\/wp-json\/wp\/v2\/pages\/82285\/revisions\/83723"}],"wp:attachment":[{"href":"https:\/\/ginecologiaavanzada.es\/ca\/wp-json\/wp\/v2\/media?parent=82285"}],"curies":[{"name":"wp","href":"https:\/\/api.w.org\/{rel}","templated":true}]}}