{"id":82310,"date":"2025-12-05T13:40:29","date_gmt":"2025-12-05T13:40:29","guid":{"rendered":"https:\/\/ginecologiaavanzada.es\/nerea-maiz-elizaran\/"},"modified":"2026-04-10T21:33:25","modified_gmt":"2026-04-10T21:33:25","slug":"nerea-maiz-elizaran","status":"publish","type":"page","link":"https:\/\/ginecologiaavanzada.es\/ca\/nerea-maiz-elizaran\/","title":{"rendered":"Nerea Maiz Elizaran"},"content":{"rendered":"\t\t<div data-elementor-type=\"wp-page\" data-elementor-id=\"82310\" class=\"elementor elementor-82310 elementor-80766\" data-elementor-post-type=\"page\">\n\t\t\t\t\t\t<section class=\"elementor-section elementor-top-section elementor-element elementor-element-d1b96b7 elementor-section-boxed elementor-section-height-default elementor-section-height-default\" data-id=\"d1b96b7\" data-element_type=\"section\" data-e-type=\"section\">\n\t\t\t\t\t\t<div class=\"elementor-container elementor-column-gap-default\">\n\t\t\t\t\t<div class=\"elementor-column elementor-col-50 elementor-top-column elementor-element elementor-element-1ed2a1c\" data-id=\"1ed2a1c\" data-element_type=\"column\" data-e-type=\"column\">\n\t\t\t<div class=\"elementor-widget-wrap elementor-element-populated\">\n\t\t\t\t\t\t<div class=\"elementor-element elementor-element-6884652 elementor-widget elementor-widget-image\" data-id=\"6884652\" data-element_type=\"widget\" data-e-type=\"widget\" data-widget_type=\"image.default\">\n\t\t\t\t<div class=\"elementor-widget-container\">\n\t\t\t\t\t\t\t\t\t\t\t\t\t\t\t<img fetchpriority=\"high\" decoding=\"async\" width=\"400\" height=\"400\" src=\"https:\/\/ginecologiaavanzada.es\/wp-content\/uploads\/2025\/11\/Nerea-Maiz-400x400.png\" class=\"attachment-large size-large wp-image-80058\" alt=\"\" srcset=\"https:\/\/ginecologiaavanzada.es\/wp-content\/uploads\/2025\/11\/Nerea-Maiz-400x400.png 400w, https:\/\/ginecologiaavanzada.es\/wp-content\/uploads\/2025\/11\/Nerea-Maiz-150x150.png 150w, https:\/\/ginecologiaavanzada.es\/wp-content\/uploads\/2025\/11\/Nerea-Maiz.png 600w\" sizes=\"(max-width: 400px) 100vw, 400px\" \/>\t\t\t\t\t\t\t\t\t\t\t\t\t\t\t<\/div>\n\t\t\t\t<\/div>\n\t\t\t\t<div class=\"elementor-element elementor-element-de2decf elementor-widget elementor-widget-text-editor\" data-id=\"de2decf\" data-element_type=\"widget\" data-e-type=\"widget\" data-widget_type=\"text-editor.default\">\n\t\t\t\t<div class=\"elementor-widget-container\">\n\t\t\t\t\t\t\t\t\t<p>Dra. Nerea Maiz Elizaran | N\u00ba Col. 33234<\/p>\t\t\t\t\t\t\t\t<\/div>\n\t\t\t\t<\/div>\n\t\t\t\t<div class=\"elementor-element elementor-element-f389ade elementor-widget elementor-widget-text-editor\" data-id=\"f389ade\" data-element_type=\"widget\" data-e-type=\"widget\" data-widget_type=\"text-editor.default\">\n\t\t\t\t<div class=\"elementor-widget-container\">\n\t\t\t\t\t\t\t\t\t<p><span style=\"color: #aa83b1;\">ESPECIALISTA<\/span><\/p><p>Control de l&#8217;embar\u00e0s normal i d&#8217;alt risc<br>Diagn\u00f2stic prenatal<br>T\u00e8cniques invasives<br>Cirurgia fetal<\/p>\t\t\t\t\t\t\t\t<\/div>\n\t\t\t\t<\/div>\n\t\t\t\t<div class=\"elementor-element elementor-element-ec624b8 elementor-hidden-mobile elementor-widget elementor-widget-text-editor\" data-id=\"ec624b8\" data-element_type=\"widget\" data-e-type=\"widget\" data-widget_type=\"text-editor.default\">\n\t\t\t\t<div class=\"elementor-widget-container\">\n\t\t\t\t\t\t\t\t\t<p>Demanar Cita<\/p>\t\t\t\t\t\t\t\t<\/div>\n\t\t\t\t<\/div>\n\t\t\t\t<div class=\"elementor-element elementor-element-92392ee elementor-align-center elementor-widget elementor-widget-button\" data-id=\"92392ee\" data-element_type=\"widget\" data-e-type=\"widget\" data-widget_type=\"button.default\">\n\t\t\t\t<div class=\"elementor-widget-container\">\n\t\t\t\t\t\t\t\t\t<div class=\"elementor-button-wrapper\">\n\t\t\t\t\t<a class=\"elementor-button elementor-button-link elementor-size-sm\" href=\"#\">\n\t\t\t\t\t\t<span class=\"elementor-button-content-wrapper\">\n\t\t\t\t\t\t\t\t\t<span class=\"elementor-button-text\">CENTRE QUIR\u00d3N<\/span>\n\t\t\t\t\t<\/span>\n\t\t\t\t\t<\/a>\n\t\t\t\t<\/div>\n\t\t\t\t\t\t\t\t<\/div>\n\t\t\t\t<\/div>\n\t\t\t\t\t<\/div>\n\t\t<\/div>\n\t\t\t\t<div class=\"elementor-column elementor-col-50 elementor-top-column elementor-element elementor-element-fc21a34\" data-id=\"fc21a34\" data-element_type=\"column\" data-e-type=\"column\">\n\t\t\t<div class=\"elementor-widget-wrap elementor-element-populated\">\n\t\t\t\t\t\t<section class=\"elementor-section elementor-inner-section elementor-element elementor-element-04f76d5 elementor-hidden-mobile elementor-section-boxed elementor-section-height-default elementor-section-height-default\" data-id=\"04f76d5\" data-element_type=\"section\" data-e-type=\"section\">\n\t\t\t\t\t\t<div class=\"elementor-container elementor-column-gap-default\">\n\t\t\t\t\t<div class=\"elementor-column elementor-col-100 elementor-inner-column elementor-element elementor-element-e4eef1a\" data-id=\"e4eef1a\" data-element_type=\"column\" data-e-type=\"column\">\n\t\t\t<div class=\"elementor-widget-wrap\">\n\t\t\t\t\t\t\t<\/div>\n\t\t<\/div>\n\t\t\t\t\t<\/div>\n\t\t<\/section>\n\t\t\t\t<div class=\"elementor-element elementor-element-dcc8d9c elementor-widget__width-initial elementor-widget elementor-widget-text-editor\" data-id=\"dcc8d9c\" data-element_type=\"widget\" data-e-type=\"widget\" data-widget_type=\"text-editor.default\">\n\t\t\t\t<div class=\"elementor-widget-container\">\n\t\t\t\t\t\t\t\t\t<p>Des de la meva especialitzaci\u00f3 he exercit en prestigiosos hospitals d&#8217;alt nivell com a Hospital Sant Joan de D\u00e9u d&#8217;Esplugues de Llobregat, Hospital Dexeus,<br>com Research Fellow, King&#8217;s College Hospital, Londres (Regne Unit), a l&#8217;Hospital Universitari Creus, Biscaia, Cl\u00ednica Zuatzu, Sant Sebasti\u00e0 i Cl\u00ednica Verge del Pilar, Sant Sebasti\u00e0.<\/p>\n<p>Actualment exerceixo com a Facultativa especialista de la Unitat de Medicina Fetal del Servei d&#8217;Obstetr\u00edcia i Ginecologia de l&#8217;Hospital Universitari Vall d&#8217;Hebron, Barcelona, \u200b\u200bia l&#8217;Institut de Ginecologia Avan\u00e7ada, a Quir\u00f3n Barcelona.<\/p>\n<p><\/p>\n<p><span style=\"color: #aa83b1;\">M\u00c8RITS ACAD\u00c8MICS<\/span><\/p>\n<p><span style=\"color: rgb(170, 131, 177); font-size: 18px;\">\u221a&nbsp;<\/span>Llicenciada en Medicina i Cirurgia, Universitat de Navarra.<\/p>\n<p><span style=\"color: rgb(170, 131, 177); font-size: 18px;\">\u221a&nbsp;<\/span>Especialista en Obstetr\u00edcia i Ginecologia, Hospital Universitari Sant Joan de D\u00e9u, Barcelona.<\/p>\n<p><span style=\"color: rgb(170, 131, 177); font-size: 18px;\">\u221a&nbsp;<\/span>Doctora amb Menci\u00f3 Europea per la Universitat de Barcelona. Qualificaci\u00f3: &nbsp;<span style=\"font-size: 18px;\">Excel\u00b7lent cum laude i Premi Extraordinari de Doctorat.<\/span><\/p>\n<p style=\"font-variant-ligatures: normal; font-variant-caps: normal; font-family: Montserrat, sans-serif; font-size: 18px; font-style: normal; font-weight: 400;\"><span style=\"font-size: 18px; color: rgb(170, 131, 177);\">ALTRES M\u00c8RITS ACAD\u00c8MICS<\/span><\/p>\n<p><strong style=\"font-size: 18px;\"><span style=\"color: #aa83b1;\">\u221a Experta universit\u00e0ria a Lideratge Femen\u00ed, Centre Internacional de Formaci\u00f3 Cont\u00ednua, UManresa | UVic-UCC.<\/span><\/strong><\/p>\n<p><span style=\"color: rgb(170, 131, 177); font-size: 18px;\">\u221a&nbsp;<\/span>M\u00e0ster en Metodologia de Recerca en Ci\u00e8ncies de la Salut, Universitat<\/p>\n<p><font color=\"#aa83b1\">ACTIVITAT DOCENT<\/font><\/p>\n<p><strong style=\"font-size: 18px;\"><span style=\"color: #aa83b1;\">\u221a&nbsp;<\/span><\/strong>Professora titular, Universitat de Vic \u2013 Universitat Central de Catalunya (UVic-UCC).<\/p>\n<p><span style=\"color: rgb(170, 131, 177); font-size: 18px;\">\u221a&nbsp;<\/span>Professora associada, Universitat del Pa\u00eds Basc (UPV\/EHU).<\/p>\n<p><font color=\"#aa83b1\">ACTIVITAT INVESTIGADORA<\/font><\/p>\n<p><strong style=\"font-size: 18px;\"><span style=\"color: #aa83b1;\">\u221a&nbsp;<\/span><\/strong>Co-cap del grup de recerca en Medicina Materna i Fetal de la Vall d&#8217;Hebron Institut de Recerca (VHIR).<\/p><p><span style=\"color: rgb(170, 131, 177); font-size: 18px;\">\u221a&nbsp;<\/span>Autora o coautora de m\u00e9s de 100 articles cient\u00edfics publicats a revistes internacionals indexades.<\/p><p><span style=\"color: rgb(170, 131, 177); font-size: 18px;\">\u221a&nbsp;<\/span>Investigadora principal (IP) de dos projectes finan\u00e7ats per l&#8217;Institut de Salut Carles III (ISCIII) i un per la Fundaci\u00f3 La Marat\u00f3 de TV3.<\/p>\t\t\t\t\t\t\t\t<\/div>\n\t\t\t\t<\/div>\n\t\t\t\t<div class=\"elementor-element elementor-element-172d801 elementor-hidden-desktop elementor-hidden-tablet elementor-widget elementor-widget-text-editor\" data-id=\"172d801\" data-element_type=\"widget\" data-e-type=\"widget\" data-widget_type=\"text-editor.default\">\n\t\t\t\t<div class=\"elementor-widget-container\">\n\t\t\t\t\t\t\t\t\t<p>Demanar Cita<\/p>\t\t\t\t\t\t\t\t<\/div>\n\t\t\t\t<\/div>\n\t\t\t\t<section class=\"elementor-section elementor-inner-section elementor-element elementor-element-ca0ee7b elementor-hidden-desktop elementor-hidden-tablet elementor-section-boxed elementor-section-height-default elementor-section-height-default\" data-id=\"ca0ee7b\" data-element_type=\"section\" data-e-type=\"section\">\n\t\t\t\t\t\t<div class=\"elementor-container elementor-column-gap-default\">\n\t\t\t\t\t<div class=\"elementor-column elementor-col-100 elementor-inner-column elementor-element elementor-element-48bf678\" data-id=\"48bf678\" data-element_type=\"column\" data-e-type=\"column\">\n\t\t\t<div class=\"elementor-widget-wrap elementor-element-populated\">\n\t\t\t\t\t\t<div class=\"elementor-element elementor-element-23d8e2a elementor-align-center elementor-widget elementor-widget-button\" data-id=\"23d8e2a\" data-element_type=\"widget\" data-e-type=\"widget\" data-widget_type=\"button.default\">\n\t\t\t\t<div class=\"elementor-widget-container\">\n\t\t\t\t\t\t\t\t\t<div class=\"elementor-button-wrapper\">\n\t\t\t\t\t<a class=\"elementor-button elementor-button-link elementor-size-sm\" href=\"#\">\n\t\t\t\t\t\t<span class=\"elementor-button-content-wrapper\">\n\t\t\t\t\t\t\t\t\t<span class=\"elementor-button-text\">CENTRE QUIR\u00d3N<\/span>\n\t\t\t\t\t<\/span>\n\t\t\t\t\t<\/a>\n\t\t\t\t<\/div>\n\t\t\t\t\t\t\t\t<\/div>\n\t\t\t\t<\/div>\n\t\t\t\t\t<\/div>\n\t\t<\/div>\n\t\t\t\t\t<\/div>\n\t\t<\/section>\n\t\t\t\t\t<\/div>\n\t\t<\/div>\n\t\t\t\t\t<\/div>\n\t\t<\/section>\n\t\t\t\t<\/div>\n\t\t","protected":false},"excerpt":{"rendered":"<p>Dra. Nerea Maiz Elizaran | N\u00ba Col. 33234 ESPECIALISTA Control de l&#8217;embar\u00e0s normal i d&#8217;alt riscDiagn\u00f2stic prenatalT\u00e8cniques invasivesCirurgia fetal Demanar Cita CENTRE QUIR\u00d3N Des de la meva especialitzaci\u00f3 he exercit en prestigiosos hospitals d&#8217;alt nivell com a Hospital Sant Joan de D\u00e9u d&#8217;Esplugues de Llobregat, Hospital Dexeus,com Research Fellow, King&#8217;s College Hospital, Londres (Regne Unit), [&hellip;]<\/p>\n","protected":false},"author":6,"featured_media":0,"parent":0,"menu_order":0,"comment_status":"closed","ping_status":"closed","template":"","meta":{"_joinchat":[],"footnotes":""},"class_list":["post-82310","page","type-page","status-publish","hentry","entry"],"yoast_head":"<!-- This site is optimized with the Yoast SEO Premium plugin v27.1 (Yoast SEO v27.3) - https:\/\/yoast.com\/product\/yoast-seo-premium-wordpress\/ -->\n<title>Nerea Maiz Elizaran &#8902; Instituto Ginecolog\u00eda Avanzada<\/title>\n<meta name=\"robots\" content=\"index, follow, max-snippet:-1, max-image-preview:large, max-video-preview:-1\" \/>\n<link rel=\"canonical\" href=\"https:\/\/ginecologiaavanzada.es\/ca\/nerea-maiz-elizaran\/\" \/>\n<meta property=\"og:locale\" content=\"ca_ES\" \/>\n<meta property=\"og:type\" content=\"article\" \/>\n<meta property=\"og:title\" content=\"Nerea Maiz Elizaran\" \/>\n<meta property=\"og:description\" content=\"Dra. Nerea Maiz Elizaran | N\u00ba Col. 33234 ESPECIALISTA Control de l&#8217;embar\u00e0s normal i d&#8217;alt riscDiagn\u00f2stic prenatalT\u00e8cniques invasivesCirurgia fetal Demanar Cita CENTRE QUIR\u00d3N Des de la meva especialitzaci\u00f3 he exercit en prestigiosos hospitals d&#8217;alt nivell com a Hospital Sant Joan de D\u00e9u d&#8217;Esplugues de Llobregat, Hospital Dexeus,com Research Fellow, King&#8217;s College Hospital, Londres (Regne Unit), [&hellip;]\" \/>\n<meta property=\"og:url\" content=\"https:\/\/ginecologiaavanzada.es\/ca\/nerea-maiz-elizaran\/\" \/>\n<meta property=\"og:site_name\" content=\"Instituto Ginecolog\u00eda Avanzada\" \/>\n<meta property=\"article:modified_time\" content=\"2026-04-10T21:33:25+00:00\" \/>\n<meta property=\"og:image\" content=\"https:\/\/ginecologiaavanzada.es\/wp-content\/uploads\/2025\/11\/Nerea-Maiz.png\" \/>\n\t<meta property=\"og:image:width\" content=\"600\" \/>\n\t<meta property=\"og:image:height\" content=\"600\" \/>\n\t<meta property=\"og:image:type\" content=\"image\/png\" \/>\n<meta name=\"twitter:card\" content=\"summary_large_image\" \/>\n<meta name=\"twitter:label1\" content=\"Temps estimat de lectura\" \/>\n\t<meta name=\"twitter:data1\" content=\"1 minut\" \/>\n<script type=\"application\/ld+json\" class=\"yoast-schema-graph\">{\"@context\":\"https:\\\/\\\/schema.org\",\"@graph\":[{\"@type\":\"WebPage\",\"@id\":\"https:\\\/\\\/ginecologiaavanzada.es\\\/ca\\\/nerea-maiz-elizaran\\\/\",\"url\":\"https:\\\/\\\/ginecologiaavanzada.es\\\/ca\\\/nerea-maiz-elizaran\\\/\",\"name\":\"Nerea Maiz Elizaran &#8902; Instituto Ginecolog\u00eda Avanzada\",\"isPartOf\":{\"@id\":\"https:\\\/\\\/ginecologiaavanzada.es\\\/ca\\\/#website\"},\"primaryImageOfPage\":{\"@id\":\"https:\\\/\\\/ginecologiaavanzada.es\\\/ca\\\/nerea-maiz-elizaran\\\/#primaryimage\"},\"image\":{\"@id\":\"https:\\\/\\\/ginecologiaavanzada.es\\\/ca\\\/nerea-maiz-elizaran\\\/#primaryimage\"},\"thumbnailUrl\":\"https:\\\/\\\/ginecologiaavanzada.es\\\/wp-content\\\/uploads\\\/2025\\\/11\\\/Nerea-Maiz-400x400.png\",\"datePublished\":\"2025-12-05T13:40:29+00:00\",\"dateModified\":\"2026-04-10T21:33:25+00:00\",\"breadcrumb\":{\"@id\":\"https:\\\/\\\/ginecologiaavanzada.es\\\/ca\\\/nerea-maiz-elizaran\\\/#breadcrumb\"},\"inLanguage\":\"ca\",\"potentialAction\":[{\"@type\":\"ReadAction\",\"target\":[\"https:\\\/\\\/ginecologiaavanzada.es\\\/ca\\\/nerea-maiz-elizaran\\\/\"]}]},{\"@type\":\"ImageObject\",\"inLanguage\":\"ca\",\"@id\":\"https:\\\/\\\/ginecologiaavanzada.es\\\/ca\\\/nerea-maiz-elizaran\\\/#primaryimage\",\"url\":\"https:\\\/\\\/ginecologiaavanzada.es\\\/wp-content\\\/uploads\\\/2025\\\/11\\\/Nerea-Maiz-400x400.png\",\"contentUrl\":\"https:\\\/\\\/ginecologiaavanzada.es\\\/wp-content\\\/uploads\\\/2025\\\/11\\\/Nerea-Maiz-400x400.png\"},{\"@type\":\"BreadcrumbList\",\"@id\":\"https:\\\/\\\/ginecologiaavanzada.es\\\/ca\\\/nerea-maiz-elizaran\\\/#breadcrumb\",\"itemListElement\":[{\"@type\":\"ListItem\",\"position\":1,\"name\":\"Portada\",\"item\":\"https:\\\/\\\/ginecologiaavanzada.es\\\/ca\\\/inici\\\/\"},{\"@type\":\"ListItem\",\"position\":2,\"name\":\"Nerea Maiz Elizaran\"}]},{\"@type\":\"WebSite\",\"@id\":\"https:\\\/\\\/ginecologiaavanzada.es\\\/ca\\\/#website\",\"url\":\"https:\\\/\\\/ginecologiaavanzada.es\\\/ca\\\/\",\"name\":\"Ginecologia Avanzada\",\"description\":\"Enfoque integral de la mujer, visi\u00f3n de la mujer en todos sus aspectos, f\u00edsicos, y emocionales.\",\"publisher\":{\"@id\":\"https:\\\/\\\/ginecologiaavanzada.es\\\/ca\\\/#organization\"},\"potentialAction\":[{\"@type\":\"SearchAction\",\"target\":{\"@type\":\"EntryPoint\",\"urlTemplate\":\"https:\\\/\\\/ginecologiaavanzada.es\\\/ca\\\/?s={search_term_string}\"},\"query-input\":{\"@type\":\"PropertyValueSpecification\",\"valueRequired\":true,\"valueName\":\"search_term_string\"}}],\"inLanguage\":\"ca\"},{\"@type\":\"Organization\",\"@id\":\"https:\\\/\\\/ginecologiaavanzada.es\\\/ca\\\/#organization\",\"name\":\"Ginecologia Avanzada\",\"url\":\"https:\\\/\\\/ginecologiaavanzada.es\\\/ca\\\/\",\"logo\":{\"@type\":\"ImageObject\",\"inLanguage\":\"ca\",\"@id\":\"https:\\\/\\\/ginecologiaavanzada.es\\\/ca\\\/#\\\/schema\\\/logo\\\/image\\\/\",\"url\":\"https:\\\/\\\/ginecologiaavanzada.es\\\/wp-content\\\/uploads\\\/logo-fosc-1.jpg\",\"contentUrl\":\"https:\\\/\\\/ginecologiaavanzada.es\\\/wp-content\\\/uploads\\\/logo-fosc-1.jpg\",\"width\":680,\"height\":280,\"caption\":\"Ginecologia Avanzada\"},\"image\":{\"@id\":\"https:\\\/\\\/ginecologiaavanzada.es\\\/ca\\\/#\\\/schema\\\/logo\\\/image\\\/\"}}]}<\/script>\n<!-- \/ Yoast SEO Premium plugin. -->","yoast_head_json":{"title":"Nerea Maiz Elizaran &#8902; Instituto Ginecolog\u00eda Avanzada","robots":{"index":"index","follow":"follow","max-snippet":"max-snippet:-1","max-image-preview":"max-image-preview:large","max-video-preview":"max-video-preview:-1"},"canonical":"https:\/\/ginecologiaavanzada.es\/ca\/nerea-maiz-elizaran\/","og_locale":"ca_ES","og_type":"article","og_title":"Nerea Maiz Elizaran","og_description":"Dra. Nerea Maiz Elizaran | N\u00ba Col. 33234 ESPECIALISTA Control de l&#8217;embar\u00e0s normal i d&#8217;alt riscDiagn\u00f2stic prenatalT\u00e8cniques invasivesCirurgia fetal Demanar Cita CENTRE QUIR\u00d3N Des de la meva especialitzaci\u00f3 he exercit en prestigiosos hospitals d&#8217;alt nivell com a Hospital Sant Joan de D\u00e9u d&#8217;Esplugues de Llobregat, Hospital Dexeus,com Research Fellow, King&#8217;s College Hospital, Londres (Regne Unit), [&hellip;]","og_url":"https:\/\/ginecologiaavanzada.es\/ca\/nerea-maiz-elizaran\/","og_site_name":"Instituto Ginecolog\u00eda Avanzada","article_modified_time":"2026-04-10T21:33:25+00:00","og_image":[{"width":600,"height":600,"url":"https:\/\/ginecologiaavanzada.es\/wp-content\/uploads\/2025\/11\/Nerea-Maiz.png","type":"image\/png"}],"twitter_card":"summary_large_image","twitter_misc":{"Temps estimat de lectura":"1 minut"},"schema":{"@context":"https:\/\/schema.org","@graph":[{"@type":"WebPage","@id":"https:\/\/ginecologiaavanzada.es\/ca\/nerea-maiz-elizaran\/","url":"https:\/\/ginecologiaavanzada.es\/ca\/nerea-maiz-elizaran\/","name":"Nerea Maiz Elizaran &#8902; Instituto Ginecolog\u00eda Avanzada","isPartOf":{"@id":"https:\/\/ginecologiaavanzada.es\/ca\/#website"},"primaryImageOfPage":{"@id":"https:\/\/ginecologiaavanzada.es\/ca\/nerea-maiz-elizaran\/#primaryimage"},"image":{"@id":"https:\/\/ginecologiaavanzada.es\/ca\/nerea-maiz-elizaran\/#primaryimage"},"thumbnailUrl":"https:\/\/ginecologiaavanzada.es\/wp-content\/uploads\/2025\/11\/Nerea-Maiz-400x400.png","datePublished":"2025-12-05T13:40:29+00:00","dateModified":"2026-04-10T21:33:25+00:00","breadcrumb":{"@id":"https:\/\/ginecologiaavanzada.es\/ca\/nerea-maiz-elizaran\/#breadcrumb"},"inLanguage":"ca","potentialAction":[{"@type":"ReadAction","target":["https:\/\/ginecologiaavanzada.es\/ca\/nerea-maiz-elizaran\/"]}]},{"@type":"ImageObject","inLanguage":"ca","@id":"https:\/\/ginecologiaavanzada.es\/ca\/nerea-maiz-elizaran\/#primaryimage","url":"https:\/\/ginecologiaavanzada.es\/wp-content\/uploads\/2025\/11\/Nerea-Maiz-400x400.png","contentUrl":"https:\/\/ginecologiaavanzada.es\/wp-content\/uploads\/2025\/11\/Nerea-Maiz-400x400.png"},{"@type":"BreadcrumbList","@id":"https:\/\/ginecologiaavanzada.es\/ca\/nerea-maiz-elizaran\/#breadcrumb","itemListElement":[{"@type":"ListItem","position":1,"name":"Portada","item":"https:\/\/ginecologiaavanzada.es\/ca\/inici\/"},{"@type":"ListItem","position":2,"name":"Nerea Maiz Elizaran"}]},{"@type":"WebSite","@id":"https:\/\/ginecologiaavanzada.es\/ca\/#website","url":"https:\/\/ginecologiaavanzada.es\/ca\/","name":"Ginecologia Avanzada","description":"Enfoque integral de la mujer, visi\u00f3n de la mujer en todos sus aspectos, f\u00edsicos, y emocionales.","publisher":{"@id":"https:\/\/ginecologiaavanzada.es\/ca\/#organization"},"potentialAction":[{"@type":"SearchAction","target":{"@type":"EntryPoint","urlTemplate":"https:\/\/ginecologiaavanzada.es\/ca\/?s={search_term_string}"},"query-input":{"@type":"PropertyValueSpecification","valueRequired":true,"valueName":"search_term_string"}}],"inLanguage":"ca"},{"@type":"Organization","@id":"https:\/\/ginecologiaavanzada.es\/ca\/#organization","name":"Ginecologia Avanzada","url":"https:\/\/ginecologiaavanzada.es\/ca\/","logo":{"@type":"ImageObject","inLanguage":"ca","@id":"https:\/\/ginecologiaavanzada.es\/ca\/#\/schema\/logo\/image\/","url":"https:\/\/ginecologiaavanzada.es\/wp-content\/uploads\/logo-fosc-1.jpg","contentUrl":"https:\/\/ginecologiaavanzada.es\/wp-content\/uploads\/logo-fosc-1.jpg","width":680,"height":280,"caption":"Ginecologia Avanzada"},"image":{"@id":"https:\/\/ginecologiaavanzada.es\/ca\/#\/schema\/logo\/image\/"}}]}},"_links":{"self":[{"href":"https:\/\/ginecologiaavanzada.es\/ca\/wp-json\/wp\/v2\/pages\/82310","targetHints":{"allow":["GET"]}}],"collection":[{"href":"https:\/\/ginecologiaavanzada.es\/ca\/wp-json\/wp\/v2\/pages"}],"about":[{"href":"https:\/\/ginecologiaavanzada.es\/ca\/wp-json\/wp\/v2\/types\/page"}],"author":[{"embeddable":true,"href":"https:\/\/ginecologiaavanzada.es\/ca\/wp-json\/wp\/v2\/users\/6"}],"replies":[{"embeddable":true,"href":"https:\/\/ginecologiaavanzada.es\/ca\/wp-json\/wp\/v2\/comments?post=82310"}],"version-history":[{"count":5,"href":"https:\/\/ginecologiaavanzada.es\/ca\/wp-json\/wp\/v2\/pages\/82310\/revisions"}],"predecessor-version":[{"id":83701,"href":"https:\/\/ginecologiaavanzada.es\/ca\/wp-json\/wp\/v2\/pages\/82310\/revisions\/83701"}],"wp:attachment":[{"href":"https:\/\/ginecologiaavanzada.es\/ca\/wp-json\/wp\/v2\/media?parent=82310"}],"curies":[{"name":"wp","href":"https:\/\/api.w.org\/{rel}","templated":true}]}}