{"id":82953,"date":"2026-02-25T14:12:19","date_gmt":"2026-02-25T14:12:19","guid":{"rendered":"https:\/\/ginecologiaavanzada.es\/avis-legal\/"},"modified":"2026-02-26T17:01:52","modified_gmt":"2026-02-26T17:01:52","slug":"avis-legal","status":"publish","type":"page","link":"https:\/\/ginecologiaavanzada.es\/ca\/avis-legal\/","title":{"rendered":"Av\u00eds Legal"},"content":{"rendered":"\t\t<div data-elementor-type=\"wp-page\" data-elementor-id=\"82953\" class=\"elementor elementor-82953 elementor-82682\" data-elementor-post-type=\"page\">\n\t\t\t\t\t\t<section class=\"elementor-section elementor-top-section elementor-element elementor-element-018a7a5 elementor-section-full_width elementor-section-stretched elementor-section-height-default elementor-section-height-default\" data-id=\"018a7a5\" data-element_type=\"section\" data-e-type=\"section\" data-settings=\"{&quot;stretch_section&quot;:&quot;section-stretched&quot;}\">\n\t\t\t\t\t\t<div class=\"elementor-container elementor-column-gap-default\">\n\t\t\t\t\t<div class=\"elementor-column elementor-col-100 elementor-top-column elementor-element elementor-element-d5c89a1\" data-id=\"d5c89a1\" data-element_type=\"column\" data-e-type=\"column\">\n\t\t\t<div class=\"elementor-widget-wrap elementor-element-populated\">\n\t\t\t\t\t\t<div class=\"elementor-element elementor-element-a5e4ecb elementor-widget elementor-widget-text-editor\" data-id=\"a5e4ecb\" data-element_type=\"widget\" data-e-type=\"widget\" data-widget_type=\"text-editor.default\">\n\t\t\t\t<div class=\"elementor-widget-container\">\n\t\t\t\t\t\t\t\t\t<h1 style=\"text-align: center;\"><span style=\"color: #aa83b1;\">AV\u00cdS LEGAL<\/span><\/h1><p><br>C&amp;B MEDICAL PLUS SLP \u00e9s la societat titular d&#8217;aquesta Web (http:\/\/ginecologiaavanzada.es\/). Excepte indicaci\u00f3 expressa en contra, la titularitat de tots els drets de propietat intel\u00b7lectual i industrial dels continguts.<br>correspon a aquesta. Per donar compliment a la Llei 34\/2002 de Serveis de la Societat de la informaci\u00f3 comuniquem a continuaci\u00f3 les dades seg\u00fcents:<br>C&amp;B MEDICAL PLUS SLP<br>Ronda Canigo, 10. c 4<br>08950 Esplugues de Llobregat<br>CIF:B65773566<br>Est\u00e0 inscrita al Registre Mercantil de Barcelona; Tom 43176; Foli 140; Full B425420 Inscripci\u00f3 1a  <\/p><p>1.- Termes d\u00fas<br>L&#8217;usuari s&#8217;obliga a utilitzar la informaci\u00f3 continguda a la present p\u00e0gina web per a les seves pr\u00f2pies necessitats exclusivament i no realitzar directament o indirectament cap tipus d&#8217;explotaci\u00f3 comercial dels continguts i serveis als quals t\u00e9 acc\u00e9s. L&#8217;usuari tindr\u00e0 dret a l&#8217;acc\u00e9s lliure i gratu\u00eft de la informaci\u00f3 p\u00fablica recollida, si b\u00e9 C&amp;B MEDICAL PLUS, es reserva el dret a restringir l&#8217;acc\u00e9s a determinades seccions i serveis del Portal. \u00c9s intenci\u00f3 de C&amp;B MEDICAL PLUS oferir en tot moment una informaci\u00f3 vera\u00e7 i actualitzada. C&amp;B MEDICAL PLUS no es responsabilitza de la idone\u00eftat de la informaci\u00f3 continguda a la Web.   <\/p><p>2.- Enlla\u00e7os (Links)<br>Aquest web pot oferir diferents enlla\u00e7os amb altres p\u00e0gines web de tercers, el contingut dels quals pot variar, de manera r\u00e0pida, per les caracter\u00edstiques pr\u00f2pies d&#8217;Internet.<br>Per tant, C&amp;B MEDICAL PLUS no es fa responsable de les informacions, serveis i contingut en general d&#8217;aquestes p\u00e0gines Web de tercers.<br>Qualsevol p\u00e0gina externa a la qual s&#8217;accedeixi des de la p\u00e0gina de C&amp;B MEDICAL PLUS \u00e9s independent i C&amp;B MEDICAL PLUS no t\u00e9 cap control del contingut d&#8217;aquesta p\u00e0gina. A m\u00e9s, un enlla\u00e7 amb qualsevol altra p\u00e0gina que no sigui de C&amp;B MEDICAL PLUS no implica que aquesta recolzi o accepti cap responsabilitat pel seu contingut o \u00fas.<br>En el cas que C&amp;B MEDICAL PLUS tingu\u00e9s coneixement efectiu que l&#8217;activitat o la informaci\u00f3 a qu\u00e8 remeten aquests enlla\u00e7os \u00e9s il\u00b7l\u00edcita, constitutiva de delicte o que pot lesionar b\u00e9ns o drets de tercers susceptibles d&#8217;indemnitzaci\u00f3, actuar\u00e0 amb la dilig\u00e8ncia necess\u00e0ria per suprimir o inutilitzar l&#8217;enlla\u00e7 corresponent al m\u00e9s aviat possible. <\/p><p>3.- Drets de propietat intel\u00b7lectual i industrial<br>Els drets relatius a la propietat industrial i intel\u00b7lectual (a t\u00edtol enunciatiu i no limitatiu les marques, logotips, textos, fotografies, icones, imatges, etc., aix\u00ed com el disseny gr\u00e0fic, codi font i altres elements de programari continguts a la present p\u00e0gina Web), s\u00f3n propietat de C&amp;B MEDICAL PLUS. Per tant, estan subjectes a drets de propietat intel\u00b7lectual i industrial protegits per la legislaci\u00f3 espanyola i internacional. <br>Sense la pr\u00e8via autoritzaci\u00f3 escrita de forma fefaent de C&amp;B MEDICAL PLUS, no est\u00e0 perm\u00e8s utilitzar, reproduir, transmetre, manipular, aix\u00ed com qualsevol \u00fas que excedeixi de la utilitzaci\u00f3 necess\u00e0ria per a la visita de la p\u00e0gina i l&#8217;\u00fas dels serveis oferts.<br>L&#8217;acc\u00e9s als serveis subministrats no suposa per part de C&amp;B MEDICAL PLUS renuncia, transmissi\u00f3, ni cessi\u00f3 total o parcial dels drets derivats de la propietat intel\u00b7lectual i industrial, ni atribueix drets d&#8217;utilitzaci\u00f3, alteraci\u00f3, explotaci\u00f3, reproducci\u00f3, distribuci\u00f3 o comunicaci\u00f3 p\u00fablica sobre aquests continguts sense la pr\u00e8via i expressa autoritzaci\u00f3 per escrit dels respectius titulars d&#8217;aquests drets, sense perjudici del aquest dret s&#8217;exerceix segons els principis de bona fe i sempre que es mantingui inalterada la propietat intel\u00b7lectual i industrial del titular d&#8217;aquests drets s&#8217;utilitzi sense fins comercials i exclusivament per a informaci\u00f3 personal de l&#8217;usuari. La responsabilitat derivada de l&#8217;\u00fas de materials protegits pels drets de propietat intel\u00b7lectual i industrial continguts en aquesta p\u00e0gina correspondr\u00e0 exclusivament a l&#8217;usuari.<\/p><p>4.- \u00c8tica i responsabilitat de l&#8217;usuari de la p\u00e0gina web:<br>C&amp;B MEDICAL PLUS no ser\u00e0 en cap cas responsable de l&#8217;\u00fas de la Web que faci l&#8217;usuari. L&#8217;usuari s&#8217;abstindr\u00e0 de dur a terme qualsevol conducta en l&#8217;\u00fas de la web corporativa o dels recursos posats a la seva disposici\u00f3 que atempti contra els drets de propietat intel\u00b7lectual o industrial de C&amp;B; MEDICAL PLUS davant qualsevol reclamaci\u00f3, judicial o extrajudicial, que es presenti davant d&#8217;aquesta com a conseq\u00fc\u00e8ncia d&#8217;aquest \u00fas. L&#8217;usuari s&#8217;abstindr\u00e0 de dur a terme per qualsevol mitj\u00e0 qualsevol destrucci\u00f3, alteraci\u00f3, inutilitzaci\u00f3 o danys de les dades, programes o documents electr\u00f2nics pertanyents a C&amp;B MEDICAL PLUS, aix\u00ed com d&#8217;introducci\u00f3 o difondre a la Xarxa programes, virus, applets, o qualsevol instrument f\u00edsic o electr\u00f2nic que causin o siguin susceptibles de causar tercers.  <\/p><p>5.- Llei aplicable \u2013 Jurisdicci\u00f3<br>La resoluci\u00f3 de qualsevol controv\u00e8rsia o diverg\u00e8ncia relacionada amb les condicions d&#8217;\u00fas del present lloc web es regir\u00e0 per la legislaci\u00f3 espanyola, i seran exclusivament competents els Jutjats i Tribunals de la ciutat de Barcelona<\/p>\t\t\t\t\t\t\t\t<\/div>\n\t\t\t\t<\/div>\n\t\t\t\t\t<\/div>\n\t\t<\/div>\n\t\t\t\t\t<\/div>\n\t\t<\/section>\n\t\t\t\t<\/div>\n\t\t","protected":false},"excerpt":{"rendered":"<p>AV\u00cdS LEGAL C&amp;B MEDICAL PLUS SLP \u00e9s la societat titular d&#8217;aquesta Web (http:\/\/ginecologiaavanzada.es\/). Excepte indicaci\u00f3 expressa en contra, la titularitat de tots els drets de propietat intel\u00b7lectual i industrial dels continguts.correspon a aquesta. Per donar compliment a la Llei 34\/2002 de Serveis de la Societat de la informaci\u00f3 comuniquem a continuaci\u00f3 les dades seg\u00fcents:C&amp;B MEDICAL [&hellip;]<\/p>\n","protected":false},"author":6,"featured_media":0,"parent":0,"menu_order":0,"comment_status":"closed","ping_status":"closed","template":"","meta":{"_joinchat":[],"footnotes":""},"class_list":["post-82953","page","type-page","status-publish","hentry","entry"],"yoast_head":"<!-- This site is optimized with the Yoast SEO Premium plugin v27.1 (Yoast SEO v27.2) - https:\/\/yoast.com\/product\/yoast-seo-premium-wordpress\/ -->\n<title>Av\u00eds Legal &#8902; Instituto Ginecolog\u00eda Avanzada<\/title>\n<meta name=\"robots\" content=\"index, follow, max-snippet:-1, max-image-preview:large, max-video-preview:-1\" \/>\n<link rel=\"canonical\" href=\"https:\/\/ginecologiaavanzada.es\/ca\/avis-legal\/\" \/>\n<meta property=\"og:locale\" content=\"ca_ES\" \/>\n<meta property=\"og:type\" content=\"article\" \/>\n<meta property=\"og:title\" content=\"Av\u00eds Legal\" \/>\n<meta property=\"og:description\" content=\"AV\u00cdS LEGAL C&amp;B MEDICAL PLUS SLP \u00e9s la societat titular d&#8217;aquesta Web (http:\/\/ginecologiaavanzada.es\/). Excepte indicaci\u00f3 expressa en contra, la titularitat de tots els drets de propietat intel\u00b7lectual i industrial dels continguts.correspon a aquesta. Per donar compliment a la Llei 34\/2002 de Serveis de la Societat de la informaci\u00f3 comuniquem a continuaci\u00f3 les dades seg\u00fcents:C&amp;B MEDICAL [&hellip;]\" \/>\n<meta property=\"og:url\" content=\"https:\/\/ginecologiaavanzada.es\/ca\/avis-legal\/\" \/>\n<meta property=\"og:site_name\" content=\"Instituto Ginecolog\u00eda Avanzada\" \/>\n<meta property=\"article:modified_time\" content=\"2026-02-26T17:01:52+00:00\" \/>\n<meta property=\"og:image\" content=\"https:\/\/ginecologiaavanzada.es\/wp-content\/uploads\/logo-fosc-1.jpg\" \/>\n\t<meta property=\"og:image:width\" content=\"680\" \/>\n\t<meta property=\"og:image:height\" content=\"280\" \/>\n\t<meta property=\"og:image:type\" content=\"image\/jpeg\" \/>\n<meta name=\"twitter:card\" content=\"summary_large_image\" \/>\n<meta name=\"twitter:label1\" content=\"Temps estimat de lectura\" \/>\n\t<meta name=\"twitter:data1\" content=\"4 minuts\" \/>\n<script type=\"application\/ld+json\" class=\"yoast-schema-graph\">{\"@context\":\"https:\/\/schema.org\",\"@graph\":[{\"@type\":\"WebPage\",\"@id\":\"https:\/\/ginecologiaavanzada.es\/ca\/avis-legal\/\",\"url\":\"https:\/\/ginecologiaavanzada.es\/ca\/avis-legal\/\",\"name\":\"Av\u00eds Legal &#8902; Instituto Ginecolog\u00eda Avanzada\",\"isPartOf\":{\"@id\":\"https:\/\/ginecologiaavanzada.es\/ca\/#website\"},\"datePublished\":\"2026-02-25T14:12:19+00:00\",\"dateModified\":\"2026-02-26T17:01:52+00:00\",\"breadcrumb\":{\"@id\":\"https:\/\/ginecologiaavanzada.es\/ca\/avis-legal\/#breadcrumb\"},\"inLanguage\":\"ca\",\"potentialAction\":[{\"@type\":\"ReadAction\",\"target\":[\"https:\/\/ginecologiaavanzada.es\/ca\/avis-legal\/\"]}]},{\"@type\":\"BreadcrumbList\",\"@id\":\"https:\/\/ginecologiaavanzada.es\/ca\/avis-legal\/#breadcrumb\",\"itemListElement\":[{\"@type\":\"ListItem\",\"position\":1,\"name\":\"Portada\",\"item\":\"https:\/\/ginecologiaavanzada.es\/ca\/\"},{\"@type\":\"ListItem\",\"position\":2,\"name\":\"Av\u00eds Legal\"}]},{\"@type\":\"WebSite\",\"@id\":\"https:\/\/ginecologiaavanzada.es\/ca\/#website\",\"url\":\"https:\/\/ginecologiaavanzada.es\/ca\/\",\"name\":\"Ginecologia Avanzada\",\"description\":\"Enfoque integral de la mujer, visi\u00f3n de la mujer en todos sus aspectos, f\u00edsicos, y emocionales.\",\"publisher\":{\"@id\":\"https:\/\/ginecologiaavanzada.es\/ca\/#organization\"},\"potentialAction\":[{\"@type\":\"SearchAction\",\"target\":{\"@type\":\"EntryPoint\",\"urlTemplate\":\"https:\/\/ginecologiaavanzada.es\/ca\/?s={search_term_string}\"},\"query-input\":{\"@type\":\"PropertyValueSpecification\",\"valueRequired\":true,\"valueName\":\"search_term_string\"}}],\"inLanguage\":\"ca\"},{\"@type\":\"Organization\",\"@id\":\"https:\/\/ginecologiaavanzada.es\/ca\/#organization\",\"name\":\"Ginecologia Avanzada\",\"url\":\"https:\/\/ginecologiaavanzada.es\/ca\/\",\"logo\":{\"@type\":\"ImageObject\",\"inLanguage\":\"ca\",\"@id\":\"https:\/\/ginecologiaavanzada.es\/ca\/#\/schema\/logo\/image\/\",\"url\":\"https:\/\/ginecologiaavanzada.es\/wp-content\/uploads\/logo-fosc-1.jpg\",\"contentUrl\":\"https:\/\/ginecologiaavanzada.es\/wp-content\/uploads\/logo-fosc-1.jpg\",\"width\":680,\"height\":280,\"caption\":\"Ginecologia Avanzada\"},\"image\":{\"@id\":\"https:\/\/ginecologiaavanzada.es\/ca\/#\/schema\/logo\/image\/\"}}]}<\/script>\n<!-- \/ Yoast SEO Premium plugin. -->","yoast_head_json":{"title":"Av\u00eds Legal &#8902; Instituto Ginecolog\u00eda Avanzada","robots":{"index":"index","follow":"follow","max-snippet":"max-snippet:-1","max-image-preview":"max-image-preview:large","max-video-preview":"max-video-preview:-1"},"canonical":"https:\/\/ginecologiaavanzada.es\/ca\/avis-legal\/","og_locale":"ca_ES","og_type":"article","og_title":"Av\u00eds Legal","og_description":"AV\u00cdS LEGAL C&amp;B MEDICAL PLUS SLP \u00e9s la societat titular d&#8217;aquesta Web (http:\/\/ginecologiaavanzada.es\/). Excepte indicaci\u00f3 expressa en contra, la titularitat de tots els drets de propietat intel\u00b7lectual i industrial dels continguts.correspon a aquesta. Per donar compliment a la Llei 34\/2002 de Serveis de la Societat de la informaci\u00f3 comuniquem a continuaci\u00f3 les dades seg\u00fcents:C&amp;B MEDICAL [&hellip;]","og_url":"https:\/\/ginecologiaavanzada.es\/ca\/avis-legal\/","og_site_name":"Instituto Ginecolog\u00eda Avanzada","article_modified_time":"2026-02-26T17:01:52+00:00","og_image":[{"width":680,"height":280,"url":"https:\/\/ginecologiaavanzada.es\/wp-content\/uploads\/logo-fosc-1.jpg","type":"image\/jpeg"}],"twitter_card":"summary_large_image","twitter_misc":{"Temps estimat de lectura":"4 minuts"},"schema":{"@context":"https:\/\/schema.org","@graph":[{"@type":"WebPage","@id":"https:\/\/ginecologiaavanzada.es\/ca\/avis-legal\/","url":"https:\/\/ginecologiaavanzada.es\/ca\/avis-legal\/","name":"Av\u00eds Legal &#8902; Instituto Ginecolog\u00eda Avanzada","isPartOf":{"@id":"https:\/\/ginecologiaavanzada.es\/ca\/#website"},"datePublished":"2026-02-25T14:12:19+00:00","dateModified":"2026-02-26T17:01:52+00:00","breadcrumb":{"@id":"https:\/\/ginecologiaavanzada.es\/ca\/avis-legal\/#breadcrumb"},"inLanguage":"ca","potentialAction":[{"@type":"ReadAction","target":["https:\/\/ginecologiaavanzada.es\/ca\/avis-legal\/"]}]},{"@type":"BreadcrumbList","@id":"https:\/\/ginecologiaavanzada.es\/ca\/avis-legal\/#breadcrumb","itemListElement":[{"@type":"ListItem","position":1,"name":"Portada","item":"https:\/\/ginecologiaavanzada.es\/ca\/"},{"@type":"ListItem","position":2,"name":"Av\u00eds Legal"}]},{"@type":"WebSite","@id":"https:\/\/ginecologiaavanzada.es\/ca\/#website","url":"https:\/\/ginecologiaavanzada.es\/ca\/","name":"Ginecologia Avanzada","description":"Enfoque integral de la mujer, visi\u00f3n de la mujer en todos sus aspectos, f\u00edsicos, y emocionales.","publisher":{"@id":"https:\/\/ginecologiaavanzada.es\/ca\/#organization"},"potentialAction":[{"@type":"SearchAction","target":{"@type":"EntryPoint","urlTemplate":"https:\/\/ginecologiaavanzada.es\/ca\/?s={search_term_string}"},"query-input":{"@type":"PropertyValueSpecification","valueRequired":true,"valueName":"search_term_string"}}],"inLanguage":"ca"},{"@type":"Organization","@id":"https:\/\/ginecologiaavanzada.es\/ca\/#organization","name":"Ginecologia Avanzada","url":"https:\/\/ginecologiaavanzada.es\/ca\/","logo":{"@type":"ImageObject","inLanguage":"ca","@id":"https:\/\/ginecologiaavanzada.es\/ca\/#\/schema\/logo\/image\/","url":"https:\/\/ginecologiaavanzada.es\/wp-content\/uploads\/logo-fosc-1.jpg","contentUrl":"https:\/\/ginecologiaavanzada.es\/wp-content\/uploads\/logo-fosc-1.jpg","width":680,"height":280,"caption":"Ginecologia Avanzada"},"image":{"@id":"https:\/\/ginecologiaavanzada.es\/ca\/#\/schema\/logo\/image\/"}}]}},"_links":{"self":[{"href":"https:\/\/ginecologiaavanzada.es\/ca\/wp-json\/wp\/v2\/pages\/82953","targetHints":{"allow":["GET"]}}],"collection":[{"href":"https:\/\/ginecologiaavanzada.es\/ca\/wp-json\/wp\/v2\/pages"}],"about":[{"href":"https:\/\/ginecologiaavanzada.es\/ca\/wp-json\/wp\/v2\/types\/page"}],"author":[{"embeddable":true,"href":"https:\/\/ginecologiaavanzada.es\/ca\/wp-json\/wp\/v2\/users\/6"}],"replies":[{"embeddable":true,"href":"https:\/\/ginecologiaavanzada.es\/ca\/wp-json\/wp\/v2\/comments?post=82953"}],"version-history":[{"count":1,"href":"https:\/\/ginecologiaavanzada.es\/ca\/wp-json\/wp\/v2\/pages\/82953\/revisions"}],"predecessor-version":[{"id":82954,"href":"https:\/\/ginecologiaavanzada.es\/ca\/wp-json\/wp\/v2\/pages\/82953\/revisions\/82954"}],"wp:attachment":[{"href":"https:\/\/ginecologiaavanzada.es\/ca\/wp-json\/wp\/v2\/media?parent=82953"}],"curies":[{"name":"wp","href":"https:\/\/api.w.org\/{rel}","templated":true}]}}