{"id":82964,"date":"2026-02-25T13:35:38","date_gmt":"2026-02-25T13:35:38","guid":{"rendered":"https:\/\/ginecologiaavanzada.es\/politica-de-cookies\/"},"modified":"2026-02-26T17:12:22","modified_gmt":"2026-02-26T17:12:22","slug":"politica-de-cookies","status":"publish","type":"page","link":"https:\/\/ginecologiaavanzada.es\/ca\/politica-de-cookies\/","title":{"rendered":"Pol\u00edtica de Cookies"},"content":{"rendered":"\t\t<div data-elementor-type=\"wp-page\" data-elementor-id=\"82964\" class=\"elementor elementor-82964 elementor-82655\" data-elementor-post-type=\"page\">\n\t\t\t\t\t\t<section class=\"elementor-section elementor-top-section elementor-element elementor-element-018a7a5 elementor-section-full_width elementor-section-stretched elementor-section-height-default elementor-section-height-default\" data-id=\"018a7a5\" data-element_type=\"section\" data-e-type=\"section\" data-settings=\"{&quot;stretch_section&quot;:&quot;section-stretched&quot;}\">\n\t\t\t\t\t\t<div class=\"elementor-container elementor-column-gap-default\">\n\t\t\t\t\t<div class=\"elementor-column elementor-col-100 elementor-top-column elementor-element elementor-element-d5c89a1\" data-id=\"d5c89a1\" data-element_type=\"column\" data-e-type=\"column\">\n\t\t\t<div class=\"elementor-widget-wrap elementor-element-populated\">\n\t\t\t\t\t\t<div class=\"elementor-element elementor-element-a5e4ecb elementor-widget elementor-widget-text-editor\" data-id=\"a5e4ecb\" data-element_type=\"widget\" data-e-type=\"widget\" data-widget_type=\"text-editor.default\">\n\t\t\t\t<div class=\"elementor-widget-container\">\n\t\t\t\t\t\t\t\t\t<h1 style=\"text-align: center;\"><span style=\"color: #aa83b1;\"><strong>POL\u00cdTICA DE COOKIES<\/strong><\/span><\/h1><div><span style=\"color: #aa83b1;\"><strong> <\/strong><\/span><\/div><div><span style=\"color: #aa83b1;\"><strong> <\/strong><\/span><\/div><p>En compliment de la \u201cLlei de Serveis de la Societat de la Informaci\u00f3 i Comer\u00e7 Electr\u00f2nic\u201d (LSSICE), \u00e9s d&#8217;obligaci\u00f3 obtenir el consentiment expr\u00e9s de l&#8217;usuari de totes les p\u00e0gines web que usen galetes prescindibles, abans que aquest navegui per elles.<br>En conseq\u00fc\u00e8ncia, a continuaci\u00f3, expliquem qu\u00e8 s\u00f3n les galetes, per a qu\u00e8 serveixen, i com les pot configurar o desactivar si aix\u00ed ho desitja. A m\u00e9s, us informem dels tipus de cookies que existeixen, i amb quina finalitat s&#8217;usen.<br>A https:\/\/ginecologiaavanzada.es\/ utilitzem cookies per garantir el funcionament del nostre web, aix\u00ed com per millorar-ne els continguts a trav\u00e9s de l&#8217;an\u00e0lisi dels h\u00e0bits de navegaci\u00f3 dels usuaris. <\/p><p><span style=\"color: #aa83b1;\">QU\u00c8 S\u00d3N LES COOKIES?<\/span><br>Una galeta \u00e9s un petit fitxer de text que s&#8217;emmagatzema al vostre navegador quan visita algunes p\u00e0gines web. La seva funci\u00f3 \u00e9s recuperar informaci\u00f3 sobre els visitants. Les cookies solen emmagatzemar informaci\u00f3 de car\u00e0cter t\u00e8cnic, prefer\u00e8ncies personals, personalitzaci\u00f3 de continguts, estad\u00edstiques d\u00fas, enlla\u00e7os a xarxes socials, acc\u00e9s a comptes dusuari, etc. L&#8217;objectiu de la galeta \u00e9s adaptar el contingut de la web al vostre perfil i necessitats. Sense galetes<br>els serveis oferts per qualsevol p\u00e0gina es veurien minvats notablement.    <\/p><p><span style=\"color: #aa83b1;\">TIPUS DE COOKIES<\/span><\/p><p><b>1. Segons l&#8217;entitat que les gestioni<\/b><\/p><p><b><\/b>Segons qui sigui l&#8217;entitat que gestioni l&#8217;equip o domini des d&#8217;on s&#8217;envien les galetes i tracti les dades que es<br>obtinguin, podem distingir:<br>a) Cookies pr\u00f2pies: s\u00f3n aquelles que s&#8217;envien a l&#8217;equip terminal de l&#8217;usuari des d&#8217;un equip o domini gestionat pel mateix editor i des del qual es presta el servei sol\u00b7licitat per l&#8217;usuari.<br>b) Galetes de tercers: s\u00f3n aquelles que s&#8217;envien a l&#8217;equip terminal de l&#8217;usuari des d&#8217;un equip o domini que no \u00e9s gestionat per l&#8217;editor, sin\u00f3 per una altra entitat que tracta les dades obtingudes a trav\u00e9s de les galetes.<\/p><p><b>2. Segons la finalitat<\/b><\/p><p>Les dades obtingudes a trav\u00e9s de les cookies es poden tractar per a algunes de les finalitats seg\u00fcents:<br>a) Cookies t\u00e8cniques: s\u00f3n aquelles que permeten a l&#8217;usuari la navegaci\u00f3 a trav\u00e9s d&#8217;una p\u00e0gina web, plataforma o aplicaci\u00f3 i la utilitzaci\u00f3 de les diferents opcions o serveis que hi hagi, incloent-hi aquelles que l&#8217;editor utilitza per permetre la gesti\u00f3 i operativa de la p\u00e0gina web i habilitar-ne les funcions i serveis, per exemple, controlar el tr\u00e0nsit i la comunicaci\u00f3 de dades, identificar la sessi\u00f3, accedir a zones restringides, recordar gestionar el pagament, fer la sol\u00b7licitud d&#8217;inscripci\u00f3 o participaci\u00f3 en un esdeveniment), emmagatzemar continguts per a la difusi\u00f3 de v\u00eddeos o so, habilitar continguts din\u00e0mics o compartir continguts a trav\u00e9s de xarxes socials.<br>b) Cookies de prefer\u00e8ncies o personalitzaci\u00f3: s\u00f3n aquelles que permeten recordar informaci\u00f3 perqu\u00e8 l&#8217;usuari accedeixi al servei amb determinades caracter\u00edstiques que poden diferenciar la seva experi\u00e8ncia de la d&#8217;altres usuaris, per exemple, l&#8217;idioma, el nombre de resultats a mostrar quan l&#8217;usuari fa una cerca, l&#8217;aspecte o el contingut del servei en funci\u00f3 del tipus de navegador a trav\u00e9s del qual l&#8217;usuari<br>accedeix al servei o de la regi\u00f3 des de la qual accedeix al servei, etc.<br>c) Galetes d&#8217;an\u00e0lisi o mesurament: s\u00f3n aquelles que permeten al responsable d&#8217;aquestes, el seguiment i l&#8217;an\u00e0lisi del comportament dels usuaris dels llocs web als quals estan vinculades, inclosa la quantificaci\u00f3 dels impactes dels anuncis. La informaci\u00f3 recollida mitjan\u00e7ant aquest tipus de galetes s&#8217;utilitza en el mesurament de l&#8217;activitat dels llocs web, aplicaci\u00f3 o plataforma, per introduir millores en funci\u00f3 de l&#8217;an\u00e0lisi<br>dades d&#8217;\u00fas que fan els usuaris del servei. <br>d) Cookies de publicitat comportamental: s\u00f3n aquelles que emmagatzemen informaci\u00f3 del comportament dels usuaris obtinguda a trav\u00e9s de l&#8217;observaci\u00f3 continuada dels seus h\u00e0bits de navegaci\u00f3, cosa que permet desenvolupar un perfil espec\u00edfic per mostrar publicitat en funci\u00f3 d&#8217;aquest.<\/p><p>3. Segons el termini de temps que romanen activades<br>Segons el termini de temps que romanen activades a l&#8217;equip terminal podem distingir:<br>a) Cookies de sessi\u00f3: s\u00f3n aquelles dissenyades per demanar i emmagatzemar dades mentre l&#8217;usuari accedeix a una p\u00e0gina web. Se solen fer servir per emmagatzemar informaci\u00f3 que nom\u00e9s interessa conservar per a la prestaci\u00f3 del servei sol\u00b7licitat per l&#8217;usuari en una sola ocasi\u00f3, per exemple, una llista de productes adquirits, i que per tant desapareixen en acabar la sessi\u00f3.<br>b) Cookies persistents: s\u00f3n aquelles en qu\u00e8 les dades segueixen emmagatzemades al terminal i poden ser accedides i tractades durant un per\u00edode definit pel responsable de la galeta, i que pot anar d&#8217;uns minuts a diversos anys. <\/p><p><span style=\"color: #aa83b1;\">QUINES COOKIES UTILITZEM?<\/span><\/p><p>A continuaci\u00f3, expliquem quines galetes s&#8217;utilitzen a la nostra web, aix\u00ed com les seves caracter\u00edstiques:<\/p>\t\t\t\t\t\t\t\t<\/div>\n\t\t\t\t<\/div>\n\t\t\t\t\t<\/div>\n\t\t<\/div>\n\t\t\t\t\t<\/div>\n\t\t<\/section>\n\t\t\t\t<section class=\"elementor-section elementor-top-section elementor-element elementor-element-932131d elementor-section-full_width elementor-section-stretched elementor-section-height-default elementor-section-height-default\" data-id=\"932131d\" data-element_type=\"section\" data-e-type=\"section\" data-settings=\"{&quot;stretch_section&quot;:&quot;section-stretched&quot;}\">\n\t\t\t\t\t\t<div class=\"elementor-container elementor-column-gap-default\">\n\t\t\t\t\t<div class=\"elementor-column elementor-col-100 elementor-top-column elementor-element elementor-element-d29397c\" data-id=\"d29397c\" data-element_type=\"column\" data-e-type=\"column\">\n\t\t\t<div class=\"elementor-widget-wrap elementor-element-populated\">\n\t\t\t\t\t\t<div class=\"elementor-element elementor-element-1a36953 elementor-widget elementor-widget-image\" data-id=\"1a36953\" data-element_type=\"widget\" data-e-type=\"widget\" data-widget_type=\"image.default\">\n\t\t\t\t<div class=\"elementor-widget-container\">\n\t\t\t\t\t\t\t\t\t\t\t\t\t\t\t<img fetchpriority=\"high\" decoding=\"async\" width=\"400\" height=\"339\" src=\"https:\/\/ginecologiaavanzada.es\/wp-content\/uploads\/Captura-de-pantalla-2026-02-25-a-las-13.52.49-400x339.png\" class=\"attachment-large size-large wp-image-82963\" alt=\"\" srcset=\"https:\/\/ginecologiaavanzada.es\/wp-content\/uploads\/Captura-de-pantalla-2026-02-25-a-las-13.52.49-400x339.png 400w, https:\/\/ginecologiaavanzada.es\/wp-content\/uploads\/Captura-de-pantalla-2026-02-25-a-las-13.52.49-150x127.png 150w, https:\/\/ginecologiaavanzada.es\/wp-content\/uploads\/Captura-de-pantalla-2026-02-25-a-las-13.52.49-768x652.png 768w, https:\/\/ginecologiaavanzada.es\/wp-content\/uploads\/Captura-de-pantalla-2026-02-25-a-las-13.52.49-1536x1304.png 1536w, https:\/\/ginecologiaavanzada.es\/wp-content\/uploads\/Captura-de-pantalla-2026-02-25-a-las-13.52.49-2048x1738.png 2048w\" sizes=\"(max-width: 400px) 100vw, 400px\" \/>\t\t\t\t\t\t\t\t\t\t\t\t\t\t\t<\/div>\n\t\t\t\t<\/div>\n\t\t\t\t\t<\/div>\n\t\t<\/div>\n\t\t\t\t\t<\/div>\n\t\t<\/section>\n\t\t\t\t<section class=\"elementor-section elementor-top-section elementor-element elementor-element-f51129b elementor-section-full_width elementor-section-stretched elementor-section-height-default elementor-section-height-default\" data-id=\"f51129b\" data-element_type=\"section\" data-e-type=\"section\" data-settings=\"{&quot;stretch_section&quot;:&quot;section-stretched&quot;}\">\n\t\t\t\t\t\t<div class=\"elementor-container elementor-column-gap-default\">\n\t\t\t\t\t<div class=\"elementor-column elementor-col-100 elementor-top-column elementor-element elementor-element-9a71422\" data-id=\"9a71422\" data-element_type=\"column\" data-e-type=\"column\">\n\t\t\t<div class=\"elementor-widget-wrap elementor-element-populated\">\n\t\t\t\t\t\t<div class=\"elementor-element elementor-element-7d48e7e elementor-widget elementor-widget-text-editor\" data-id=\"7d48e7e\" data-element_type=\"widget\" data-e-type=\"widget\" data-widget_type=\"text-editor.default\">\n\t\t\t\t<div class=\"elementor-widget-container\">\n\t\t\t\t\t\t\t\t\t<p><span style=\"color: #aa83b1;\">COM CONFIGURAR LES COOKIES?<\/span><\/p><p>Podeu acceptar o rebutjar l&#8217;\u00fas de galetes a trav\u00e9s del centre de configuraci\u00f3 de galetes.<br>Per poder accedir al centre de configuraci\u00f3 ho podreu fer des del missatge d&#8217;informaci\u00f3 b\u00e0sica que apareix a la<br>web. En aquest centre podreu consentir i\/o retirar un consentiment anterior sobre l&#8217;\u00fas de les cookies.<br>Heu de tenir en compte que la revocaci\u00f3 de cookies de tercers no comporta l&#8217;eliminaci\u00f3 de les ja existents. Aquesta<br>acci\u00f3 l&#8217;haureu de fer mitjan\u00e7ant la configuraci\u00f3 del vostre navegador.<br>Configuraci\u00f3 del navegador  <\/p><p>Chrome<br>http:\/\/support.google.com\/chrome\/answer\/95647?hl=es<\/p><p>Internet Explorer<br>https:\/\/support.microsoft.com\/es-es\/kb\/278835<\/p><p>Firefox<br>https:\/\/www.mozilla.org\/es-ES\/privacy\/websites\/#cookies<\/p><p>Safari Versi\u00f3n<br>http:\/\/support.apple.com\/kb\/PH5042<\/p><p>Opera<br>https:\/\/help.opera.com\/en\/latest\/web-preferences\/<\/p><p>Otros navegadores<br>Consulte la documentaci\u00f3n del navegador que tenga instalado.<\/p>\t\t\t\t\t\t\t\t<\/div>\n\t\t\t\t<\/div>\n\t\t\t\t\t<\/div>\n\t\t<\/div>\n\t\t\t\t\t<\/div>\n\t\t<\/section>\n\t\t\t\t<\/div>\n\t\t","protected":false},"excerpt":{"rendered":"<p>POL\u00cdTICA DE COOKIES En compliment de la \u201cLlei de Serveis de la Societat de la Informaci\u00f3 i Comer\u00e7 Electr\u00f2nic\u201d (LSSICE), \u00e9s d&#8217;obligaci\u00f3 obtenir el consentiment expr\u00e9s de l&#8217;usuari de totes les p\u00e0gines web que usen galetes prescindibles, abans que aquest navegui per elles.En conseq\u00fc\u00e8ncia, a continuaci\u00f3, expliquem qu\u00e8 s\u00f3n les galetes, per a qu\u00e8 serveixen, [&hellip;]<\/p>\n","protected":false},"author":6,"featured_media":0,"parent":0,"menu_order":0,"comment_status":"closed","ping_status":"closed","template":"","meta":{"_joinchat":[],"footnotes":""},"class_list":["post-82964","page","type-page","status-publish","hentry","entry"],"yoast_head":"<!-- This site is optimized with the Yoast SEO Premium plugin v27.1 (Yoast SEO v27.2) - https:\/\/yoast.com\/product\/yoast-seo-premium-wordpress\/ -->\n<title>Pol\u00edtica de Cookies &#8902; Instituto Ginecolog\u00eda Avanzada<\/title>\n<meta name=\"robots\" content=\"index, follow, max-snippet:-1, max-image-preview:large, max-video-preview:-1\" \/>\n<link rel=\"canonical\" href=\"https:\/\/ginecologiaavanzada.es\/ca\/politica-de-cookies\/\" \/>\n<meta property=\"og:locale\" content=\"ca_ES\" \/>\n<meta property=\"og:type\" content=\"article\" \/>\n<meta property=\"og:title\" content=\"Pol\u00edtica de Cookies\" \/>\n<meta property=\"og:description\" content=\"POL\u00cdTICA DE COOKIES En compliment de la \u201cLlei de Serveis de la Societat de la Informaci\u00f3 i Comer\u00e7 Electr\u00f2nic\u201d (LSSICE), \u00e9s d&#8217;obligaci\u00f3 obtenir el consentiment expr\u00e9s de l&#8217;usuari de totes les p\u00e0gines web que usen galetes prescindibles, abans que aquest navegui per elles.En conseq\u00fc\u00e8ncia, a continuaci\u00f3, expliquem qu\u00e8 s\u00f3n les galetes, per a qu\u00e8 serveixen, [&hellip;]\" \/>\n<meta property=\"og:url\" content=\"https:\/\/ginecologiaavanzada.es\/ca\/politica-de-cookies\/\" \/>\n<meta property=\"og:site_name\" content=\"Instituto Ginecolog\u00eda Avanzada\" \/>\n<meta property=\"article:modified_time\" content=\"2026-02-26T17:12:22+00:00\" \/>\n<meta property=\"og:image\" content=\"https:\/\/ginecologiaavanzada.es\/wp-content\/uploads\/Captura-de-pantalla-2026-02-25-a-las-13.52.49-400x339.png\" \/>\n<meta name=\"twitter:card\" content=\"summary_large_image\" \/>\n<meta name=\"twitter:label1\" content=\"Temps estimat de lectura\" \/>\n\t<meta name=\"twitter:data1\" content=\"5 minuts\" \/>\n<script type=\"application\/ld+json\" class=\"yoast-schema-graph\">{\"@context\":\"https:\/\/schema.org\",\"@graph\":[{\"@type\":\"WebPage\",\"@id\":\"https:\/\/ginecologiaavanzada.es\/ca\/politica-de-cookies\/\",\"url\":\"https:\/\/ginecologiaavanzada.es\/ca\/politica-de-cookies\/\",\"name\":\"Pol\u00edtica de Cookies &#8902; Instituto Ginecolog\u00eda Avanzada\",\"isPartOf\":{\"@id\":\"https:\/\/ginecologiaavanzada.es\/ca\/#website\"},\"primaryImageOfPage\":{\"@id\":\"https:\/\/ginecologiaavanzada.es\/ca\/politica-de-cookies\/#primaryimage\"},\"image\":{\"@id\":\"https:\/\/ginecologiaavanzada.es\/ca\/politica-de-cookies\/#primaryimage\"},\"thumbnailUrl\":\"https:\/\/ginecologiaavanzada.es\/wp-content\/uploads\/Captura-de-pantalla-2026-02-25-a-las-13.52.49-400x339.png\",\"datePublished\":\"2026-02-25T13:35:38+00:00\",\"dateModified\":\"2026-02-26T17:12:22+00:00\",\"breadcrumb\":{\"@id\":\"https:\/\/ginecologiaavanzada.es\/ca\/politica-de-cookies\/#breadcrumb\"},\"inLanguage\":\"ca\",\"potentialAction\":[{\"@type\":\"ReadAction\",\"target\":[\"https:\/\/ginecologiaavanzada.es\/ca\/politica-de-cookies\/\"]}]},{\"@type\":\"ImageObject\",\"inLanguage\":\"ca\",\"@id\":\"https:\/\/ginecologiaavanzada.es\/ca\/politica-de-cookies\/#primaryimage\",\"url\":\"https:\/\/ginecologiaavanzada.es\/wp-content\/uploads\/Captura-de-pantalla-2026-02-25-a-las-13.52.49-400x339.png\",\"contentUrl\":\"https:\/\/ginecologiaavanzada.es\/wp-content\/uploads\/Captura-de-pantalla-2026-02-25-a-las-13.52.49-400x339.png\"},{\"@type\":\"BreadcrumbList\",\"@id\":\"https:\/\/ginecologiaavanzada.es\/ca\/politica-de-cookies\/#breadcrumb\",\"itemListElement\":[{\"@type\":\"ListItem\",\"position\":1,\"name\":\"Portada\",\"item\":\"https:\/\/ginecologiaavanzada.es\/ca\/\"},{\"@type\":\"ListItem\",\"position\":2,\"name\":\"Pol\u00edtica de Cookies\"}]},{\"@type\":\"WebSite\",\"@id\":\"https:\/\/ginecologiaavanzada.es\/ca\/#website\",\"url\":\"https:\/\/ginecologiaavanzada.es\/ca\/\",\"name\":\"Ginecologia Avanzada\",\"description\":\"Enfoque integral de la mujer, visi\u00f3n de la mujer en todos sus aspectos, f\u00edsicos, y emocionales.\",\"publisher\":{\"@id\":\"https:\/\/ginecologiaavanzada.es\/ca\/#organization\"},\"potentialAction\":[{\"@type\":\"SearchAction\",\"target\":{\"@type\":\"EntryPoint\",\"urlTemplate\":\"https:\/\/ginecologiaavanzada.es\/ca\/?s={search_term_string}\"},\"query-input\":{\"@type\":\"PropertyValueSpecification\",\"valueRequired\":true,\"valueName\":\"search_term_string\"}}],\"inLanguage\":\"ca\"},{\"@type\":\"Organization\",\"@id\":\"https:\/\/ginecologiaavanzada.es\/ca\/#organization\",\"name\":\"Ginecologia Avanzada\",\"url\":\"https:\/\/ginecologiaavanzada.es\/ca\/\",\"logo\":{\"@type\":\"ImageObject\",\"inLanguage\":\"ca\",\"@id\":\"https:\/\/ginecologiaavanzada.es\/ca\/#\/schema\/logo\/image\/\",\"url\":\"https:\/\/ginecologiaavanzada.es\/wp-content\/uploads\/logo-fosc-1.jpg\",\"contentUrl\":\"https:\/\/ginecologiaavanzada.es\/wp-content\/uploads\/logo-fosc-1.jpg\",\"width\":680,\"height\":280,\"caption\":\"Ginecologia Avanzada\"},\"image\":{\"@id\":\"https:\/\/ginecologiaavanzada.es\/ca\/#\/schema\/logo\/image\/\"}}]}<\/script>\n<!-- \/ Yoast SEO Premium plugin. -->","yoast_head_json":{"title":"Pol\u00edtica de Cookies &#8902; Instituto Ginecolog\u00eda Avanzada","robots":{"index":"index","follow":"follow","max-snippet":"max-snippet:-1","max-image-preview":"max-image-preview:large","max-video-preview":"max-video-preview:-1"},"canonical":"https:\/\/ginecologiaavanzada.es\/ca\/politica-de-cookies\/","og_locale":"ca_ES","og_type":"article","og_title":"Pol\u00edtica de Cookies","og_description":"POL\u00cdTICA DE COOKIES En compliment de la \u201cLlei de Serveis de la Societat de la Informaci\u00f3 i Comer\u00e7 Electr\u00f2nic\u201d (LSSICE), \u00e9s d&#8217;obligaci\u00f3 obtenir el consentiment expr\u00e9s de l&#8217;usuari de totes les p\u00e0gines web que usen galetes prescindibles, abans que aquest navegui per elles.En conseq\u00fc\u00e8ncia, a continuaci\u00f3, expliquem qu\u00e8 s\u00f3n les galetes, per a qu\u00e8 serveixen, [&hellip;]","og_url":"https:\/\/ginecologiaavanzada.es\/ca\/politica-de-cookies\/","og_site_name":"Instituto Ginecolog\u00eda Avanzada","article_modified_time":"2026-02-26T17:12:22+00:00","og_image":[{"url":"https:\/\/ginecologiaavanzada.es\/wp-content\/uploads\/Captura-de-pantalla-2026-02-25-a-las-13.52.49-400x339.png","type":"","width":"","height":""}],"twitter_card":"summary_large_image","twitter_misc":{"Temps estimat de lectura":"5 minuts"},"schema":{"@context":"https:\/\/schema.org","@graph":[{"@type":"WebPage","@id":"https:\/\/ginecologiaavanzada.es\/ca\/politica-de-cookies\/","url":"https:\/\/ginecologiaavanzada.es\/ca\/politica-de-cookies\/","name":"Pol\u00edtica de Cookies &#8902; Instituto Ginecolog\u00eda Avanzada","isPartOf":{"@id":"https:\/\/ginecologiaavanzada.es\/ca\/#website"},"primaryImageOfPage":{"@id":"https:\/\/ginecologiaavanzada.es\/ca\/politica-de-cookies\/#primaryimage"},"image":{"@id":"https:\/\/ginecologiaavanzada.es\/ca\/politica-de-cookies\/#primaryimage"},"thumbnailUrl":"https:\/\/ginecologiaavanzada.es\/wp-content\/uploads\/Captura-de-pantalla-2026-02-25-a-las-13.52.49-400x339.png","datePublished":"2026-02-25T13:35:38+00:00","dateModified":"2026-02-26T17:12:22+00:00","breadcrumb":{"@id":"https:\/\/ginecologiaavanzada.es\/ca\/politica-de-cookies\/#breadcrumb"},"inLanguage":"ca","potentialAction":[{"@type":"ReadAction","target":["https:\/\/ginecologiaavanzada.es\/ca\/politica-de-cookies\/"]}]},{"@type":"ImageObject","inLanguage":"ca","@id":"https:\/\/ginecologiaavanzada.es\/ca\/politica-de-cookies\/#primaryimage","url":"https:\/\/ginecologiaavanzada.es\/wp-content\/uploads\/Captura-de-pantalla-2026-02-25-a-las-13.52.49-400x339.png","contentUrl":"https:\/\/ginecologiaavanzada.es\/wp-content\/uploads\/Captura-de-pantalla-2026-02-25-a-las-13.52.49-400x339.png"},{"@type":"BreadcrumbList","@id":"https:\/\/ginecologiaavanzada.es\/ca\/politica-de-cookies\/#breadcrumb","itemListElement":[{"@type":"ListItem","position":1,"name":"Portada","item":"https:\/\/ginecologiaavanzada.es\/ca\/"},{"@type":"ListItem","position":2,"name":"Pol\u00edtica de Cookies"}]},{"@type":"WebSite","@id":"https:\/\/ginecologiaavanzada.es\/ca\/#website","url":"https:\/\/ginecologiaavanzada.es\/ca\/","name":"Ginecologia Avanzada","description":"Enfoque integral de la mujer, visi\u00f3n de la mujer en todos sus aspectos, f\u00edsicos, y emocionales.","publisher":{"@id":"https:\/\/ginecologiaavanzada.es\/ca\/#organization"},"potentialAction":[{"@type":"SearchAction","target":{"@type":"EntryPoint","urlTemplate":"https:\/\/ginecologiaavanzada.es\/ca\/?s={search_term_string}"},"query-input":{"@type":"PropertyValueSpecification","valueRequired":true,"valueName":"search_term_string"}}],"inLanguage":"ca"},{"@type":"Organization","@id":"https:\/\/ginecologiaavanzada.es\/ca\/#organization","name":"Ginecologia Avanzada","url":"https:\/\/ginecologiaavanzada.es\/ca\/","logo":{"@type":"ImageObject","inLanguage":"ca","@id":"https:\/\/ginecologiaavanzada.es\/ca\/#\/schema\/logo\/image\/","url":"https:\/\/ginecologiaavanzada.es\/wp-content\/uploads\/logo-fosc-1.jpg","contentUrl":"https:\/\/ginecologiaavanzada.es\/wp-content\/uploads\/logo-fosc-1.jpg","width":680,"height":280,"caption":"Ginecologia Avanzada"},"image":{"@id":"https:\/\/ginecologiaavanzada.es\/ca\/#\/schema\/logo\/image\/"}}]}},"_links":{"self":[{"href":"https:\/\/ginecologiaavanzada.es\/ca\/wp-json\/wp\/v2\/pages\/82964","targetHints":{"allow":["GET"]}}],"collection":[{"href":"https:\/\/ginecologiaavanzada.es\/ca\/wp-json\/wp\/v2\/pages"}],"about":[{"href":"https:\/\/ginecologiaavanzada.es\/ca\/wp-json\/wp\/v2\/types\/page"}],"author":[{"embeddable":true,"href":"https:\/\/ginecologiaavanzada.es\/ca\/wp-json\/wp\/v2\/users\/6"}],"replies":[{"embeddable":true,"href":"https:\/\/ginecologiaavanzada.es\/ca\/wp-json\/wp\/v2\/comments?post=82964"}],"version-history":[{"count":1,"href":"https:\/\/ginecologiaavanzada.es\/ca\/wp-json\/wp\/v2\/pages\/82964\/revisions"}],"predecessor-version":[{"id":82965,"href":"https:\/\/ginecologiaavanzada.es\/ca\/wp-json\/wp\/v2\/pages\/82964\/revisions\/82965"}],"wp:attachment":[{"href":"https:\/\/ginecologiaavanzada.es\/ca\/wp-json\/wp\/v2\/media?parent=82964"}],"curies":[{"name":"wp","href":"https:\/\/api.w.org\/{rel}","templated":true}]}}