{"id":82978,"date":"2026-02-25T13:58:32","date_gmt":"2026-02-25T13:58:32","guid":{"rendered":"https:\/\/ginecologiaavanzada.es\/politica-de-privadesa\/"},"modified":"2026-02-26T17:27:21","modified_gmt":"2026-02-26T17:27:21","slug":"politica-de-privadesa","status":"publish","type":"page","link":"https:\/\/ginecologiaavanzada.es\/ca\/politica-de-privadesa\/","title":{"rendered":"Pol\u00edtica de Privadesa"},"content":{"rendered":"\t\t<div data-elementor-type=\"wp-page\" data-elementor-id=\"82978\" class=\"elementor elementor-82978 elementor-82677\" data-elementor-post-type=\"page\">\n\t\t\t\t\t\t<section class=\"elementor-section elementor-top-section elementor-element elementor-element-018a7a5 elementor-section-full_width elementor-section-stretched elementor-section-height-default elementor-section-height-default\" data-id=\"018a7a5\" data-element_type=\"section\" data-e-type=\"section\" data-settings=\"{&quot;stretch_section&quot;:&quot;section-stretched&quot;}\">\n\t\t\t\t\t\t<div class=\"elementor-container elementor-column-gap-default\">\n\t\t\t\t\t<div class=\"elementor-column elementor-col-100 elementor-top-column elementor-element elementor-element-d5c89a1\" data-id=\"d5c89a1\" data-element_type=\"column\" data-e-type=\"column\">\n\t\t\t<div class=\"elementor-widget-wrap elementor-element-populated\">\n\t\t\t\t\t\t<div class=\"elementor-element elementor-element-a5e4ecb elementor-widget elementor-widget-text-editor\" data-id=\"a5e4ecb\" data-element_type=\"widget\" data-e-type=\"widget\" data-widget_type=\"text-editor.default\">\n\t\t\t\t<div class=\"elementor-widget-container\">\n\t\t\t\t\t\t\t\t\t<h1 style=\"text-align: center;\"><span style=\"color: #aa83b1;\">POL\u00cdTICA DE PRIVACITAT<\/span><\/h1><p>POL\u00cdTICA COMPLETA SOBRE PROTECCI\u00d3 DE DADES PERSONALS<\/p><p>Tant la privadesa de les dades com la confidencialitat de la informaci\u00f3 s\u00f3n aspectes importants per a C&amp;B MEDICAL PLUS SLP. Aquesta pol\u00edtica de protecci\u00f3 de dades estableix la manera com es tracten les dades de car\u00e0cter personal obtingudes pel centre i podr\u00e0 variar amb el temps a causa dels possibles canvis legislatius, jurisprudencials o dels criteris seguits per l&#8217;Ag\u00e8ncia Espanyola de Protecci\u00f3 de Dades i\/o l&#8217;autoritat competent a cada moment. \u00c9s per aix\u00f2 que C&amp;B MEDICAL PLUS SLP es reserva el dret a modificar la present pol\u00edtica per adaptar-lo a novetats legislatives o jurisprudencials que es troben vigents en el moment prec\u00eds que s&#8217;accedeixi al web.  <br><span style=\"font-size: 18px;\"><br><\/span><\/p><p><span style=\"font-size: 18px;\">Data darrera actualitzaci\u00f3: 25\/10\/2025<\/span><\/p><p>1. RESPONSABLE<br>Qui \u00e9s el Responsable del tractament de les vostres dades?:<br>C&amp;B MEDICAL PLUS SLP<br>Ronda Canigo, 10. c 4<br>08950 Esplugues de Llobregat<br>CIF:B65773566<br>Mail: consultas@ginecologiaavanzada.es <\/p><p>2. FINALITATS<br>Amb quina finalitat tractem les vostres dades?<br>Com a pacient:<br>Tractem les dades personals dels nostres pacients per a les seg\u00fcents finalitats:<br>1.- Per a la gesti\u00f3 de visites, diagn\u00f2stics i possibles tractaments m\u00e8dics o altres serveis relacionats amb la salut i serveis dermatol\u00f2gics realitzats en qualsevol moment per aquest centre aix\u00ed com la seva facturaci\u00f3 i incloses les comunicacions necess\u00e0ries per a la prestaci\u00f3 dels serveis indicats.<br>2.- Per a l&#8217;enviament de comunicacions informatives sobre la promoci\u00f3 de productes i serveis de la consulta m\u00e8dica, sempre que ens ho hagi autoritzat pr\u00e8viament.<br>3.- Per atendre qualsevol queixa o sol\u00b7licitud que ens faci arribar a trav\u00e9s dels formularis habilitats a la web o qualsevol altre mitj\u00e0 de contacte habilitat.<br>4.- Per a la gesti\u00f3 de les cites on-line.<\/p><p>Us informem que el tractament de dades de salut implica el tractament de categories especials de dades. Aquest tractament \u00e9s necessari per a la gesti\u00f3 dels serveis dassist\u00e8ncia sanit\u00e0ria i<br>ser\u00e0 prestat per professionals subjectes a lobligaci\u00f3 de secret professional.<br>Les dades personals que es demanen s\u00f3n les estrictament necess\u00e0ries per a la prestaci\u00f3 del servei i la gesti\u00f3 de la relaci\u00f3 establerta, sent adequades, pertinents i no excessives, limitades al que \u00e9s necessari en relaci\u00f3 amb les finalitats per a les quals s\u00f3n tractades. <\/p><p>Preguem qu\u00e8 per mantenir les dades actuals, exactes i posades al dia, ens comuniqueu qualsevol canvi o modificaci\u00f3 que es pugui produir.<br>Com a prove\u00efdor i\/o col\u00b7laborador<br>Tractem les dades personals dels nostres prove\u00efdors i col\u00b7laboradors amb la finalitat de gestionar la relaci\u00f3 professional establerta.<br>Com a candidat a lloc de treballador<br>Tractem les dades curriculars dels candidats a lloc de treballador amb la finalitat de gestionar els processos de selecci\u00f3 que el centre mantingui oberts.<\/p><p>3. LEGITIMACI\u00d3 I TERMINIS DE CONSERVACI\u00d3<br>Quina \u00e9s la base legal del tractament de les seves dades i durant quant de temps els<br>conservem?<br>Com a pacient:<br>La base legal per al tractament de les vostres dades personals \u00e9s la contractaci\u00f3 dels serveis m\u00e8dics sol\u00b7licitats i l&#8217;inter\u00e8s leg\u00edtim del centre a atendre les vostres consultes i peticions.<br>De vegades, la base legal del tractament ser\u00e0 la protecci\u00f3 d&#8217;interessos vitals de l&#8217;interessat o d&#8217;altres persones f\u00edsiques.<br>Per al tractament amb fins promocionals de serveis i productes del centre, la base legal ser\u00e0 el seu consentiment.<br>El termini de conservaci\u00f3:<br>Les dades personals proporcionades i la seva hist\u00f2ria cl\u00ednica es conservaran en tot cas durant la vig\u00e8ncia de la relaci\u00f3 sanit\u00e0ria establerta i una vegada finalitzada aquesta durant els terminis legals de prescripci\u00f3 establerts a la Llei 21\/2000, de 29 de desembre, sobre els drets d&#8217;informaci\u00f3 concernents a la salut i l&#8217;autonomia del pacient, i la documentaci\u00f3 cl\u00ednica. De la hist\u00f2ria cl\u00ednica es conservar\u00e0, juntament amb les dades didentificaci\u00f3 de cada pacient, com a m\u00ednim durant quinze anys des de la data dalta de cada proc\u00e9s assistencial. La resta de documentaci\u00f3 s&#8217;ha de destruir una vegada hagin transcorregut cinc anys des de la data d&#8217;alta de cada proc\u00e9s assistencial.<br>Les dades de contacte per a la tramesa de comunicacions informatives es mantindran mentre l&#8217;usuari no sol\u00b7liciti la supressi\u00f3.<br>Com a prove\u00efdor i\/o col\u00b7laborador<br>La base legal per al tractament \u00e9s una relaci\u00f3 contractual.<br>El termini de conservaci\u00f3:<br>Les dades es conservaran en tot cas durant el temps que duri la relaci\u00f3 contractual i posteriorment durant els terminis legals establerts a la legislaci\u00f3 civil per a la prescripci\u00f3 de<br>les obligacions contractuals i en la legislaci\u00f3 comptable i fiscal.<br>Com a candidat a lloc de treballador<br>La base legal per al tractament \u00e9s l&#8217;adopci\u00f3 de mesures precontractuals en els processos de selecci\u00f3 que l&#8217;entitat mantingui oberts i el consentiment per a la conservaci\u00f3 del CV en futurs processos de selecci\u00f3.<br>El termini de conservaci\u00f3:  <br>Les dades es conservaran en tot cas durant el termini m\u00e0xim de 2 anys. Posteriorment ser\u00e0s eliminats.<\/p><p>4. DESTINATARIS DE LES DADES<br>A qui comunicarem les vostres dades personals?<br>Les dades dels pacients podran ser comunicades a tercers en els sup\u00f2sits seg\u00fcents:<br>\uf0b7 Al personal de l&#8217;administraci\u00f3 sanit\u00e0ria que exerceix funcions d&#8217;inspecci\u00f3, degudament acreditat, per comprovar la qualitat de l&#8217;assist\u00e8ncia, el compliment dels drets del pacient o qualsevol altra obligaci\u00f3 del consultori m\u00e8dic en relaci\u00f3 amb els pacients<br>\uf0b7 A l&#8217;Administraci\u00f3 sanit\u00e0ria amb finalitats epidemiol\u00f2giques, de recerca o doc\u00e8ncia, tot preservant sempre les dades d&#8217;identificaci\u00f3 personal del pacient, separades de les de car\u00e0cter cl\u00ednic assistencial.<br>\uf0b7 A jutges i tribunals en el marc d&#8217;una petici\u00f3 judicial<br>\uf0b7 Als professionals assistencials que estiguin implicats en el diagn\u00f2stic o el tractament m\u00e8dic; al personal administratiu nom\u00e9s quan sigui necessari per al desenvolupament de les seues funcions.<br>\uf0b7 A les m\u00fatues sanit\u00e0ries per a la gesti\u00f3 dels serveis m\u00e8dics-sanitaris sol\u00b7licitats i el pagament corresponent.<br>\uf0b7 A les entitats m\u00e8diques, societats i\/o professionals als efectes de facturar el servei prestat.<br>\uf0b7 Als laboratoris m\u00e8dics per a la realitzaci\u00f3 de proves m\u00e8diques.<br>Tot el personal que accedeixi a l&#8217;\u00fas de les seves compet\u00e8ncies a qualsevol classe de dades de la hist\u00f2ria cl\u00ednica est\u00e0 subjecta al deure de guardar secret.<br>Les dades dels pacients, les seves hist\u00f2ries cl\u00edniques i les cites en l\u00ednia estan allotjades en un programa de gesti\u00f3 m\u00e8dica ubicat en un servidor extern i el prove\u00efdor del qual compleix amb les garanties i mesures de seguretat que estableix el RGPD i amb qui s&#8217;ha subscrit el contracte d&#8217;encarregat del tractament.<br>No est\u00e0 prevista la transfer\u00e8ncia internacional de les vostres dades.<\/p><p>5. DRETS DELS TITULARS DE LES DADES<br>Quins s\u00f3n els vostres drets en protecci\u00f3 de dades?<br>Qualsevol persona t\u00e9 dret a obtenir informaci\u00f3 sobre quines dades est\u00e0 tractant C&amp;B MEDICAL PLUS.<br>A continuaci\u00f3, us indiquem els vostres drets:<br>1.- Dret d&#8217;acc\u00e9s a les vostres dades personals i obtenir-ne una c\u00f2pia.<br>2.- Dret a sol\u00b7licitar la rectificaci\u00f3 de les dades inexactes o, si escau, sol\u00b7licitar la seva supressi\u00f3 quan, entre altres motius, les dades ja no siguin necess\u00e0ries per als fins que van ser recollides.<br>3.- En determinades circumst\u00e0ncies, es podr\u00e0 sol\u00b7licitar la limitaci\u00f3 del tractament de les seves dades, cas en qu\u00e8 \u00fanicament es conservaran per a l&#8217;exercici o la defensa de reclamacions.<br>4.- En determinades circumst\u00e0ncies i per motius relacionats amb la seva situaci\u00f3 particular, podr\u00e0 oposar-se al tractament de les dades. El centre deixar\u00e0 de tractar les dades, tret de motius leg\u00edtims imperiosos, o l&#8217;exercici o la defensa de possibles reclamacions.<br>5.- Portabilitat: L&#8217;interessat tindr\u00e0 dret a rebre les dades personals que li incumbeixin, que hagi facilitat a l&#8217;empresa, en un format estructurat, d&#8217;\u00fas com\u00fa i lectura mec\u00e0nica quan: <br>a) el tractament estigui basat en el consentiment o en un contracte, i b) el tractament s&#8217;efectu\u00ef per mitjans automatitzats.<br>6.- Us informem del vostre dret a presentar una reclamaci\u00f3 davant l&#8217;autoritat de control (AEPD.- www.agpd.es) en cas que no hagi vist satisfets l&#8217;exercici dels vostres drets aqu\u00ed indicats.<\/p><p>Per exercir els esmentats drets podeu posar-vos en contacte a trav\u00e9s de l&#8217;e-mail consultas@ginecologiaavanzada.es indicant la seg\u00fcent informaci\u00f3:<br>Nom i cognoms<br>E-mail de contacte<br>Dret que voleu exercitar.<br>Dades sobre les quals realitza la sol\u00b7licitud<br>En el termini m\u00e0xim d&#8217;un mes resoldrem la vostra sol\u00b7licitud notificant-ho al vostre mail indicat.<\/p><p>6. SEGURETAT EN EL TRACTAMENT.<br>Quina seguretat apliquem als nostres sistemes d&#8217;informaci\u00f3?<br>Teniendo en cuenta el estado de la t\u00e9cnica, los costes de aplicaci\u00f3n, y la naturaleza, el alcance, el contexto y los fines del tratamiento, as\u00ed como riesgos de probabilidad y gravedad variables para los derechos y libertades de las personas f\u00edsicas, C&amp;B MEDICAL PLUS aplicar\u00e1 medidas t\u00e9cnicas y organizativas apropiadas para garantizar un nivel de seguridad adecuado al riesgo, que eviten la destrucci\u00f3n, p\u00e9rdida o alteraci\u00f3n accidental o il\u00edcita de datos personales transmitidos, conservados o tratados de otra forma, o la comunicaci\u00f3n o acceso no autorizados a dichos datos.<\/p>\t\t\t\t\t\t\t\t<\/div>\n\t\t\t\t<\/div>\n\t\t\t\t\t<\/div>\n\t\t<\/div>\n\t\t\t\t\t<\/div>\n\t\t<\/section>\n\t\t\t\t<\/div>\n\t\t","protected":false},"excerpt":{"rendered":"<p>POL\u00cdTICA DE PRIVACITAT POL\u00cdTICA COMPLETA SOBRE PROTECCI\u00d3 DE DADES PERSONALS Tant la privadesa de les dades com la confidencialitat de la informaci\u00f3 s\u00f3n aspectes importants per a C&amp;B MEDICAL PLUS SLP. Aquesta pol\u00edtica de protecci\u00f3 de dades estableix la manera com es tracten les dades de car\u00e0cter personal obtingudes pel centre i podr\u00e0 variar amb [&hellip;]<\/p>\n","protected":false},"author":6,"featured_media":0,"parent":0,"menu_order":0,"comment_status":"closed","ping_status":"closed","template":"","meta":{"_joinchat":[],"footnotes":""},"class_list":["post-82978","page","type-page","status-publish","hentry","entry"],"yoast_head":"<!-- This site is optimized with the Yoast SEO Premium plugin v27.1 (Yoast SEO v27.2) - https:\/\/yoast.com\/product\/yoast-seo-premium-wordpress\/ -->\n<title>Pol\u00edtica de Privadesa &#8902; Instituto Ginecolog\u00eda Avanzada<\/title>\n<meta name=\"robots\" content=\"index, follow, max-snippet:-1, max-image-preview:large, max-video-preview:-1\" \/>\n<link rel=\"canonical\" href=\"https:\/\/ginecologiaavanzada.es\/ca\/politica-de-privadesa\/\" \/>\n<meta property=\"og:locale\" content=\"ca_ES\" \/>\n<meta property=\"og:type\" content=\"article\" \/>\n<meta property=\"og:title\" content=\"Pol\u00edtica de Privadesa\" \/>\n<meta property=\"og:description\" content=\"POL\u00cdTICA DE PRIVACITAT POL\u00cdTICA COMPLETA SOBRE PROTECCI\u00d3 DE DADES PERSONALS Tant la privadesa de les dades com la confidencialitat de la informaci\u00f3 s\u00f3n aspectes importants per a C&amp;B MEDICAL PLUS SLP. Aquesta pol\u00edtica de protecci\u00f3 de dades estableix la manera com es tracten les dades de car\u00e0cter personal obtingudes pel centre i podr\u00e0 variar amb [&hellip;]\" \/>\n<meta property=\"og:url\" content=\"https:\/\/ginecologiaavanzada.es\/ca\/politica-de-privadesa\/\" \/>\n<meta property=\"og:site_name\" content=\"Instituto Ginecolog\u00eda Avanzada\" \/>\n<meta property=\"article:modified_time\" content=\"2026-02-26T17:27:21+00:00\" \/>\n<meta property=\"og:image\" content=\"https:\/\/ginecologiaavanzada.es\/wp-content\/uploads\/logo-fosc-1.jpg\" \/>\n\t<meta property=\"og:image:width\" content=\"680\" \/>\n\t<meta property=\"og:image:height\" content=\"280\" \/>\n\t<meta property=\"og:image:type\" content=\"image\/jpeg\" \/>\n<meta name=\"twitter:card\" content=\"summary_large_image\" \/>\n<meta name=\"twitter:label1\" content=\"Temps estimat de lectura\" \/>\n\t<meta name=\"twitter:data1\" content=\"8 minuts\" \/>\n<script type=\"application\/ld+json\" class=\"yoast-schema-graph\">{\"@context\":\"https:\/\/schema.org\",\"@graph\":[{\"@type\":\"WebPage\",\"@id\":\"https:\/\/ginecologiaavanzada.es\/ca\/politica-de-privadesa\/\",\"url\":\"https:\/\/ginecologiaavanzada.es\/ca\/politica-de-privadesa\/\",\"name\":\"Pol\u00edtica de Privadesa &#8902; Instituto Ginecolog\u00eda Avanzada\",\"isPartOf\":{\"@id\":\"https:\/\/ginecologiaavanzada.es\/ca\/#website\"},\"datePublished\":\"2026-02-25T13:58:32+00:00\",\"dateModified\":\"2026-02-26T17:27:21+00:00\",\"breadcrumb\":{\"@id\":\"https:\/\/ginecologiaavanzada.es\/ca\/politica-de-privadesa\/#breadcrumb\"},\"inLanguage\":\"ca\",\"potentialAction\":[{\"@type\":\"ReadAction\",\"target\":[\"https:\/\/ginecologiaavanzada.es\/ca\/politica-de-privadesa\/\"]}]},{\"@type\":\"BreadcrumbList\",\"@id\":\"https:\/\/ginecologiaavanzada.es\/ca\/politica-de-privadesa\/#breadcrumb\",\"itemListElement\":[{\"@type\":\"ListItem\",\"position\":1,\"name\":\"Portada\",\"item\":\"https:\/\/ginecologiaavanzada.es\/ca\/\"},{\"@type\":\"ListItem\",\"position\":2,\"name\":\"Pol\u00edtica de Privadesa\"}]},{\"@type\":\"WebSite\",\"@id\":\"https:\/\/ginecologiaavanzada.es\/ca\/#website\",\"url\":\"https:\/\/ginecologiaavanzada.es\/ca\/\",\"name\":\"Ginecologia Avanzada\",\"description\":\"Enfoque integral de la mujer, visi\u00f3n de la mujer en todos sus aspectos, f\u00edsicos, y emocionales.\",\"publisher\":{\"@id\":\"https:\/\/ginecologiaavanzada.es\/ca\/#organization\"},\"potentialAction\":[{\"@type\":\"SearchAction\",\"target\":{\"@type\":\"EntryPoint\",\"urlTemplate\":\"https:\/\/ginecologiaavanzada.es\/ca\/?s={search_term_string}\"},\"query-input\":{\"@type\":\"PropertyValueSpecification\",\"valueRequired\":true,\"valueName\":\"search_term_string\"}}],\"inLanguage\":\"ca\"},{\"@type\":\"Organization\",\"@id\":\"https:\/\/ginecologiaavanzada.es\/ca\/#organization\",\"name\":\"Ginecologia Avanzada\",\"url\":\"https:\/\/ginecologiaavanzada.es\/ca\/\",\"logo\":{\"@type\":\"ImageObject\",\"inLanguage\":\"ca\",\"@id\":\"https:\/\/ginecologiaavanzada.es\/ca\/#\/schema\/logo\/image\/\",\"url\":\"https:\/\/ginecologiaavanzada.es\/wp-content\/uploads\/logo-fosc-1.jpg\",\"contentUrl\":\"https:\/\/ginecologiaavanzada.es\/wp-content\/uploads\/logo-fosc-1.jpg\",\"width\":680,\"height\":280,\"caption\":\"Ginecologia Avanzada\"},\"image\":{\"@id\":\"https:\/\/ginecologiaavanzada.es\/ca\/#\/schema\/logo\/image\/\"}}]}<\/script>\n<!-- \/ Yoast SEO Premium plugin. -->","yoast_head_json":{"title":"Pol\u00edtica de Privadesa &#8902; Instituto Ginecolog\u00eda Avanzada","robots":{"index":"index","follow":"follow","max-snippet":"max-snippet:-1","max-image-preview":"max-image-preview:large","max-video-preview":"max-video-preview:-1"},"canonical":"https:\/\/ginecologiaavanzada.es\/ca\/politica-de-privadesa\/","og_locale":"ca_ES","og_type":"article","og_title":"Pol\u00edtica de Privadesa","og_description":"POL\u00cdTICA DE PRIVACITAT POL\u00cdTICA COMPLETA SOBRE PROTECCI\u00d3 DE DADES PERSONALS Tant la privadesa de les dades com la confidencialitat de la informaci\u00f3 s\u00f3n aspectes importants per a C&amp;B MEDICAL PLUS SLP. Aquesta pol\u00edtica de protecci\u00f3 de dades estableix la manera com es tracten les dades de car\u00e0cter personal obtingudes pel centre i podr\u00e0 variar amb [&hellip;]","og_url":"https:\/\/ginecologiaavanzada.es\/ca\/politica-de-privadesa\/","og_site_name":"Instituto Ginecolog\u00eda Avanzada","article_modified_time":"2026-02-26T17:27:21+00:00","og_image":[{"width":680,"height":280,"url":"https:\/\/ginecologiaavanzada.es\/wp-content\/uploads\/logo-fosc-1.jpg","type":"image\/jpeg"}],"twitter_card":"summary_large_image","twitter_misc":{"Temps estimat de lectura":"8 minuts"},"schema":{"@context":"https:\/\/schema.org","@graph":[{"@type":"WebPage","@id":"https:\/\/ginecologiaavanzada.es\/ca\/politica-de-privadesa\/","url":"https:\/\/ginecologiaavanzada.es\/ca\/politica-de-privadesa\/","name":"Pol\u00edtica de Privadesa &#8902; Instituto Ginecolog\u00eda Avanzada","isPartOf":{"@id":"https:\/\/ginecologiaavanzada.es\/ca\/#website"},"datePublished":"2026-02-25T13:58:32+00:00","dateModified":"2026-02-26T17:27:21+00:00","breadcrumb":{"@id":"https:\/\/ginecologiaavanzada.es\/ca\/politica-de-privadesa\/#breadcrumb"},"inLanguage":"ca","potentialAction":[{"@type":"ReadAction","target":["https:\/\/ginecologiaavanzada.es\/ca\/politica-de-privadesa\/"]}]},{"@type":"BreadcrumbList","@id":"https:\/\/ginecologiaavanzada.es\/ca\/politica-de-privadesa\/#breadcrumb","itemListElement":[{"@type":"ListItem","position":1,"name":"Portada","item":"https:\/\/ginecologiaavanzada.es\/ca\/"},{"@type":"ListItem","position":2,"name":"Pol\u00edtica de Privadesa"}]},{"@type":"WebSite","@id":"https:\/\/ginecologiaavanzada.es\/ca\/#website","url":"https:\/\/ginecologiaavanzada.es\/ca\/","name":"Ginecologia Avanzada","description":"Enfoque integral de la mujer, visi\u00f3n de la mujer en todos sus aspectos, f\u00edsicos, y emocionales.","publisher":{"@id":"https:\/\/ginecologiaavanzada.es\/ca\/#organization"},"potentialAction":[{"@type":"SearchAction","target":{"@type":"EntryPoint","urlTemplate":"https:\/\/ginecologiaavanzada.es\/ca\/?s={search_term_string}"},"query-input":{"@type":"PropertyValueSpecification","valueRequired":true,"valueName":"search_term_string"}}],"inLanguage":"ca"},{"@type":"Organization","@id":"https:\/\/ginecologiaavanzada.es\/ca\/#organization","name":"Ginecologia Avanzada","url":"https:\/\/ginecologiaavanzada.es\/ca\/","logo":{"@type":"ImageObject","inLanguage":"ca","@id":"https:\/\/ginecologiaavanzada.es\/ca\/#\/schema\/logo\/image\/","url":"https:\/\/ginecologiaavanzada.es\/wp-content\/uploads\/logo-fosc-1.jpg","contentUrl":"https:\/\/ginecologiaavanzada.es\/wp-content\/uploads\/logo-fosc-1.jpg","width":680,"height":280,"caption":"Ginecologia Avanzada"},"image":{"@id":"https:\/\/ginecologiaavanzada.es\/ca\/#\/schema\/logo\/image\/"}}]}},"_links":{"self":[{"href":"https:\/\/ginecologiaavanzada.es\/ca\/wp-json\/wp\/v2\/pages\/82978","targetHints":{"allow":["GET"]}}],"collection":[{"href":"https:\/\/ginecologiaavanzada.es\/ca\/wp-json\/wp\/v2\/pages"}],"about":[{"href":"https:\/\/ginecologiaavanzada.es\/ca\/wp-json\/wp\/v2\/types\/page"}],"author":[{"embeddable":true,"href":"https:\/\/ginecologiaavanzada.es\/ca\/wp-json\/wp\/v2\/users\/6"}],"replies":[{"embeddable":true,"href":"https:\/\/ginecologiaavanzada.es\/ca\/wp-json\/wp\/v2\/comments?post=82978"}],"version-history":[{"count":1,"href":"https:\/\/ginecologiaavanzada.es\/ca\/wp-json\/wp\/v2\/pages\/82978\/revisions"}],"predecessor-version":[{"id":82979,"href":"https:\/\/ginecologiaavanzada.es\/ca\/wp-json\/wp\/v2\/pages\/82978\/revisions\/82979"}],"wp:attachment":[{"href":"https:\/\/ginecologiaavanzada.es\/ca\/wp-json\/wp\/v2\/media?parent=82978"}],"curies":[{"name":"wp","href":"https:\/\/api.w.org\/{rel}","templated":true}]}}