{"id":82012,"date":"2025-12-08T14:01:06","date_gmt":"2025-12-08T14:01:06","guid":{"rendered":"https:\/\/ginecologiaavanzada.es\/alejandra-naya-mercadal\/"},"modified":"2026-04-10T20:21:42","modified_gmt":"2026-04-10T20:21:42","slug":"alejandra-naya-mercadal","status":"publish","type":"page","link":"https:\/\/ginecologiaavanzada.es\/de\/alejandra-naya-mercadal\/","title":{"rendered":"ALEJANDRA NAYA MERCADAL"},"content":{"rendered":"\t\t<div data-elementor-type=\"wp-page\" data-elementor-id=\"82012\" class=\"elementor elementor-82012 elementor-81090\" data-elementor-post-type=\"page\">\n\t\t\t\t\t\t<section class=\"elementor-section elementor-top-section elementor-element elementor-element-d1b96b7 elementor-section-boxed elementor-section-height-default elementor-section-height-default\" data-id=\"d1b96b7\" data-element_type=\"section\" data-e-type=\"section\">\n\t\t\t\t\t\t<div class=\"elementor-container elementor-column-gap-default\">\n\t\t\t\t\t<div class=\"elementor-column elementor-col-50 elementor-top-column elementor-element elementor-element-1ed2a1c\" data-id=\"1ed2a1c\" data-element_type=\"column\" data-e-type=\"column\">\n\t\t\t<div class=\"elementor-widget-wrap elementor-element-populated\">\n\t\t\t\t\t\t<div class=\"elementor-element elementor-element-6884652 elementor-widget elementor-widget-image\" data-id=\"6884652\" data-element_type=\"widget\" data-e-type=\"widget\" data-widget_type=\"image.default\">\n\t\t\t\t<div class=\"elementor-widget-container\">\n\t\t\t\t\t\t\t\t\t\t\t\t\t\t\t<img fetchpriority=\"high\" decoding=\"async\" width=\"400\" height=\"400\" src=\"https:\/\/ginecologiaavanzada.es\/wp-content\/uploads\/GINECOLOGIA-AVANZADA-400x400.jpg\" class=\"attachment-large size-large wp-image-83369\" alt=\"\" srcset=\"https:\/\/ginecologiaavanzada.es\/wp-content\/uploads\/GINECOLOGIA-AVANZADA-400x400.jpg 400w, https:\/\/ginecologiaavanzada.es\/wp-content\/uploads\/GINECOLOGIA-AVANZADA-150x150.jpg 150w, https:\/\/ginecologiaavanzada.es\/wp-content\/uploads\/GINECOLOGIA-AVANZADA-768x768.jpg 768w, https:\/\/ginecologiaavanzada.es\/wp-content\/uploads\/GINECOLOGIA-AVANZADA-600x600.jpg 600w, https:\/\/ginecologiaavanzada.es\/wp-content\/uploads\/GINECOLOGIA-AVANZADA.jpg 1280w\" sizes=\"(max-width: 400px) 100vw, 400px\" \/>\t\t\t\t\t\t\t\t\t\t\t\t\t\t\t<\/div>\n\t\t\t\t<\/div>\n\t\t\t\t<div class=\"elementor-element elementor-element-de2decf elementor-widget elementor-widget-text-editor\" data-id=\"de2decf\" data-element_type=\"widget\" data-e-type=\"widget\" data-widget_type=\"text-editor.default\">\n\t\t\t\t<div class=\"elementor-widget-container\">\n\t\t\t\t\t\t\t\t\tAlejandra Naya Mercadal\t\t\t\t\t\t\t\t<\/div>\n\t\t\t\t<\/div>\n\t\t\t\t<div class=\"elementor-element elementor-element-f389ade elementor-widget elementor-widget-text-editor\" data-id=\"f389ade\" data-element_type=\"widget\" data-e-type=\"widget\" data-widget_type=\"text-editor.default\">\n\t\t\t\t<div class=\"elementor-widget-container\">\n\t\t\t\t\t\t\t\t\t<p>Allgemeiner Gesundheitspsychologe Oberst 15477<\/p><p>Mitglied der Arbeitsgruppe Perinatale Psychologie des COPC.<\/p>\t\t\t\t\t\t\t\t<\/div>\n\t\t\t\t<\/div>\n\t\t\t\t<div class=\"elementor-element elementor-element-ec624b8 elementor-hidden-mobile elementor-widget elementor-widget-text-editor\" data-id=\"ec624b8\" data-element_type=\"widget\" data-e-type=\"widget\" data-widget_type=\"text-editor.default\">\n\t\t\t\t<div class=\"elementor-widget-container\">\n\t\t\t\t\t\t\t\t\t<p>Termin anfragen<\/p>\t\t\t\t\t\t\t\t<\/div>\n\t\t\t\t<\/div>\n\t\t\t\t<section class=\"elementor-section elementor-inner-section elementor-element elementor-element-279b23b elementor-hidden-mobile elementor-section-boxed elementor-section-height-default elementor-section-height-default\" data-id=\"279b23b\" data-element_type=\"section\" data-e-type=\"section\">\n\t\t\t\t\t\t<div class=\"elementor-container elementor-column-gap-default\">\n\t\t\t\t\t<div class=\"elementor-column elementor-col-33 elementor-inner-column elementor-element elementor-element-e588edb\" data-id=\"e588edb\" data-element_type=\"column\" data-e-type=\"column\">\n\t\t\t<div class=\"elementor-widget-wrap\">\n\t\t\t\t\t\t\t<\/div>\n\t\t<\/div>\n\t\t\t\t<div class=\"elementor-column elementor-col-33 elementor-inner-column elementor-element elementor-element-0b7cdf9\" data-id=\"0b7cdf9\" data-element_type=\"column\" data-e-type=\"column\">\n\t\t\t<div class=\"elementor-widget-wrap elementor-element-populated\">\n\t\t\t\t\t\t<div class=\"elementor-element elementor-element-28babf8 elementor-align-center elementor-widget elementor-widget-button\" data-id=\"28babf8\" data-element_type=\"widget\" data-e-type=\"widget\" data-widget_type=\"button.default\">\n\t\t\t\t<div class=\"elementor-widget-container\">\n\t\t\t\t\t\t\t\t\t<div class=\"elementor-button-wrapper\">\n\t\t\t\t\t<a class=\"elementor-button elementor-button-link elementor-size-sm\" href=\"https:\/\/www.doctoralia.es\/clinicas\/instituto-de-ginecologia-avanzada-2?saasonly=true\" target=\"_blank\">\n\t\t\t\t\t\t<span class=\"elementor-button-content-wrapper\">\n\t\t\t\t\t\t\t\t\t<span class=\"elementor-button-text\">Francesc Maci\u00e0<\/span>\n\t\t\t\t\t<\/span>\n\t\t\t\t\t<\/a>\n\t\t\t\t<\/div>\n\t\t\t\t\t\t\t\t<\/div>\n\t\t\t\t<\/div>\n\t\t\t\t\t<\/div>\n\t\t<\/div>\n\t\t\t\t<div class=\"elementor-column elementor-col-33 elementor-inner-column elementor-element elementor-element-f0ed51a\" data-id=\"f0ed51a\" data-element_type=\"column\" data-e-type=\"column\">\n\t\t\t<div class=\"elementor-widget-wrap\">\n\t\t\t\t\t\t\t<\/div>\n\t\t<\/div>\n\t\t\t\t\t<\/div>\n\t\t<\/section>\n\t\t\t\t\t<\/div>\n\t\t<\/div>\n\t\t\t\t<div class=\"elementor-column elementor-col-50 elementor-top-column elementor-element elementor-element-fc21a34\" data-id=\"fc21a34\" data-element_type=\"column\" data-e-type=\"column\">\n\t\t\t<div class=\"elementor-widget-wrap elementor-element-populated\">\n\t\t\t\t\t\t<div class=\"elementor-element elementor-element-dcc8d9c elementor-widget elementor-widget-text-editor\" data-id=\"dcc8d9c\" data-element_type=\"widget\" data-e-type=\"widget\" data-widget_type=\"text-editor.default\">\n\t\t\t\t<div class=\"elementor-widget-container\">\n\t\t\t\t\t\t\t\t\t<p><span style=\"color: #aa83b1;\">AUSBILDUNG<\/span><\/p>\n<p><span style=\"color: #aa83b1; font-family: Montserrat, sans-serif; font-size: 18px; font-style: normal; font-variant-ligatures: normal; font-variant-caps: normal; font-weight: 400;\">\u221a&nbsp;&nbsp;<\/span>Training in der ADBB-Skala (Baby-Stress-Alarm)<\/p><p><span style=\"font-family: Montserrat, sans-serif; font-size: 18px; font-style: normal; font-variant-ligatures: normal; font-variant-caps: normal; font-weight: 400;\">\u221a&nbsp;<\/span>Universit\u00e4tsexperte f\u00fcr Perinatalpsychologie und Mutter-Kind-Gesundheit.<\/p><p><span style=\"color: #aa83b1; font-family: Montserrat, sans-serif; font-size: 18px; font-style: normal; font-variant-ligatures: normal; font-variant-caps: normal; font-weight: 400;\">\u221a&nbsp;<\/span>Master-Abschluss in fortgeschrittenen Studien der psychoanalytischen Psychotherapie.<\/p><p><span style=\"color: #aa83b1; font-family: Montserrat, sans-serif; font-size: 18px; font-style: normal; font-variant-ligatures: normal; font-variant-caps: normal; font-weight: 400;\">\u221a&nbsp;&nbsp;<\/span>Masterabschluss in Klinischer Psychopathologie.<\/p><p><span style=\"color: #aa83b1; font-family: Montserrat, sans-serif; font-size: 18px; font-style: normal; font-variant-ligatures: normal; font-variant-caps: normal; font-weight: 400;\">\u221a&nbsp;&nbsp;<\/span>Absolventin der Psychologie an der Universit\u00e4t Barcelona.<\/p>\n<p><span style=\"color: #aa83b1;\">BERUFSERFAHRUNG<\/span><\/p>\n<p><span style=\"color: #aa83b1; font-family: Montserrat, sans-serif; font-size: 18px; font-style: normal; font-variant-ligatures: normal; font-variant-caps: normal; font-weight: 400;\">\u221a&nbsp;<\/span>Psychologin in eigener Praxis. Diagnostische Abkl\u00e4rung und Behandlung von Kindern, Jugendlichen, Erwachsenen und Familien. &nbsp;<\/p><p><span style=\"font-family: Montserrat, sans-serif; font-size: 18px; font-style: normal; font-variant-ligatures: normal; font-variant-caps: normal; font-weight: 400; color: #aa83b1;\">\u221a&nbsp;<\/span>Betreuung von Frauen in der Perinatalphase.<\/p><p><span style=\"color: #aa83b1; font-family: Montserrat, sans-serif; font-size: 18px; font-style: normal; font-variant-ligatures: normal; font-variant-caps: normal; font-weight: 400;\">\u221a&nbsp;<\/span>Psychologin im M\u00fctterhaus.<\/p><p><span style=\"color: #aa83b1; font-family: Montserrat, sans-serif; font-size: 18px; font-style: normal; font-variant-ligatures: normal; font-variant-caps: normal; font-weight: 400;\">\u221a&nbsp;<\/span>Psychologin bei CDIAP in Granollers. Unterst\u00fctzung f\u00fcr Kinder mit Entwicklungsst\u00f6rungen und deren Familien, Pr\u00e4vention von Risikosituationen.<span style=\"font-size: 18px;\">&nbsp;<\/span><\/p><p><span style=\"color: #aa83b1; font-family: Montserrat, sans-serif; font-size: 18px; font-style: normal; font-variant-ligatures: normal; font-variant-caps: normal; font-weight: 400;\">\u221a&nbsp; Betreuung von Fr\u00fchgeborenen und ihren Familien auf der Neonatologie-Intensivstation des Granollers General Hospital.<\/span><\/p><p><span style=\"color: #aa83b1; font-family: Montserrat, sans-serif; font-size: 18px; font-style: normal; font-variant-ligatures: normal; font-variant-caps: normal; font-weight: 400;\">\u221a&nbsp;<\/span>Mitglied des Lehrteams am ISEP. Dozent im Masterstudiengang Intervention bei Lernschwierigkeiten, Masterstudiengang Fr\u00fchf\u00f6rderung, praktische Seminare und klinische Sitzungen.<\/p>\t\t\t\t\t\t\t\t<\/div>\n\t\t\t\t<\/div>\n\t\t\t\t<div class=\"elementor-element elementor-element-d859d26 elementor-hidden-desktop elementor-hidden-tablet elementor-widget elementor-widget-text-editor\" data-id=\"d859d26\" data-element_type=\"widget\" data-e-type=\"widget\" data-widget_type=\"text-editor.default\">\n\t\t\t\t<div class=\"elementor-widget-container\">\n\t\t\t\t\t\t\t\t\t<p>Termin anfragen<\/p>\t\t\t\t\t\t\t\t<\/div>\n\t\t\t\t<\/div>\n\t\t\t\t<section class=\"elementor-section elementor-inner-section elementor-element elementor-element-17a34c6 elementor-hidden-desktop elementor-hidden-tablet elementor-section-boxed elementor-section-height-default elementor-section-height-default\" data-id=\"17a34c6\" data-element_type=\"section\" data-e-type=\"section\">\n\t\t\t\t\t\t<div class=\"elementor-container elementor-column-gap-default\">\n\t\t\t\t\t<div class=\"elementor-column elementor-col-33 elementor-inner-column elementor-element elementor-element-ce6d755\" data-id=\"ce6d755\" data-element_type=\"column\" data-e-type=\"column\">\n\t\t\t<div class=\"elementor-widget-wrap\">\n\t\t\t\t\t\t\t<\/div>\n\t\t<\/div>\n\t\t\t\t<div class=\"elementor-column elementor-col-33 elementor-inner-column elementor-element elementor-element-8936d0a\" data-id=\"8936d0a\" data-element_type=\"column\" data-e-type=\"column\">\n\t\t\t<div class=\"elementor-widget-wrap elementor-element-populated\">\n\t\t\t\t\t\t<div class=\"elementor-element elementor-element-e186e74 elementor-align-center elementor-widget elementor-widget-button\" data-id=\"e186e74\" data-element_type=\"widget\" data-e-type=\"widget\" data-widget_type=\"button.default\">\n\t\t\t\t<div class=\"elementor-widget-container\">\n\t\t\t\t\t\t\t\t\t<div class=\"elementor-button-wrapper\">\n\t\t\t\t\t<a class=\"elementor-button elementor-button-link elementor-size-sm\" href=\"https:\/\/www.doctoralia.es\/clinicas\/instituto-de-ginecologia-avanzada-2?saasonly=true\" target=\"_blank\">\n\t\t\t\t\t\t<span class=\"elementor-button-content-wrapper\">\n\t\t\t\t\t\t\t\t\t<span class=\"elementor-button-text\">Francesc Maci\u00e0<\/span>\n\t\t\t\t\t<\/span>\n\t\t\t\t\t<\/a>\n\t\t\t\t<\/div>\n\t\t\t\t\t\t\t\t<\/div>\n\t\t\t\t<\/div>\n\t\t\t\t\t<\/div>\n\t\t<\/div>\n\t\t\t\t<div class=\"elementor-column elementor-col-33 elementor-inner-column elementor-element elementor-element-61f8581\" data-id=\"61f8581\" data-element_type=\"column\" data-e-type=\"column\">\n\t\t\t<div class=\"elementor-widget-wrap\">\n\t\t\t\t\t\t\t<\/div>\n\t\t<\/div>\n\t\t\t\t\t<\/div>\n\t\t<\/section>\n\t\t\t\t\t<\/div>\n\t\t<\/div>\n\t\t\t\t\t<\/div>\n\t\t<\/section>\n\t\t\t\t<\/div>\n\t\t","protected":false},"excerpt":{"rendered":"<p>Alejandra Naya Mercadal Allgemeiner Gesundheitspsychologe Oberst 15477 Mitglied der Arbeitsgruppe Perinatale Psychologie des COPC. Termin anfragen Francesc Maci\u00e0 AUSBILDUNG \u221a&nbsp;&nbsp;Training in der ADBB-Skala (Baby-Stress-Alarm) \u221a&nbsp;Universit\u00e4tsexperte f\u00fcr Perinatalpsychologie und Mutter-Kind-Gesundheit. \u221a&nbsp;Master-Abschluss in fortgeschrittenen Studien der psychoanalytischen Psychotherapie. \u221a&nbsp;&nbsp;Masterabschluss in Klinischer Psychopathologie. \u221a&nbsp;&nbsp;Absolventin der Psychologie an der Universit\u00e4t Barcelona. BERUFSERFAHRUNG \u221a&nbsp;Psychologin in eigener Praxis. Diagnostische Abkl\u00e4rung und [&hellip;]<\/p>\n","protected":false},"author":6,"featured_media":0,"parent":0,"menu_order":0,"comment_status":"closed","ping_status":"closed","template":"","meta":{"_joinchat":[],"footnotes":""},"class_list":["post-82012","page","type-page","status-publish","hentry","entry"],"yoast_head":"<!-- This site is optimized with the Yoast SEO Premium plugin v27.1 (Yoast SEO v27.3) - https:\/\/yoast.com\/product\/yoast-seo-premium-wordpress\/ -->\n<title>ALEJANDRA NAYA MERCADAL &#8902; Instituto Ginecolog\u00eda Avanzada<\/title>\n<meta name=\"robots\" content=\"index, follow, max-snippet:-1, max-image-preview:large, max-video-preview:-1\" \/>\n<link rel=\"canonical\" href=\"https:\/\/ginecologiaavanzada.es\/de\/alejandra-naya-mercadal\/\" \/>\n<meta property=\"og:locale\" content=\"de_DE\" \/>\n<meta property=\"og:type\" content=\"article\" \/>\n<meta property=\"og:title\" content=\"ALEJANDRA NAYA MERCADAL\" \/>\n<meta property=\"og:description\" content=\"Alejandra Naya Mercadal Allgemeiner Gesundheitspsychologe Oberst 15477 Mitglied der Arbeitsgruppe Perinatale Psychologie des COPC. Termin anfragen Francesc Maci\u00e0 AUSBILDUNG \u221a&nbsp;&nbsp;Training in der ADBB-Skala (Baby-Stress-Alarm) \u221a&nbsp;Universit\u00e4tsexperte f\u00fcr Perinatalpsychologie und Mutter-Kind-Gesundheit. \u221a&nbsp;Master-Abschluss in fortgeschrittenen Studien der psychoanalytischen Psychotherapie. \u221a&nbsp;&nbsp;Masterabschluss in Klinischer Psychopathologie. \u221a&nbsp;&nbsp;Absolventin der Psychologie an der Universit\u00e4t Barcelona. BERUFSERFAHRUNG \u221a&nbsp;Psychologin in eigener Praxis. Diagnostische Abkl\u00e4rung und [&hellip;]\" \/>\n<meta property=\"og:url\" content=\"https:\/\/ginecologiaavanzada.es\/de\/alejandra-naya-mercadal\/\" \/>\n<meta property=\"og:site_name\" content=\"Instituto Ginecolog\u00eda Avanzada\" \/>\n<meta property=\"article:modified_time\" content=\"2026-04-10T20:21:42+00:00\" \/>\n<meta property=\"og:image\" content=\"https:\/\/ginecologiaavanzada.es\/wp-content\/uploads\/GINECOLOGIA-AVANZADA.jpg\" \/>\n\t<meta property=\"og:image:width\" content=\"1280\" \/>\n\t<meta property=\"og:image:height\" content=\"1280\" \/>\n\t<meta property=\"og:image:type\" content=\"image\/jpeg\" \/>\n<meta name=\"twitter:card\" content=\"summary_large_image\" \/>\n<meta name=\"twitter:label1\" content=\"Gesch\u00e4tzte Lesezeit\" \/>\n\t<meta name=\"twitter:data1\" content=\"1\u00a0Minute\" \/>\n<script type=\"application\/ld+json\" class=\"yoast-schema-graph\">{\"@context\":\"https:\\\/\\\/schema.org\",\"@graph\":[{\"@type\":\"WebPage\",\"@id\":\"https:\\\/\\\/ginecologiaavanzada.es\\\/de\\\/alejandra-naya-mercadal\\\/\",\"url\":\"https:\\\/\\\/ginecologiaavanzada.es\\\/de\\\/alejandra-naya-mercadal\\\/\",\"name\":\"ALEJANDRA NAYA MERCADAL &#8902; Instituto Ginecolog\u00eda Avanzada\",\"isPartOf\":{\"@id\":\"https:\\\/\\\/ginecologiaavanzada.es\\\/de\\\/#website\"},\"primaryImageOfPage\":{\"@id\":\"https:\\\/\\\/ginecologiaavanzada.es\\\/de\\\/alejandra-naya-mercadal\\\/#primaryimage\"},\"image\":{\"@id\":\"https:\\\/\\\/ginecologiaavanzada.es\\\/de\\\/alejandra-naya-mercadal\\\/#primaryimage\"},\"thumbnailUrl\":\"https:\\\/\\\/ginecologiaavanzada.es\\\/wp-content\\\/uploads\\\/GINECOLOGIA-AVANZADA-400x400.jpg\",\"datePublished\":\"2025-12-08T14:01:06+00:00\",\"dateModified\":\"2026-04-10T20:21:42+00:00\",\"breadcrumb\":{\"@id\":\"https:\\\/\\\/ginecologiaavanzada.es\\\/de\\\/alejandra-naya-mercadal\\\/#breadcrumb\"},\"inLanguage\":\"de\",\"potentialAction\":[{\"@type\":\"ReadAction\",\"target\":[\"https:\\\/\\\/ginecologiaavanzada.es\\\/de\\\/alejandra-naya-mercadal\\\/\"]}]},{\"@type\":\"ImageObject\",\"inLanguage\":\"de\",\"@id\":\"https:\\\/\\\/ginecologiaavanzada.es\\\/de\\\/alejandra-naya-mercadal\\\/#primaryimage\",\"url\":\"https:\\\/\\\/ginecologiaavanzada.es\\\/wp-content\\\/uploads\\\/GINECOLOGIA-AVANZADA-400x400.jpg\",\"contentUrl\":\"https:\\\/\\\/ginecologiaavanzada.es\\\/wp-content\\\/uploads\\\/GINECOLOGIA-AVANZADA-400x400.jpg\"},{\"@type\":\"BreadcrumbList\",\"@id\":\"https:\\\/\\\/ginecologiaavanzada.es\\\/de\\\/alejandra-naya-mercadal\\\/#breadcrumb\",\"itemListElement\":[{\"@type\":\"ListItem\",\"position\":1,\"name\":\"Portada\",\"item\":\"https:\\\/\\\/ginecologiaavanzada.es\\\/de\\\/inicio\\\/\"},{\"@type\":\"ListItem\",\"position\":2,\"name\":\"ALEJANDRA NAYA MERCADAL\"}]},{\"@type\":\"WebSite\",\"@id\":\"https:\\\/\\\/ginecologiaavanzada.es\\\/de\\\/#website\",\"url\":\"https:\\\/\\\/ginecologiaavanzada.es\\\/de\\\/\",\"name\":\"Ginecologia Avanzada\",\"description\":\"Enfoque integral de la mujer, visi\u00f3n de la mujer en todos sus aspectos, f\u00edsicos, y emocionales.\",\"publisher\":{\"@id\":\"https:\\\/\\\/ginecologiaavanzada.es\\\/de\\\/#organization\"},\"potentialAction\":[{\"@type\":\"SearchAction\",\"target\":{\"@type\":\"EntryPoint\",\"urlTemplate\":\"https:\\\/\\\/ginecologiaavanzada.es\\\/de\\\/?s={search_term_string}\"},\"query-input\":{\"@type\":\"PropertyValueSpecification\",\"valueRequired\":true,\"valueName\":\"search_term_string\"}}],\"inLanguage\":\"de\"},{\"@type\":\"Organization\",\"@id\":\"https:\\\/\\\/ginecologiaavanzada.es\\\/de\\\/#organization\",\"name\":\"Ginecologia Avanzada\",\"url\":\"https:\\\/\\\/ginecologiaavanzada.es\\\/de\\\/\",\"logo\":{\"@type\":\"ImageObject\",\"inLanguage\":\"de\",\"@id\":\"https:\\\/\\\/ginecologiaavanzada.es\\\/de\\\/#\\\/schema\\\/logo\\\/image\\\/\",\"url\":\"https:\\\/\\\/ginecologiaavanzada.es\\\/wp-content\\\/uploads\\\/logo-fosc-1.jpg\",\"contentUrl\":\"https:\\\/\\\/ginecologiaavanzada.es\\\/wp-content\\\/uploads\\\/logo-fosc-1.jpg\",\"width\":680,\"height\":280,\"caption\":\"Ginecologia Avanzada\"},\"image\":{\"@id\":\"https:\\\/\\\/ginecologiaavanzada.es\\\/de\\\/#\\\/schema\\\/logo\\\/image\\\/\"}}]}<\/script>\n<!-- \/ Yoast SEO Premium plugin. -->","yoast_head_json":{"title":"ALEJANDRA NAYA MERCADAL &#8902; Instituto Ginecolog\u00eda Avanzada","robots":{"index":"index","follow":"follow","max-snippet":"max-snippet:-1","max-image-preview":"max-image-preview:large","max-video-preview":"max-video-preview:-1"},"canonical":"https:\/\/ginecologiaavanzada.es\/de\/alejandra-naya-mercadal\/","og_locale":"de_DE","og_type":"article","og_title":"ALEJANDRA NAYA MERCADAL","og_description":"Alejandra Naya Mercadal Allgemeiner Gesundheitspsychologe Oberst 15477 Mitglied der Arbeitsgruppe Perinatale Psychologie des COPC. Termin anfragen Francesc Maci\u00e0 AUSBILDUNG \u221a&nbsp;&nbsp;Training in der ADBB-Skala (Baby-Stress-Alarm) \u221a&nbsp;Universit\u00e4tsexperte f\u00fcr Perinatalpsychologie und Mutter-Kind-Gesundheit. \u221a&nbsp;Master-Abschluss in fortgeschrittenen Studien der psychoanalytischen Psychotherapie. \u221a&nbsp;&nbsp;Masterabschluss in Klinischer Psychopathologie. \u221a&nbsp;&nbsp;Absolventin der Psychologie an der Universit\u00e4t Barcelona. BERUFSERFAHRUNG \u221a&nbsp;Psychologin in eigener Praxis. Diagnostische Abkl\u00e4rung und [&hellip;]","og_url":"https:\/\/ginecologiaavanzada.es\/de\/alejandra-naya-mercadal\/","og_site_name":"Instituto Ginecolog\u00eda Avanzada","article_modified_time":"2026-04-10T20:21:42+00:00","og_image":[{"width":1280,"height":1280,"url":"https:\/\/ginecologiaavanzada.es\/wp-content\/uploads\/GINECOLOGIA-AVANZADA.jpg","type":"image\/jpeg"}],"twitter_card":"summary_large_image","twitter_misc":{"Gesch\u00e4tzte Lesezeit":"1\u00a0Minute"},"schema":{"@context":"https:\/\/schema.org","@graph":[{"@type":"WebPage","@id":"https:\/\/ginecologiaavanzada.es\/de\/alejandra-naya-mercadal\/","url":"https:\/\/ginecologiaavanzada.es\/de\/alejandra-naya-mercadal\/","name":"ALEJANDRA NAYA MERCADAL &#8902; Instituto Ginecolog\u00eda Avanzada","isPartOf":{"@id":"https:\/\/ginecologiaavanzada.es\/de\/#website"},"primaryImageOfPage":{"@id":"https:\/\/ginecologiaavanzada.es\/de\/alejandra-naya-mercadal\/#primaryimage"},"image":{"@id":"https:\/\/ginecologiaavanzada.es\/de\/alejandra-naya-mercadal\/#primaryimage"},"thumbnailUrl":"https:\/\/ginecologiaavanzada.es\/wp-content\/uploads\/GINECOLOGIA-AVANZADA-400x400.jpg","datePublished":"2025-12-08T14:01:06+00:00","dateModified":"2026-04-10T20:21:42+00:00","breadcrumb":{"@id":"https:\/\/ginecologiaavanzada.es\/de\/alejandra-naya-mercadal\/#breadcrumb"},"inLanguage":"de","potentialAction":[{"@type":"ReadAction","target":["https:\/\/ginecologiaavanzada.es\/de\/alejandra-naya-mercadal\/"]}]},{"@type":"ImageObject","inLanguage":"de","@id":"https:\/\/ginecologiaavanzada.es\/de\/alejandra-naya-mercadal\/#primaryimage","url":"https:\/\/ginecologiaavanzada.es\/wp-content\/uploads\/GINECOLOGIA-AVANZADA-400x400.jpg","contentUrl":"https:\/\/ginecologiaavanzada.es\/wp-content\/uploads\/GINECOLOGIA-AVANZADA-400x400.jpg"},{"@type":"BreadcrumbList","@id":"https:\/\/ginecologiaavanzada.es\/de\/alejandra-naya-mercadal\/#breadcrumb","itemListElement":[{"@type":"ListItem","position":1,"name":"Portada","item":"https:\/\/ginecologiaavanzada.es\/de\/inicio\/"},{"@type":"ListItem","position":2,"name":"ALEJANDRA NAYA MERCADAL"}]},{"@type":"WebSite","@id":"https:\/\/ginecologiaavanzada.es\/de\/#website","url":"https:\/\/ginecologiaavanzada.es\/de\/","name":"Ginecologia Avanzada","description":"Enfoque integral de la mujer, visi\u00f3n de la mujer en todos sus aspectos, f\u00edsicos, y emocionales.","publisher":{"@id":"https:\/\/ginecologiaavanzada.es\/de\/#organization"},"potentialAction":[{"@type":"SearchAction","target":{"@type":"EntryPoint","urlTemplate":"https:\/\/ginecologiaavanzada.es\/de\/?s={search_term_string}"},"query-input":{"@type":"PropertyValueSpecification","valueRequired":true,"valueName":"search_term_string"}}],"inLanguage":"de"},{"@type":"Organization","@id":"https:\/\/ginecologiaavanzada.es\/de\/#organization","name":"Ginecologia Avanzada","url":"https:\/\/ginecologiaavanzada.es\/de\/","logo":{"@type":"ImageObject","inLanguage":"de","@id":"https:\/\/ginecologiaavanzada.es\/de\/#\/schema\/logo\/image\/","url":"https:\/\/ginecologiaavanzada.es\/wp-content\/uploads\/logo-fosc-1.jpg","contentUrl":"https:\/\/ginecologiaavanzada.es\/wp-content\/uploads\/logo-fosc-1.jpg","width":680,"height":280,"caption":"Ginecologia Avanzada"},"image":{"@id":"https:\/\/ginecologiaavanzada.es\/de\/#\/schema\/logo\/image\/"}}]}},"_links":{"self":[{"href":"https:\/\/ginecologiaavanzada.es\/de\/wp-json\/wp\/v2\/pages\/82012","targetHints":{"allow":["GET"]}}],"collection":[{"href":"https:\/\/ginecologiaavanzada.es\/de\/wp-json\/wp\/v2\/pages"}],"about":[{"href":"https:\/\/ginecologiaavanzada.es\/de\/wp-json\/wp\/v2\/types\/page"}],"author":[{"embeddable":true,"href":"https:\/\/ginecologiaavanzada.es\/de\/wp-json\/wp\/v2\/users\/6"}],"replies":[{"embeddable":true,"href":"https:\/\/ginecologiaavanzada.es\/de\/wp-json\/wp\/v2\/comments?post=82012"}],"version-history":[{"count":10,"href":"https:\/\/ginecologiaavanzada.es\/de\/wp-json\/wp\/v2\/pages\/82012\/revisions"}],"predecessor-version":[{"id":83546,"href":"https:\/\/ginecologiaavanzada.es\/de\/wp-json\/wp\/v2\/pages\/82012\/revisions\/83546"}],"wp:attachment":[{"href":"https:\/\/ginecologiaavanzada.es\/de\/wp-json\/wp\/v2\/media?parent=82012"}],"curies":[{"name":"wp","href":"https:\/\/api.w.org\/{rel}","templated":true}]}}