{"id":82414,"date":"2025-12-05T14:02:12","date_gmt":"2025-12-05T14:02:12","guid":{"rendered":"https:\/\/ginecologiaavanzada.es\/carla-castell-arenillas\/"},"modified":"2026-02-14T11:11:28","modified_gmt":"2026-02-14T11:11:28","slug":"carla-castell-arenillas","status":"publish","type":"page","link":"https:\/\/ginecologiaavanzada.es\/de\/carla-castell-arenillas\/","title":{"rendered":"CARLA CASTELL ARENILLAS"},"content":{"rendered":"\t\t<div data-elementor-type=\"wp-page\" data-elementor-id=\"82414\" class=\"elementor elementor-82414 elementor-80792\" data-elementor-post-type=\"page\">\n\t\t\t\t\t\t<section class=\"elementor-section elementor-top-section elementor-element elementor-element-d1b96b7 elementor-section-boxed elementor-section-height-default elementor-section-height-default\" data-id=\"d1b96b7\" data-element_type=\"section\" data-e-type=\"section\">\n\t\t\t\t\t\t<div class=\"elementor-container elementor-column-gap-default\">\n\t\t\t\t\t<div class=\"elementor-column elementor-col-50 elementor-top-column elementor-element elementor-element-1ed2a1c\" data-id=\"1ed2a1c\" data-element_type=\"column\" data-e-type=\"column\">\n\t\t\t<div class=\"elementor-widget-wrap elementor-element-populated\">\n\t\t\t\t\t\t<div class=\"elementor-element elementor-element-6884652 elementor-widget elementor-widget-image\" data-id=\"6884652\" data-element_type=\"widget\" data-e-type=\"widget\" data-widget_type=\"image.default\">\n\t\t\t\t<div class=\"elementor-widget-container\">\n\t\t\t\t\t\t\t\t\t\t\t\t\t\t\t<img fetchpriority=\"high\" decoding=\"async\" width=\"400\" height=\"400\" src=\"https:\/\/ginecologiaavanzada.es\/wp-content\/uploads\/2025\/11\/Carla-Castell-10-400x400.jpg\" class=\"attachment-large size-large wp-image-82413\" alt=\"\" srcset=\"https:\/\/ginecologiaavanzada.es\/wp-content\/uploads\/2025\/11\/Carla-Castell-10-400x400.jpg 400w, https:\/\/ginecologiaavanzada.es\/wp-content\/uploads\/2025\/11\/Carla-Castell-10-150x150.jpg 150w, https:\/\/ginecologiaavanzada.es\/wp-content\/uploads\/2025\/11\/Carla-Castell-10-768x768.jpg 768w, https:\/\/ginecologiaavanzada.es\/wp-content\/uploads\/2025\/11\/Carla-Castell-10-1536x1536.jpg 1536w, https:\/\/ginecologiaavanzada.es\/wp-content\/uploads\/2025\/11\/Carla-Castell-10-2048x2048.jpg 2048w, https:\/\/ginecologiaavanzada.es\/wp-content\/uploads\/2025\/11\/Carla-Castell-10-600x600.jpg 600w\" sizes=\"(max-width: 400px) 100vw, 400px\" \/>\t\t\t\t\t\t\t\t\t\t\t\t\t\t\t<\/div>\n\t\t\t\t<\/div>\n\t\t\t\t<div class=\"elementor-element elementor-element-de2decf elementor-widget elementor-widget-text-editor\" data-id=\"de2decf\" data-element_type=\"widget\" data-e-type=\"widget\" data-widget_type=\"text-editor.default\">\n\t\t\t\t<div class=\"elementor-widget-container\">\n\t\t\t\t\t\t\t\t\t<p>Dr. Carla Castell Arenillas <\/p>\t\t\t\t\t\t\t\t<\/div>\n\t\t\t\t<\/div>\n\t\t\t\t<div class=\"elementor-element elementor-element-f389ade elementor-widget elementor-widget-text-editor\" data-id=\"f389ade\" data-element_type=\"widget\" data-e-type=\"widget\" data-widget_type=\"text-editor.default\">\n\t\t\t\t<div class=\"elementor-widget-container\">\n\t\t\t\t\t\t\t\t\t<p><span style=\"color: #aa83b1;\">SPEZIALIST<\/span><\/p>\n<p>Reproduktionsmedizinische Verfahren: In-vitro-Fertilisation, k\u00fcnstliche Befruchtung, Eizelleneinfrierung, Eizellenspende, ROPA-Methode<br>Sterilit\u00e4t und Unfruchtbarkeit<br>Alleinerziehende M\u00fctter<br>Mutterschaft f\u00fcr lesbische Paare<br>Endometriose und Unfruchtbarkeit<br>Polyzystische Ovarien und Unfruchtbarkeit<\/p>\t\t\t\t\t\t\t\t<\/div>\n\t\t\t\t<\/div>\n\t\t\t\t<div class=\"elementor-element elementor-element-ec624b8 elementor-widget elementor-widget-text-editor\" data-id=\"ec624b8\" data-element_type=\"widget\" data-e-type=\"widget\" data-widget_type=\"text-editor.default\">\n\t\t\t\t<div class=\"elementor-widget-container\">\n\t\t\t\t\t\t\t\t\t<p>Termin anfragen<\/p>\t\t\t\t\t\t\t\t<\/div>\n\t\t\t\t<\/div>\n\t\t\t\t<section class=\"elementor-section elementor-inner-section elementor-element elementor-element-279b23b elementor-section-boxed elementor-section-height-default elementor-section-height-default\" data-id=\"279b23b\" data-element_type=\"section\" data-e-type=\"section\">\n\t\t\t\t\t\t<div class=\"elementor-container elementor-column-gap-default\">\n\t\t\t\t\t<div class=\"elementor-column elementor-col-33 elementor-inner-column elementor-element elementor-element-e588edb\" data-id=\"e588edb\" data-element_type=\"column\" data-e-type=\"column\">\n\t\t\t<div class=\"elementor-widget-wrap\">\n\t\t\t\t\t\t\t<\/div>\n\t\t<\/div>\n\t\t\t\t<div class=\"elementor-column elementor-col-33 elementor-inner-column elementor-element elementor-element-0b7cdf9\" data-id=\"0b7cdf9\" data-element_type=\"column\" data-e-type=\"column\">\n\t\t\t<div class=\"elementor-widget-wrap elementor-element-populated\">\n\t\t\t\t\t\t<div class=\"elementor-element elementor-element-28babf8 elementor-align-center elementor-widget elementor-widget-button\" data-id=\"28babf8\" data-element_type=\"widget\" data-e-type=\"widget\" data-widget_type=\"button.default\">\n\t\t\t\t<div class=\"elementor-widget-container\">\n\t\t\t\t\t\t\t\t\t<div class=\"elementor-button-wrapper\">\n\t\t\t\t\t<a class=\"elementor-button elementor-button-link elementor-size-sm\" href=\"https:\/\/www.doctoralia.es\/clinicas\/instituto-de-ginecologia-avanzada-2?saasonly=true\" target=\"_blank\">\n\t\t\t\t\t\t<span class=\"elementor-button-content-wrapper\">\n\t\t\t\t\t\t\t\t\t<span class=\"elementor-button-text\">Francesc Maci\u00e0<\/span>\n\t\t\t\t\t<\/span>\n\t\t\t\t\t<\/a>\n\t\t\t\t<\/div>\n\t\t\t\t\t\t\t\t<\/div>\n\t\t\t\t<\/div>\n\t\t\t\t\t<\/div>\n\t\t<\/div>\n\t\t\t\t<div class=\"elementor-column elementor-col-33 elementor-inner-column elementor-element elementor-element-f0ed51a\" data-id=\"f0ed51a\" data-element_type=\"column\" data-e-type=\"column\">\n\t\t\t<div class=\"elementor-widget-wrap\">\n\t\t\t\t\t\t\t<\/div>\n\t\t<\/div>\n\t\t\t\t\t<\/div>\n\t\t<\/section>\n\t\t\t\t\t<\/div>\n\t\t<\/div>\n\t\t\t\t<div class=\"elementor-column elementor-col-50 elementor-top-column elementor-element elementor-element-fc21a34\" data-id=\"fc21a34\" data-element_type=\"column\" data-e-type=\"column\">\n\t\t\t<div class=\"elementor-widget-wrap elementor-element-populated\">\n\t\t\t\t\t\t<div class=\"elementor-element elementor-element-dcc8d9c elementor-widget elementor-widget-text-editor\" data-id=\"dcc8d9c\" data-element_type=\"widget\" data-e-type=\"widget\" data-widget_type=\"text-editor.default\">\n\t\t\t\t<div class=\"elementor-widget-container\">\n\t\t\t\t\t\t\t\t\t<p>Spezialistin f\u00fcr Gyn\u00e4kologie und assistierte Reproduktion, t\u00e4tig im Hospital Clinic i Provincial de Barcelona, \u200b\u200bInstituto Marqu\u00e9s, Hospital de Matar\u00f3 und Mollet, SomDex Gynecological Center und als Leiterin der Abteilung f\u00fcr assistierte Reproduktion bei Women\u2019s Health and Wellbeing of Women und im CIRH Center- EUGIN Clinic- Barcelona.<\/p>\n<p>Derzeit Spezialistin am Institut f\u00fcr fortgeschrittene Gyn\u00e4kologie in Francesc Maci\u00e0.<\/p>\n<p><span style=\"color: #aa83b1;\">AKADEMISCHE LEISTUNGEN<\/span><\/p>\n<p><span style=\"color: #aa83b1; font-size: 18px;\">\u221a&nbsp;<\/span>Abschluss in Medizin und Chirurgie an der Autonomen Universit\u00e4t Barcelona. Lehrt\u00e4tigkeit am Krankenhaus \u201eGermans Trias i Pujol\u201c.<\/p>\n<p><span style=\"font-size: 18px; color: rgb(170, 131, 177);\">\u221a&nbsp;<\/span>Fach\u00e4rztin f\u00fcr Geburtshilfe, Gyn\u00e4kologie und Reproduktionsmedizin am Lehrzentrum Consorci Sanitari de Terrassa im Rahmen des Weiterbildungssystems \u00fcber MIR.<\/p>\n<p style=\"font-variant-ligatures: normal; font-variant-caps: normal; font-family: Montserrat, sans-serif; font-size: 18px; font-style: normal; font-weight: 400;\"><span style=\"font-size: 18px; color: rgb(170, 131, 177);\">WEITERE AKADEMISCHE VORTEILE<\/span><\/p>\n<p><span style=\"color: #aa83b1; font-size: 18px;\">\u221a&nbsp;<\/span>Socrates-Erasmus-Stipendium an der Denis Diderot-Paris VII Universit\u00e4t in Paris.Innere Medizin am St. Louis Krankenhaus; Gyn\u00e4kologie und Geburtshilfe, Allgemeinchirurgie, Traumatologie und Kardiologie am Lariboisi\u00e8re Krankenhaus.<\/p><p><span style=\"color: rgb(170, 131, 177); font-family: Montserrat, sans-serif; font-size: 18px; font-style: normal; font-variant-ligatures: normal; font-variant-caps: normal; font-weight: 400;\">\u221a&nbsp;<\/span><span style=\"font-size: 18px;\">Ausbildung in geburtshilflicher und gyn\u00e4kologischer Ultraschallstufe I-II-III des SESEGO. Vall d&#8217;Hebron Krankenhaus.<\/span><\/p>\t\t\t\t\t\t\t\t<\/div>\n\t\t\t\t<\/div>\n\t\t\t\t\t<\/div>\n\t\t<\/div>\n\t\t\t\t\t<\/div>\n\t\t<\/section>\n\t\t\t\t<\/div>\n\t\t","protected":false},"excerpt":{"rendered":"<p>Dr. Carla Castell Arenillas SPEZIALIST Reproduktionsmedizinische Verfahren: In-vitro-Fertilisation, k\u00fcnstliche Befruchtung, Eizelleneinfrierung, Eizellenspende, ROPA-MethodeSterilit\u00e4t und UnfruchtbarkeitAlleinerziehende M\u00fctterMutterschaft f\u00fcr lesbische PaareEndometriose und UnfruchtbarkeitPolyzystische Ovarien und Unfruchtbarkeit Termin anfragen Francesc Maci\u00e0 Spezialistin f\u00fcr Gyn\u00e4kologie und assistierte Reproduktion, t\u00e4tig im Hospital Clinic i Provincial de Barcelona, \u200b\u200bInstituto Marqu\u00e9s, Hospital de Matar\u00f3 und Mollet, SomDex Gynecological Center und als Leiterin [&hellip;]<\/p>\n","protected":false},"author":6,"featured_media":0,"parent":0,"menu_order":0,"comment_status":"closed","ping_status":"closed","template":"","meta":{"_joinchat":[],"footnotes":""},"class_list":["post-82414","page","type-page","status-publish","hentry","entry"],"yoast_head":"<!-- This site is optimized with the Yoast SEO Premium plugin v27.1 (Yoast SEO v27.3) - https:\/\/yoast.com\/product\/yoast-seo-premium-wordpress\/ -->\n<title>CARLA CASTELL ARENILLAS &#8902; Instituto Ginecolog\u00eda Avanzada<\/title>\n<meta name=\"robots\" content=\"index, follow, max-snippet:-1, max-image-preview:large, max-video-preview:-1\" \/>\n<link rel=\"canonical\" href=\"https:\/\/ginecologiaavanzada.es\/de\/carla-castell-arenillas\/\" \/>\n<meta property=\"og:locale\" content=\"de_DE\" \/>\n<meta property=\"og:type\" content=\"article\" \/>\n<meta property=\"og:title\" content=\"CARLA CASTELL ARENILLAS\" \/>\n<meta property=\"og:description\" content=\"Dr. Carla Castell Arenillas SPEZIALIST Reproduktionsmedizinische Verfahren: In-vitro-Fertilisation, k\u00fcnstliche Befruchtung, Eizelleneinfrierung, Eizellenspende, ROPA-MethodeSterilit\u00e4t und UnfruchtbarkeitAlleinerziehende M\u00fctterMutterschaft f\u00fcr lesbische PaareEndometriose und UnfruchtbarkeitPolyzystische Ovarien und Unfruchtbarkeit Termin anfragen Francesc Maci\u00e0 Spezialistin f\u00fcr Gyn\u00e4kologie und assistierte Reproduktion, t\u00e4tig im Hospital Clinic i Provincial de Barcelona, \u200b\u200bInstituto Marqu\u00e9s, Hospital de Matar\u00f3 und Mollet, SomDex Gynecological Center und als Leiterin [&hellip;]\" \/>\n<meta property=\"og:url\" content=\"https:\/\/ginecologiaavanzada.es\/de\/carla-castell-arenillas\/\" \/>\n<meta property=\"og:site_name\" content=\"Instituto Ginecolog\u00eda Avanzada\" \/>\n<meta property=\"article:modified_time\" content=\"2026-02-14T11:11:28+00:00\" \/>\n<meta property=\"og:image\" content=\"https:\/\/ginecologiaavanzada.es\/wp-content\/uploads\/2025\/11\/Carla-Castell-10-400x400.jpg\" \/>\n<meta name=\"twitter:card\" content=\"summary_large_image\" \/>\n<meta name=\"twitter:label1\" content=\"Gesch\u00e4tzte Lesezeit\" \/>\n\t<meta name=\"twitter:data1\" content=\"1\u00a0Minute\" \/>\n<script type=\"application\/ld+json\" class=\"yoast-schema-graph\">{\"@context\":\"https:\\\/\\\/schema.org\",\"@graph\":[{\"@type\":\"WebPage\",\"@id\":\"https:\\\/\\\/ginecologiaavanzada.es\\\/de\\\/carla-castell-arenillas\\\/\",\"url\":\"https:\\\/\\\/ginecologiaavanzada.es\\\/de\\\/carla-castell-arenillas\\\/\",\"name\":\"CARLA CASTELL ARENILLAS &#8902; Instituto Ginecolog\u00eda Avanzada\",\"isPartOf\":{\"@id\":\"https:\\\/\\\/ginecologiaavanzada.es\\\/de\\\/#website\"},\"primaryImageOfPage\":{\"@id\":\"https:\\\/\\\/ginecologiaavanzada.es\\\/de\\\/carla-castell-arenillas\\\/#primaryimage\"},\"image\":{\"@id\":\"https:\\\/\\\/ginecologiaavanzada.es\\\/de\\\/carla-castell-arenillas\\\/#primaryimage\"},\"thumbnailUrl\":\"https:\\\/\\\/ginecologiaavanzada.es\\\/wp-content\\\/uploads\\\/2025\\\/11\\\/Carla-Castell-10-400x400.jpg\",\"datePublished\":\"2025-12-05T14:02:12+00:00\",\"dateModified\":\"2026-02-14T11:11:28+00:00\",\"breadcrumb\":{\"@id\":\"https:\\\/\\\/ginecologiaavanzada.es\\\/de\\\/carla-castell-arenillas\\\/#breadcrumb\"},\"inLanguage\":\"de\",\"potentialAction\":[{\"@type\":\"ReadAction\",\"target\":[\"https:\\\/\\\/ginecologiaavanzada.es\\\/de\\\/carla-castell-arenillas\\\/\"]}]},{\"@type\":\"ImageObject\",\"inLanguage\":\"de\",\"@id\":\"https:\\\/\\\/ginecologiaavanzada.es\\\/de\\\/carla-castell-arenillas\\\/#primaryimage\",\"url\":\"https:\\\/\\\/ginecologiaavanzada.es\\\/wp-content\\\/uploads\\\/2025\\\/11\\\/Carla-Castell-10-400x400.jpg\",\"contentUrl\":\"https:\\\/\\\/ginecologiaavanzada.es\\\/wp-content\\\/uploads\\\/2025\\\/11\\\/Carla-Castell-10-400x400.jpg\"},{\"@type\":\"BreadcrumbList\",\"@id\":\"https:\\\/\\\/ginecologiaavanzada.es\\\/de\\\/carla-castell-arenillas\\\/#breadcrumb\",\"itemListElement\":[{\"@type\":\"ListItem\",\"position\":1,\"name\":\"Portada\",\"item\":\"https:\\\/\\\/ginecologiaavanzada.es\\\/de\\\/inicio\\\/\"},{\"@type\":\"ListItem\",\"position\":2,\"name\":\"CARLA CASTELL ARENILLAS\"}]},{\"@type\":\"WebSite\",\"@id\":\"https:\\\/\\\/ginecologiaavanzada.es\\\/de\\\/#website\",\"url\":\"https:\\\/\\\/ginecologiaavanzada.es\\\/de\\\/\",\"name\":\"Ginecologia Avanzada\",\"description\":\"Enfoque integral de la mujer, visi\u00f3n de la mujer en todos sus aspectos, f\u00edsicos, y emocionales.\",\"publisher\":{\"@id\":\"https:\\\/\\\/ginecologiaavanzada.es\\\/de\\\/#organization\"},\"potentialAction\":[{\"@type\":\"SearchAction\",\"target\":{\"@type\":\"EntryPoint\",\"urlTemplate\":\"https:\\\/\\\/ginecologiaavanzada.es\\\/de\\\/?s={search_term_string}\"},\"query-input\":{\"@type\":\"PropertyValueSpecification\",\"valueRequired\":true,\"valueName\":\"search_term_string\"}}],\"inLanguage\":\"de\"},{\"@type\":\"Organization\",\"@id\":\"https:\\\/\\\/ginecologiaavanzada.es\\\/de\\\/#organization\",\"name\":\"Ginecologia Avanzada\",\"url\":\"https:\\\/\\\/ginecologiaavanzada.es\\\/de\\\/\",\"logo\":{\"@type\":\"ImageObject\",\"inLanguage\":\"de\",\"@id\":\"https:\\\/\\\/ginecologiaavanzada.es\\\/de\\\/#\\\/schema\\\/logo\\\/image\\\/\",\"url\":\"https:\\\/\\\/ginecologiaavanzada.es\\\/wp-content\\\/uploads\\\/logo-fosc-1.jpg\",\"contentUrl\":\"https:\\\/\\\/ginecologiaavanzada.es\\\/wp-content\\\/uploads\\\/logo-fosc-1.jpg\",\"width\":680,\"height\":280,\"caption\":\"Ginecologia Avanzada\"},\"image\":{\"@id\":\"https:\\\/\\\/ginecologiaavanzada.es\\\/de\\\/#\\\/schema\\\/logo\\\/image\\\/\"}}]}<\/script>\n<!-- \/ Yoast SEO Premium plugin. -->","yoast_head_json":{"title":"CARLA CASTELL ARENILLAS &#8902; Instituto Ginecolog\u00eda Avanzada","robots":{"index":"index","follow":"follow","max-snippet":"max-snippet:-1","max-image-preview":"max-image-preview:large","max-video-preview":"max-video-preview:-1"},"canonical":"https:\/\/ginecologiaavanzada.es\/de\/carla-castell-arenillas\/","og_locale":"de_DE","og_type":"article","og_title":"CARLA CASTELL ARENILLAS","og_description":"Dr. Carla Castell Arenillas SPEZIALIST Reproduktionsmedizinische Verfahren: In-vitro-Fertilisation, k\u00fcnstliche Befruchtung, Eizelleneinfrierung, Eizellenspende, ROPA-MethodeSterilit\u00e4t und UnfruchtbarkeitAlleinerziehende M\u00fctterMutterschaft f\u00fcr lesbische PaareEndometriose und UnfruchtbarkeitPolyzystische Ovarien und Unfruchtbarkeit Termin anfragen Francesc Maci\u00e0 Spezialistin f\u00fcr Gyn\u00e4kologie und assistierte Reproduktion, t\u00e4tig im Hospital Clinic i Provincial de Barcelona, \u200b\u200bInstituto Marqu\u00e9s, Hospital de Matar\u00f3 und Mollet, SomDex Gynecological Center und als Leiterin [&hellip;]","og_url":"https:\/\/ginecologiaavanzada.es\/de\/carla-castell-arenillas\/","og_site_name":"Instituto Ginecolog\u00eda Avanzada","article_modified_time":"2026-02-14T11:11:28+00:00","og_image":[{"url":"https:\/\/ginecologiaavanzada.es\/wp-content\/uploads\/2025\/11\/Carla-Castell-10-400x400.jpg","type":"","width":"","height":""}],"twitter_card":"summary_large_image","twitter_misc":{"Gesch\u00e4tzte Lesezeit":"1\u00a0Minute"},"schema":{"@context":"https:\/\/schema.org","@graph":[{"@type":"WebPage","@id":"https:\/\/ginecologiaavanzada.es\/de\/carla-castell-arenillas\/","url":"https:\/\/ginecologiaavanzada.es\/de\/carla-castell-arenillas\/","name":"CARLA CASTELL ARENILLAS &#8902; Instituto Ginecolog\u00eda Avanzada","isPartOf":{"@id":"https:\/\/ginecologiaavanzada.es\/de\/#website"},"primaryImageOfPage":{"@id":"https:\/\/ginecologiaavanzada.es\/de\/carla-castell-arenillas\/#primaryimage"},"image":{"@id":"https:\/\/ginecologiaavanzada.es\/de\/carla-castell-arenillas\/#primaryimage"},"thumbnailUrl":"https:\/\/ginecologiaavanzada.es\/wp-content\/uploads\/2025\/11\/Carla-Castell-10-400x400.jpg","datePublished":"2025-12-05T14:02:12+00:00","dateModified":"2026-02-14T11:11:28+00:00","breadcrumb":{"@id":"https:\/\/ginecologiaavanzada.es\/de\/carla-castell-arenillas\/#breadcrumb"},"inLanguage":"de","potentialAction":[{"@type":"ReadAction","target":["https:\/\/ginecologiaavanzada.es\/de\/carla-castell-arenillas\/"]}]},{"@type":"ImageObject","inLanguage":"de","@id":"https:\/\/ginecologiaavanzada.es\/de\/carla-castell-arenillas\/#primaryimage","url":"https:\/\/ginecologiaavanzada.es\/wp-content\/uploads\/2025\/11\/Carla-Castell-10-400x400.jpg","contentUrl":"https:\/\/ginecologiaavanzada.es\/wp-content\/uploads\/2025\/11\/Carla-Castell-10-400x400.jpg"},{"@type":"BreadcrumbList","@id":"https:\/\/ginecologiaavanzada.es\/de\/carla-castell-arenillas\/#breadcrumb","itemListElement":[{"@type":"ListItem","position":1,"name":"Portada","item":"https:\/\/ginecologiaavanzada.es\/de\/inicio\/"},{"@type":"ListItem","position":2,"name":"CARLA CASTELL ARENILLAS"}]},{"@type":"WebSite","@id":"https:\/\/ginecologiaavanzada.es\/de\/#website","url":"https:\/\/ginecologiaavanzada.es\/de\/","name":"Ginecologia Avanzada","description":"Enfoque integral de la mujer, visi\u00f3n de la mujer en todos sus aspectos, f\u00edsicos, y emocionales.","publisher":{"@id":"https:\/\/ginecologiaavanzada.es\/de\/#organization"},"potentialAction":[{"@type":"SearchAction","target":{"@type":"EntryPoint","urlTemplate":"https:\/\/ginecologiaavanzada.es\/de\/?s={search_term_string}"},"query-input":{"@type":"PropertyValueSpecification","valueRequired":true,"valueName":"search_term_string"}}],"inLanguage":"de"},{"@type":"Organization","@id":"https:\/\/ginecologiaavanzada.es\/de\/#organization","name":"Ginecologia Avanzada","url":"https:\/\/ginecologiaavanzada.es\/de\/","logo":{"@type":"ImageObject","inLanguage":"de","@id":"https:\/\/ginecologiaavanzada.es\/de\/#\/schema\/logo\/image\/","url":"https:\/\/ginecologiaavanzada.es\/wp-content\/uploads\/logo-fosc-1.jpg","contentUrl":"https:\/\/ginecologiaavanzada.es\/wp-content\/uploads\/logo-fosc-1.jpg","width":680,"height":280,"caption":"Ginecologia Avanzada"},"image":{"@id":"https:\/\/ginecologiaavanzada.es\/de\/#\/schema\/logo\/image\/"}}]}},"_links":{"self":[{"href":"https:\/\/ginecologiaavanzada.es\/de\/wp-json\/wp\/v2\/pages\/82414","targetHints":{"allow":["GET"]}}],"collection":[{"href":"https:\/\/ginecologiaavanzada.es\/de\/wp-json\/wp\/v2\/pages"}],"about":[{"href":"https:\/\/ginecologiaavanzada.es\/de\/wp-json\/wp\/v2\/types\/page"}],"author":[{"embeddable":true,"href":"https:\/\/ginecologiaavanzada.es\/de\/wp-json\/wp\/v2\/users\/6"}],"replies":[{"embeddable":true,"href":"https:\/\/ginecologiaavanzada.es\/de\/wp-json\/wp\/v2\/comments?post=82414"}],"version-history":[{"count":1,"href":"https:\/\/ginecologiaavanzada.es\/de\/wp-json\/wp\/v2\/pages\/82414\/revisions"}],"predecessor-version":[{"id":82415,"href":"https:\/\/ginecologiaavanzada.es\/de\/wp-json\/wp\/v2\/pages\/82414\/revisions\/82415"}],"wp:attachment":[{"href":"https:\/\/ginecologiaavanzada.es\/de\/wp-json\/wp\/v2\/media?parent=82414"}],"curies":[{"name":"wp","href":"https:\/\/api.w.org\/{rel}","templated":true}]}}