{"id":82417,"date":"2025-12-08T10:09:39","date_gmt":"2025-12-08T10:09:39","guid":{"rendered":"https:\/\/ginecologiaavanzada.es\/cecilia-irene-sanchez-rodriguez\/"},"modified":"2026-04-10T20:24:36","modified_gmt":"2026-04-10T20:24:36","slug":"cecilia-irene-sanchez-rodriguez","status":"publish","type":"page","link":"https:\/\/ginecologiaavanzada.es\/de\/cecilia-irene-sanchez-rodriguez\/","title":{"rendered":"CECILIA IRENE S\u00c1NCHEZ RODR\u00cdGUEZ"},"content":{"rendered":"\t\t<div data-elementor-type=\"wp-page\" data-elementor-id=\"82417\" class=\"elementor elementor-82417 elementor-80914\" data-elementor-post-type=\"page\">\n\t\t\t\t\t\t<section class=\"elementor-section elementor-top-section elementor-element elementor-element-d1b96b7 elementor-section-boxed elementor-section-height-default elementor-section-height-default\" data-id=\"d1b96b7\" data-element_type=\"section\" data-e-type=\"section\">\n\t\t\t\t\t\t<div class=\"elementor-container elementor-column-gap-default\">\n\t\t\t\t\t<div class=\"elementor-column elementor-col-50 elementor-top-column elementor-element elementor-element-1ed2a1c\" data-id=\"1ed2a1c\" data-element_type=\"column\" data-e-type=\"column\">\n\t\t\t<div class=\"elementor-widget-wrap elementor-element-populated\">\n\t\t\t\t\t\t<div class=\"elementor-element elementor-element-6884652 elementor-widget elementor-widget-image\" data-id=\"6884652\" data-element_type=\"widget\" data-e-type=\"widget\" data-widget_type=\"image.default\">\n\t\t\t\t<div class=\"elementor-widget-container\">\n\t\t\t\t\t\t\t\t\t\t\t\t\t\t\t<img fetchpriority=\"high\" decoding=\"async\" width=\"400\" height=\"400\" src=\"https:\/\/ginecologiaavanzada.es\/wp-content\/uploads\/2025\/12\/ChatGPT-Image-8-dic-2025-10_16_07-400x400.png\" class=\"attachment-large size-large wp-image-80920\" alt=\"\" srcset=\"https:\/\/ginecologiaavanzada.es\/wp-content\/uploads\/2025\/12\/ChatGPT-Image-8-dic-2025-10_16_07-400x400.png 400w, https:\/\/ginecologiaavanzada.es\/wp-content\/uploads\/2025\/12\/ChatGPT-Image-8-dic-2025-10_16_07-150x150.png 150w, https:\/\/ginecologiaavanzada.es\/wp-content\/uploads\/2025\/12\/ChatGPT-Image-8-dic-2025-10_16_07-768x768.png 768w, https:\/\/ginecologiaavanzada.es\/wp-content\/uploads\/2025\/12\/ChatGPT-Image-8-dic-2025-10_16_07-600x600.png 600w, https:\/\/ginecologiaavanzada.es\/wp-content\/uploads\/2025\/12\/ChatGPT-Image-8-dic-2025-10_16_07.png 1024w\" sizes=\"(max-width: 400px) 100vw, 400px\" \/>\t\t\t\t\t\t\t\t\t\t\t\t\t\t\t<\/div>\n\t\t\t\t<\/div>\n\t\t\t\t<div class=\"elementor-element elementor-element-de2decf elementor-widget elementor-widget-text-editor\" data-id=\"de2decf\" data-element_type=\"widget\" data-e-type=\"widget\" data-widget_type=\"text-editor.default\">\n\t\t\t\t<div class=\"elementor-widget-container\">\n\t\t\t\t\t\t\t\t\t<p>Dra. Cecilia S\u00e1nchez | Mitgliedsnummer  34896<\/p>\t\t\t\t\t\t\t\t<\/div>\n\t\t\t\t<\/div>\n\t\t\t\t<div class=\"elementor-element elementor-element-f389ade elementor-hidden-mobile elementor-widget elementor-widget-text-editor\" data-id=\"f389ade\" data-element_type=\"widget\" data-e-type=\"widget\" data-widget_type=\"text-editor.default\">\n\t\t\t\t<div class=\"elementor-widget-container\">\n\t\t\t\t\t\t\t\t\t<p><span style=\"color: #aa83b1;\">SPEZIALIST<\/span><\/p><p>Allgemeine Gyn\u00e4kologie<br>Jugendgyn\u00e4kologie<br>Umfassende Wechseljahresbehandlung<br>Normale Schwangerschaft<br>Respektvolle Geburtsbegleitung<br>Hysteroskopische Chirurgie<\/p>\t\t\t\t\t\t\t\t<\/div>\n\t\t\t\t<\/div>\n\t\t\t\t<div class=\"elementor-element elementor-element-a778c07 elementor-hidden-desktop elementor-hidden-tablet elementor-widget elementor-widget-text-editor\" data-id=\"a778c07\" data-element_type=\"widget\" data-e-type=\"widget\" data-widget_type=\"text-editor.default\">\n\t\t\t\t<div class=\"elementor-widget-container\">\n\t\t\t\t\t\t\t\t\t<p><strong><span style=\"color: #aa83b1;\">SPEZIALIST<\/span><\/strong><\/p><p>Allgemeine Gyn\u00e4kologie<br>Jugendgyn\u00e4kologie<br>Umfassende Wechseljahresbehandlung<br>Normale Schwangerschaft<br>Respektvolle Geburtsbegleitung<br>Hysteroskopische Chirurgie<\/p>\t\t\t\t\t\t\t\t<\/div>\n\t\t\t\t<\/div>\n\t\t\t\t<div class=\"elementor-element elementor-element-ec624b8 elementor-hidden-mobile elementor-widget elementor-widget-text-editor\" data-id=\"ec624b8\" data-element_type=\"widget\" data-e-type=\"widget\" data-widget_type=\"text-editor.default\">\n\t\t\t\t<div class=\"elementor-widget-container\">\n\t\t\t\t\t\t\t\t\t<p>Termin anfragen<\/p>\t\t\t\t\t\t\t\t<\/div>\n\t\t\t\t<\/div>\n\t\t\t\t<section class=\"elementor-section elementor-inner-section elementor-element elementor-element-15e93d0 elementor-hidden-mobile elementor-section-boxed elementor-section-height-default elementor-section-height-default\" data-id=\"15e93d0\" data-element_type=\"section\" data-e-type=\"section\">\n\t\t\t\t\t\t<div class=\"elementor-container elementor-column-gap-default\">\n\t\t\t\t\t<div class=\"elementor-column elementor-col-50 elementor-inner-column elementor-element elementor-element-210e969\" data-id=\"210e969\" data-element_type=\"column\" data-e-type=\"column\">\n\t\t\t<div class=\"elementor-widget-wrap elementor-element-populated\">\n\t\t\t\t\t\t<div class=\"elementor-element elementor-element-c271e9e elementor-align-right elementor-widget elementor-widget-button\" data-id=\"c271e9e\" data-element_type=\"widget\" data-e-type=\"widget\" data-widget_type=\"button.default\">\n\t\t\t\t<div class=\"elementor-widget-container\">\n\t\t\t\t\t\t\t\t\t<div class=\"elementor-button-wrapper\">\n\t\t\t\t\t<a class=\"elementor-button elementor-button-link elementor-size-sm\" href=\"https:\/\/www.doctoralia.es\/clinicas\/instituto-de-ginecologia-avanzada-2?saasonly=true\" target=\"_blank\">\n\t\t\t\t\t\t<span class=\"elementor-button-content-wrapper\">\n\t\t\t\t\t\t\t\t\t<span class=\"elementor-button-text\">FrANCESC Maci\u00e0<\/span>\n\t\t\t\t\t<\/span>\n\t\t\t\t\t<\/a>\n\t\t\t\t<\/div>\n\t\t\t\t\t\t\t\t<\/div>\n\t\t\t\t<\/div>\n\t\t\t\t\t<\/div>\n\t\t<\/div>\n\t\t\t\t<div class=\"elementor-column elementor-col-50 elementor-inner-column elementor-element elementor-element-c276504\" data-id=\"c276504\" data-element_type=\"column\" data-e-type=\"column\">\n\t\t\t<div class=\"elementor-widget-wrap elementor-element-populated\">\n\t\t\t\t\t\t<div class=\"elementor-element elementor-element-1e0e923 elementor-widget elementor-widget-button\" data-id=\"1e0e923\" data-element_type=\"widget\" data-e-type=\"widget\" data-widget_type=\"button.default\">\n\t\t\t\t<div class=\"elementor-widget-container\">\n\t\t\t\t\t\t\t\t\t<div class=\"elementor-button-wrapper\">\n\t\t\t\t\t<a class=\"elementor-button elementor-button-link elementor-size-sm\" href=\"#\">\n\t\t\t\t\t\t<span class=\"elementor-button-content-wrapper\">\n\t\t\t\t\t\t\t\t\t<span class=\"elementor-button-text\">CENTRO QUIR\u00d3N<\/span>\n\t\t\t\t\t<\/span>\n\t\t\t\t\t<\/a>\n\t\t\t\t<\/div>\n\t\t\t\t\t\t\t\t<\/div>\n\t\t\t\t<\/div>\n\t\t\t\t\t<\/div>\n\t\t<\/div>\n\t\t\t\t\t<\/div>\n\t\t<\/section>\n\t\t\t\t\t<\/div>\n\t\t<\/div>\n\t\t\t\t<div class=\"elementor-column elementor-col-50 elementor-top-column elementor-element elementor-element-fc21a34\" data-id=\"fc21a34\" data-element_type=\"column\" data-e-type=\"column\">\n\t\t\t<div class=\"elementor-widget-wrap elementor-element-populated\">\n\t\t\t\t\t\t<div class=\"elementor-element elementor-element-dcc8d9c elementor-widget__width-initial elementor-hidden-mobile elementor-widget elementor-widget-text-editor\" data-id=\"dcc8d9c\" data-element_type=\"widget\" data-e-type=\"widget\" data-widget_type=\"text-editor.default\">\n\t\t\t\t<div class=\"elementor-widget-container\">\n\t\t\t\t\t\t\t\t\t<p style=\"text-align: left;\">In meiner Erfahrung als Facharzt habe ich in \u00f6ffentlichen Krankenh\u00e4usern und Privatkliniken gearbeitet, unter anderem im Hospital Sant Joan de D\u00e9u in Esplugues de Llobregat, als Direktor von Donanoba, Teknon und Clinica Tres Torres.<\/p>\n<p style=\"text-align: left;\">Derzeit als Spezialistin am Institut f\u00fcr fortgeschrittene Gyn\u00e4kologie in Quir\u00f3n Barcelona und in unserer Klinik in Francesc Maci\u00e0.<\/p>\n<p style=\"text-align: left;\"><span style=\"color: #aa83b1;\">AKADEMISCHE LEISTUNGEN<\/span><\/p>\n<p style=\"text-align: left;\"><span style=\"color: #aa83b1; font-size: 18px;\">\u221a&nbsp;<\/span>Abschluss in Medizin und Chirurgie an der Universit\u00e4t Barcelona. Hospital Cl\u00ednc i Provincial. <\/p>\n<p style=\"text-align: left;\"><span style=\"color: #aa83b1; font-size: 18px;\">\u221a&nbsp;<\/span>Facharzt f\u00fcr Gyn\u00e4kologie und Geburtshilfe \u00fcber MIR am Hospital Universitari Germans Trias i Pujol, Badalona.<\/p>\n<p style=\"font-variant-ligatures: normal; font-variant-caps: normal; font-family: Montserrat, sans-serif; font-size: 18px; font-style: normal; font-weight: 400; text-align: left;\"><span style=\"font-size: 18px; color: #aa83b1;\">WEITERE AKADEMISCHE VORTEILE<\/span><\/p>\n<p style=\"text-align: left;\"><span style=\"color: #aa83b1; font-size: 18px;\">\u221a&nbsp;<\/span>Abschnitt III der geburtshilflichen und gyn\u00e4kologischen Ultraschalluntersuchung. SEGO. <\/p>\n<p style=\"text-align: left;\"><span style=\"color: #aa83b1; font-size: 18px;\">\u221a&nbsp;<\/span>Zertifiziert in vollst\u00e4ndiger Neugeborenenreanimation. Neugeborenenreanimationsgruppe der SEGO (Spanische Gesellschaft f\u00fcr Gyn\u00e4kologie und Geburtshilfe). <\/p>\n<p style=\"text-align: left;\"><span style=\"color: #aa83b1; font-size: 18px;\">\u221a&nbsp;<\/span>Mitglied nationaler und internationaler wissenschaftlicher Gesellschaften.<\/p>\n<p style=\"text-align: left;\"><span style=\"color: #aa83b1; font-size: 18px;\">\u221a&nbsp;<\/span>Mitglied der Spanischen Gesellschaft f\u00fcr Gyn\u00e4kologie und Geburtshilfe.<\/p>\n<p style=\"text-align: left;\"><span style=\"font-family: Montserrat, sans-serif; font-size: 18px; font-style: normal; font-variant-ligatures: normal; font-variant-caps: normal; font-weight: 400; color: #aa83b1;\">\u221a&nbsp;<\/span>AEGEAN-Stipendium. Praktikant bei Skejby Sygehus. Aarhus. D\u00e4nemark.<\/p>\n<p style=\"text-align: left;\"><span style=\"font-family: Montserrat, sans-serif; font-size: 18px; font-style: normal; font-variant-ligatures: normal; font-variant-caps: normal; font-weight: 400; color: #aa83b1;\">\u221a&nbsp;<\/span>Nordamerikanische Menopause-Gesellschaft. 22. Jahrestagung. Washington D.C.<\/p>\n<p style=\"text-align: left;\"><span style=\"font-family: Montserrat, sans-serif; font-size: 18px; font-style: normal; font-variant-ligatures: normal; font-variant-caps: normal; font-weight: 400; color: #aa83b1;\">\u221a&nbsp;<\/span>Gaststipendium. Gyn\u00e4kologie\/Geburtshilfe, Moffitt\/Long Hospital, UCSF, San Francisco, Kalifornien.<\/p>\t\t\t\t\t\t\t\t<\/div>\n\t\t\t\t<\/div>\n\t\t\t\t<div class=\"elementor-element elementor-element-9fbbdbf elementor-hidden-desktop elementor-hidden-tablet elementor-widget elementor-widget-text-editor\" data-id=\"9fbbdbf\" data-element_type=\"widget\" data-e-type=\"widget\" data-widget_type=\"text-editor.default\">\n\t\t\t\t<div class=\"elementor-widget-container\">\n\t\t\t\t\t\t\t\t\t<p>Termin anfragen<\/p>\t\t\t\t\t\t\t\t<\/div>\n\t\t\t\t<\/div>\n\t\t\t\t<section class=\"elementor-section elementor-inner-section elementor-element elementor-element-b92173f elementor-hidden-desktop elementor-hidden-tablet elementor-section-boxed elementor-section-height-default elementor-section-height-default\" data-id=\"b92173f\" data-element_type=\"section\" data-e-type=\"section\">\n\t\t\t\t\t\t<div class=\"elementor-container elementor-column-gap-default\">\n\t\t\t\t\t<div class=\"elementor-column elementor-col-50 elementor-inner-column elementor-element elementor-element-a476b0b\" data-id=\"a476b0b\" data-element_type=\"column\" data-e-type=\"column\">\n\t\t\t<div class=\"elementor-widget-wrap elementor-element-populated\">\n\t\t\t\t\t\t<div class=\"elementor-element elementor-element-ea839fe elementor-align-right elementor-widget elementor-widget-button\" data-id=\"ea839fe\" data-element_type=\"widget\" data-e-type=\"widget\" data-widget_type=\"button.default\">\n\t\t\t\t<div class=\"elementor-widget-container\">\n\t\t\t\t\t\t\t\t\t<div class=\"elementor-button-wrapper\">\n\t\t\t\t\t<a class=\"elementor-button elementor-button-link elementor-size-sm\" href=\"https:\/\/www.doctoralia.es\/clinicas\/instituto-de-ginecologia-avanzada-2?saasonly=true\" target=\"_blank\">\n\t\t\t\t\t\t<span class=\"elementor-button-content-wrapper\">\n\t\t\t\t\t\t\t\t\t<span class=\"elementor-button-text\">FrANCESC Maci\u00e0<\/span>\n\t\t\t\t\t<\/span>\n\t\t\t\t\t<\/a>\n\t\t\t\t<\/div>\n\t\t\t\t\t\t\t\t<\/div>\n\t\t\t\t<\/div>\n\t\t\t\t\t<\/div>\n\t\t<\/div>\n\t\t\t\t<div class=\"elementor-column elementor-col-50 elementor-inner-column elementor-element elementor-element-35789af\" data-id=\"35789af\" data-element_type=\"column\" data-e-type=\"column\">\n\t\t\t<div class=\"elementor-widget-wrap elementor-element-populated\">\n\t\t\t\t\t\t<div class=\"elementor-element elementor-element-6ea5c36 elementor-widget elementor-widget-button\" data-id=\"6ea5c36\" data-element_type=\"widget\" data-e-type=\"widget\" data-widget_type=\"button.default\">\n\t\t\t\t<div class=\"elementor-widget-container\">\n\t\t\t\t\t\t\t\t\t<div class=\"elementor-button-wrapper\">\n\t\t\t\t\t<a class=\"elementor-button elementor-button-link elementor-size-sm\" href=\"#\">\n\t\t\t\t\t\t<span class=\"elementor-button-content-wrapper\">\n\t\t\t\t\t\t\t\t\t<span class=\"elementor-button-text\">CENTRO QUIR\u00d3N<\/span>\n\t\t\t\t\t<\/span>\n\t\t\t\t\t<\/a>\n\t\t\t\t<\/div>\n\t\t\t\t\t\t\t\t<\/div>\n\t\t\t\t<\/div>\n\t\t\t\t\t<\/div>\n\t\t<\/div>\n\t\t\t\t\t<\/div>\n\t\t<\/section>\n\t\t\t\t\t<\/div>\n\t\t<\/div>\n\t\t\t\t\t<\/div>\n\t\t<\/section>\n\t\t\t\t<\/div>\n\t\t","protected":false},"excerpt":{"rendered":"<p>Dra. Cecilia S\u00e1nchez | Mitgliedsnummer 34896 SPEZIALIST Allgemeine Gyn\u00e4kologieJugendgyn\u00e4kologieUmfassende WechseljahresbehandlungNormale SchwangerschaftRespektvolle GeburtsbegleitungHysteroskopische Chirurgie SPEZIALIST Allgemeine Gyn\u00e4kologieJugendgyn\u00e4kologieUmfassende WechseljahresbehandlungNormale SchwangerschaftRespektvolle GeburtsbegleitungHysteroskopische Chirurgie Termin anfragen FrANCESC Maci\u00e0 CENTRO QUIR\u00d3N In meiner Erfahrung als Facharzt habe ich in \u00f6ffentlichen Krankenh\u00e4usern und Privatkliniken gearbeitet, unter anderem im Hospital Sant Joan de D\u00e9u in Esplugues de Llobregat, als Direktor von Donanoba, [&hellip;]<\/p>\n","protected":false},"author":6,"featured_media":0,"parent":0,"menu_order":0,"comment_status":"closed","ping_status":"closed","template":"","meta":{"_joinchat":[],"footnotes":""},"class_list":["post-82417","page","type-page","status-publish","hentry","entry"],"yoast_head":"<!-- This site is optimized with the Yoast SEO Premium plugin v27.1 (Yoast SEO v27.3) - https:\/\/yoast.com\/product\/yoast-seo-premium-wordpress\/ -->\n<title>CECILIA IRENE S\u00c1NCHEZ RODR\u00cdGUEZ &#8902; Instituto Ginecolog\u00eda Avanzada<\/title>\n<meta name=\"robots\" content=\"index, follow, max-snippet:-1, max-image-preview:large, max-video-preview:-1\" \/>\n<link rel=\"canonical\" href=\"https:\/\/ginecologiaavanzada.es\/de\/cecilia-irene-sanchez-rodriguez\/\" \/>\n<meta property=\"og:locale\" content=\"de_DE\" \/>\n<meta property=\"og:type\" content=\"article\" \/>\n<meta property=\"og:title\" content=\"CECILIA IRENE S\u00c1NCHEZ RODR\u00cdGUEZ\" \/>\n<meta property=\"og:description\" content=\"Dra. Cecilia S\u00e1nchez | Mitgliedsnummer 34896 SPEZIALIST Allgemeine Gyn\u00e4kologieJugendgyn\u00e4kologieUmfassende WechseljahresbehandlungNormale SchwangerschaftRespektvolle GeburtsbegleitungHysteroskopische Chirurgie SPEZIALIST Allgemeine Gyn\u00e4kologieJugendgyn\u00e4kologieUmfassende WechseljahresbehandlungNormale SchwangerschaftRespektvolle GeburtsbegleitungHysteroskopische Chirurgie Termin anfragen FrANCESC Maci\u00e0 CENTRO QUIR\u00d3N In meiner Erfahrung als Facharzt habe ich in \u00f6ffentlichen Krankenh\u00e4usern und Privatkliniken gearbeitet, unter anderem im Hospital Sant Joan de D\u00e9u in Esplugues de Llobregat, als Direktor von Donanoba, [&hellip;]\" \/>\n<meta property=\"og:url\" content=\"https:\/\/ginecologiaavanzada.es\/de\/cecilia-irene-sanchez-rodriguez\/\" \/>\n<meta property=\"og:site_name\" content=\"Instituto Ginecolog\u00eda Avanzada\" \/>\n<meta property=\"article:modified_time\" content=\"2026-04-10T20:24:36+00:00\" \/>\n<meta property=\"og:image\" content=\"https:\/\/ginecologiaavanzada.es\/wp-content\/uploads\/2025\/12\/ChatGPT-Image-8-dic-2025-10_16_07.png\" \/>\n\t<meta property=\"og:image:width\" content=\"1024\" \/>\n\t<meta property=\"og:image:height\" content=\"1024\" \/>\n\t<meta property=\"og:image:type\" content=\"image\/png\" \/>\n<meta name=\"twitter:card\" content=\"summary_large_image\" \/>\n<meta name=\"twitter:label1\" content=\"Gesch\u00e4tzte Lesezeit\" \/>\n\t<meta name=\"twitter:data1\" content=\"1\u00a0Minute\" \/>\n<script type=\"application\/ld+json\" class=\"yoast-schema-graph\">{\"@context\":\"https:\\\/\\\/schema.org\",\"@graph\":[{\"@type\":\"WebPage\",\"@id\":\"https:\\\/\\\/ginecologiaavanzada.es\\\/de\\\/cecilia-irene-sanchez-rodriguez\\\/\",\"url\":\"https:\\\/\\\/ginecologiaavanzada.es\\\/de\\\/cecilia-irene-sanchez-rodriguez\\\/\",\"name\":\"CECILIA IRENE S\u00c1NCHEZ RODR\u00cdGUEZ &#8902; Instituto Ginecolog\u00eda Avanzada\",\"isPartOf\":{\"@id\":\"https:\\\/\\\/ginecologiaavanzada.es\\\/de\\\/#website\"},\"primaryImageOfPage\":{\"@id\":\"https:\\\/\\\/ginecologiaavanzada.es\\\/de\\\/cecilia-irene-sanchez-rodriguez\\\/#primaryimage\"},\"image\":{\"@id\":\"https:\\\/\\\/ginecologiaavanzada.es\\\/de\\\/cecilia-irene-sanchez-rodriguez\\\/#primaryimage\"},\"thumbnailUrl\":\"https:\\\/\\\/ginecologiaavanzada.es\\\/wp-content\\\/uploads\\\/2025\\\/12\\\/ChatGPT-Image-8-dic-2025-10_16_07-400x400.png\",\"datePublished\":\"2025-12-08T10:09:39+00:00\",\"dateModified\":\"2026-04-10T20:24:36+00:00\",\"breadcrumb\":{\"@id\":\"https:\\\/\\\/ginecologiaavanzada.es\\\/de\\\/cecilia-irene-sanchez-rodriguez\\\/#breadcrumb\"},\"inLanguage\":\"de\",\"potentialAction\":[{\"@type\":\"ReadAction\",\"target\":[\"https:\\\/\\\/ginecologiaavanzada.es\\\/de\\\/cecilia-irene-sanchez-rodriguez\\\/\"]}]},{\"@type\":\"ImageObject\",\"inLanguage\":\"de\",\"@id\":\"https:\\\/\\\/ginecologiaavanzada.es\\\/de\\\/cecilia-irene-sanchez-rodriguez\\\/#primaryimage\",\"url\":\"https:\\\/\\\/ginecologiaavanzada.es\\\/wp-content\\\/uploads\\\/2025\\\/12\\\/ChatGPT-Image-8-dic-2025-10_16_07-400x400.png\",\"contentUrl\":\"https:\\\/\\\/ginecologiaavanzada.es\\\/wp-content\\\/uploads\\\/2025\\\/12\\\/ChatGPT-Image-8-dic-2025-10_16_07-400x400.png\"},{\"@type\":\"BreadcrumbList\",\"@id\":\"https:\\\/\\\/ginecologiaavanzada.es\\\/de\\\/cecilia-irene-sanchez-rodriguez\\\/#breadcrumb\",\"itemListElement\":[{\"@type\":\"ListItem\",\"position\":1,\"name\":\"Portada\",\"item\":\"https:\\\/\\\/ginecologiaavanzada.es\\\/de\\\/inicio\\\/\"},{\"@type\":\"ListItem\",\"position\":2,\"name\":\"CECILIA IRENE S\u00c1NCHEZ RODR\u00cdGUEZ\"}]},{\"@type\":\"WebSite\",\"@id\":\"https:\\\/\\\/ginecologiaavanzada.es\\\/de\\\/#website\",\"url\":\"https:\\\/\\\/ginecologiaavanzada.es\\\/de\\\/\",\"name\":\"Ginecologia Avanzada\",\"description\":\"Enfoque integral de la mujer, visi\u00f3n de la mujer en todos sus aspectos, f\u00edsicos, y emocionales.\",\"publisher\":{\"@id\":\"https:\\\/\\\/ginecologiaavanzada.es\\\/de\\\/#organization\"},\"potentialAction\":[{\"@type\":\"SearchAction\",\"target\":{\"@type\":\"EntryPoint\",\"urlTemplate\":\"https:\\\/\\\/ginecologiaavanzada.es\\\/de\\\/?s={search_term_string}\"},\"query-input\":{\"@type\":\"PropertyValueSpecification\",\"valueRequired\":true,\"valueName\":\"search_term_string\"}}],\"inLanguage\":\"de\"},{\"@type\":\"Organization\",\"@id\":\"https:\\\/\\\/ginecologiaavanzada.es\\\/de\\\/#organization\",\"name\":\"Ginecologia Avanzada\",\"url\":\"https:\\\/\\\/ginecologiaavanzada.es\\\/de\\\/\",\"logo\":{\"@type\":\"ImageObject\",\"inLanguage\":\"de\",\"@id\":\"https:\\\/\\\/ginecologiaavanzada.es\\\/de\\\/#\\\/schema\\\/logo\\\/image\\\/\",\"url\":\"https:\\\/\\\/ginecologiaavanzada.es\\\/wp-content\\\/uploads\\\/logo-fosc-1.jpg\",\"contentUrl\":\"https:\\\/\\\/ginecologiaavanzada.es\\\/wp-content\\\/uploads\\\/logo-fosc-1.jpg\",\"width\":680,\"height\":280,\"caption\":\"Ginecologia Avanzada\"},\"image\":{\"@id\":\"https:\\\/\\\/ginecologiaavanzada.es\\\/de\\\/#\\\/schema\\\/logo\\\/image\\\/\"}}]}<\/script>\n<!-- \/ Yoast SEO Premium plugin. -->","yoast_head_json":{"title":"CECILIA IRENE S\u00c1NCHEZ RODR\u00cdGUEZ &#8902; Instituto Ginecolog\u00eda Avanzada","robots":{"index":"index","follow":"follow","max-snippet":"max-snippet:-1","max-image-preview":"max-image-preview:large","max-video-preview":"max-video-preview:-1"},"canonical":"https:\/\/ginecologiaavanzada.es\/de\/cecilia-irene-sanchez-rodriguez\/","og_locale":"de_DE","og_type":"article","og_title":"CECILIA IRENE S\u00c1NCHEZ RODR\u00cdGUEZ","og_description":"Dra. Cecilia S\u00e1nchez | Mitgliedsnummer 34896 SPEZIALIST Allgemeine Gyn\u00e4kologieJugendgyn\u00e4kologieUmfassende WechseljahresbehandlungNormale SchwangerschaftRespektvolle GeburtsbegleitungHysteroskopische Chirurgie SPEZIALIST Allgemeine Gyn\u00e4kologieJugendgyn\u00e4kologieUmfassende WechseljahresbehandlungNormale SchwangerschaftRespektvolle GeburtsbegleitungHysteroskopische Chirurgie Termin anfragen FrANCESC Maci\u00e0 CENTRO QUIR\u00d3N In meiner Erfahrung als Facharzt habe ich in \u00f6ffentlichen Krankenh\u00e4usern und Privatkliniken gearbeitet, unter anderem im Hospital Sant Joan de D\u00e9u in Esplugues de Llobregat, als Direktor von Donanoba, [&hellip;]","og_url":"https:\/\/ginecologiaavanzada.es\/de\/cecilia-irene-sanchez-rodriguez\/","og_site_name":"Instituto Ginecolog\u00eda Avanzada","article_modified_time":"2026-04-10T20:24:36+00:00","og_image":[{"width":1024,"height":1024,"url":"https:\/\/ginecologiaavanzada.es\/wp-content\/uploads\/2025\/12\/ChatGPT-Image-8-dic-2025-10_16_07.png","type":"image\/png"}],"twitter_card":"summary_large_image","twitter_misc":{"Gesch\u00e4tzte Lesezeit":"1\u00a0Minute"},"schema":{"@context":"https:\/\/schema.org","@graph":[{"@type":"WebPage","@id":"https:\/\/ginecologiaavanzada.es\/de\/cecilia-irene-sanchez-rodriguez\/","url":"https:\/\/ginecologiaavanzada.es\/de\/cecilia-irene-sanchez-rodriguez\/","name":"CECILIA IRENE S\u00c1NCHEZ RODR\u00cdGUEZ &#8902; Instituto Ginecolog\u00eda Avanzada","isPartOf":{"@id":"https:\/\/ginecologiaavanzada.es\/de\/#website"},"primaryImageOfPage":{"@id":"https:\/\/ginecologiaavanzada.es\/de\/cecilia-irene-sanchez-rodriguez\/#primaryimage"},"image":{"@id":"https:\/\/ginecologiaavanzada.es\/de\/cecilia-irene-sanchez-rodriguez\/#primaryimage"},"thumbnailUrl":"https:\/\/ginecologiaavanzada.es\/wp-content\/uploads\/2025\/12\/ChatGPT-Image-8-dic-2025-10_16_07-400x400.png","datePublished":"2025-12-08T10:09:39+00:00","dateModified":"2026-04-10T20:24:36+00:00","breadcrumb":{"@id":"https:\/\/ginecologiaavanzada.es\/de\/cecilia-irene-sanchez-rodriguez\/#breadcrumb"},"inLanguage":"de","potentialAction":[{"@type":"ReadAction","target":["https:\/\/ginecologiaavanzada.es\/de\/cecilia-irene-sanchez-rodriguez\/"]}]},{"@type":"ImageObject","inLanguage":"de","@id":"https:\/\/ginecologiaavanzada.es\/de\/cecilia-irene-sanchez-rodriguez\/#primaryimage","url":"https:\/\/ginecologiaavanzada.es\/wp-content\/uploads\/2025\/12\/ChatGPT-Image-8-dic-2025-10_16_07-400x400.png","contentUrl":"https:\/\/ginecologiaavanzada.es\/wp-content\/uploads\/2025\/12\/ChatGPT-Image-8-dic-2025-10_16_07-400x400.png"},{"@type":"BreadcrumbList","@id":"https:\/\/ginecologiaavanzada.es\/de\/cecilia-irene-sanchez-rodriguez\/#breadcrumb","itemListElement":[{"@type":"ListItem","position":1,"name":"Portada","item":"https:\/\/ginecologiaavanzada.es\/de\/inicio\/"},{"@type":"ListItem","position":2,"name":"CECILIA IRENE S\u00c1NCHEZ RODR\u00cdGUEZ"}]},{"@type":"WebSite","@id":"https:\/\/ginecologiaavanzada.es\/de\/#website","url":"https:\/\/ginecologiaavanzada.es\/de\/","name":"Ginecologia Avanzada","description":"Enfoque integral de la mujer, visi\u00f3n de la mujer en todos sus aspectos, f\u00edsicos, y emocionales.","publisher":{"@id":"https:\/\/ginecologiaavanzada.es\/de\/#organization"},"potentialAction":[{"@type":"SearchAction","target":{"@type":"EntryPoint","urlTemplate":"https:\/\/ginecologiaavanzada.es\/de\/?s={search_term_string}"},"query-input":{"@type":"PropertyValueSpecification","valueRequired":true,"valueName":"search_term_string"}}],"inLanguage":"de"},{"@type":"Organization","@id":"https:\/\/ginecologiaavanzada.es\/de\/#organization","name":"Ginecologia Avanzada","url":"https:\/\/ginecologiaavanzada.es\/de\/","logo":{"@type":"ImageObject","inLanguage":"de","@id":"https:\/\/ginecologiaavanzada.es\/de\/#\/schema\/logo\/image\/","url":"https:\/\/ginecologiaavanzada.es\/wp-content\/uploads\/logo-fosc-1.jpg","contentUrl":"https:\/\/ginecologiaavanzada.es\/wp-content\/uploads\/logo-fosc-1.jpg","width":680,"height":280,"caption":"Ginecologia Avanzada"},"image":{"@id":"https:\/\/ginecologiaavanzada.es\/de\/#\/schema\/logo\/image\/"}}]}},"_links":{"self":[{"href":"https:\/\/ginecologiaavanzada.es\/de\/wp-json\/wp\/v2\/pages\/82417","targetHints":{"allow":["GET"]}}],"collection":[{"href":"https:\/\/ginecologiaavanzada.es\/de\/wp-json\/wp\/v2\/pages"}],"about":[{"href":"https:\/\/ginecologiaavanzada.es\/de\/wp-json\/wp\/v2\/types\/page"}],"author":[{"embeddable":true,"href":"https:\/\/ginecologiaavanzada.es\/de\/wp-json\/wp\/v2\/users\/6"}],"replies":[{"embeddable":true,"href":"https:\/\/ginecologiaavanzada.es\/de\/wp-json\/wp\/v2\/comments?post=82417"}],"version-history":[{"count":5,"href":"https:\/\/ginecologiaavanzada.es\/de\/wp-json\/wp\/v2\/pages\/82417\/revisions"}],"predecessor-version":[{"id":83551,"href":"https:\/\/ginecologiaavanzada.es\/de\/wp-json\/wp\/v2\/pages\/82417\/revisions\/83551"}],"wp:attachment":[{"href":"https:\/\/ginecologiaavanzada.es\/de\/wp-json\/wp\/v2\/media?parent=82417"}],"curies":[{"name":"wp","href":"https:\/\/api.w.org\/{rel}","templated":true}]}}