{"id":82542,"date":"2025-12-04T18:08:24","date_gmt":"2025-12-04T18:08:24","guid":{"rendered":"https:\/\/ginecologiaavanzada.es\/ines-bombi-civit\/"},"modified":"2026-02-27T09:27:05","modified_gmt":"2026-02-27T09:27:05","slug":"ines-bombi-civit","status":"publish","type":"page","link":"https:\/\/ginecologiaavanzada.es\/de\/ines-bombi-civit\/","title":{"rendered":"IN\u00c9S BOMB\u00cd CIVIT"},"content":{"rendered":"\t\t<div data-elementor-type=\"wp-page\" data-elementor-id=\"82542\" class=\"elementor elementor-82542 elementor-80612\" data-elementor-post-type=\"page\">\n\t\t\t\t\t\t<section class=\"elementor-section elementor-top-section elementor-element elementor-element-d1b96b7 elementor-section-boxed elementor-section-height-default elementor-section-height-default\" data-id=\"d1b96b7\" data-element_type=\"section\" data-e-type=\"section\">\n\t\t\t\t\t\t<div class=\"elementor-container elementor-column-gap-default\">\n\t\t\t\t\t<div class=\"elementor-column elementor-col-50 elementor-top-column elementor-element elementor-element-1ed2a1c\" data-id=\"1ed2a1c\" data-element_type=\"column\" data-e-type=\"column\">\n\t\t\t<div class=\"elementor-widget-wrap elementor-element-populated\">\n\t\t\t\t\t\t<div class=\"elementor-element elementor-element-6884652 elementor-widget elementor-widget-image\" data-id=\"6884652\" data-element_type=\"widget\" data-e-type=\"widget\" data-widget_type=\"image.default\">\n\t\t\t\t<div class=\"elementor-widget-container\">\n\t\t\t\t\t\t\t\t\t\t\t\t\t\t\t<img fetchpriority=\"high\" decoding=\"async\" width=\"400\" height=\"400\" src=\"https:\/\/ginecologiaavanzada.es\/wp-content\/uploads\/2025\/11\/Ines-Bombi-06-Photoroom-400x400.png\" class=\"attachment-large size-large wp-image-82541\" alt=\"\" srcset=\"https:\/\/ginecologiaavanzada.es\/wp-content\/uploads\/2025\/11\/Ines-Bombi-06-Photoroom-400x400.png 400w, https:\/\/ginecologiaavanzada.es\/wp-content\/uploads\/2025\/11\/Ines-Bombi-06-Photoroom-150x150.png 150w, https:\/\/ginecologiaavanzada.es\/wp-content\/uploads\/2025\/11\/Ines-Bombi-06-Photoroom-768x767.png 768w, https:\/\/ginecologiaavanzada.es\/wp-content\/uploads\/2025\/11\/Ines-Bombi-06-Photoroom-600x600.png 600w, https:\/\/ginecologiaavanzada.es\/wp-content\/uploads\/2025\/11\/Ines-Bombi-06-Photoroom.png 1280w\" sizes=\"(max-width: 400px) 100vw, 400px\" \/>\t\t\t\t\t\t\t\t\t\t\t\t\t\t\t<\/div>\n\t\t\t\t<\/div>\n\t\t\t\t<div class=\"elementor-element elementor-element-de2decf elementor-widget elementor-widget-text-editor\" data-id=\"de2decf\" data-element_type=\"widget\" data-e-type=\"widget\" data-widget_type=\"text-editor.default\">\n\t\t\t\t<div class=\"elementor-widget-container\">\n\t\t\t\t\t\t\t\t\t<p>Dr. Ines Bomb\u00ed Civit <\/p>\t\t\t\t\t\t\t\t<\/div>\n\t\t\t\t<\/div>\n\t\t\t\t<div class=\"elementor-element elementor-element-f389ade elementor-widget elementor-widget-text-editor\" data-id=\"f389ade\" data-element_type=\"widget\" data-e-type=\"widget\" data-widget_type=\"text-editor.default\">\n\t\t\t\t<div class=\"elementor-widget-container\">\n\t\t\t\t\t\t\t\t\t<p><span style=\"color: #aa83b1;\">SPEZIALIST<\/span><\/p><p>Normale und Risikoschwangerschaften<br>Respektvolle Geburtsbegleitung<br>Pr\u00e4nataldiagnostik<br>Umfassendes Wechseljahresmanagement<br>Allgemeine und jugendliche Gyn\u00e4kologie<\/p>\t\t\t\t\t\t\t\t<\/div>\n\t\t\t\t<\/div>\n\t\t\t\t<div class=\"elementor-element elementor-element-ec624b8 elementor-hidden-mobile elementor-widget elementor-widget-text-editor\" data-id=\"ec624b8\" data-element_type=\"widget\" data-e-type=\"widget\" data-widget_type=\"text-editor.default\">\n\t\t\t\t<div class=\"elementor-widget-container\">\n\t\t\t\t\t\t\t\t\t<p>Termin anfragen<\/p>\t\t\t\t\t\t\t\t<\/div>\n\t\t\t\t<\/div>\n\t\t\t\t<section class=\"elementor-section elementor-inner-section elementor-element elementor-element-ca0ee7b elementor-hidden-mobile elementor-section-boxed elementor-section-height-default elementor-section-height-default\" data-id=\"ca0ee7b\" data-element_type=\"section\" data-e-type=\"section\">\n\t\t\t\t\t\t<div class=\"elementor-container elementor-column-gap-default\">\n\t\t\t\t\t<div class=\"elementor-column elementor-col-50 elementor-inner-column elementor-element elementor-element-b3d622d\" data-id=\"b3d622d\" data-element_type=\"column\" data-e-type=\"column\">\n\t\t\t<div class=\"elementor-widget-wrap elementor-element-populated\">\n\t\t\t\t\t\t<div class=\"elementor-element elementor-element-3ce1e68 elementor-align-right elementor-widget elementor-widget-button\" data-id=\"3ce1e68\" data-element_type=\"widget\" data-e-type=\"widget\" data-widget_type=\"button.default\">\n\t\t\t\t<div class=\"elementor-widget-container\">\n\t\t\t\t\t\t\t\t\t<div class=\"elementor-button-wrapper\">\n\t\t\t\t\t<a class=\"elementor-button elementor-button-link elementor-size-sm\" href=\"https:\/\/www.doctoralia.es\/clinicas\/instituto-de-ginecologia-avanzada-2?saasonly=true\" target=\"_blank\">\n\t\t\t\t\t\t<span class=\"elementor-button-content-wrapper\">\n\t\t\t\t\t\t\t\t\t<span class=\"elementor-button-text\">Francesc Maci\u00e0<\/span>\n\t\t\t\t\t<\/span>\n\t\t\t\t\t<\/a>\n\t\t\t\t<\/div>\n\t\t\t\t\t\t\t\t<\/div>\n\t\t\t\t<\/div>\n\t\t\t\t\t<\/div>\n\t\t<\/div>\n\t\t\t\t<div class=\"elementor-column elementor-col-50 elementor-inner-column elementor-element elementor-element-48bf678\" data-id=\"48bf678\" data-element_type=\"column\" data-e-type=\"column\">\n\t\t\t<div class=\"elementor-widget-wrap elementor-element-populated\">\n\t\t\t\t\t\t<div class=\"elementor-element elementor-element-23d8e2a elementor-widget elementor-widget-button\" data-id=\"23d8e2a\" data-element_type=\"widget\" data-e-type=\"widget\" data-widget_type=\"button.default\">\n\t\t\t\t<div class=\"elementor-widget-container\">\n\t\t\t\t\t\t\t\t\t<div class=\"elementor-button-wrapper\">\n\t\t\t\t\t<a class=\"elementor-button elementor-button-link elementor-size-sm\" href=\"https:\/\/ginecologiaavanzada.es\/de\/#Zitat\">\n\t\t\t\t\t\t<span class=\"elementor-button-content-wrapper\">\n\t\t\t\t\t\t\t\t\t<span class=\"elementor-button-text\">CENTRO QUIR\u00d3N<\/span>\n\t\t\t\t\t<\/span>\n\t\t\t\t\t<\/a>\n\t\t\t\t<\/div>\n\t\t\t\t\t\t\t\t<\/div>\n\t\t\t\t<\/div>\n\t\t\t\t\t<\/div>\n\t\t<\/div>\n\t\t\t\t\t<\/div>\n\t\t<\/section>\n\t\t\t\t\t<\/div>\n\t\t<\/div>\n\t\t\t\t<div class=\"elementor-column elementor-col-50 elementor-top-column elementor-element elementor-element-fc21a34\" data-id=\"fc21a34\" data-element_type=\"column\" data-e-type=\"column\">\n\t\t\t<div class=\"elementor-widget-wrap elementor-element-populated\">\n\t\t\t\t\t\t<div class=\"elementor-element elementor-element-dcc8d9c elementor-widget elementor-widget-text-editor\" data-id=\"dcc8d9c\" data-element_type=\"widget\" data-e-type=\"widget\" data-widget_type=\"text-editor.default\">\n\t\t\t\t<div class=\"elementor-widget-container\">\n\t\t\t\t\t\t\t\t\t<p style=\"font-variant-ligatures: normal; font-variant-caps: normal; font-family: Montserrat, sans-serif; font-size: 18px; font-style: normal; font-weight: 400;\">Als spezialisierter Gyn\u00e4kologe habe ich in mehreren renommierten Krankenh\u00e4usern gearbeitet: Sant Joan de D\u00e9u de Esplugues de Llobregat, Hospital Dexeus, Hospital Quir\u00f3n, Cl\u00ednica Diagonal, Adeslas Diagonal und Advance Medical.<\/p><p style=\"font-variant-ligatures: normal; font-variant-caps: normal; font-family: Montserrat, sans-serif; font-size: 18px; font-style: normal; font-weight: 400;\">Seit 2016 als Spezialistin und Direktorin des Instituts f\u00fcr fortgeschrittene Gyn\u00e4kologie im Quir\u00f3n Barcelona und in unserer Klinik im Francesc Maci\u00e0.<\/p><p><span style=\"color: #aa83b1;\">AKADEMISCHE LEISTUNGEN<\/span><\/p><p><strong><span style=\"color: #aa83b1;\">\u221a<\/span> <\/strong>Abschluss <span style=\"font-family: Montserrat, sans-serif; font-size: 18px; font-style: normal; font-variant-ligatures: normal; font-variant-caps: normal;\">in Medizin und Chirurgie an der Universit\u00e4t Barcelona. Hospital Cl\u00ednic i Provincial.<\/span><\/p><p><span style=\"font-family: Montserrat, sans-serif; font-size: 18px; font-style: normal; font-variant-ligatures: normal; font-variant-caps: normal;\"><strong><span style=\"color: #aa83b1;\">\u221a<\/span> <\/strong>Fach\u00e4rztin f\u00fcr Gyn\u00e4kologie und Geburtshilfe \u00fcber MIR im Krankenhaus Sant Joan de D\u00e9u in Esplugues de Llobregat.<\/span><\/p><p><span style=\"color: #aa83b1; font-size: 18px;\">WEITERE AKADEMISCHE VORTEILE<\/span><\/p><p><strong><span style=\"color: #aa83b1;\">\u221a <\/span><\/strong>Nationales Menopause-Schulungsprogramm der Spanischen Menopause-Gesellschaft 2022<\/p><p><strong><span style=\"color: #aa83b1;\">\u221a<\/span> <\/strong>Medizinstudent am California Pacific Medical Center Hospital in San Francisco, Kalifornien, im Lebertransplantationsteam.<\/p><p><strong><span style=\"color: #aa83b1;\">\u221a<\/span> <\/strong>Stipendium der Schwedisch-Spanischen Stiftung f\u00fcr ein Medizinstudium am Karolinska Institutet und die Mitarbeit an einem Forschungsprojekt.<\/p><p><strong><span style=\"color: #aa83b1;\">\u221a<\/span> <\/strong>Kooperationsstipendium mit Fachbereichen f\u00fcr Studenten im letzten Studienjahr des Ministeriums f\u00fcr Bildung und Wissenschaft.<\/p><p><strong><span style=\"color: #aa83b1;\">\u221a<\/span> <\/strong>Mitglied nationaler und internationaler wissenschaftlicher Gesellschaften<\/p>\t\t\t\t\t\t\t\t<\/div>\n\t\t\t\t<\/div>\n\t\t\t\t<div class=\"elementor-element elementor-element-2f7beb0 elementor-hidden-desktop elementor-hidden-tablet elementor-widget elementor-widget-text-editor\" data-id=\"2f7beb0\" data-element_type=\"widget\" data-e-type=\"widget\" data-widget_type=\"text-editor.default\">\n\t\t\t\t<div class=\"elementor-widget-container\">\n\t\t\t\t\t\t\t\t\t<p>Termin anfragen<\/p>\t\t\t\t\t\t\t\t<\/div>\n\t\t\t\t<\/div>\n\t\t\t\t<section class=\"elementor-section elementor-inner-section elementor-element elementor-element-47c2c23 elementor-hidden-desktop elementor-hidden-tablet elementor-section-boxed elementor-section-height-default elementor-section-height-default\" data-id=\"47c2c23\" data-element_type=\"section\" data-e-type=\"section\">\n\t\t\t\t\t\t<div class=\"elementor-container elementor-column-gap-default\">\n\t\t\t\t\t<div class=\"elementor-column elementor-col-50 elementor-inner-column elementor-element elementor-element-52d8c5f\" data-id=\"52d8c5f\" data-element_type=\"column\" data-e-type=\"column\">\n\t\t\t<div class=\"elementor-widget-wrap elementor-element-populated\">\n\t\t\t\t\t\t<div class=\"elementor-element elementor-element-11c1e80 elementor-align-right elementor-widget elementor-widget-button\" data-id=\"11c1e80\" data-element_type=\"widget\" data-e-type=\"widget\" data-widget_type=\"button.default\">\n\t\t\t\t<div class=\"elementor-widget-container\">\n\t\t\t\t\t\t\t\t\t<div class=\"elementor-button-wrapper\">\n\t\t\t\t\t<a class=\"elementor-button elementor-button-link elementor-size-sm\" href=\"https:\/\/www.doctoralia.es\/clinicas\/instituto-de-ginecologia-avanzada-2?saasonly=true\" target=\"_blank\">\n\t\t\t\t\t\t<span class=\"elementor-button-content-wrapper\">\n\t\t\t\t\t\t\t\t\t<span class=\"elementor-button-text\">Francesc Maci\u00e0<\/span>\n\t\t\t\t\t<\/span>\n\t\t\t\t\t<\/a>\n\t\t\t\t<\/div>\n\t\t\t\t\t\t\t\t<\/div>\n\t\t\t\t<\/div>\n\t\t\t\t\t<\/div>\n\t\t<\/div>\n\t\t\t\t<div class=\"elementor-column elementor-col-50 elementor-inner-column elementor-element elementor-element-5380aa2\" data-id=\"5380aa2\" data-element_type=\"column\" data-e-type=\"column\">\n\t\t\t<div class=\"elementor-widget-wrap elementor-element-populated\">\n\t\t\t\t\t\t<div class=\"elementor-element elementor-element-708f326 elementor-widget elementor-widget-button\" data-id=\"708f326\" data-element_type=\"widget\" data-e-type=\"widget\" data-widget_type=\"button.default\">\n\t\t\t\t<div class=\"elementor-widget-container\">\n\t\t\t\t\t\t\t\t\t<div class=\"elementor-button-wrapper\">\n\t\t\t\t\t<a class=\"elementor-button elementor-button-link elementor-size-sm\" href=\"https:\/\/ginecologiaavanzada.es\/de\/#Zitat\">\n\t\t\t\t\t\t<span class=\"elementor-button-content-wrapper\">\n\t\t\t\t\t\t\t\t\t<span class=\"elementor-button-text\">CENTRO QUIR\u00d3N<\/span>\n\t\t\t\t\t<\/span>\n\t\t\t\t\t<\/a>\n\t\t\t\t<\/div>\n\t\t\t\t\t\t\t\t<\/div>\n\t\t\t\t<\/div>\n\t\t\t\t\t<\/div>\n\t\t<\/div>\n\t\t\t\t\t<\/div>\n\t\t<\/section>\n\t\t\t\t\t<\/div>\n\t\t<\/div>\n\t\t\t\t\t<\/div>\n\t\t<\/section>\n\t\t\t\t<\/div>\n\t\t","protected":false},"excerpt":{"rendered":"<p>Dr. Ines Bomb\u00ed Civit SPEZIALIST Normale und RisikoschwangerschaftenRespektvolle GeburtsbegleitungPr\u00e4nataldiagnostikUmfassendes WechseljahresmanagementAllgemeine und jugendliche Gyn\u00e4kologie Termin anfragen Francesc Maci\u00e0 CENTRO QUIR\u00d3N Als spezialisierter Gyn\u00e4kologe habe ich in mehreren renommierten Krankenh\u00e4usern gearbeitet: Sant Joan de D\u00e9u de Esplugues de Llobregat, Hospital Dexeus, Hospital Quir\u00f3n, Cl\u00ednica Diagonal, Adeslas Diagonal und Advance Medical. Seit 2016 als Spezialistin und Direktorin des [&hellip;]<\/p>\n","protected":false},"author":6,"featured_media":0,"parent":0,"menu_order":0,"comment_status":"closed","ping_status":"closed","template":"","meta":{"_joinchat":[],"footnotes":""},"class_list":["post-82542","page","type-page","status-publish","hentry","entry"],"yoast_head":"<!-- This site is optimized with the Yoast SEO Premium plugin v27.1 (Yoast SEO v27.2) - https:\/\/yoast.com\/product\/yoast-seo-premium-wordpress\/ -->\n<title>IN\u00c9S BOMB\u00cd CIVIT &#8902; Instituto Ginecolog\u00eda Avanzada<\/title>\n<meta name=\"robots\" content=\"index, follow, max-snippet:-1, max-image-preview:large, max-video-preview:-1\" \/>\n<link rel=\"canonical\" href=\"https:\/\/ginecologiaavanzada.es\/de\/ines-bombi-civit\/\" \/>\n<meta property=\"og:locale\" content=\"de_DE\" \/>\n<meta property=\"og:type\" content=\"article\" \/>\n<meta property=\"og:title\" content=\"IN\u00c9S BOMB\u00cd CIVIT\" \/>\n<meta property=\"og:description\" content=\"Dr. Ines Bomb\u00ed Civit SPEZIALIST Normale und RisikoschwangerschaftenRespektvolle GeburtsbegleitungPr\u00e4nataldiagnostikUmfassendes WechseljahresmanagementAllgemeine und jugendliche Gyn\u00e4kologie Termin anfragen Francesc Maci\u00e0 CENTRO QUIR\u00d3N Als spezialisierter Gyn\u00e4kologe habe ich in mehreren renommierten Krankenh\u00e4usern gearbeitet: Sant Joan de D\u00e9u de Esplugues de Llobregat, Hospital Dexeus, Hospital Quir\u00f3n, Cl\u00ednica Diagonal, Adeslas Diagonal und Advance Medical. Seit 2016 als Spezialistin und Direktorin des [&hellip;]\" \/>\n<meta property=\"og:url\" content=\"https:\/\/ginecologiaavanzada.es\/de\/ines-bombi-civit\/\" \/>\n<meta property=\"og:site_name\" content=\"Instituto Ginecolog\u00eda Avanzada\" \/>\n<meta property=\"article:modified_time\" content=\"2026-02-27T09:27:05+00:00\" \/>\n<meta property=\"og:image\" content=\"https:\/\/ginecologiaavanzada.es\/wp-content\/uploads\/2025\/11\/Ines-Bombi-06-Photoroom-400x400.png\" \/>\n<meta name=\"twitter:card\" content=\"summary_large_image\" \/>\n<meta name=\"twitter:label1\" content=\"Gesch\u00e4tzte Lesezeit\" \/>\n\t<meta name=\"twitter:data1\" content=\"1\u00a0Minute\" \/>\n<script type=\"application\/ld+json\" class=\"yoast-schema-graph\">{\"@context\":\"https:\/\/schema.org\",\"@graph\":[{\"@type\":\"WebPage\",\"@id\":\"https:\/\/ginecologiaavanzada.es\/de\/ines-bombi-civit\/\",\"url\":\"https:\/\/ginecologiaavanzada.es\/de\/ines-bombi-civit\/\",\"name\":\"IN\u00c9S BOMB\u00cd CIVIT &#8902; Instituto Ginecolog\u00eda Avanzada\",\"isPartOf\":{\"@id\":\"https:\/\/ginecologiaavanzada.es\/de\/#website\"},\"primaryImageOfPage\":{\"@id\":\"https:\/\/ginecologiaavanzada.es\/de\/ines-bombi-civit\/#primaryimage\"},\"image\":{\"@id\":\"https:\/\/ginecologiaavanzada.es\/de\/ines-bombi-civit\/#primaryimage\"},\"thumbnailUrl\":\"https:\/\/ginecologiaavanzada.es\/wp-content\/uploads\/2025\/11\/Ines-Bombi-06-Photoroom-400x400.png\",\"datePublished\":\"2025-12-04T18:08:24+00:00\",\"dateModified\":\"2026-02-27T09:27:05+00:00\",\"breadcrumb\":{\"@id\":\"https:\/\/ginecologiaavanzada.es\/de\/ines-bombi-civit\/#breadcrumb\"},\"inLanguage\":\"de\",\"potentialAction\":[{\"@type\":\"ReadAction\",\"target\":[\"https:\/\/ginecologiaavanzada.es\/de\/ines-bombi-civit\/\"]}]},{\"@type\":\"ImageObject\",\"inLanguage\":\"de\",\"@id\":\"https:\/\/ginecologiaavanzada.es\/de\/ines-bombi-civit\/#primaryimage\",\"url\":\"https:\/\/ginecologiaavanzada.es\/wp-content\/uploads\/2025\/11\/Ines-Bombi-06-Photoroom-400x400.png\",\"contentUrl\":\"https:\/\/ginecologiaavanzada.es\/wp-content\/uploads\/2025\/11\/Ines-Bombi-06-Photoroom-400x400.png\"},{\"@type\":\"BreadcrumbList\",\"@id\":\"https:\/\/ginecologiaavanzada.es\/de\/ines-bombi-civit\/#breadcrumb\",\"itemListElement\":[{\"@type\":\"ListItem\",\"position\":1,\"name\":\"Portada\",\"item\":\"https:\/\/ginecologiaavanzada.es\/de\/\"},{\"@type\":\"ListItem\",\"position\":2,\"name\":\"IN\u00c9S BOMB\u00cd CIVIT\"}]},{\"@type\":\"WebSite\",\"@id\":\"https:\/\/ginecologiaavanzada.es\/de\/#website\",\"url\":\"https:\/\/ginecologiaavanzada.es\/de\/\",\"name\":\"Ginecologia Avanzada\",\"description\":\"Enfoque integral de la mujer, visi\u00f3n de la mujer en todos sus aspectos, f\u00edsicos, y emocionales.\",\"publisher\":{\"@id\":\"https:\/\/ginecologiaavanzada.es\/de\/#organization\"},\"potentialAction\":[{\"@type\":\"SearchAction\",\"target\":{\"@type\":\"EntryPoint\",\"urlTemplate\":\"https:\/\/ginecologiaavanzada.es\/de\/?s={search_term_string}\"},\"query-input\":{\"@type\":\"PropertyValueSpecification\",\"valueRequired\":true,\"valueName\":\"search_term_string\"}}],\"inLanguage\":\"de\"},{\"@type\":\"Organization\",\"@id\":\"https:\/\/ginecologiaavanzada.es\/de\/#organization\",\"name\":\"Ginecologia Avanzada\",\"url\":\"https:\/\/ginecologiaavanzada.es\/de\/\",\"logo\":{\"@type\":\"ImageObject\",\"inLanguage\":\"de\",\"@id\":\"https:\/\/ginecologiaavanzada.es\/de\/#\/schema\/logo\/image\/\",\"url\":\"https:\/\/ginecologiaavanzada.es\/wp-content\/uploads\/logo-fosc-1.jpg\",\"contentUrl\":\"https:\/\/ginecologiaavanzada.es\/wp-content\/uploads\/logo-fosc-1.jpg\",\"width\":680,\"height\":280,\"caption\":\"Ginecologia Avanzada\"},\"image\":{\"@id\":\"https:\/\/ginecologiaavanzada.es\/de\/#\/schema\/logo\/image\/\"}}]}<\/script>\n<!-- \/ Yoast SEO Premium plugin. -->","yoast_head_json":{"title":"IN\u00c9S BOMB\u00cd CIVIT &#8902; Instituto Ginecolog\u00eda Avanzada","robots":{"index":"index","follow":"follow","max-snippet":"max-snippet:-1","max-image-preview":"max-image-preview:large","max-video-preview":"max-video-preview:-1"},"canonical":"https:\/\/ginecologiaavanzada.es\/de\/ines-bombi-civit\/","og_locale":"de_DE","og_type":"article","og_title":"IN\u00c9S BOMB\u00cd CIVIT","og_description":"Dr. Ines Bomb\u00ed Civit SPEZIALIST Normale und RisikoschwangerschaftenRespektvolle GeburtsbegleitungPr\u00e4nataldiagnostikUmfassendes WechseljahresmanagementAllgemeine und jugendliche Gyn\u00e4kologie Termin anfragen Francesc Maci\u00e0 CENTRO QUIR\u00d3N Als spezialisierter Gyn\u00e4kologe habe ich in mehreren renommierten Krankenh\u00e4usern gearbeitet: Sant Joan de D\u00e9u de Esplugues de Llobregat, Hospital Dexeus, Hospital Quir\u00f3n, Cl\u00ednica Diagonal, Adeslas Diagonal und Advance Medical. Seit 2016 als Spezialistin und Direktorin des [&hellip;]","og_url":"https:\/\/ginecologiaavanzada.es\/de\/ines-bombi-civit\/","og_site_name":"Instituto Ginecolog\u00eda Avanzada","article_modified_time":"2026-02-27T09:27:05+00:00","og_image":[{"url":"https:\/\/ginecologiaavanzada.es\/wp-content\/uploads\/2025\/11\/Ines-Bombi-06-Photoroom-400x400.png","type":"","width":"","height":""}],"twitter_card":"summary_large_image","twitter_misc":{"Gesch\u00e4tzte Lesezeit":"1\u00a0Minute"},"schema":{"@context":"https:\/\/schema.org","@graph":[{"@type":"WebPage","@id":"https:\/\/ginecologiaavanzada.es\/de\/ines-bombi-civit\/","url":"https:\/\/ginecologiaavanzada.es\/de\/ines-bombi-civit\/","name":"IN\u00c9S BOMB\u00cd CIVIT &#8902; Instituto Ginecolog\u00eda Avanzada","isPartOf":{"@id":"https:\/\/ginecologiaavanzada.es\/de\/#website"},"primaryImageOfPage":{"@id":"https:\/\/ginecologiaavanzada.es\/de\/ines-bombi-civit\/#primaryimage"},"image":{"@id":"https:\/\/ginecologiaavanzada.es\/de\/ines-bombi-civit\/#primaryimage"},"thumbnailUrl":"https:\/\/ginecologiaavanzada.es\/wp-content\/uploads\/2025\/11\/Ines-Bombi-06-Photoroom-400x400.png","datePublished":"2025-12-04T18:08:24+00:00","dateModified":"2026-02-27T09:27:05+00:00","breadcrumb":{"@id":"https:\/\/ginecologiaavanzada.es\/de\/ines-bombi-civit\/#breadcrumb"},"inLanguage":"de","potentialAction":[{"@type":"ReadAction","target":["https:\/\/ginecologiaavanzada.es\/de\/ines-bombi-civit\/"]}]},{"@type":"ImageObject","inLanguage":"de","@id":"https:\/\/ginecologiaavanzada.es\/de\/ines-bombi-civit\/#primaryimage","url":"https:\/\/ginecologiaavanzada.es\/wp-content\/uploads\/2025\/11\/Ines-Bombi-06-Photoroom-400x400.png","contentUrl":"https:\/\/ginecologiaavanzada.es\/wp-content\/uploads\/2025\/11\/Ines-Bombi-06-Photoroom-400x400.png"},{"@type":"BreadcrumbList","@id":"https:\/\/ginecologiaavanzada.es\/de\/ines-bombi-civit\/#breadcrumb","itemListElement":[{"@type":"ListItem","position":1,"name":"Portada","item":"https:\/\/ginecologiaavanzada.es\/de\/"},{"@type":"ListItem","position":2,"name":"IN\u00c9S BOMB\u00cd CIVIT"}]},{"@type":"WebSite","@id":"https:\/\/ginecologiaavanzada.es\/de\/#website","url":"https:\/\/ginecologiaavanzada.es\/de\/","name":"Ginecologia Avanzada","description":"Enfoque integral de la mujer, visi\u00f3n de la mujer en todos sus aspectos, f\u00edsicos, y emocionales.","publisher":{"@id":"https:\/\/ginecologiaavanzada.es\/de\/#organization"},"potentialAction":[{"@type":"SearchAction","target":{"@type":"EntryPoint","urlTemplate":"https:\/\/ginecologiaavanzada.es\/de\/?s={search_term_string}"},"query-input":{"@type":"PropertyValueSpecification","valueRequired":true,"valueName":"search_term_string"}}],"inLanguage":"de"},{"@type":"Organization","@id":"https:\/\/ginecologiaavanzada.es\/de\/#organization","name":"Ginecologia Avanzada","url":"https:\/\/ginecologiaavanzada.es\/de\/","logo":{"@type":"ImageObject","inLanguage":"de","@id":"https:\/\/ginecologiaavanzada.es\/de\/#\/schema\/logo\/image\/","url":"https:\/\/ginecologiaavanzada.es\/wp-content\/uploads\/logo-fosc-1.jpg","contentUrl":"https:\/\/ginecologiaavanzada.es\/wp-content\/uploads\/logo-fosc-1.jpg","width":680,"height":280,"caption":"Ginecologia Avanzada"},"image":{"@id":"https:\/\/ginecologiaavanzada.es\/de\/#\/schema\/logo\/image\/"}}]}},"_links":{"self":[{"href":"https:\/\/ginecologiaavanzada.es\/de\/wp-json\/wp\/v2\/pages\/82542","targetHints":{"allow":["GET"]}}],"collection":[{"href":"https:\/\/ginecologiaavanzada.es\/de\/wp-json\/wp\/v2\/pages"}],"about":[{"href":"https:\/\/ginecologiaavanzada.es\/de\/wp-json\/wp\/v2\/types\/page"}],"author":[{"embeddable":true,"href":"https:\/\/ginecologiaavanzada.es\/de\/wp-json\/wp\/v2\/users\/6"}],"replies":[{"embeddable":true,"href":"https:\/\/ginecologiaavanzada.es\/de\/wp-json\/wp\/v2\/comments?post=82542"}],"version-history":[{"count":17,"href":"https:\/\/ginecologiaavanzada.es\/de\/wp-json\/wp\/v2\/pages\/82542\/revisions"}],"predecessor-version":[{"id":83208,"href":"https:\/\/ginecologiaavanzada.es\/de\/wp-json\/wp\/v2\/pages\/82542\/revisions\/83208"}],"wp:attachment":[{"href":"https:\/\/ginecologiaavanzada.es\/de\/wp-json\/wp\/v2\/media?parent=82542"}],"curies":[{"name":"wp","href":"https:\/\/api.w.org\/{rel}","templated":true}]}}