{"id":82702,"date":"2025-12-05T14:28:01","date_gmt":"2025-12-05T14:28:01","guid":{"rendered":"https:\/\/ginecologiaavanzada.es\/leonor-asuncion-ballester-joya\/"},"modified":"2026-02-27T09:41:06","modified_gmt":"2026-02-27T09:41:06","slug":"leonor-asuncion-ballester-joya","status":"publish","type":"page","link":"https:\/\/ginecologiaavanzada.es\/de\/leonor-asuncion-ballester-joya\/","title":{"rendered":"Leonor Asunci\u00f3n Ballester Joya"},"content":{"rendered":"\t\t<div data-elementor-type=\"wp-page\" data-elementor-id=\"82702\" class=\"elementor elementor-82702 elementor-80824\" data-elementor-post-type=\"page\">\n\t\t\t\t\t\t<section class=\"elementor-section elementor-top-section elementor-element elementor-element-d1b96b7 elementor-section-boxed elementor-section-height-default elementor-section-height-default\" data-id=\"d1b96b7\" data-element_type=\"section\" data-e-type=\"section\">\n\t\t\t\t\t\t<div class=\"elementor-container elementor-column-gap-default\">\n\t\t\t\t\t<div class=\"elementor-column elementor-col-50 elementor-top-column elementor-element elementor-element-1ed2a1c\" data-id=\"1ed2a1c\" data-element_type=\"column\" data-e-type=\"column\">\n\t\t\t<div class=\"elementor-widget-wrap elementor-element-populated\">\n\t\t\t\t\t\t<div class=\"elementor-element elementor-element-6884652 elementor-widget elementor-widget-image\" data-id=\"6884652\" data-element_type=\"widget\" data-e-type=\"widget\" data-widget_type=\"image.default\">\n\t\t\t\t<div class=\"elementor-widget-container\">\n\t\t\t\t\t\t\t\t\t\t\t\t\t\t\t<img fetchpriority=\"high\" decoding=\"async\" width=\"400\" height=\"320\" src=\"https:\/\/ginecologiaavanzada.es\/wp-content\/uploads\/2025\/12\/prof_12893_20220228144640-400x320.png\" class=\"attachment-large size-large wp-image-82701\" alt=\"\" srcset=\"https:\/\/ginecologiaavanzada.es\/wp-content\/uploads\/2025\/12\/prof_12893_20220228144640-400x320.png 400w, https:\/\/ginecologiaavanzada.es\/wp-content\/uploads\/2025\/12\/prof_12893_20220228144640.png 450w\" sizes=\"(max-width: 400px) 100vw, 400px\" \/>\t\t\t\t\t\t\t\t\t\t\t\t\t\t\t<\/div>\n\t\t\t\t<\/div>\n\t\t\t\t<div class=\"elementor-element elementor-element-de2decf elementor-widget elementor-widget-text-editor\" data-id=\"de2decf\" data-element_type=\"widget\" data-e-type=\"widget\" data-widget_type=\"text-editor.default\">\n\t\t\t\t<div class=\"elementor-widget-container\">\n\t\t\t\t\t\t\t\t\t<p>Dr. Leonor Asunci\u00f3n Ballester Joya <\/p>\t\t\t\t\t\t\t\t<\/div>\n\t\t\t\t<\/div>\n\t\t\t\t<div class=\"elementor-element elementor-element-f389ade elementor-widget elementor-widget-text-editor\" data-id=\"f389ade\" data-element_type=\"widget\" data-e-type=\"widget\" data-widget_type=\"text-editor.default\">\n\t\t\t\t<div class=\"elementor-widget-container\">\n\t\t\t\t\t\t\t\t\t<p><span style=\"color: #aa83b1;\">SPEZIALIST<\/span><\/p><div>Autoimmunerkrankungen<br>Infektionskrankheiten<br>Unfruchtbarkeit<\/div><div> <\/div>\t\t\t\t\t\t\t\t<\/div>\n\t\t\t\t<\/div>\n\t\t\t\t<div class=\"elementor-element elementor-element-ec624b8 elementor-hidden-mobile elementor-widget elementor-widget-text-editor\" data-id=\"ec624b8\" data-element_type=\"widget\" data-e-type=\"widget\" data-widget_type=\"text-editor.default\">\n\t\t\t\t<div class=\"elementor-widget-container\">\n\t\t\t\t\t\t\t\t\t<p>Termin anfragen<\/p>\t\t\t\t\t\t\t\t<\/div>\n\t\t\t\t<\/div>\n\t\t\t\t<section class=\"elementor-section elementor-inner-section elementor-element elementor-element-f0fa187 elementor-hidden-mobile elementor-section-boxed elementor-section-height-default elementor-section-height-default\" data-id=\"f0fa187\" data-element_type=\"section\" data-e-type=\"section\">\n\t\t\t\t\t\t<div class=\"elementor-container elementor-column-gap-default\">\n\t\t\t\t\t<div class=\"elementor-column elementor-col-33 elementor-inner-column elementor-element elementor-element-53e07fd\" data-id=\"53e07fd\" data-element_type=\"column\" data-e-type=\"column\">\n\t\t\t<div class=\"elementor-widget-wrap\">\n\t\t\t\t\t\t\t<\/div>\n\t\t<\/div>\n\t\t\t\t<div class=\"elementor-column elementor-col-33 elementor-inner-column elementor-element elementor-element-ceaa54d\" data-id=\"ceaa54d\" data-element_type=\"column\" data-e-type=\"column\">\n\t\t\t<div class=\"elementor-widget-wrap elementor-element-populated\">\n\t\t\t\t\t\t<div class=\"elementor-element elementor-element-efab96e elementor-align-center elementor-widget elementor-widget-button\" data-id=\"efab96e\" data-element_type=\"widget\" data-e-type=\"widget\" data-widget_type=\"button.default\">\n\t\t\t\t<div class=\"elementor-widget-container\">\n\t\t\t\t\t\t\t\t\t<div class=\"elementor-button-wrapper\">\n\t\t\t\t\t<a class=\"elementor-button elementor-button-link elementor-size-sm\" href=\"#\">\n\t\t\t\t\t\t<span class=\"elementor-button-content-wrapper\">\n\t\t\t\t\t\t\t\t\t<span class=\"elementor-button-text\">FRANCESC MACI\u00c0<\/span>\n\t\t\t\t\t<\/span>\n\t\t\t\t\t<\/a>\n\t\t\t\t<\/div>\n\t\t\t\t\t\t\t\t<\/div>\n\t\t\t\t<\/div>\n\t\t\t\t\t<\/div>\n\t\t<\/div>\n\t\t\t\t<div class=\"elementor-column elementor-col-33 elementor-inner-column elementor-element elementor-element-754ed0a\" data-id=\"754ed0a\" data-element_type=\"column\" data-e-type=\"column\">\n\t\t\t<div class=\"elementor-widget-wrap\">\n\t\t\t\t\t\t\t<\/div>\n\t\t<\/div>\n\t\t\t\t\t<\/div>\n\t\t<\/section>\n\t\t\t\t\t<\/div>\n\t\t<\/div>\n\t\t\t\t<div class=\"elementor-column elementor-col-50 elementor-top-column elementor-element elementor-element-fc21a34\" data-id=\"fc21a34\" data-element_type=\"column\" data-e-type=\"column\">\n\t\t\t<div class=\"elementor-widget-wrap elementor-element-populated\">\n\t\t\t\t\t\t<div class=\"elementor-element elementor-element-dcc8d9c elementor-widget elementor-widget-text-editor\" data-id=\"dcc8d9c\" data-element_type=\"widget\" data-e-type=\"widget\" data-widget_type=\"text-editor.default\">\n\t\t\t\t<div class=\"elementor-widget-container\">\n\t\t\t\t\t\t\t\t\t<p><strong><span style=\"color: #aa83b1;\">\u221a<\/span> <\/strong>Absolventin der Medizin und Chirurgie der Universit\u00e4t Rovira i Virgili. Sie ist Fach\u00e4rztin f\u00fcr Innere Medizin, \u00fcber MIR. \u00a0<\/p><p><strong><span style=\"color: #aa83b1;\">\u221a<\/span> <\/strong>Spezialisiert auf die Diagnose und Behandlung von systemischen Autoimmunerkrankungen, im Allgemeinen Krankenhaus von Matar\u00f3, im Krankenhaus Vall d&#8217;Hebron in Barcelona und im Rahmen internationaler Krankenhausaufenthalte.\u00a0<\/p><p><strong><span style=\"color: #aa83b1;\">\u221a<\/span> <\/strong>Doktor cum laude in Medizin (Spezialisierung auf Infektionskrankheiten) von der Autonomen Universit\u00e4t von Barcelona (UAB<span style=\"color: #aa83b1; font-size: 18px;\">) <\/span>. Postgraduiertenabschluss in &#8222;Community Prevalent Diseases&#8220; von der UAB. \u00a0<\/p><p><strong><span style=\"color: #aa83b1;\">\u221a<\/span> <\/strong>Aktives Mitglied der Spanischen Gesellschaft f\u00fcr Innere Medizin (SEMI). Mitglied der SEMI-GEAS (Systemic Autoimmune Diseases Group of SEMI) und der Infectious Diseases Group of SEMI. \u00a0<\/p><p><strong><span style=\"color: #aa83b1;\">\u221a<\/span> <\/strong>Aktives Mitglied der Gruppe der externen Berater der Nationalen Kommission f\u00fcr assistierte menschliche Reproduktion des Gesundheitsministeriums (CNRHA), als Vertreter der Spanischen Gesellschaft f\u00fcr Innere Medizin.\u00a0<\/p><p><strong><span style=\"color: #aa83b1;\">\u221a<\/span> <\/strong>Mitglied des Vorstands der Katalanisch-Balearischen Gesellschaft f\u00fcr Innere Medizin als Mitglied des Vorstands der Assistenz\u00e4rzte und Koordinator der klinischen F\u00e4lle. Lehrt\u00e4tigkeit f\u00fcr Assistenz\u00e4rzte im Bereich der \u00f6ffentlichen Gesundheit. \u00a0<\/p><p><strong><span style=\"color: #aa83b1;\">\u221a<\/span> <\/strong>Mitarbeiterin in mehreren Forschungsbereichen f\u00fcr systemische Autoimmunkrankheiten. Autor mehrerer nationaler und internationaler indizierter Publikationen, insbesondere auf dem Gebiet der Sepsis und des septischen Schocks.<\/p>\t\t\t\t\t\t\t\t<\/div>\n\t\t\t\t<\/div>\n\t\t\t\t<div class=\"elementor-element elementor-element-f933db5 elementor-hidden-desktop elementor-hidden-tablet elementor-widget elementor-widget-text-editor\" data-id=\"f933db5\" data-element_type=\"widget\" data-e-type=\"widget\" data-widget_type=\"text-editor.default\">\n\t\t\t\t<div class=\"elementor-widget-container\">\n\t\t\t\t\t\t\t\t\t<p>Termin anfragen<\/p>\t\t\t\t\t\t\t\t<\/div>\n\t\t\t\t<\/div>\n\t\t\t\t<section class=\"elementor-section elementor-inner-section elementor-element elementor-element-6e84f29 elementor-hidden-desktop elementor-hidden-tablet elementor-section-boxed elementor-section-height-default elementor-section-height-default\" data-id=\"6e84f29\" data-element_type=\"section\" data-e-type=\"section\">\n\t\t\t\t\t\t<div class=\"elementor-container elementor-column-gap-default\">\n\t\t\t\t\t<div class=\"elementor-column elementor-col-33 elementor-inner-column elementor-element elementor-element-559d07b\" data-id=\"559d07b\" data-element_type=\"column\" data-e-type=\"column\">\n\t\t\t<div class=\"elementor-widget-wrap\">\n\t\t\t\t\t\t\t<\/div>\n\t\t<\/div>\n\t\t\t\t<div class=\"elementor-column elementor-col-33 elementor-inner-column elementor-element elementor-element-1a4b6e4\" data-id=\"1a4b6e4\" data-element_type=\"column\" data-e-type=\"column\">\n\t\t\t<div class=\"elementor-widget-wrap elementor-element-populated\">\n\t\t\t\t\t\t<div class=\"elementor-element elementor-element-1c0790a elementor-align-center elementor-widget elementor-widget-button\" data-id=\"1c0790a\" data-element_type=\"widget\" data-e-type=\"widget\" data-widget_type=\"button.default\">\n\t\t\t\t<div class=\"elementor-widget-container\">\n\t\t\t\t\t\t\t\t\t<div class=\"elementor-button-wrapper\">\n\t\t\t\t\t<a class=\"elementor-button elementor-button-link elementor-size-sm\" href=\"#\">\n\t\t\t\t\t\t<span class=\"elementor-button-content-wrapper\">\n\t\t\t\t\t\t\t\t\t<span class=\"elementor-button-text\">FRANCESC MACI\u00c0<\/span>\n\t\t\t\t\t<\/span>\n\t\t\t\t\t<\/a>\n\t\t\t\t<\/div>\n\t\t\t\t\t\t\t\t<\/div>\n\t\t\t\t<\/div>\n\t\t\t\t\t<\/div>\n\t\t<\/div>\n\t\t\t\t<div class=\"elementor-column elementor-col-33 elementor-inner-column elementor-element elementor-element-4199668\" data-id=\"4199668\" data-element_type=\"column\" data-e-type=\"column\">\n\t\t\t<div class=\"elementor-widget-wrap\">\n\t\t\t\t\t\t\t<\/div>\n\t\t<\/div>\n\t\t\t\t\t<\/div>\n\t\t<\/section>\n\t\t\t\t\t<\/div>\n\t\t<\/div>\n\t\t\t\t\t<\/div>\n\t\t<\/section>\n\t\t\t\t<\/div>\n\t\t","protected":false},"excerpt":{"rendered":"<p>Dr. Leonor Asunci\u00f3n Ballester Joya SPEZIALIST AutoimmunerkrankungenInfektionskrankheitenUnfruchtbarkeit Termin anfragen FRANCESC MACI\u00c0 \u221a Absolventin der Medizin und Chirurgie der Universit\u00e4t Rovira i Virgili. Sie ist Fach\u00e4rztin f\u00fcr Innere Medizin, \u00fcber MIR. \u00a0 \u221a Spezialisiert auf die Diagnose und Behandlung von systemischen Autoimmunerkrankungen, im Allgemeinen Krankenhaus von Matar\u00f3, im Krankenhaus Vall d&#8217;Hebron in Barcelona und im Rahmen [&hellip;]<\/p>\n","protected":false},"author":6,"featured_media":0,"parent":0,"menu_order":0,"comment_status":"closed","ping_status":"closed","template":"","meta":{"_joinchat":[],"footnotes":""},"class_list":["post-82702","page","type-page","status-publish","hentry","entry"],"yoast_head":"<!-- This site is optimized with the Yoast SEO Premium plugin v27.1 (Yoast SEO v27.2) - https:\/\/yoast.com\/product\/yoast-seo-premium-wordpress\/ -->\n<title>Leonor Asunci\u00f3n Ballester Joya &#8902; Instituto Ginecolog\u00eda Avanzada<\/title>\n<meta name=\"robots\" content=\"index, follow, max-snippet:-1, max-image-preview:large, max-video-preview:-1\" \/>\n<link rel=\"canonical\" href=\"https:\/\/ginecologiaavanzada.es\/de\/leonor-asuncion-ballester-joya\/\" \/>\n<meta property=\"og:locale\" content=\"de_DE\" \/>\n<meta property=\"og:type\" content=\"article\" \/>\n<meta property=\"og:title\" content=\"Leonor Asunci\u00f3n Ballester Joya\" \/>\n<meta property=\"og:description\" content=\"Dr. Leonor Asunci\u00f3n Ballester Joya SPEZIALIST AutoimmunerkrankungenInfektionskrankheitenUnfruchtbarkeit Termin anfragen FRANCESC MACI\u00c0 \u221a Absolventin der Medizin und Chirurgie der Universit\u00e4t Rovira i Virgili. Sie ist Fach\u00e4rztin f\u00fcr Innere Medizin, \u00fcber MIR. \u00a0 \u221a Spezialisiert auf die Diagnose und Behandlung von systemischen Autoimmunerkrankungen, im Allgemeinen Krankenhaus von Matar\u00f3, im Krankenhaus Vall d&#8217;Hebron in Barcelona und im Rahmen [&hellip;]\" \/>\n<meta property=\"og:url\" content=\"https:\/\/ginecologiaavanzada.es\/de\/leonor-asuncion-ballester-joya\/\" \/>\n<meta property=\"og:site_name\" content=\"Instituto Ginecolog\u00eda Avanzada\" \/>\n<meta property=\"article:modified_time\" content=\"2026-02-27T09:41:06+00:00\" \/>\n<meta property=\"og:image\" content=\"https:\/\/ginecologiaavanzada.es\/wp-content\/uploads\/2025\/12\/prof_12893_20220228144640-400x320.png\" \/>\n<meta name=\"twitter:card\" content=\"summary_large_image\" \/>\n<meta name=\"twitter:label1\" content=\"Gesch\u00e4tzte Lesezeit\" \/>\n\t<meta name=\"twitter:data1\" content=\"1\u00a0Minute\" \/>\n<script type=\"application\/ld+json\" class=\"yoast-schema-graph\">{\"@context\":\"https:\/\/schema.org\",\"@graph\":[{\"@type\":\"WebPage\",\"@id\":\"https:\/\/ginecologiaavanzada.es\/de\/leonor-asuncion-ballester-joya\/\",\"url\":\"https:\/\/ginecologiaavanzada.es\/de\/leonor-asuncion-ballester-joya\/\",\"name\":\"Leonor Asunci\u00f3n Ballester Joya &#8902; Instituto Ginecolog\u00eda Avanzada\",\"isPartOf\":{\"@id\":\"https:\/\/ginecologiaavanzada.es\/de\/#website\"},\"primaryImageOfPage\":{\"@id\":\"https:\/\/ginecologiaavanzada.es\/de\/leonor-asuncion-ballester-joya\/#primaryimage\"},\"image\":{\"@id\":\"https:\/\/ginecologiaavanzada.es\/de\/leonor-asuncion-ballester-joya\/#primaryimage\"},\"thumbnailUrl\":\"https:\/\/ginecologiaavanzada.es\/wp-content\/uploads\/2025\/12\/prof_12893_20220228144640-400x320.png\",\"datePublished\":\"2025-12-05T14:28:01+00:00\",\"dateModified\":\"2026-02-27T09:41:06+00:00\",\"breadcrumb\":{\"@id\":\"https:\/\/ginecologiaavanzada.es\/de\/leonor-asuncion-ballester-joya\/#breadcrumb\"},\"inLanguage\":\"de\",\"potentialAction\":[{\"@type\":\"ReadAction\",\"target\":[\"https:\/\/ginecologiaavanzada.es\/de\/leonor-asuncion-ballester-joya\/\"]}]},{\"@type\":\"ImageObject\",\"inLanguage\":\"de\",\"@id\":\"https:\/\/ginecologiaavanzada.es\/de\/leonor-asuncion-ballester-joya\/#primaryimage\",\"url\":\"https:\/\/ginecologiaavanzada.es\/wp-content\/uploads\/2025\/12\/prof_12893_20220228144640-400x320.png\",\"contentUrl\":\"https:\/\/ginecologiaavanzada.es\/wp-content\/uploads\/2025\/12\/prof_12893_20220228144640-400x320.png\"},{\"@type\":\"BreadcrumbList\",\"@id\":\"https:\/\/ginecologiaavanzada.es\/de\/leonor-asuncion-ballester-joya\/#breadcrumb\",\"itemListElement\":[{\"@type\":\"ListItem\",\"position\":1,\"name\":\"Portada\",\"item\":\"https:\/\/ginecologiaavanzada.es\/de\/\"},{\"@type\":\"ListItem\",\"position\":2,\"name\":\"Leonor Asunci\u00f3n Ballester Joya\"}]},{\"@type\":\"WebSite\",\"@id\":\"https:\/\/ginecologiaavanzada.es\/de\/#website\",\"url\":\"https:\/\/ginecologiaavanzada.es\/de\/\",\"name\":\"Ginecologia Avanzada\",\"description\":\"Enfoque integral de la mujer, visi\u00f3n de la mujer en todos sus aspectos, f\u00edsicos, y emocionales.\",\"publisher\":{\"@id\":\"https:\/\/ginecologiaavanzada.es\/de\/#organization\"},\"potentialAction\":[{\"@type\":\"SearchAction\",\"target\":{\"@type\":\"EntryPoint\",\"urlTemplate\":\"https:\/\/ginecologiaavanzada.es\/de\/?s={search_term_string}\"},\"query-input\":{\"@type\":\"PropertyValueSpecification\",\"valueRequired\":true,\"valueName\":\"search_term_string\"}}],\"inLanguage\":\"de\"},{\"@type\":\"Organization\",\"@id\":\"https:\/\/ginecologiaavanzada.es\/de\/#organization\",\"name\":\"Ginecologia Avanzada\",\"url\":\"https:\/\/ginecologiaavanzada.es\/de\/\",\"logo\":{\"@type\":\"ImageObject\",\"inLanguage\":\"de\",\"@id\":\"https:\/\/ginecologiaavanzada.es\/de\/#\/schema\/logo\/image\/\",\"url\":\"https:\/\/ginecologiaavanzada.es\/wp-content\/uploads\/logo-fosc-1.jpg\",\"contentUrl\":\"https:\/\/ginecologiaavanzada.es\/wp-content\/uploads\/logo-fosc-1.jpg\",\"width\":680,\"height\":280,\"caption\":\"Ginecologia Avanzada\"},\"image\":{\"@id\":\"https:\/\/ginecologiaavanzada.es\/de\/#\/schema\/logo\/image\/\"}}]}<\/script>\n<!-- \/ Yoast SEO Premium plugin. -->","yoast_head_json":{"title":"Leonor Asunci\u00f3n Ballester Joya &#8902; Instituto Ginecolog\u00eda Avanzada","robots":{"index":"index","follow":"follow","max-snippet":"max-snippet:-1","max-image-preview":"max-image-preview:large","max-video-preview":"max-video-preview:-1"},"canonical":"https:\/\/ginecologiaavanzada.es\/de\/leonor-asuncion-ballester-joya\/","og_locale":"de_DE","og_type":"article","og_title":"Leonor Asunci\u00f3n Ballester Joya","og_description":"Dr. Leonor Asunci\u00f3n Ballester Joya SPEZIALIST AutoimmunerkrankungenInfektionskrankheitenUnfruchtbarkeit Termin anfragen FRANCESC MACI\u00c0 \u221a Absolventin der Medizin und Chirurgie der Universit\u00e4t Rovira i Virgili. Sie ist Fach\u00e4rztin f\u00fcr Innere Medizin, \u00fcber MIR. \u00a0 \u221a Spezialisiert auf die Diagnose und Behandlung von systemischen Autoimmunerkrankungen, im Allgemeinen Krankenhaus von Matar\u00f3, im Krankenhaus Vall d&#8217;Hebron in Barcelona und im Rahmen [&hellip;]","og_url":"https:\/\/ginecologiaavanzada.es\/de\/leonor-asuncion-ballester-joya\/","og_site_name":"Instituto Ginecolog\u00eda Avanzada","article_modified_time":"2026-02-27T09:41:06+00:00","og_image":[{"url":"https:\/\/ginecologiaavanzada.es\/wp-content\/uploads\/2025\/12\/prof_12893_20220228144640-400x320.png","type":"","width":"","height":""}],"twitter_card":"summary_large_image","twitter_misc":{"Gesch\u00e4tzte Lesezeit":"1\u00a0Minute"},"schema":{"@context":"https:\/\/schema.org","@graph":[{"@type":"WebPage","@id":"https:\/\/ginecologiaavanzada.es\/de\/leonor-asuncion-ballester-joya\/","url":"https:\/\/ginecologiaavanzada.es\/de\/leonor-asuncion-ballester-joya\/","name":"Leonor Asunci\u00f3n Ballester Joya &#8902; Instituto Ginecolog\u00eda Avanzada","isPartOf":{"@id":"https:\/\/ginecologiaavanzada.es\/de\/#website"},"primaryImageOfPage":{"@id":"https:\/\/ginecologiaavanzada.es\/de\/leonor-asuncion-ballester-joya\/#primaryimage"},"image":{"@id":"https:\/\/ginecologiaavanzada.es\/de\/leonor-asuncion-ballester-joya\/#primaryimage"},"thumbnailUrl":"https:\/\/ginecologiaavanzada.es\/wp-content\/uploads\/2025\/12\/prof_12893_20220228144640-400x320.png","datePublished":"2025-12-05T14:28:01+00:00","dateModified":"2026-02-27T09:41:06+00:00","breadcrumb":{"@id":"https:\/\/ginecologiaavanzada.es\/de\/leonor-asuncion-ballester-joya\/#breadcrumb"},"inLanguage":"de","potentialAction":[{"@type":"ReadAction","target":["https:\/\/ginecologiaavanzada.es\/de\/leonor-asuncion-ballester-joya\/"]}]},{"@type":"ImageObject","inLanguage":"de","@id":"https:\/\/ginecologiaavanzada.es\/de\/leonor-asuncion-ballester-joya\/#primaryimage","url":"https:\/\/ginecologiaavanzada.es\/wp-content\/uploads\/2025\/12\/prof_12893_20220228144640-400x320.png","contentUrl":"https:\/\/ginecologiaavanzada.es\/wp-content\/uploads\/2025\/12\/prof_12893_20220228144640-400x320.png"},{"@type":"BreadcrumbList","@id":"https:\/\/ginecologiaavanzada.es\/de\/leonor-asuncion-ballester-joya\/#breadcrumb","itemListElement":[{"@type":"ListItem","position":1,"name":"Portada","item":"https:\/\/ginecologiaavanzada.es\/de\/"},{"@type":"ListItem","position":2,"name":"Leonor Asunci\u00f3n Ballester Joya"}]},{"@type":"WebSite","@id":"https:\/\/ginecologiaavanzada.es\/de\/#website","url":"https:\/\/ginecologiaavanzada.es\/de\/","name":"Ginecologia Avanzada","description":"Enfoque integral de la mujer, visi\u00f3n de la mujer en todos sus aspectos, f\u00edsicos, y emocionales.","publisher":{"@id":"https:\/\/ginecologiaavanzada.es\/de\/#organization"},"potentialAction":[{"@type":"SearchAction","target":{"@type":"EntryPoint","urlTemplate":"https:\/\/ginecologiaavanzada.es\/de\/?s={search_term_string}"},"query-input":{"@type":"PropertyValueSpecification","valueRequired":true,"valueName":"search_term_string"}}],"inLanguage":"de"},{"@type":"Organization","@id":"https:\/\/ginecologiaavanzada.es\/de\/#organization","name":"Ginecologia Avanzada","url":"https:\/\/ginecologiaavanzada.es\/de\/","logo":{"@type":"ImageObject","inLanguage":"de","@id":"https:\/\/ginecologiaavanzada.es\/de\/#\/schema\/logo\/image\/","url":"https:\/\/ginecologiaavanzada.es\/wp-content\/uploads\/logo-fosc-1.jpg","contentUrl":"https:\/\/ginecologiaavanzada.es\/wp-content\/uploads\/logo-fosc-1.jpg","width":680,"height":280,"caption":"Ginecologia Avanzada"},"image":{"@id":"https:\/\/ginecologiaavanzada.es\/de\/#\/schema\/logo\/image\/"}}]}},"_links":{"self":[{"href":"https:\/\/ginecologiaavanzada.es\/de\/wp-json\/wp\/v2\/pages\/82702","targetHints":{"allow":["GET"]}}],"collection":[{"href":"https:\/\/ginecologiaavanzada.es\/de\/wp-json\/wp\/v2\/pages"}],"about":[{"href":"https:\/\/ginecologiaavanzada.es\/de\/wp-json\/wp\/v2\/types\/page"}],"author":[{"embeddable":true,"href":"https:\/\/ginecologiaavanzada.es\/de\/wp-json\/wp\/v2\/users\/6"}],"replies":[{"embeddable":true,"href":"https:\/\/ginecologiaavanzada.es\/de\/wp-json\/wp\/v2\/comments?post=82702"}],"version-history":[{"count":4,"href":"https:\/\/ginecologiaavanzada.es\/de\/wp-json\/wp\/v2\/pages\/82702\/revisions"}],"predecessor-version":[{"id":83226,"href":"https:\/\/ginecologiaavanzada.es\/de\/wp-json\/wp\/v2\/pages\/82702\/revisions\/83226"}],"wp:attachment":[{"href":"https:\/\/ginecologiaavanzada.es\/de\/wp-json\/wp\/v2\/media?parent=82702"}],"curies":[{"name":"wp","href":"https:\/\/api.w.org\/{rel}","templated":true}]}}