{"id":82705,"date":"2025-12-05T13:33:25","date_gmt":"2025-12-05T13:33:25","guid":{"rendered":"https:\/\/ginecologiaavanzada.es\/marina-rabanal-marquez\/"},"modified":"2026-02-27T09:26:36","modified_gmt":"2026-02-27T09:26:36","slug":"marina-rabanal-marquez","status":"publish","type":"page","link":"https:\/\/ginecologiaavanzada.es\/de\/marina-rabanal-marquez\/","title":{"rendered":"Marina Rabanal M\u00e0rquez"},"content":{"rendered":"\t\t<div data-elementor-type=\"wp-page\" data-elementor-id=\"82705\" class=\"elementor elementor-82705 elementor-80758\" data-elementor-post-type=\"page\">\n\t\t\t\t\t\t<section class=\"elementor-section elementor-top-section elementor-element elementor-element-d1b96b7 elementor-section-boxed elementor-section-height-default elementor-section-height-default\" data-id=\"d1b96b7\" data-element_type=\"section\" data-e-type=\"section\">\n\t\t\t\t\t\t<div class=\"elementor-container elementor-column-gap-default\">\n\t\t\t\t\t<div class=\"elementor-column elementor-col-50 elementor-top-column elementor-element elementor-element-1ed2a1c\" data-id=\"1ed2a1c\" data-element_type=\"column\" data-e-type=\"column\">\n\t\t\t<div class=\"elementor-widget-wrap elementor-element-populated\">\n\t\t\t\t\t\t<div class=\"elementor-element elementor-element-6884652 elementor-widget elementor-widget-image\" data-id=\"6884652\" data-element_type=\"widget\" data-e-type=\"widget\" data-widget_type=\"image.default\">\n\t\t\t\t<div class=\"elementor-widget-container\">\n\t\t\t\t\t\t\t\t\t\t\t\t\t\t\t<img fetchpriority=\"high\" decoding=\"async\" width=\"400\" height=\"400\" src=\"https:\/\/ginecologiaavanzada.es\/wp-content\/uploads\/2025\/11\/Marina-Rabanal-05-Photoroom-400x400.png\" class=\"attachment-large size-large wp-image-82704\" alt=\"\" srcset=\"https:\/\/ginecologiaavanzada.es\/wp-content\/uploads\/2025\/11\/Marina-Rabanal-05-Photoroom-400x400.png 400w, https:\/\/ginecologiaavanzada.es\/wp-content\/uploads\/2025\/11\/Marina-Rabanal-05-Photoroom-150x150.png 150w, https:\/\/ginecologiaavanzada.es\/wp-content\/uploads\/2025\/11\/Marina-Rabanal-05-Photoroom-768x768.png 768w, https:\/\/ginecologiaavanzada.es\/wp-content\/uploads\/2025\/11\/Marina-Rabanal-05-Photoroom-600x600.png 600w, https:\/\/ginecologiaavanzada.es\/wp-content\/uploads\/2025\/11\/Marina-Rabanal-05-Photoroom.png 1280w\" sizes=\"(max-width: 400px) 100vw, 400px\" \/>\t\t\t\t\t\t\t\t\t\t\t\t\t\t\t<\/div>\n\t\t\t\t<\/div>\n\t\t\t\t<div class=\"elementor-element elementor-element-de2decf elementor-widget elementor-widget-text-editor\" data-id=\"de2decf\" data-element_type=\"widget\" data-e-type=\"widget\" data-widget_type=\"text-editor.default\">\n\t\t\t\t<div class=\"elementor-widget-container\">\n\t\t\t\t\t\t\t\t\t<p>Dra. Marina Rabanal M\u00e0rquez <\/p>\t\t\t\t\t\t\t\t<\/div>\n\t\t\t\t<\/div>\n\t\t\t\t<div class=\"elementor-element elementor-element-f389ade elementor-widget elementor-widget-text-editor\" data-id=\"f389ade\" data-element_type=\"widget\" data-e-type=\"widget\" data-widget_type=\"text-editor.default\">\n\t\t\t\t<div class=\"elementor-widget-container\">\n\t\t\t\t\t\t\t\t\t<p><span style=\"color: #aa83b1;\">SPEZIALIST<\/span><\/p><p>Kontrolle von Niedrig- und Risikoschwangerschaften.<br>Pr\u00e4nataldiagnostik.<br>Respektvolle Geburtshilfe.<br>Beckenbodenpathologie.<br>Allgemeine Gyn\u00e4kologie.<br>Menopause.<\/p>\t\t\t\t\t\t\t\t<\/div>\n\t\t\t\t<\/div>\n\t\t\t\t<div class=\"elementor-element elementor-element-ec624b8 elementor-hidden-mobile elementor-widget elementor-widget-text-editor\" data-id=\"ec624b8\" data-element_type=\"widget\" data-e-type=\"widget\" data-widget_type=\"text-editor.default\">\n\t\t\t\t<div class=\"elementor-widget-container\">\n\t\t\t\t\t\t\t\t\t<p>Termin anfragen<\/p>\t\t\t\t\t\t\t\t<\/div>\n\t\t\t\t<\/div>\n\t\t\t\t<section class=\"elementor-section elementor-inner-section elementor-element elementor-element-3244051 elementor-hidden-mobile elementor-section-boxed elementor-section-height-default elementor-section-height-default\" data-id=\"3244051\" data-element_type=\"section\" data-e-type=\"section\">\n\t\t\t\t\t\t<div class=\"elementor-container elementor-column-gap-default\">\n\t\t\t\t\t<div class=\"elementor-column elementor-col-50 elementor-inner-column elementor-element elementor-element-aeb07bd\" data-id=\"aeb07bd\" data-element_type=\"column\" data-e-type=\"column\">\n\t\t\t<div class=\"elementor-widget-wrap elementor-element-populated\">\n\t\t\t\t\t\t<div class=\"elementor-element elementor-element-404551b elementor-align-right elementor-widget elementor-widget-button\" data-id=\"404551b\" data-element_type=\"widget\" data-e-type=\"widget\" data-widget_type=\"button.default\">\n\t\t\t\t<div class=\"elementor-widget-container\">\n\t\t\t\t\t\t\t\t\t<div class=\"elementor-button-wrapper\">\n\t\t\t\t\t<a class=\"elementor-button elementor-button-link elementor-size-sm\" href=\"https:\/\/www.doctoralia.es\/clinicas\/instituto-de-ginecologia-avanzada-2?saasonly=true\" target=\"_blank\">\n\t\t\t\t\t\t<span class=\"elementor-button-content-wrapper\">\n\t\t\t\t\t\t\t\t\t<span class=\"elementor-button-text\">Francesc Maci\u00e0<\/span>\n\t\t\t\t\t<\/span>\n\t\t\t\t\t<\/a>\n\t\t\t\t<\/div>\n\t\t\t\t\t\t\t\t<\/div>\n\t\t\t\t<\/div>\n\t\t\t\t\t<\/div>\n\t\t<\/div>\n\t\t\t\t<div class=\"elementor-column elementor-col-50 elementor-inner-column elementor-element elementor-element-e7ffbe1\" data-id=\"e7ffbe1\" data-element_type=\"column\" data-e-type=\"column\">\n\t\t\t<div class=\"elementor-widget-wrap elementor-element-populated\">\n\t\t\t\t\t\t<div class=\"elementor-element elementor-element-83f2da4 elementor-widget elementor-widget-button\" data-id=\"83f2da4\" data-element_type=\"widget\" data-e-type=\"widget\" data-widget_type=\"button.default\">\n\t\t\t\t<div class=\"elementor-widget-container\">\n\t\t\t\t\t\t\t\t\t<div class=\"elementor-button-wrapper\">\n\t\t\t\t\t<a class=\"elementor-button elementor-button-link elementor-size-sm\" href=\"https:\/\/ginecologiaavanzada.es\/de\/#Zitat\">\n\t\t\t\t\t\t<span class=\"elementor-button-content-wrapper\">\n\t\t\t\t\t\t\t\t\t<span class=\"elementor-button-text\">CENTRO QUIR\u00d3N<\/span>\n\t\t\t\t\t<\/span>\n\t\t\t\t\t<\/a>\n\t\t\t\t<\/div>\n\t\t\t\t\t\t\t\t<\/div>\n\t\t\t\t<\/div>\n\t\t\t\t\t<\/div>\n\t\t<\/div>\n\t\t\t\t\t<\/div>\n\t\t<\/section>\n\t\t\t\t\t<\/div>\n\t\t<\/div>\n\t\t\t\t<div class=\"elementor-column elementor-col-50 elementor-top-column elementor-element elementor-element-fc21a34\" data-id=\"fc21a34\" data-element_type=\"column\" data-e-type=\"column\">\n\t\t\t<div class=\"elementor-widget-wrap elementor-element-populated\">\n\t\t\t\t\t\t<div class=\"elementor-element elementor-element-dcc8d9c elementor-widget elementor-widget-text-editor\" data-id=\"dcc8d9c\" data-element_type=\"widget\" data-e-type=\"widget\" data-widget_type=\"text-editor.default\">\n\t\t\t\t<div class=\"elementor-widget-container\">\n\t\t\t\t\t\t\t\t\t<p>In meiner Erfahrung als Facharzt habe ich in verschiedenen renommierten Krankenh\u00e4usern als Facharzt gearbeitet, im Hospital de Matar\u00f3, Sant Jaume de Calella und Sant J\u00f3an de D\u00e9u de Martorell und Adeslas Centro Diagonal.<\/p><p>Derzeit ist er Spezialist am <span style=\"color: #aa83b1;\">Institut f\u00fcr fortgeschrittene Gyn\u00e4kologie<\/span> im Hospital Quir\u00f3n Barcelona und in der Klinik Francesc Maci\u00e0.<\/p><p><span style=\"color: #aa83b1;\">AKADEMISCHE LEISTUNGEN<\/span><\/p><p><strong><span style=\"color: #aa83b1;\">\u221a<\/span> <\/strong>Hochschulabschluss in Medizin und Chirurgie an der Universit\u00e4t <span style=\"color: #aa83b1;\">Barcelona<\/span>.<\/p><p><span style=\"font-family: Montserrat, sans-serif; font-size: 18px; font-style: normal; font-variant-ligatures: normal; font-variant-caps: normal; font-weight: 400;\"><strong><span style=\"color: #aa83b1;\">\u221a<\/span> <\/strong><\/span>Facharzt f\u00fcr Gyn\u00e4kologie und Geburtshilfe, Sant Joan de Deu, Esplugues de Llobregat.<\/p><p style=\"font-variant-ligatures: normal; font-variant-caps: normal; font-family: Montserrat, sans-serif; font-size: 18px; font-style: normal; font-weight: 400;\"><span style=\"font-size: 18px; color: #aa83b1;\">WEITERE AKADEMISCHE VORTEILE<\/span><\/p><p><span style=\"color: #aa83b1;\"><strong>\u221a<\/strong><\/span>A usbildung im geburtshilflich-gyn\u00e4kologischen Ultraschall durch die Ultraschallsektion der Spanischen Gesellschaft f\u00fcr Gyn\u00e4kologie und Geburtshilfe (SESEGO). Stufen I-II-III.<\/p><p><span style=\"font-family: Montserrat, sans-serif; font-size: 18px; font-style: normal; font-variant-ligatures: normal; font-variant-caps: normal;\"><span style=\"color: #aa83b1;\"><b>\u221a <\/b><\/span>Fortgeschrittenenkurs <\/span> f\u00fcr <span style=\"font-family: Montserrat, sans-serif; font-size: 18px; font-style: normal; font-variant-ligatures: normal; font-variant-caps: normal; font-weight: 400;\">operative Endoskopie in der Gyn\u00e4kologie,<\/span><span style=\"font-size: 18px;\"> Europ\u00e4ische Universit\u00e4t, Clermont-Ferrand Medical School.<\/span><\/p><p><span style=\"font-family: Montserrat, sans-serif; font-size: 18px; font-style: normal; font-variant-ligatures: normal; font-variant-caps: normal;\"><span style=\"color: #aa83b1;\">\u221a<\/span> <\/span><span style=\"font-family: Montserrat, sans-serif; font-size: 18px; font-style: normal; font-variant-ligatures: normal; font-variant-caps: normal;\">Universit\u00e4tsexperte<\/span> f\u00fcr m\u00fctterliche und geburtshilfliche Medizin, Universit\u00e4t von Barcelona.<\/p><p><strong><span style=\"color: #aa83b1;\">\u221a<\/span> <\/strong>Mitglied in nationalen und internationalen wissenschaftlichen Gesellschaften.<\/p>\t\t\t\t\t\t\t\t<\/div>\n\t\t\t\t<\/div>\n\t\t\t\t<div class=\"elementor-element elementor-element-cd634f8 elementor-hidden-desktop elementor-hidden-tablet elementor-widget elementor-widget-text-editor\" data-id=\"cd634f8\" data-element_type=\"widget\" data-e-type=\"widget\" data-widget_type=\"text-editor.default\">\n\t\t\t\t<div class=\"elementor-widget-container\">\n\t\t\t\t\t\t\t\t\t<p>Termin anfragen<\/p>\t\t\t\t\t\t\t\t<\/div>\n\t\t\t\t<\/div>\n\t\t\t\t<section class=\"elementor-section elementor-inner-section elementor-element elementor-element-218a50f elementor-hidden-desktop elementor-hidden-tablet elementor-section-boxed elementor-section-height-default elementor-section-height-default\" data-id=\"218a50f\" data-element_type=\"section\" data-e-type=\"section\">\n\t\t\t\t\t\t<div class=\"elementor-container elementor-column-gap-default\">\n\t\t\t\t\t<div class=\"elementor-column elementor-col-50 elementor-inner-column elementor-element elementor-element-4ddd285\" data-id=\"4ddd285\" data-element_type=\"column\" data-e-type=\"column\">\n\t\t\t<div class=\"elementor-widget-wrap elementor-element-populated\">\n\t\t\t\t\t\t<div class=\"elementor-element elementor-element-399f50a elementor-align-right elementor-widget elementor-widget-button\" data-id=\"399f50a\" data-element_type=\"widget\" data-e-type=\"widget\" data-widget_type=\"button.default\">\n\t\t\t\t<div class=\"elementor-widget-container\">\n\t\t\t\t\t\t\t\t\t<div class=\"elementor-button-wrapper\">\n\t\t\t\t\t<a class=\"elementor-button elementor-button-link elementor-size-sm\" href=\"https:\/\/www.doctoralia.es\/clinicas\/instituto-de-ginecologia-avanzada-2?saasonly=true\" target=\"_blank\">\n\t\t\t\t\t\t<span class=\"elementor-button-content-wrapper\">\n\t\t\t\t\t\t\t\t\t<span class=\"elementor-button-text\">Francesc Maci\u00e0<\/span>\n\t\t\t\t\t<\/span>\n\t\t\t\t\t<\/a>\n\t\t\t\t<\/div>\n\t\t\t\t\t\t\t\t<\/div>\n\t\t\t\t<\/div>\n\t\t\t\t\t<\/div>\n\t\t<\/div>\n\t\t\t\t<div class=\"elementor-column elementor-col-50 elementor-inner-column elementor-element elementor-element-a85aebb\" data-id=\"a85aebb\" data-element_type=\"column\" data-e-type=\"column\">\n\t\t\t<div class=\"elementor-widget-wrap elementor-element-populated\">\n\t\t\t\t\t\t<div class=\"elementor-element elementor-element-065bef2 elementor-widget elementor-widget-button\" data-id=\"065bef2\" data-element_type=\"widget\" data-e-type=\"widget\" data-widget_type=\"button.default\">\n\t\t\t\t<div class=\"elementor-widget-container\">\n\t\t\t\t\t\t\t\t\t<div class=\"elementor-button-wrapper\">\n\t\t\t\t\t<a class=\"elementor-button elementor-button-link elementor-size-sm\" href=\"https:\/\/ginecologiaavanzada.es\/de\/#Zitat\">\n\t\t\t\t\t\t<span class=\"elementor-button-content-wrapper\">\n\t\t\t\t\t\t\t\t\t<span class=\"elementor-button-text\">CENTRO QUIR\u00d3N<\/span>\n\t\t\t\t\t<\/span>\n\t\t\t\t\t<\/a>\n\t\t\t\t<\/div>\n\t\t\t\t\t\t\t\t<\/div>\n\t\t\t\t<\/div>\n\t\t\t\t\t<\/div>\n\t\t<\/div>\n\t\t\t\t\t<\/div>\n\t\t<\/section>\n\t\t\t\t\t<\/div>\n\t\t<\/div>\n\t\t\t\t\t<\/div>\n\t\t<\/section>\n\t\t\t\t<\/div>\n\t\t","protected":false},"excerpt":{"rendered":"<p>Dra. Marina Rabanal M\u00e0rquez SPEZIALIST Kontrolle von Niedrig- und Risikoschwangerschaften.Pr\u00e4nataldiagnostik.Respektvolle Geburtshilfe.Beckenbodenpathologie.Allgemeine Gyn\u00e4kologie.Menopause. Termin anfragen Francesc Maci\u00e0 CENTRO QUIR\u00d3N In meiner Erfahrung als Facharzt habe ich in verschiedenen renommierten Krankenh\u00e4usern als Facharzt gearbeitet, im Hospital de Matar\u00f3, Sant Jaume de Calella und Sant J\u00f3an de D\u00e9u de Martorell und Adeslas Centro Diagonal. Derzeit ist er Spezialist [&hellip;]<\/p>\n","protected":false},"author":6,"featured_media":0,"parent":0,"menu_order":0,"comment_status":"closed","ping_status":"closed","template":"","meta":{"_joinchat":[],"footnotes":""},"class_list":["post-82705","page","type-page","status-publish","hentry","entry"],"yoast_head":"<!-- This site is optimized with the Yoast SEO Premium plugin v27.1 (Yoast SEO v27.2) - https:\/\/yoast.com\/product\/yoast-seo-premium-wordpress\/ -->\n<title>Marina Rabanal M\u00e0rquez &#8902; Instituto Ginecolog\u00eda Avanzada<\/title>\n<meta name=\"robots\" content=\"index, follow, max-snippet:-1, max-image-preview:large, max-video-preview:-1\" \/>\n<link rel=\"canonical\" href=\"https:\/\/ginecologiaavanzada.es\/de\/marina-rabanal-marquez\/\" \/>\n<meta property=\"og:locale\" content=\"de_DE\" \/>\n<meta property=\"og:type\" content=\"article\" \/>\n<meta property=\"og:title\" content=\"Marina Rabanal M\u00e0rquez\" \/>\n<meta property=\"og:description\" content=\"Dra. Marina Rabanal M\u00e0rquez SPEZIALIST Kontrolle von Niedrig- und Risikoschwangerschaften.Pr\u00e4nataldiagnostik.Respektvolle Geburtshilfe.Beckenbodenpathologie.Allgemeine Gyn\u00e4kologie.Menopause. Termin anfragen Francesc Maci\u00e0 CENTRO QUIR\u00d3N In meiner Erfahrung als Facharzt habe ich in verschiedenen renommierten Krankenh\u00e4usern als Facharzt gearbeitet, im Hospital de Matar\u00f3, Sant Jaume de Calella und Sant J\u00f3an de D\u00e9u de Martorell und Adeslas Centro Diagonal. Derzeit ist er Spezialist [&hellip;]\" \/>\n<meta property=\"og:url\" content=\"https:\/\/ginecologiaavanzada.es\/de\/marina-rabanal-marquez\/\" \/>\n<meta property=\"og:site_name\" content=\"Instituto Ginecolog\u00eda Avanzada\" \/>\n<meta property=\"article:modified_time\" content=\"2026-02-27T09:26:36+00:00\" \/>\n<meta property=\"og:image\" content=\"https:\/\/ginecologiaavanzada.es\/wp-content\/uploads\/2025\/11\/Marina-Rabanal-05-Photoroom-400x400.png\" \/>\n<meta name=\"twitter:card\" content=\"summary_large_image\" \/>\n<meta name=\"twitter:label1\" content=\"Gesch\u00e4tzte Lesezeit\" \/>\n\t<meta name=\"twitter:data1\" content=\"1\u00a0Minute\" \/>\n<script type=\"application\/ld+json\" class=\"yoast-schema-graph\">{\"@context\":\"https:\/\/schema.org\",\"@graph\":[{\"@type\":\"WebPage\",\"@id\":\"https:\/\/ginecologiaavanzada.es\/de\/marina-rabanal-marquez\/\",\"url\":\"https:\/\/ginecologiaavanzada.es\/de\/marina-rabanal-marquez\/\",\"name\":\"Marina Rabanal M\u00e0rquez &#8902; Instituto Ginecolog\u00eda Avanzada\",\"isPartOf\":{\"@id\":\"https:\/\/ginecologiaavanzada.es\/de\/#website\"},\"primaryImageOfPage\":{\"@id\":\"https:\/\/ginecologiaavanzada.es\/de\/marina-rabanal-marquez\/#primaryimage\"},\"image\":{\"@id\":\"https:\/\/ginecologiaavanzada.es\/de\/marina-rabanal-marquez\/#primaryimage\"},\"thumbnailUrl\":\"https:\/\/ginecologiaavanzada.es\/wp-content\/uploads\/2025\/11\/Marina-Rabanal-05-Photoroom-400x400.png\",\"datePublished\":\"2025-12-05T13:33:25+00:00\",\"dateModified\":\"2026-02-27T09:26:36+00:00\",\"breadcrumb\":{\"@id\":\"https:\/\/ginecologiaavanzada.es\/de\/marina-rabanal-marquez\/#breadcrumb\"},\"inLanguage\":\"de\",\"potentialAction\":[{\"@type\":\"ReadAction\",\"target\":[\"https:\/\/ginecologiaavanzada.es\/de\/marina-rabanal-marquez\/\"]}]},{\"@type\":\"ImageObject\",\"inLanguage\":\"de\",\"@id\":\"https:\/\/ginecologiaavanzada.es\/de\/marina-rabanal-marquez\/#primaryimage\",\"url\":\"https:\/\/ginecologiaavanzada.es\/wp-content\/uploads\/2025\/11\/Marina-Rabanal-05-Photoroom-400x400.png\",\"contentUrl\":\"https:\/\/ginecologiaavanzada.es\/wp-content\/uploads\/2025\/11\/Marina-Rabanal-05-Photoroom-400x400.png\"},{\"@type\":\"BreadcrumbList\",\"@id\":\"https:\/\/ginecologiaavanzada.es\/de\/marina-rabanal-marquez\/#breadcrumb\",\"itemListElement\":[{\"@type\":\"ListItem\",\"position\":1,\"name\":\"Portada\",\"item\":\"https:\/\/ginecologiaavanzada.es\/de\/\"},{\"@type\":\"ListItem\",\"position\":2,\"name\":\"Marina Rabanal M\u00e0rquez\"}]},{\"@type\":\"WebSite\",\"@id\":\"https:\/\/ginecologiaavanzada.es\/de\/#website\",\"url\":\"https:\/\/ginecologiaavanzada.es\/de\/\",\"name\":\"Ginecologia Avanzada\",\"description\":\"Enfoque integral de la mujer, visi\u00f3n de la mujer en todos sus aspectos, f\u00edsicos, y emocionales.\",\"publisher\":{\"@id\":\"https:\/\/ginecologiaavanzada.es\/de\/#organization\"},\"potentialAction\":[{\"@type\":\"SearchAction\",\"target\":{\"@type\":\"EntryPoint\",\"urlTemplate\":\"https:\/\/ginecologiaavanzada.es\/de\/?s={search_term_string}\"},\"query-input\":{\"@type\":\"PropertyValueSpecification\",\"valueRequired\":true,\"valueName\":\"search_term_string\"}}],\"inLanguage\":\"de\"},{\"@type\":\"Organization\",\"@id\":\"https:\/\/ginecologiaavanzada.es\/de\/#organization\",\"name\":\"Ginecologia Avanzada\",\"url\":\"https:\/\/ginecologiaavanzada.es\/de\/\",\"logo\":{\"@type\":\"ImageObject\",\"inLanguage\":\"de\",\"@id\":\"https:\/\/ginecologiaavanzada.es\/de\/#\/schema\/logo\/image\/\",\"url\":\"https:\/\/ginecologiaavanzada.es\/wp-content\/uploads\/logo-fosc-1.jpg\",\"contentUrl\":\"https:\/\/ginecologiaavanzada.es\/wp-content\/uploads\/logo-fosc-1.jpg\",\"width\":680,\"height\":280,\"caption\":\"Ginecologia Avanzada\"},\"image\":{\"@id\":\"https:\/\/ginecologiaavanzada.es\/de\/#\/schema\/logo\/image\/\"}}]}<\/script>\n<!-- \/ Yoast SEO Premium plugin. -->","yoast_head_json":{"title":"Marina Rabanal M\u00e0rquez &#8902; Instituto Ginecolog\u00eda Avanzada","robots":{"index":"index","follow":"follow","max-snippet":"max-snippet:-1","max-image-preview":"max-image-preview:large","max-video-preview":"max-video-preview:-1"},"canonical":"https:\/\/ginecologiaavanzada.es\/de\/marina-rabanal-marquez\/","og_locale":"de_DE","og_type":"article","og_title":"Marina Rabanal M\u00e0rquez","og_description":"Dra. Marina Rabanal M\u00e0rquez SPEZIALIST Kontrolle von Niedrig- und Risikoschwangerschaften.Pr\u00e4nataldiagnostik.Respektvolle Geburtshilfe.Beckenbodenpathologie.Allgemeine Gyn\u00e4kologie.Menopause. Termin anfragen Francesc Maci\u00e0 CENTRO QUIR\u00d3N In meiner Erfahrung als Facharzt habe ich in verschiedenen renommierten Krankenh\u00e4usern als Facharzt gearbeitet, im Hospital de Matar\u00f3, Sant Jaume de Calella und Sant J\u00f3an de D\u00e9u de Martorell und Adeslas Centro Diagonal. Derzeit ist er Spezialist [&hellip;]","og_url":"https:\/\/ginecologiaavanzada.es\/de\/marina-rabanal-marquez\/","og_site_name":"Instituto Ginecolog\u00eda Avanzada","article_modified_time":"2026-02-27T09:26:36+00:00","og_image":[{"url":"https:\/\/ginecologiaavanzada.es\/wp-content\/uploads\/2025\/11\/Marina-Rabanal-05-Photoroom-400x400.png","type":"","width":"","height":""}],"twitter_card":"summary_large_image","twitter_misc":{"Gesch\u00e4tzte Lesezeit":"1\u00a0Minute"},"schema":{"@context":"https:\/\/schema.org","@graph":[{"@type":"WebPage","@id":"https:\/\/ginecologiaavanzada.es\/de\/marina-rabanal-marquez\/","url":"https:\/\/ginecologiaavanzada.es\/de\/marina-rabanal-marquez\/","name":"Marina Rabanal M\u00e0rquez &#8902; Instituto Ginecolog\u00eda Avanzada","isPartOf":{"@id":"https:\/\/ginecologiaavanzada.es\/de\/#website"},"primaryImageOfPage":{"@id":"https:\/\/ginecologiaavanzada.es\/de\/marina-rabanal-marquez\/#primaryimage"},"image":{"@id":"https:\/\/ginecologiaavanzada.es\/de\/marina-rabanal-marquez\/#primaryimage"},"thumbnailUrl":"https:\/\/ginecologiaavanzada.es\/wp-content\/uploads\/2025\/11\/Marina-Rabanal-05-Photoroom-400x400.png","datePublished":"2025-12-05T13:33:25+00:00","dateModified":"2026-02-27T09:26:36+00:00","breadcrumb":{"@id":"https:\/\/ginecologiaavanzada.es\/de\/marina-rabanal-marquez\/#breadcrumb"},"inLanguage":"de","potentialAction":[{"@type":"ReadAction","target":["https:\/\/ginecologiaavanzada.es\/de\/marina-rabanal-marquez\/"]}]},{"@type":"ImageObject","inLanguage":"de","@id":"https:\/\/ginecologiaavanzada.es\/de\/marina-rabanal-marquez\/#primaryimage","url":"https:\/\/ginecologiaavanzada.es\/wp-content\/uploads\/2025\/11\/Marina-Rabanal-05-Photoroom-400x400.png","contentUrl":"https:\/\/ginecologiaavanzada.es\/wp-content\/uploads\/2025\/11\/Marina-Rabanal-05-Photoroom-400x400.png"},{"@type":"BreadcrumbList","@id":"https:\/\/ginecologiaavanzada.es\/de\/marina-rabanal-marquez\/#breadcrumb","itemListElement":[{"@type":"ListItem","position":1,"name":"Portada","item":"https:\/\/ginecologiaavanzada.es\/de\/"},{"@type":"ListItem","position":2,"name":"Marina Rabanal M\u00e0rquez"}]},{"@type":"WebSite","@id":"https:\/\/ginecologiaavanzada.es\/de\/#website","url":"https:\/\/ginecologiaavanzada.es\/de\/","name":"Ginecologia Avanzada","description":"Enfoque integral de la mujer, visi\u00f3n de la mujer en todos sus aspectos, f\u00edsicos, y emocionales.","publisher":{"@id":"https:\/\/ginecologiaavanzada.es\/de\/#organization"},"potentialAction":[{"@type":"SearchAction","target":{"@type":"EntryPoint","urlTemplate":"https:\/\/ginecologiaavanzada.es\/de\/?s={search_term_string}"},"query-input":{"@type":"PropertyValueSpecification","valueRequired":true,"valueName":"search_term_string"}}],"inLanguage":"de"},{"@type":"Organization","@id":"https:\/\/ginecologiaavanzada.es\/de\/#organization","name":"Ginecologia Avanzada","url":"https:\/\/ginecologiaavanzada.es\/de\/","logo":{"@type":"ImageObject","inLanguage":"de","@id":"https:\/\/ginecologiaavanzada.es\/de\/#\/schema\/logo\/image\/","url":"https:\/\/ginecologiaavanzada.es\/wp-content\/uploads\/logo-fosc-1.jpg","contentUrl":"https:\/\/ginecologiaavanzada.es\/wp-content\/uploads\/logo-fosc-1.jpg","width":680,"height":280,"caption":"Ginecologia Avanzada"},"image":{"@id":"https:\/\/ginecologiaavanzada.es\/de\/#\/schema\/logo\/image\/"}}]}},"_links":{"self":[{"href":"https:\/\/ginecologiaavanzada.es\/de\/wp-json\/wp\/v2\/pages\/82705","targetHints":{"allow":["GET"]}}],"collection":[{"href":"https:\/\/ginecologiaavanzada.es\/de\/wp-json\/wp\/v2\/pages"}],"about":[{"href":"https:\/\/ginecologiaavanzada.es\/de\/wp-json\/wp\/v2\/types\/page"}],"author":[{"embeddable":true,"href":"https:\/\/ginecologiaavanzada.es\/de\/wp-json\/wp\/v2\/users\/6"}],"replies":[{"embeddable":true,"href":"https:\/\/ginecologiaavanzada.es\/de\/wp-json\/wp\/v2\/comments?post=82705"}],"version-history":[{"count":10,"href":"https:\/\/ginecologiaavanzada.es\/de\/wp-json\/wp\/v2\/pages\/82705\/revisions"}],"predecessor-version":[{"id":83201,"href":"https:\/\/ginecologiaavanzada.es\/de\/wp-json\/wp\/v2\/pages\/82705\/revisions\/83201"}],"wp:attachment":[{"href":"https:\/\/ginecologiaavanzada.es\/de\/wp-json\/wp\/v2\/media?parent=82705"}],"curies":[{"name":"wp","href":"https:\/\/api.w.org\/{rel}","templated":true}]}}