{"id":82712,"date":"2025-12-05T13:40:29","date_gmt":"2025-12-05T13:40:29","guid":{"rendered":"https:\/\/ginecologiaavanzada.es\/nerea-maiz-elizaran\/"},"modified":"2026-02-27T09:34:23","modified_gmt":"2026-02-27T09:34:23","slug":"nerea-maiz-elizaran","status":"publish","type":"page","link":"https:\/\/ginecologiaavanzada.es\/de\/nerea-maiz-elizaran\/","title":{"rendered":"Nerea Maiz Elizaran"},"content":{"rendered":"\t\t<div data-elementor-type=\"wp-page\" data-elementor-id=\"82712\" class=\"elementor elementor-82712 elementor-80766\" data-elementor-post-type=\"page\">\n\t\t\t\t\t\t<section class=\"elementor-section elementor-top-section elementor-element elementor-element-d1b96b7 elementor-section-boxed elementor-section-height-default elementor-section-height-default\" data-id=\"d1b96b7\" data-element_type=\"section\" data-e-type=\"section\">\n\t\t\t\t\t\t<div class=\"elementor-container elementor-column-gap-default\">\n\t\t\t\t\t<div class=\"elementor-column elementor-col-50 elementor-top-column elementor-element elementor-element-1ed2a1c\" data-id=\"1ed2a1c\" data-element_type=\"column\" data-e-type=\"column\">\n\t\t\t<div class=\"elementor-widget-wrap elementor-element-populated\">\n\t\t\t\t\t\t<div class=\"elementor-element elementor-element-6884652 elementor-widget elementor-widget-image\" data-id=\"6884652\" data-element_type=\"widget\" data-e-type=\"widget\" data-widget_type=\"image.default\">\n\t\t\t\t<div class=\"elementor-widget-container\">\n\t\t\t\t\t\t\t\t\t\t\t\t\t\t\t<img fetchpriority=\"high\" decoding=\"async\" width=\"400\" height=\"400\" src=\"https:\/\/ginecologiaavanzada.es\/wp-content\/uploads\/2025\/11\/Nerea-Maiz-400x400.png\" class=\"attachment-large size-large wp-image-82711\" alt=\"\" srcset=\"https:\/\/ginecologiaavanzada.es\/wp-content\/uploads\/2025\/11\/Nerea-Maiz-400x400.png 400w, https:\/\/ginecologiaavanzada.es\/wp-content\/uploads\/2025\/11\/Nerea-Maiz-150x150.png 150w, https:\/\/ginecologiaavanzada.es\/wp-content\/uploads\/2025\/11\/Nerea-Maiz.png 600w\" sizes=\"(max-width: 400px) 100vw, 400px\" \/>\t\t\t\t\t\t\t\t\t\t\t\t\t\t\t<\/div>\n\t\t\t\t<\/div>\n\t\t\t\t<div class=\"elementor-element elementor-element-de2decf elementor-widget elementor-widget-text-editor\" data-id=\"de2decf\" data-element_type=\"widget\" data-e-type=\"widget\" data-widget_type=\"text-editor.default\">\n\t\t\t\t<div class=\"elementor-widget-container\">\n\t\t\t\t\t\t\t\t\t<p>Dra. Nerea Maiz Elizaran <\/p>\t\t\t\t\t\t\t\t<\/div>\n\t\t\t\t<\/div>\n\t\t\t\t<div class=\"elementor-element elementor-element-f389ade elementor-widget elementor-widget-text-editor\" data-id=\"f389ade\" data-element_type=\"widget\" data-e-type=\"widget\" data-widget_type=\"text-editor.default\">\n\t\t\t\t<div class=\"elementor-widget-container\">\n\t\t\t\t\t\t\t\t\t<p><span style=\"color: #aa83b1;\">SPEZIALIST<\/span><\/p><p>Behandlung normaler Schwangerschaften und Risikoschwangerschaften<br>Pr\u00e4nataldiagnostik<br>Invasive Techniken<br>Fetalchirurgie<\/p>\t\t\t\t\t\t\t\t<\/div>\n\t\t\t\t<\/div>\n\t\t\t\t<div class=\"elementor-element elementor-element-ec624b8 elementor-hidden-mobile elementor-widget elementor-widget-text-editor\" data-id=\"ec624b8\" data-element_type=\"widget\" data-e-type=\"widget\" data-widget_type=\"text-editor.default\">\n\t\t\t\t<div class=\"elementor-widget-container\">\n\t\t\t\t\t\t\t\t\t<p>Termin anfragen<\/p>\t\t\t\t\t\t\t\t<\/div>\n\t\t\t\t<\/div>\n\t\t\t\t<div class=\"elementor-element elementor-element-92392ee elementor-align-center elementor-widget elementor-widget-button\" data-id=\"92392ee\" data-element_type=\"widget\" data-e-type=\"widget\" data-widget_type=\"button.default\">\n\t\t\t\t<div class=\"elementor-widget-container\">\n\t\t\t\t\t\t\t\t\t<div class=\"elementor-button-wrapper\">\n\t\t\t\t\t<a class=\"elementor-button elementor-button-link elementor-size-sm\" href=\"https:\/\/ginecologiaavanzada.es\/de\/#Zitat\">\n\t\t\t\t\t\t<span class=\"elementor-button-content-wrapper\">\n\t\t\t\t\t\t\t\t\t<span class=\"elementor-button-text\">CENTRO QUIR\u00d3N<\/span>\n\t\t\t\t\t<\/span>\n\t\t\t\t\t<\/a>\n\t\t\t\t<\/div>\n\t\t\t\t\t\t\t\t<\/div>\n\t\t\t\t<\/div>\n\t\t\t\t\t<\/div>\n\t\t<\/div>\n\t\t\t\t<div class=\"elementor-column elementor-col-50 elementor-top-column elementor-element elementor-element-fc21a34\" data-id=\"fc21a34\" data-element_type=\"column\" data-e-type=\"column\">\n\t\t\t<div class=\"elementor-widget-wrap elementor-element-populated\">\n\t\t\t\t\t\t<section class=\"elementor-section elementor-inner-section elementor-element elementor-element-04f76d5 elementor-hidden-mobile elementor-section-boxed elementor-section-height-default elementor-section-height-default\" data-id=\"04f76d5\" data-element_type=\"section\" data-e-type=\"section\">\n\t\t\t\t\t\t<div class=\"elementor-container elementor-column-gap-default\">\n\t\t\t\t\t<div class=\"elementor-column elementor-col-100 elementor-inner-column elementor-element elementor-element-e4eef1a\" data-id=\"e4eef1a\" data-element_type=\"column\" data-e-type=\"column\">\n\t\t\t<div class=\"elementor-widget-wrap\">\n\t\t\t\t\t\t\t<\/div>\n\t\t<\/div>\n\t\t\t\t\t<\/div>\n\t\t<\/section>\n\t\t\t\t<div class=\"elementor-element elementor-element-dcc8d9c elementor-widget__width-initial elementor-widget elementor-widget-text-editor\" data-id=\"dcc8d9c\" data-element_type=\"widget\" data-e-type=\"widget\" data-widget_type=\"text-editor.default\">\n\t\t\t\t<div class=\"elementor-widget-container\">\n\t\t\t\t\t\t\t\t\t<p>Seit meiner Spezialisierung habe ich in renommierten Krankenh\u00e4usern wie dem Hospital Sant Joan de D\u00e9u de Esplugues de Llobregat, dem Hospital Dexeus,<br \/>als Research Fellow, dem King&#8217;s College Hospital, London (UK), dem Hospital Universitario Cruces, Vizcaya, der Cl\u00ednica Zuatzu, San Sebasti\u00e1n und der Cl\u00ednica Virgen del Pilar, San Sebasti\u00e1n gearbeitet.<\/p><p>Derzeit arbeite ich als Fach\u00e4rztin in der Abteilung f\u00fcr f\u00f6tale Medizin der Abteilung f\u00fcr Geburtshilfe und Gyn\u00e4kologie am Universit\u00e4tskrankenhaus Vall d&#8217;Hebron in Barcelona und am <span style=\"color: #aa83b1;\">Institut f\u00fcr fortgeschrittene Gyn\u00e4kologie<\/span> im Quir\u00f3n Barcelona.<\/p><p><span style=\"color: #aa83b1;\">AKADEMISCHE LEISTUNGEN<\/span><\/p><p><span style=\"color: #aa83b1; font-size: 18px;\">\u221a <\/span> Hochschulabschluss <span style=\"font-size: 18px;\">in <\/span>Medizin und Chirurgie, Universit\u00e4t von Navarra.<\/p><p><span style=\"color: #aa83b1; font-size: 18px;\">\u221a <\/span><span style=\"font-size: 18px;\">Facharzt <\/span>f\u00fcr Geburtshilfe und Gyn\u00e4kologie, Hospital Universitari Sant Joan de <span style=\"font-size: 18px;\">D\u00e9u, Barcelona.<\/span><\/p><p><span style=\"color: #aa83b1; font-size: 18px;\">\u221a <\/span>PhD mit europ\u00e4ischer Erw\u00e4hnung von der Universitat de Barcelona. Qualifizierung: \u00a0<span style=\"font-size: 18px;\">Hervorragend cum laude und Au\u00dferordentlicher Promotionspreis.<\/span><\/p><p style=\"font-variant-ligatures: normal; font-variant-caps: normal; font-family: Montserrat, sans-serif; font-size: 18px; font-style: normal; font-weight: 400;\"><span style=\"font-size: 18px; color: #aa83b1;\">WEITERE AKADEMISCHE VORTEILE<\/span><\/p><p><strong style=\"font-size: 18px;\"><span style=\"color: #aa83b1;\">\u221a <\/span><\/strong>Universit\u00e4tsexpertin f\u00fcr Frauen in F\u00fchrungspositionen, Centre Internacional de <span style=\"font-size: 18px;\">Formaci\u00f3 Cont\u00ednua, UManresa | UVic-UCC<\/span>.<\/p><p><span style=\"color: #aa83b1; font-size: 18px;\">\u221a <\/span><span style=\"font-size: 18px;\">Master-Abschluss <\/span>in Forschungsmethodik in den Gesundheitswissenschaften, Universitat de Barcelona.<\/p><p><span style=\"color: #aa83b1;\">LEHRT\u00c4TIGKEIT<\/span><\/p><p><strong style=\"font-size: 18px;\"><span style=\"color: #aa83b1;\">\u221a <\/span><\/strong>Dozent, Universitat de Vic &#8211; Universitat Central de Catalunya (UVic-UCC<span style=\"font-size: 18px;\">).<\/span><\/p><p><span style=\"color: #aa83b1; font-size: 18px;\">\u221a <\/span><span style=\"font-size: 18px;\">Au\u00dferordentlicher <\/span>Professor, Universit\u00e4t des Baskenlandes (UPV\/EHU).<\/p><p><span style=\"color: #aa83b1;\">FORSCHUNGST\u00c4TIGKEIT<\/span><\/p><p><strong style=\"font-size: 18px;\"><span style=\"color: #aa83b1;\">\u221a <\/span><\/strong>Co-Leiterin der Forschungsgruppe f\u00fcr m\u00fctterliche und f\u00f6tale Medizin am Vall <span style=\"font-size: 18px;\">d&#8217;Hebron Research Institute (VHIR).<\/span><\/p><p><span style=\"color: #aa83b1; font-size: 18px;\">\u221a <\/span><span style=\"font-size: 18px;\">Autor <\/span>oder Co-Autor von mehr als 100 wissenschaftlichen Artikeln, die in <span style=\"font-size: 18px;\">internationalen indizierten<\/span> Zeitschriften ver\u00f6ffentlicht wurden <span style=\"font-size: 18px;\">.<\/span><\/p><p><span style=\"color: #aa83b1; font-size: 18px;\">\u221a <\/span>Principal Investigator (PI<span style=\"color: #aa83b1; font-size: 18px;\">) <\/span>von zwei Projekten, die vom Instituto de <span style=\"font-size: 18px;\">Salud Carlos III (ISCIII) und eines von der Fundaci\u00f3 La Marat\u00f3 de TV3<\/span> finanziert werden.<\/p>\t\t\t\t\t\t\t\t<\/div>\n\t\t\t\t<\/div>\n\t\t\t\t<div class=\"elementor-element elementor-element-172d801 elementor-hidden-desktop elementor-hidden-tablet elementor-widget elementor-widget-text-editor\" data-id=\"172d801\" data-element_type=\"widget\" data-e-type=\"widget\" data-widget_type=\"text-editor.default\">\n\t\t\t\t<div class=\"elementor-widget-container\">\n\t\t\t\t\t\t\t\t\t<p>Termin anfragen<\/p>\t\t\t\t\t\t\t\t<\/div>\n\t\t\t\t<\/div>\n\t\t\t\t<section class=\"elementor-section elementor-inner-section elementor-element elementor-element-ca0ee7b elementor-hidden-desktop elementor-hidden-tablet elementor-section-boxed elementor-section-height-default elementor-section-height-default\" data-id=\"ca0ee7b\" data-element_type=\"section\" data-e-type=\"section\">\n\t\t\t\t\t\t<div class=\"elementor-container elementor-column-gap-default\">\n\t\t\t\t\t<div class=\"elementor-column elementor-col-100 elementor-inner-column elementor-element elementor-element-48bf678\" data-id=\"48bf678\" data-element_type=\"column\" data-e-type=\"column\">\n\t\t\t<div class=\"elementor-widget-wrap elementor-element-populated\">\n\t\t\t\t\t\t<div class=\"elementor-element elementor-element-23d8e2a elementor-align-center elementor-widget elementor-widget-button\" data-id=\"23d8e2a\" data-element_type=\"widget\" data-e-type=\"widget\" data-widget_type=\"button.default\">\n\t\t\t\t<div class=\"elementor-widget-container\">\n\t\t\t\t\t\t\t\t\t<div class=\"elementor-button-wrapper\">\n\t\t\t\t\t<a class=\"elementor-button elementor-button-link elementor-size-sm\" href=\"https:\/\/ginecologiaavanzada.es\/de\/#Zitat\">\n\t\t\t\t\t\t<span class=\"elementor-button-content-wrapper\">\n\t\t\t\t\t\t\t\t\t<span class=\"elementor-button-text\">CENTRO QUIR\u00d3N<\/span>\n\t\t\t\t\t<\/span>\n\t\t\t\t\t<\/a>\n\t\t\t\t<\/div>\n\t\t\t\t\t\t\t\t<\/div>\n\t\t\t\t<\/div>\n\t\t\t\t\t<\/div>\n\t\t<\/div>\n\t\t\t\t\t<\/div>\n\t\t<\/section>\n\t\t\t\t\t<\/div>\n\t\t<\/div>\n\t\t\t\t\t<\/div>\n\t\t<\/section>\n\t\t\t\t<\/div>\n\t\t","protected":false},"excerpt":{"rendered":"<p>Dra. Nerea Maiz Elizaran SPEZIALIST Behandlung normaler Schwangerschaften und RisikoschwangerschaftenPr\u00e4nataldiagnostikInvasive TechnikenFetalchirurgie Termin anfragen CENTRO QUIR\u00d3N Seit meiner Spezialisierung habe ich in renommierten Krankenh\u00e4usern wie dem Hospital Sant Joan de D\u00e9u de Esplugues de Llobregat, dem Hospital Dexeus,als Research Fellow, dem King&#8217;s College Hospital, London (UK), dem Hospital Universitario Cruces, Vizcaya, der Cl\u00ednica Zuatzu, San Sebasti\u00e1n [&hellip;]<\/p>\n","protected":false},"author":6,"featured_media":0,"parent":0,"menu_order":0,"comment_status":"closed","ping_status":"closed","template":"","meta":{"_joinchat":[],"footnotes":""},"class_list":["post-82712","page","type-page","status-publish","hentry","entry"],"yoast_head":"<!-- This site is optimized with the Yoast SEO Premium plugin v27.1 (Yoast SEO v27.2) - https:\/\/yoast.com\/product\/yoast-seo-premium-wordpress\/ -->\n<title>Nerea Maiz Elizaran &#8902; Instituto Ginecolog\u00eda Avanzada<\/title>\n<meta name=\"robots\" content=\"index, follow, max-snippet:-1, max-image-preview:large, max-video-preview:-1\" \/>\n<link rel=\"canonical\" href=\"https:\/\/ginecologiaavanzada.es\/de\/nerea-maiz-elizaran\/\" \/>\n<meta property=\"og:locale\" content=\"de_DE\" \/>\n<meta property=\"og:type\" content=\"article\" \/>\n<meta property=\"og:title\" content=\"Nerea Maiz Elizaran\" \/>\n<meta property=\"og:description\" content=\"Dra. Nerea Maiz Elizaran SPEZIALIST Behandlung normaler Schwangerschaften und RisikoschwangerschaftenPr\u00e4nataldiagnostikInvasive TechnikenFetalchirurgie Termin anfragen CENTRO QUIR\u00d3N Seit meiner Spezialisierung habe ich in renommierten Krankenh\u00e4usern wie dem Hospital Sant Joan de D\u00e9u de Esplugues de Llobregat, dem Hospital Dexeus,als Research Fellow, dem King&#8217;s College Hospital, London (UK), dem Hospital Universitario Cruces, Vizcaya, der Cl\u00ednica Zuatzu, San Sebasti\u00e1n [&hellip;]\" \/>\n<meta property=\"og:url\" content=\"https:\/\/ginecologiaavanzada.es\/de\/nerea-maiz-elizaran\/\" \/>\n<meta property=\"og:site_name\" content=\"Instituto Ginecolog\u00eda Avanzada\" \/>\n<meta property=\"article:modified_time\" content=\"2026-02-27T09:34:23+00:00\" \/>\n<meta property=\"og:image\" content=\"https:\/\/ginecologiaavanzada.es\/wp-content\/uploads\/2025\/11\/Nerea-Maiz-400x400.png\" \/>\n<meta name=\"twitter:card\" content=\"summary_large_image\" \/>\n<meta name=\"twitter:label1\" content=\"Gesch\u00e4tzte Lesezeit\" \/>\n\t<meta name=\"twitter:data1\" content=\"1\u00a0Minute\" \/>\n<script type=\"application\/ld+json\" class=\"yoast-schema-graph\">{\"@context\":\"https:\/\/schema.org\",\"@graph\":[{\"@type\":\"WebPage\",\"@id\":\"https:\/\/ginecologiaavanzada.es\/de\/nerea-maiz-elizaran\/\",\"url\":\"https:\/\/ginecologiaavanzada.es\/de\/nerea-maiz-elizaran\/\",\"name\":\"Nerea Maiz Elizaran &#8902; Instituto Ginecolog\u00eda Avanzada\",\"isPartOf\":{\"@id\":\"https:\/\/ginecologiaavanzada.es\/de\/#website\"},\"primaryImageOfPage\":{\"@id\":\"https:\/\/ginecologiaavanzada.es\/de\/nerea-maiz-elizaran\/#primaryimage\"},\"image\":{\"@id\":\"https:\/\/ginecologiaavanzada.es\/de\/nerea-maiz-elizaran\/#primaryimage\"},\"thumbnailUrl\":\"https:\/\/ginecologiaavanzada.es\/wp-content\/uploads\/2025\/11\/Nerea-Maiz-400x400.png\",\"datePublished\":\"2025-12-05T13:40:29+00:00\",\"dateModified\":\"2026-02-27T09:34:23+00:00\",\"breadcrumb\":{\"@id\":\"https:\/\/ginecologiaavanzada.es\/de\/nerea-maiz-elizaran\/#breadcrumb\"},\"inLanguage\":\"de\",\"potentialAction\":[{\"@type\":\"ReadAction\",\"target\":[\"https:\/\/ginecologiaavanzada.es\/de\/nerea-maiz-elizaran\/\"]}]},{\"@type\":\"ImageObject\",\"inLanguage\":\"de\",\"@id\":\"https:\/\/ginecologiaavanzada.es\/de\/nerea-maiz-elizaran\/#primaryimage\",\"url\":\"https:\/\/ginecologiaavanzada.es\/wp-content\/uploads\/2025\/11\/Nerea-Maiz-400x400.png\",\"contentUrl\":\"https:\/\/ginecologiaavanzada.es\/wp-content\/uploads\/2025\/11\/Nerea-Maiz-400x400.png\"},{\"@type\":\"BreadcrumbList\",\"@id\":\"https:\/\/ginecologiaavanzada.es\/de\/nerea-maiz-elizaran\/#breadcrumb\",\"itemListElement\":[{\"@type\":\"ListItem\",\"position\":1,\"name\":\"Portada\",\"item\":\"https:\/\/ginecologiaavanzada.es\/de\/\"},{\"@type\":\"ListItem\",\"position\":2,\"name\":\"Nerea Maiz Elizaran\"}]},{\"@type\":\"WebSite\",\"@id\":\"https:\/\/ginecologiaavanzada.es\/de\/#website\",\"url\":\"https:\/\/ginecologiaavanzada.es\/de\/\",\"name\":\"Ginecologia Avanzada\",\"description\":\"Enfoque integral de la mujer, visi\u00f3n de la mujer en todos sus aspectos, f\u00edsicos, y emocionales.\",\"publisher\":{\"@id\":\"https:\/\/ginecologiaavanzada.es\/de\/#organization\"},\"potentialAction\":[{\"@type\":\"SearchAction\",\"target\":{\"@type\":\"EntryPoint\",\"urlTemplate\":\"https:\/\/ginecologiaavanzada.es\/de\/?s={search_term_string}\"},\"query-input\":{\"@type\":\"PropertyValueSpecification\",\"valueRequired\":true,\"valueName\":\"search_term_string\"}}],\"inLanguage\":\"de\"},{\"@type\":\"Organization\",\"@id\":\"https:\/\/ginecologiaavanzada.es\/de\/#organization\",\"name\":\"Ginecologia Avanzada\",\"url\":\"https:\/\/ginecologiaavanzada.es\/de\/\",\"logo\":{\"@type\":\"ImageObject\",\"inLanguage\":\"de\",\"@id\":\"https:\/\/ginecologiaavanzada.es\/de\/#\/schema\/logo\/image\/\",\"url\":\"https:\/\/ginecologiaavanzada.es\/wp-content\/uploads\/logo-fosc-1.jpg\",\"contentUrl\":\"https:\/\/ginecologiaavanzada.es\/wp-content\/uploads\/logo-fosc-1.jpg\",\"width\":680,\"height\":280,\"caption\":\"Ginecologia Avanzada\"},\"image\":{\"@id\":\"https:\/\/ginecologiaavanzada.es\/de\/#\/schema\/logo\/image\/\"}}]}<\/script>\n<!-- \/ Yoast SEO Premium plugin. -->","yoast_head_json":{"title":"Nerea Maiz Elizaran &#8902; Instituto Ginecolog\u00eda Avanzada","robots":{"index":"index","follow":"follow","max-snippet":"max-snippet:-1","max-image-preview":"max-image-preview:large","max-video-preview":"max-video-preview:-1"},"canonical":"https:\/\/ginecologiaavanzada.es\/de\/nerea-maiz-elizaran\/","og_locale":"de_DE","og_type":"article","og_title":"Nerea Maiz Elizaran","og_description":"Dra. Nerea Maiz Elizaran SPEZIALIST Behandlung normaler Schwangerschaften und RisikoschwangerschaftenPr\u00e4nataldiagnostikInvasive TechnikenFetalchirurgie Termin anfragen CENTRO QUIR\u00d3N Seit meiner Spezialisierung habe ich in renommierten Krankenh\u00e4usern wie dem Hospital Sant Joan de D\u00e9u de Esplugues de Llobregat, dem Hospital Dexeus,als Research Fellow, dem King&#8217;s College Hospital, London (UK), dem Hospital Universitario Cruces, Vizcaya, der Cl\u00ednica Zuatzu, San Sebasti\u00e1n [&hellip;]","og_url":"https:\/\/ginecologiaavanzada.es\/de\/nerea-maiz-elizaran\/","og_site_name":"Instituto Ginecolog\u00eda Avanzada","article_modified_time":"2026-02-27T09:34:23+00:00","og_image":[{"url":"https:\/\/ginecologiaavanzada.es\/wp-content\/uploads\/2025\/11\/Nerea-Maiz-400x400.png","type":"","width":"","height":""}],"twitter_card":"summary_large_image","twitter_misc":{"Gesch\u00e4tzte Lesezeit":"1\u00a0Minute"},"schema":{"@context":"https:\/\/schema.org","@graph":[{"@type":"WebPage","@id":"https:\/\/ginecologiaavanzada.es\/de\/nerea-maiz-elizaran\/","url":"https:\/\/ginecologiaavanzada.es\/de\/nerea-maiz-elizaran\/","name":"Nerea Maiz Elizaran &#8902; Instituto Ginecolog\u00eda Avanzada","isPartOf":{"@id":"https:\/\/ginecologiaavanzada.es\/de\/#website"},"primaryImageOfPage":{"@id":"https:\/\/ginecologiaavanzada.es\/de\/nerea-maiz-elizaran\/#primaryimage"},"image":{"@id":"https:\/\/ginecologiaavanzada.es\/de\/nerea-maiz-elizaran\/#primaryimage"},"thumbnailUrl":"https:\/\/ginecologiaavanzada.es\/wp-content\/uploads\/2025\/11\/Nerea-Maiz-400x400.png","datePublished":"2025-12-05T13:40:29+00:00","dateModified":"2026-02-27T09:34:23+00:00","breadcrumb":{"@id":"https:\/\/ginecologiaavanzada.es\/de\/nerea-maiz-elizaran\/#breadcrumb"},"inLanguage":"de","potentialAction":[{"@type":"ReadAction","target":["https:\/\/ginecologiaavanzada.es\/de\/nerea-maiz-elizaran\/"]}]},{"@type":"ImageObject","inLanguage":"de","@id":"https:\/\/ginecologiaavanzada.es\/de\/nerea-maiz-elizaran\/#primaryimage","url":"https:\/\/ginecologiaavanzada.es\/wp-content\/uploads\/2025\/11\/Nerea-Maiz-400x400.png","contentUrl":"https:\/\/ginecologiaavanzada.es\/wp-content\/uploads\/2025\/11\/Nerea-Maiz-400x400.png"},{"@type":"BreadcrumbList","@id":"https:\/\/ginecologiaavanzada.es\/de\/nerea-maiz-elizaran\/#breadcrumb","itemListElement":[{"@type":"ListItem","position":1,"name":"Portada","item":"https:\/\/ginecologiaavanzada.es\/de\/"},{"@type":"ListItem","position":2,"name":"Nerea Maiz Elizaran"}]},{"@type":"WebSite","@id":"https:\/\/ginecologiaavanzada.es\/de\/#website","url":"https:\/\/ginecologiaavanzada.es\/de\/","name":"Ginecologia Avanzada","description":"Enfoque integral de la mujer, visi\u00f3n de la mujer en todos sus aspectos, f\u00edsicos, y emocionales.","publisher":{"@id":"https:\/\/ginecologiaavanzada.es\/de\/#organization"},"potentialAction":[{"@type":"SearchAction","target":{"@type":"EntryPoint","urlTemplate":"https:\/\/ginecologiaavanzada.es\/de\/?s={search_term_string}"},"query-input":{"@type":"PropertyValueSpecification","valueRequired":true,"valueName":"search_term_string"}}],"inLanguage":"de"},{"@type":"Organization","@id":"https:\/\/ginecologiaavanzada.es\/de\/#organization","name":"Ginecologia Avanzada","url":"https:\/\/ginecologiaavanzada.es\/de\/","logo":{"@type":"ImageObject","inLanguage":"de","@id":"https:\/\/ginecologiaavanzada.es\/de\/#\/schema\/logo\/image\/","url":"https:\/\/ginecologiaavanzada.es\/wp-content\/uploads\/logo-fosc-1.jpg","contentUrl":"https:\/\/ginecologiaavanzada.es\/wp-content\/uploads\/logo-fosc-1.jpg","width":680,"height":280,"caption":"Ginecologia Avanzada"},"image":{"@id":"https:\/\/ginecologiaavanzada.es\/de\/#\/schema\/logo\/image\/"}}]}},"_links":{"self":[{"href":"https:\/\/ginecologiaavanzada.es\/de\/wp-json\/wp\/v2\/pages\/82712","targetHints":{"allow":["GET"]}}],"collection":[{"href":"https:\/\/ginecologiaavanzada.es\/de\/wp-json\/wp\/v2\/pages"}],"about":[{"href":"https:\/\/ginecologiaavanzada.es\/de\/wp-json\/wp\/v2\/types\/page"}],"author":[{"embeddable":true,"href":"https:\/\/ginecologiaavanzada.es\/de\/wp-json\/wp\/v2\/users\/6"}],"replies":[{"embeddable":true,"href":"https:\/\/ginecologiaavanzada.es\/de\/wp-json\/wp\/v2\/comments?post=82712"}],"version-history":[{"count":4,"href":"https:\/\/ginecologiaavanzada.es\/de\/wp-json\/wp\/v2\/pages\/82712\/revisions"}],"predecessor-version":[{"id":83217,"href":"https:\/\/ginecologiaavanzada.es\/de\/wp-json\/wp\/v2\/pages\/82712\/revisions\/83217"}],"wp:attachment":[{"href":"https:\/\/ginecologiaavanzada.es\/de\/wp-json\/wp\/v2\/media?parent=82712"}],"curies":[{"name":"wp","href":"https:\/\/api.w.org\/{rel}","templated":true}]}}