{"id":82959,"date":"2026-02-25T14:12:19","date_gmt":"2026-02-25T14:12:19","guid":{"rendered":"https:\/\/ginecologiaavanzada.es\/rechtlicher-hinweis\/"},"modified":"2026-02-26T17:06:22","modified_gmt":"2026-02-26T17:06:22","slug":"rechtlicher-hinweis","status":"publish","type":"page","link":"https:\/\/ginecologiaavanzada.es\/de\/rechtlicher-hinweis\/","title":{"rendered":"Rechtlicher Hinweis"},"content":{"rendered":"\t\t<div data-elementor-type=\"wp-page\" data-elementor-id=\"82959\" class=\"elementor elementor-82959 elementor-82682\" data-elementor-post-type=\"page\">\n\t\t\t\t\t\t<section class=\"elementor-section elementor-top-section elementor-element elementor-element-018a7a5 elementor-section-full_width elementor-section-stretched elementor-section-height-default elementor-section-height-default\" data-id=\"018a7a5\" data-element_type=\"section\" data-e-type=\"section\" data-settings=\"{&quot;stretch_section&quot;:&quot;section-stretched&quot;}\">\n\t\t\t\t\t\t<div class=\"elementor-container elementor-column-gap-default\">\n\t\t\t\t\t<div class=\"elementor-column elementor-col-100 elementor-top-column elementor-element elementor-element-d5c89a1\" data-id=\"d5c89a1\" data-element_type=\"column\" data-e-type=\"column\">\n\t\t\t<div class=\"elementor-widget-wrap elementor-element-populated\">\n\t\t\t\t\t\t<div class=\"elementor-element elementor-element-a5e4ecb elementor-widget elementor-widget-text-editor\" data-id=\"a5e4ecb\" data-element_type=\"widget\" data-e-type=\"widget\" data-widget_type=\"text-editor.default\">\n\t\t\t\t<div class=\"elementor-widget-container\">\n\t\t\t\t\t\t\t\t\t<h1 style=\"text-align: center;\"><span style=\"color: #aa83b1;\">Rechtshinweis<\/span><\/h1><p><br>C&amp;B MEDICAL PLUS SLP ist das Unternehmen, dem diese Website (http:\/\/ginecologiaavanzada.es\/) geh\u00f6rt. Sofern nicht ausdr\u00fccklich anders angegeben, liegen alle Rechte am geistigen und gewerblichen Eigentum der Inhalte bei C&amp;B MEDICAL PLUS SLP. Gem\u00e4\u00df Gesetz 34\/2002 \u00fcber Dienste der Informationsgesellschaft stellen wir folgende Informationen bereit:<br>C&amp;B MEDICAL PLUS SLP<br>Ronda Canigo, 10. c 4<br>08950 Esplugues de Llobregat<br>Steuernummer: B65773566<br>Eingetragen im Handelsregister von Barcelona; Band 43176; Blatt 140; Seite B425420, Eintrag 1  <\/p><p>1. Nutzungsbedingungen<br>Der Nutzer verpflichtet sich, die auf dieser Website enthaltenen Informationen ausschlie\u00dflich f\u00fcr eigene Zwecke zu nutzen und die Inhalte und Dienste, auf die er Zugriff hat, weder direkt noch indirekt kommerziell zu verwerten. Der Nutzer hat das Recht auf freien und uneingeschr\u00e4nkten Zugang zu den hierin enthaltenen \u00f6ffentlichen Informationen; C&amp;B MEDICAL PLUS beh\u00e4lt sich jedoch das Recht vor, den Zugriff auf bestimmte Bereiche und Dienste des Portals einzuschr\u00e4nken. C&amp;B MEDICAL PLUS ist stets bem\u00fcht, korrekte und aktuelle Informationen bereitzustellen. C&amp;B MEDICAL PLUS \u00fcbernimmt jedoch keine Gew\u00e4hr f\u00fcr die Eignung der auf der Website enthaltenen Informationen.   <\/p><p>2. Links<br>Diese Website kann Links zu externen Websites enthalten, deren Inhalte sich aufgrund der Natur des Internets schnell \u00e4ndern k\u00f6nnen.<br>C&amp;B MEDICAL PLUS \u00fcbernimmt daher keine Verantwortung f\u00fcr die Informationen, Dienstleistungen oder Inhalte dieser externen Websites. Jede externe Website, die \u00fcber die Website von C&amp;B MEDICAL PLUS aufgerufen wird, ist unabh\u00e4ngig, und C&amp;B MEDICAL PLUS hat keinen Einfluss auf deren Inhalte. Ein Link zu einer anderen Website als der von C&amp;B MEDICAL PLUS bedeutet weder eine Billigung noch die \u00dcbernahme von Verantwortung f\u00fcr deren Inhalte oder Nutzung.<br>Sollte C&amp;B MEDICAL PLUS Kenntnis davon erlangen, dass die Aktivit\u00e4ten oder Informationen, auf die diese Links verweisen, rechtswidrig sind, eine Straftat darstellen oder das Eigentum oder die Rechte Dritter, denen Schadensersatzanspr\u00fcche entstehen, sch\u00e4digen k\u00f6nnten, wird C&amp;B MEDICAL PLUS unverz\u00fcglich den entsprechenden Link entfernen oder deaktivieren. <\/p><p>3. Geistige und gewerbliche Schutzrechte<br>Die Rechte an geistigem und gewerblichem Eigentum (einschlie\u00dflich, aber nicht beschr\u00e4nkt auf Marken, Logos, Texte, Fotografien, Icons, Bilder usw. sowie das Grafikdesign, der Quellcode und andere Softwareelemente dieser Website) liegen bei C&amp;B MEDICAL PLUS. Sie unterliegen daher den durch spanisches und internationales Recht gesch\u00fctzten Rechten des geistigen und gewerblichen Eigentums. <br>Ohne die vorherige schriftliche Genehmigung von C&amp;B MEDICAL PLUS ist es nicht gestattet, Inhalte zu nutzen, zu vervielf\u00e4ltigen, zu \u00fcbertragen, zu bearbeiten oder in irgendeiner Weise zu verwenden, die \u00fcber den Besuch der Website und die Nutzung der angebotenen Dienste hinausgeht.<br>Der Zugriff auf die angebotenen Dienste impliziert weder einen vollst\u00e4ndigen noch einen teilweisen Verzicht, eine \u00dcbertragung oder Abtretung der Rechte an geistigem und gewerblichem Eigentum durch C&amp;B MEDICAL PLUS. Ebenso wenig werden dadurch Rechte zur Nutzung, \u00c4nderung, Verwertung, Vervielf\u00e4ltigung, Verbreitung oder \u00f6ffentlichen Wiedergabe dieser Inhalte ohne die vorherige und ausdr\u00fcckliche schriftliche Genehmigung der jeweiligen Rechteinhaber gew\u00e4hrt. Dies gilt unbeschadet des Rechts, diese Inhalte einzusehen und eine private Sicherungskopie davon zu erhalten, sofern dieses Recht in gutem Glauben ausge\u00fcbt wird, das geistige und gewerbliche Eigentum des Rechteinhabers unber\u00fchrt bleibt, die Inhalte nichtkommerziellen Zwecken dienen und ausschlie\u00dflich der pers\u00f6nlichen Information des Nutzers dienen. Die Haftung, die sich aus der Nutzung ergibt, ist ausgeschlossen. Die auf dieser Seite enthaltenen, durch geistige und gewerbliche Schutzrechte gesch\u00fctzten Materialien geh\u00f6ren ausschlie\u00dflich dem Benutzer.<\/p><p>4. Ethik und Verantwortung des Website-Nutzers: C&amp;B MEDICAL PLUS haftet unter keinen Umst\u00e4nden f\u00fcr die Nutzung der Website durch den Nutzer. Der Nutzer verpflichtet sich, bei der Nutzung der Unternehmenswebsite oder der ihm zur Verf\u00fcgung gestellten Ressourcen jegliches Verhalten zu unterlassen, das die geistigen oder gewerblichen Eigentumsrechte von C&amp;B MEDICAL PLUS oder Dritter verletzt, die Ehre, die Privatsph\u00e4re oder das Bildnis Dritter beeintr\u00e4chtigt oder beeintr\u00e4chtigt oder das rechtswidrig oder sittenwidrig ist. Der Nutzer stellt C&amp;B MEDICAL PLUS in jedem Fall von jeglichen Anspr\u00fcchen, gleich ob gerichtlich oder au\u00dfergerichtlich, frei, die aufgrund einer solchen Nutzung gegen C&amp;B MEDICAL PLUS erhoben werden. Der Benutzer verpflichtet sich, in keiner Weise die Daten, Programme oder elektronischen Dokumente von C&amp;B MEDICAL PLUS zu zerst\u00f6ren, zu ver\u00e4ndern, zu deaktivieren oder zu besch\u00e4digen sowie Programme, Viren, Applets oder sonstige physische oder elektronische Instrumente im Netzwerk einzuf\u00fchren oder zu verbreiten, die eine Ver\u00e4nderung des Netzwerks, des Systems oder der Ger\u00e4te Dritter verursachen oder verursachen k\u00f6nnen.  <\/p><p>5. Anwendbares Recht \u2013 Gerichtsstand<br>Die Beilegung jeglicher Streitigkeiten oder Meinungsverschiedenheiten im Zusammenhang mit den Nutzungsbedingungen dieser Website unterliegt spanischem Recht, und die Gerichte der Stadt Barcelona sind ausschlie\u00dflich zust\u00e4ndig.<\/p>\t\t\t\t\t\t\t\t<\/div>\n\t\t\t\t<\/div>\n\t\t\t\t\t<\/div>\n\t\t<\/div>\n\t\t\t\t\t<\/div>\n\t\t<\/section>\n\t\t\t\t<\/div>\n\t\t","protected":false},"excerpt":{"rendered":"<p>Rechtshinweis C&amp;B MEDICAL PLUS SLP ist das Unternehmen, dem diese Website (http:\/\/ginecologiaavanzada.es\/) geh\u00f6rt. Sofern nicht ausdr\u00fccklich anders angegeben, liegen alle Rechte am geistigen und gewerblichen Eigentum der Inhalte bei C&amp;B MEDICAL PLUS SLP. Gem\u00e4\u00df Gesetz 34\/2002 \u00fcber Dienste der Informationsgesellschaft stellen wir folgende Informationen bereit:C&amp;B MEDICAL PLUS SLPRonda Canigo, 10. c 408950 Esplugues de LlobregatSteuernummer: [&hellip;]<\/p>\n","protected":false},"author":6,"featured_media":0,"parent":0,"menu_order":0,"comment_status":"closed","ping_status":"closed","template":"","meta":{"_joinchat":[],"footnotes":""},"class_list":["post-82959","page","type-page","status-publish","hentry","entry"],"yoast_head":"<!-- This site is optimized with the Yoast SEO Premium plugin v27.1 (Yoast SEO v27.2) - https:\/\/yoast.com\/product\/yoast-seo-premium-wordpress\/ -->\n<title>Rechtlicher Hinweis &#8902; Instituto Ginecolog\u00eda Avanzada<\/title>\n<meta name=\"robots\" content=\"index, follow, max-snippet:-1, max-image-preview:large, max-video-preview:-1\" \/>\n<link rel=\"canonical\" href=\"https:\/\/ginecologiaavanzada.es\/de\/rechtlicher-hinweis\/\" \/>\n<meta property=\"og:locale\" content=\"de_DE\" \/>\n<meta property=\"og:type\" content=\"article\" \/>\n<meta property=\"og:title\" content=\"Rechtlicher Hinweis\" \/>\n<meta property=\"og:description\" content=\"Rechtshinweis C&amp;B MEDICAL PLUS SLP ist das Unternehmen, dem diese Website (http:\/\/ginecologiaavanzada.es\/) geh\u00f6rt. Sofern nicht ausdr\u00fccklich anders angegeben, liegen alle Rechte am geistigen und gewerblichen Eigentum der Inhalte bei C&amp;B MEDICAL PLUS SLP. Gem\u00e4\u00df Gesetz 34\/2002 \u00fcber Dienste der Informationsgesellschaft stellen wir folgende Informationen bereit:C&amp;B MEDICAL PLUS SLPRonda Canigo, 10. c 408950 Esplugues de LlobregatSteuernummer: [&hellip;]\" \/>\n<meta property=\"og:url\" content=\"https:\/\/ginecologiaavanzada.es\/de\/rechtlicher-hinweis\/\" \/>\n<meta property=\"og:site_name\" content=\"Instituto Ginecolog\u00eda Avanzada\" \/>\n<meta property=\"article:modified_time\" content=\"2026-02-26T17:06:22+00:00\" \/>\n<meta property=\"og:image\" content=\"https:\/\/ginecologiaavanzada.es\/wp-content\/uploads\/logo-fosc-1.jpg\" \/>\n\t<meta property=\"og:image:width\" content=\"680\" \/>\n\t<meta property=\"og:image:height\" content=\"280\" \/>\n\t<meta property=\"og:image:type\" content=\"image\/jpeg\" \/>\n<meta name=\"twitter:card\" content=\"summary_large_image\" \/>\n<meta name=\"twitter:label1\" content=\"Gesch\u00e4tzte Lesezeit\" \/>\n\t<meta name=\"twitter:data1\" content=\"4\u00a0Minuten\" \/>\n<script type=\"application\/ld+json\" class=\"yoast-schema-graph\">{\"@context\":\"https:\/\/schema.org\",\"@graph\":[{\"@type\":\"WebPage\",\"@id\":\"https:\/\/ginecologiaavanzada.es\/de\/rechtlicher-hinweis\/\",\"url\":\"https:\/\/ginecologiaavanzada.es\/de\/rechtlicher-hinweis\/\",\"name\":\"Rechtlicher Hinweis &#8902; Instituto Ginecolog\u00eda Avanzada\",\"isPartOf\":{\"@id\":\"https:\/\/ginecologiaavanzada.es\/de\/#website\"},\"datePublished\":\"2026-02-25T14:12:19+00:00\",\"dateModified\":\"2026-02-26T17:06:22+00:00\",\"breadcrumb\":{\"@id\":\"https:\/\/ginecologiaavanzada.es\/de\/rechtlicher-hinweis\/#breadcrumb\"},\"inLanguage\":\"de\",\"potentialAction\":[{\"@type\":\"ReadAction\",\"target\":[\"https:\/\/ginecologiaavanzada.es\/de\/rechtlicher-hinweis\/\"]}]},{\"@type\":\"BreadcrumbList\",\"@id\":\"https:\/\/ginecologiaavanzada.es\/de\/rechtlicher-hinweis\/#breadcrumb\",\"itemListElement\":[{\"@type\":\"ListItem\",\"position\":1,\"name\":\"Portada\",\"item\":\"https:\/\/ginecologiaavanzada.es\/de\/\"},{\"@type\":\"ListItem\",\"position\":2,\"name\":\"Rechtlicher Hinweis\"}]},{\"@type\":\"WebSite\",\"@id\":\"https:\/\/ginecologiaavanzada.es\/de\/#website\",\"url\":\"https:\/\/ginecologiaavanzada.es\/de\/\",\"name\":\"Ginecologia Avanzada\",\"description\":\"Enfoque integral de la mujer, visi\u00f3n de la mujer en todos sus aspectos, f\u00edsicos, y emocionales.\",\"publisher\":{\"@id\":\"https:\/\/ginecologiaavanzada.es\/de\/#organization\"},\"potentialAction\":[{\"@type\":\"SearchAction\",\"target\":{\"@type\":\"EntryPoint\",\"urlTemplate\":\"https:\/\/ginecologiaavanzada.es\/de\/?s={search_term_string}\"},\"query-input\":{\"@type\":\"PropertyValueSpecification\",\"valueRequired\":true,\"valueName\":\"search_term_string\"}}],\"inLanguage\":\"de\"},{\"@type\":\"Organization\",\"@id\":\"https:\/\/ginecologiaavanzada.es\/de\/#organization\",\"name\":\"Ginecologia Avanzada\",\"url\":\"https:\/\/ginecologiaavanzada.es\/de\/\",\"logo\":{\"@type\":\"ImageObject\",\"inLanguage\":\"de\",\"@id\":\"https:\/\/ginecologiaavanzada.es\/de\/#\/schema\/logo\/image\/\",\"url\":\"https:\/\/ginecologiaavanzada.es\/wp-content\/uploads\/logo-fosc-1.jpg\",\"contentUrl\":\"https:\/\/ginecologiaavanzada.es\/wp-content\/uploads\/logo-fosc-1.jpg\",\"width\":680,\"height\":280,\"caption\":\"Ginecologia Avanzada\"},\"image\":{\"@id\":\"https:\/\/ginecologiaavanzada.es\/de\/#\/schema\/logo\/image\/\"}}]}<\/script>\n<!-- \/ Yoast SEO Premium plugin. -->","yoast_head_json":{"title":"Rechtlicher Hinweis &#8902; Instituto Ginecolog\u00eda Avanzada","robots":{"index":"index","follow":"follow","max-snippet":"max-snippet:-1","max-image-preview":"max-image-preview:large","max-video-preview":"max-video-preview:-1"},"canonical":"https:\/\/ginecologiaavanzada.es\/de\/rechtlicher-hinweis\/","og_locale":"de_DE","og_type":"article","og_title":"Rechtlicher Hinweis","og_description":"Rechtshinweis C&amp;B MEDICAL PLUS SLP ist das Unternehmen, dem diese Website (http:\/\/ginecologiaavanzada.es\/) geh\u00f6rt. Sofern nicht ausdr\u00fccklich anders angegeben, liegen alle Rechte am geistigen und gewerblichen Eigentum der Inhalte bei C&amp;B MEDICAL PLUS SLP. Gem\u00e4\u00df Gesetz 34\/2002 \u00fcber Dienste der Informationsgesellschaft stellen wir folgende Informationen bereit:C&amp;B MEDICAL PLUS SLPRonda Canigo, 10. c 408950 Esplugues de LlobregatSteuernummer: [&hellip;]","og_url":"https:\/\/ginecologiaavanzada.es\/de\/rechtlicher-hinweis\/","og_site_name":"Instituto Ginecolog\u00eda Avanzada","article_modified_time":"2026-02-26T17:06:22+00:00","og_image":[{"width":680,"height":280,"url":"https:\/\/ginecologiaavanzada.es\/wp-content\/uploads\/logo-fosc-1.jpg","type":"image\/jpeg"}],"twitter_card":"summary_large_image","twitter_misc":{"Gesch\u00e4tzte Lesezeit":"4\u00a0Minuten"},"schema":{"@context":"https:\/\/schema.org","@graph":[{"@type":"WebPage","@id":"https:\/\/ginecologiaavanzada.es\/de\/rechtlicher-hinweis\/","url":"https:\/\/ginecologiaavanzada.es\/de\/rechtlicher-hinweis\/","name":"Rechtlicher Hinweis &#8902; Instituto Ginecolog\u00eda Avanzada","isPartOf":{"@id":"https:\/\/ginecologiaavanzada.es\/de\/#website"},"datePublished":"2026-02-25T14:12:19+00:00","dateModified":"2026-02-26T17:06:22+00:00","breadcrumb":{"@id":"https:\/\/ginecologiaavanzada.es\/de\/rechtlicher-hinweis\/#breadcrumb"},"inLanguage":"de","potentialAction":[{"@type":"ReadAction","target":["https:\/\/ginecologiaavanzada.es\/de\/rechtlicher-hinweis\/"]}]},{"@type":"BreadcrumbList","@id":"https:\/\/ginecologiaavanzada.es\/de\/rechtlicher-hinweis\/#breadcrumb","itemListElement":[{"@type":"ListItem","position":1,"name":"Portada","item":"https:\/\/ginecologiaavanzada.es\/de\/"},{"@type":"ListItem","position":2,"name":"Rechtlicher Hinweis"}]},{"@type":"WebSite","@id":"https:\/\/ginecologiaavanzada.es\/de\/#website","url":"https:\/\/ginecologiaavanzada.es\/de\/","name":"Ginecologia Avanzada","description":"Enfoque integral de la mujer, visi\u00f3n de la mujer en todos sus aspectos, f\u00edsicos, y emocionales.","publisher":{"@id":"https:\/\/ginecologiaavanzada.es\/de\/#organization"},"potentialAction":[{"@type":"SearchAction","target":{"@type":"EntryPoint","urlTemplate":"https:\/\/ginecologiaavanzada.es\/de\/?s={search_term_string}"},"query-input":{"@type":"PropertyValueSpecification","valueRequired":true,"valueName":"search_term_string"}}],"inLanguage":"de"},{"@type":"Organization","@id":"https:\/\/ginecologiaavanzada.es\/de\/#organization","name":"Ginecologia Avanzada","url":"https:\/\/ginecologiaavanzada.es\/de\/","logo":{"@type":"ImageObject","inLanguage":"de","@id":"https:\/\/ginecologiaavanzada.es\/de\/#\/schema\/logo\/image\/","url":"https:\/\/ginecologiaavanzada.es\/wp-content\/uploads\/logo-fosc-1.jpg","contentUrl":"https:\/\/ginecologiaavanzada.es\/wp-content\/uploads\/logo-fosc-1.jpg","width":680,"height":280,"caption":"Ginecologia Avanzada"},"image":{"@id":"https:\/\/ginecologiaavanzada.es\/de\/#\/schema\/logo\/image\/"}}]}},"_links":{"self":[{"href":"https:\/\/ginecologiaavanzada.es\/de\/wp-json\/wp\/v2\/pages\/82959","targetHints":{"allow":["GET"]}}],"collection":[{"href":"https:\/\/ginecologiaavanzada.es\/de\/wp-json\/wp\/v2\/pages"}],"about":[{"href":"https:\/\/ginecologiaavanzada.es\/de\/wp-json\/wp\/v2\/types\/page"}],"author":[{"embeddable":true,"href":"https:\/\/ginecologiaavanzada.es\/de\/wp-json\/wp\/v2\/users\/6"}],"replies":[{"embeddable":true,"href":"https:\/\/ginecologiaavanzada.es\/de\/wp-json\/wp\/v2\/comments?post=82959"}],"version-history":[{"count":1,"href":"https:\/\/ginecologiaavanzada.es\/de\/wp-json\/wp\/v2\/pages\/82959\/revisions"}],"predecessor-version":[{"id":82960,"href":"https:\/\/ginecologiaavanzada.es\/de\/wp-json\/wp\/v2\/pages\/82959\/revisions\/82960"}],"wp:attachment":[{"href":"https:\/\/ginecologiaavanzada.es\/de\/wp-json\/wp\/v2\/media?parent=82959"}],"curies":[{"name":"wp","href":"https:\/\/api.w.org\/{rel}","templated":true}]}}