{"id":82973,"date":"2026-02-25T13:35:38","date_gmt":"2026-02-25T13:35:38","guid":{"rendered":"https:\/\/ginecologiaavanzada.es\/cookie-richtlinie\/"},"modified":"2026-02-26T17:20:49","modified_gmt":"2026-02-26T17:20:49","slug":"cookie-richtlinie","status":"publish","type":"page","link":"https:\/\/ginecologiaavanzada.es\/de\/cookie-richtlinie\/","title":{"rendered":"Cookie-Richtlinie"},"content":{"rendered":"\t\t<div data-elementor-type=\"wp-page\" data-elementor-id=\"82973\" class=\"elementor elementor-82973 elementor-82655\" data-elementor-post-type=\"page\">\n\t\t\t\t\t\t<section class=\"elementor-section elementor-top-section elementor-element elementor-element-018a7a5 elementor-section-full_width elementor-section-stretched elementor-section-height-default elementor-section-height-default\" data-id=\"018a7a5\" data-element_type=\"section\" data-e-type=\"section\" data-settings=\"{&quot;stretch_section&quot;:&quot;section-stretched&quot;}\">\n\t\t\t\t\t\t<div class=\"elementor-container elementor-column-gap-default\">\n\t\t\t\t\t<div class=\"elementor-column elementor-col-100 elementor-top-column elementor-element elementor-element-d5c89a1\" data-id=\"d5c89a1\" data-element_type=\"column\" data-e-type=\"column\">\n\t\t\t<div class=\"elementor-widget-wrap elementor-element-populated\">\n\t\t\t\t\t\t<div class=\"elementor-element elementor-element-a5e4ecb elementor-widget elementor-widget-text-editor\" data-id=\"a5e4ecb\" data-element_type=\"widget\" data-e-type=\"widget\" data-widget_type=\"text-editor.default\">\n\t\t\t\t<div class=\"elementor-widget-container\">\n\t\t\t\t\t\t\t\t\t<h1 style=\"text-align: center;\"><span style=\"color: #aa83b1;\"><strong>COOKIE-RICHTLINIE<\/strong><\/span><\/h1><div><span style=\"color: #aa83b1;\"><strong> <\/strong><\/span><\/div><div><span style=\"color: #aa83b1;\"><strong> <\/strong><\/span><\/div><p>Gem\u00e4\u00df dem spanischen Gesetz \u00fcber Dienste der Informationsgesellschaft und des elektronischen Gesch\u00e4ftsverkehrs (LSSICE) ist es zwingend erforderlich, vor dem Besuch von Websites, die nicht unbedingt notwendige Cookies verwenden, die ausdr\u00fcckliche Einwilligung der Nutzer einzuholen.<br>Daher erkl\u00e4ren wir im Folgenden, was Cookies sind, wozu sie verwendet werden und wie Sie sie bei Bedarf konfigurieren oder deaktivieren k\u00f6nnen. Wir informieren Sie au\u00dferdem \u00fcber die verschiedenen Arten von Cookies und deren Zweck.<br>Auf https:\/\/ginecologiaavanzada.es\/ verwenden wir Cookies, um die einwandfreie Funktion unserer Website zu gew\u00e4hrleisten und deren Inhalte durch die Analyse des Nutzerverhaltens zu verbessern. <\/p><p><span style=\"color: #aa83b1;\">WAS SIND KEKSE?<\/span><br>Ein Cookie ist eine kleine Textdatei, die beim Besuch bestimmter Websites in Ihrem Browser gespeichert wird. Seine Funktion besteht darin, Informationen \u00fcber Besucher abzurufen. Cookies speichern typischerweise technische Informationen, pers\u00f6nliche Pr\u00e4ferenzen, Anpassungen von Inhalten, Nutzungsstatistiken, Links zu sozialen Medien, Zugangsdaten zu Benutzerkonten usw. Ziel des Cookies ist es, die Inhalte der Website an Ihr Profil und Ihre Bed\u00fcrfnisse anzupassen. Ohne Cookies w\u00e4ren die von Websites angebotenen Dienste erheblich eingeschr\u00e4nkt.    <\/p><p><span style=\"color: #aa83b1;\">Arten von Keksen<\/span><\/p><p><b>1. Gem\u00e4\u00df der Organisation, die sie verwaltet.<\/b><\/p><p><b><\/b>Je nachdem, welches Unternehmen die Ger\u00e4te oder Domains verwaltet, von denen die Cookies gesendet werden, und die erhobenen Daten verarbeitet, lassen sich folgende Arten von Cookies unterscheiden:<br>a) Erstanbieter-Cookies: Diese werden vom Computer oder der Domain des Herausgebers selbst an das Endger\u00e4t des Nutzers gesendet.<br>b) Drittanbieter-Cookies: Diese werden von einem Computer oder einer Domain eines anderen Unternehmens an das Endger\u00e4t des Nutzers gesendet. Dieses Unternehmen verarbeitet die \u00fcber die Cookies erhobenen Daten.<\/p><p><b>2. Entsprechend ihrem Zweck<\/b><\/p><p>Die durch Cookies gewonnenen Daten k\u00f6nnen f\u00fcr einige der folgenden Zwecke verarbeitet werden:<br>a) Technische Cookies: Dies sind Cookies, die es dem Nutzer erm\u00f6glichen, auf einer Website, Plattform oder Anwendung zu navigieren und die verschiedenen dort verf\u00fcgbaren Optionen oder Dienste zu nutzen, einschlie\u00dflich derjenigen, die vom Herausgeber verwendet werden, um die Website zu verwalten und zu betreiben sowie ihre Funktionen und Dienste zu erm\u00f6glichen (z. B. Steuerung des Datenverkehrs und der Datenkommunikation, Identifizierung der Sitzung, Zugriff auf gesch\u00fctzte Bereiche, Speichern von Artikeln in einer Bestellung, Bearbeitung einer Bestellung, Zahlungsabwicklung, Registrierung f\u00fcr oder Teilnahme an einer Veranstaltung, Speichern von Inhalten f\u00fcr die Video- oder Audiowiedergabe, Erm\u00f6glichen dynamischer Inhalte oder Teilen von Inhalten \u00fcber soziale Netzwerke).<br>b) Pr\u00e4ferenz- oder Personalisierungs-Cookies: Hierbei handelt es sich um Cookies, die es erm\u00f6glichen, Informationen zu speichern, damit der Benutzer auf den Dienst mit bestimmten Merkmalen zugreifen kann, die sein Erlebnis von dem anderer Benutzer unterscheiden k\u00f6nnen, zum Beispiel die Sprache, die Anzahl der Ergebnisse, die bei einer Suche angezeigt werden, das Erscheinungsbild oder der Inhalt des Dienstes abh\u00e4ngig vom Browsertyp, mit dem der Benutzer auf den Dienst zugreift, oder der Region, aus der er auf den Dienst zugreift usw.<br>c) Analyse- oder Mess-Cookies: Diese Cookies erm\u00f6glichen es dem Verantwortlichen, das Nutzerverhalten auf den verlinkten Websites zu verfolgen und zu analysieren, einschlie\u00dflich der Messung der Werbewirkung. Die mithilfe dieser Cookies gesammelten Informationen dienen dazu, die Aktivit\u00e4t der Websites, Anwendungen oder Plattformen zu messen und auf Basis der Nutzerdatenanalyse Verbesserungen vorzunehmen. <br>d) Verhaltensbasierte Werbe-Cookies: Hierbei handelt es sich um Cookies, die Informationen \u00fcber das Nutzerverhalten speichern, die durch die kontinuierliche Beobachtung der Surfgewohnheiten gewonnen werden. Dies erm\u00f6glicht die Erstellung eines spezifischen Profils zur Anzeige von darauf basierender Werbung.<\/p><p>3. Nach ihrer Speicherdauer<br>Je nach Speicherdauer auf dem Ger\u00e4t des Nutzers lassen sich Cookies unterscheiden zwischen:<br>a) Session-Cookies: Diese Cookies erfassen und speichern Daten, solange der Nutzer eine Website besucht. Sie speichern typischerweise Informationen, die nur f\u00fcr die einmalige Bereitstellung des vom Nutzer angeforderten Dienstes ben\u00f6tigt werden, beispielsweise eine Liste gekaufter Produkte. Sie werden daher nach Beendigung der Sitzung gel\u00f6scht.<br>b) Permanente Cookies: Bei diesen Cookies bleiben die Daten auf dem Ger\u00e4t des Nutzers gespeichert und k\u00f6nnen f\u00fcr einen vom Cookie-Anbieter festgelegten Zeitraum abgerufen und verarbeitet werden. Dieser Zeitraum kann von wenigen Minuten bis zu mehreren Jahren reichen. <\/p><p><span style=\"color: #aa83b1;\">WELCHE KEKSE VERWENDEN WIR?<\/span><\/p><p>Im Folgenden erl\u00e4utern wir, welche Cookies auf unserer Website verwendet werden und welche Eigenschaften sie haben:<\/p>\t\t\t\t\t\t\t\t<\/div>\n\t\t\t\t<\/div>\n\t\t\t\t\t<\/div>\n\t\t<\/div>\n\t\t\t\t\t<\/div>\n\t\t<\/section>\n\t\t\t\t<section class=\"elementor-section elementor-top-section elementor-element elementor-element-932131d elementor-section-full_width elementor-section-stretched elementor-section-height-default elementor-section-height-default\" data-id=\"932131d\" data-element_type=\"section\" data-e-type=\"section\" data-settings=\"{&quot;stretch_section&quot;:&quot;section-stretched&quot;}\">\n\t\t\t\t\t\t<div class=\"elementor-container elementor-column-gap-default\">\n\t\t\t\t\t<div class=\"elementor-column elementor-col-100 elementor-top-column elementor-element elementor-element-d29397c\" data-id=\"d29397c\" data-element_type=\"column\" data-e-type=\"column\">\n\t\t\t<div class=\"elementor-widget-wrap elementor-element-populated\">\n\t\t\t\t\t\t<div class=\"elementor-element elementor-element-1a36953 elementor-widget elementor-widget-image\" data-id=\"1a36953\" data-element_type=\"widget\" data-e-type=\"widget\" data-widget_type=\"image.default\">\n\t\t\t\t<div class=\"elementor-widget-container\">\n\t\t\t\t\t\t\t\t\t\t\t\t\t\t\t<img fetchpriority=\"high\" decoding=\"async\" width=\"400\" height=\"339\" src=\"https:\/\/ginecologiaavanzada.es\/wp-content\/uploads\/Captura-de-pantalla-2026-02-25-a-las-13.52.49-400x339.png\" class=\"attachment-large size-large wp-image-82972\" alt=\"\" srcset=\"https:\/\/ginecologiaavanzada.es\/wp-content\/uploads\/Captura-de-pantalla-2026-02-25-a-las-13.52.49-400x339.png 400w, https:\/\/ginecologiaavanzada.es\/wp-content\/uploads\/Captura-de-pantalla-2026-02-25-a-las-13.52.49-150x127.png 150w, https:\/\/ginecologiaavanzada.es\/wp-content\/uploads\/Captura-de-pantalla-2026-02-25-a-las-13.52.49-768x652.png 768w, https:\/\/ginecologiaavanzada.es\/wp-content\/uploads\/Captura-de-pantalla-2026-02-25-a-las-13.52.49-1536x1304.png 1536w, https:\/\/ginecologiaavanzada.es\/wp-content\/uploads\/Captura-de-pantalla-2026-02-25-a-las-13.52.49-2048x1738.png 2048w\" sizes=\"(max-width: 400px) 100vw, 400px\" \/>\t\t\t\t\t\t\t\t\t\t\t\t\t\t\t<\/div>\n\t\t\t\t<\/div>\n\t\t\t\t\t<\/div>\n\t\t<\/div>\n\t\t\t\t\t<\/div>\n\t\t<\/section>\n\t\t\t\t<section class=\"elementor-section elementor-top-section elementor-element elementor-element-f51129b elementor-section-full_width elementor-section-stretched elementor-section-height-default elementor-section-height-default\" data-id=\"f51129b\" data-element_type=\"section\" data-e-type=\"section\" data-settings=\"{&quot;stretch_section&quot;:&quot;section-stretched&quot;}\">\n\t\t\t\t\t\t<div class=\"elementor-container elementor-column-gap-default\">\n\t\t\t\t\t<div class=\"elementor-column elementor-col-100 elementor-top-column elementor-element elementor-element-9a71422\" data-id=\"9a71422\" data-element_type=\"column\" data-e-type=\"column\">\n\t\t\t<div class=\"elementor-widget-wrap elementor-element-populated\">\n\t\t\t\t\t\t<div class=\"elementor-element elementor-element-7d48e7e elementor-widget elementor-widget-text-editor\" data-id=\"7d48e7e\" data-element_type=\"widget\" data-e-type=\"widget\" data-widget_type=\"text-editor.default\">\n\t\t\t\t<div class=\"elementor-widget-container\">\n\t\t\t\t\t\t\t\t\t<p><span style=\"color: #aa83b1;\">WIE KONFIGURIERT MAN COOKIES?<\/span><\/p><p>Sie k\u00f6nnen die Verwendung von Cookies \u00fcber das Cookie-Einstellungszentrum akzeptieren oder ablehnen.<br>Um zum Einstellungszentrum zu gelangen, klicken Sie auf die allgemeine Informationsmeldung, die auf der Website angezeigt wird. Dort k\u00f6nnen Sie der Verwendung von Cookies zustimmen oder Ihre zuvor erteilte Einwilligung widerrufen. Bitte beachten Sie, dass das Deaktivieren von Drittanbieter-Cookies bereits vorhandene Cookies nicht l\u00f6scht. Diese Aktion muss in Ihren Browsereinstellungen vorgenommen werden.  <\/p><p>Chrome<br>http:\/\/support.google.com\/chrome\/answer\/95647?hl=es<\/p><p>Internet Explorer<br>https:\/\/support.microsoft.com\/es-es\/kb\/278835<\/p><p>Firefox<br>https:\/\/www.mozilla.org\/es-ES\/privacy\/websites\/#cookies<\/p><p>Safari Versi\u00f3n<br>http:\/\/support.apple.com\/kb\/PH5042<\/p><p>Opera<br>https:\/\/help.opera.com\/en\/latest\/web-preferences\/<\/p><p>Otros navegadores<br>Consulte la documentaci\u00f3n del navegador que tenga instalado.<\/p>\t\t\t\t\t\t\t\t<\/div>\n\t\t\t\t<\/div>\n\t\t\t\t\t<\/div>\n\t\t<\/div>\n\t\t\t\t\t<\/div>\n\t\t<\/section>\n\t\t\t\t<\/div>\n\t\t","protected":false},"excerpt":{"rendered":"<p>COOKIE-RICHTLINIE Gem\u00e4\u00df dem spanischen Gesetz \u00fcber Dienste der Informationsgesellschaft und des elektronischen Gesch\u00e4ftsverkehrs (LSSICE) ist es zwingend erforderlich, vor dem Besuch von Websites, die nicht unbedingt notwendige Cookies verwenden, die ausdr\u00fcckliche Einwilligung der Nutzer einzuholen.Daher erkl\u00e4ren wir im Folgenden, was Cookies sind, wozu sie verwendet werden und wie Sie sie bei Bedarf konfigurieren oder deaktivieren [&hellip;]<\/p>\n","protected":false},"author":6,"featured_media":0,"parent":0,"menu_order":0,"comment_status":"closed","ping_status":"closed","template":"","meta":{"_joinchat":[],"footnotes":""},"class_list":["post-82973","page","type-page","status-publish","hentry","entry"],"yoast_head":"<!-- This site is optimized with the Yoast SEO Premium plugin v27.1 (Yoast SEO v27.2) - https:\/\/yoast.com\/product\/yoast-seo-premium-wordpress\/ -->\n<title>Cookie-Richtlinie &#8902; Instituto Ginecolog\u00eda Avanzada<\/title>\n<meta name=\"robots\" content=\"index, follow, max-snippet:-1, max-image-preview:large, max-video-preview:-1\" \/>\n<link rel=\"canonical\" href=\"https:\/\/ginecologiaavanzada.es\/de\/cookie-richtlinie\/\" \/>\n<meta property=\"og:locale\" content=\"de_DE\" \/>\n<meta property=\"og:type\" content=\"article\" \/>\n<meta property=\"og:title\" content=\"Cookie-Richtlinie\" \/>\n<meta property=\"og:description\" content=\"COOKIE-RICHTLINIE Gem\u00e4\u00df dem spanischen Gesetz \u00fcber Dienste der Informationsgesellschaft und des elektronischen Gesch\u00e4ftsverkehrs (LSSICE) ist es zwingend erforderlich, vor dem Besuch von Websites, die nicht unbedingt notwendige Cookies verwenden, die ausdr\u00fcckliche Einwilligung der Nutzer einzuholen.Daher erkl\u00e4ren wir im Folgenden, was Cookies sind, wozu sie verwendet werden und wie Sie sie bei Bedarf konfigurieren oder deaktivieren [&hellip;]\" \/>\n<meta property=\"og:url\" content=\"https:\/\/ginecologiaavanzada.es\/de\/cookie-richtlinie\/\" \/>\n<meta property=\"og:site_name\" content=\"Instituto Ginecolog\u00eda Avanzada\" \/>\n<meta property=\"article:modified_time\" content=\"2026-02-26T17:20:49+00:00\" \/>\n<meta property=\"og:image\" content=\"https:\/\/ginecologiaavanzada.es\/wp-content\/uploads\/Captura-de-pantalla-2026-02-25-a-las-13.52.49-400x339.png\" \/>\n<meta name=\"twitter:card\" content=\"summary_large_image\" \/>\n<meta name=\"twitter:label1\" content=\"Gesch\u00e4tzte Lesezeit\" \/>\n\t<meta name=\"twitter:data1\" content=\"4\u00a0Minuten\" \/>\n<script type=\"application\/ld+json\" class=\"yoast-schema-graph\">{\"@context\":\"https:\/\/schema.org\",\"@graph\":[{\"@type\":\"WebPage\",\"@id\":\"https:\/\/ginecologiaavanzada.es\/de\/cookie-richtlinie\/\",\"url\":\"https:\/\/ginecologiaavanzada.es\/de\/cookie-richtlinie\/\",\"name\":\"Cookie-Richtlinie &#8902; Instituto Ginecolog\u00eda Avanzada\",\"isPartOf\":{\"@id\":\"https:\/\/ginecologiaavanzada.es\/de\/#website\"},\"primaryImageOfPage\":{\"@id\":\"https:\/\/ginecologiaavanzada.es\/de\/cookie-richtlinie\/#primaryimage\"},\"image\":{\"@id\":\"https:\/\/ginecologiaavanzada.es\/de\/cookie-richtlinie\/#primaryimage\"},\"thumbnailUrl\":\"https:\/\/ginecologiaavanzada.es\/wp-content\/uploads\/Captura-de-pantalla-2026-02-25-a-las-13.52.49-400x339.png\",\"datePublished\":\"2026-02-25T13:35:38+00:00\",\"dateModified\":\"2026-02-26T17:20:49+00:00\",\"breadcrumb\":{\"@id\":\"https:\/\/ginecologiaavanzada.es\/de\/cookie-richtlinie\/#breadcrumb\"},\"inLanguage\":\"de\",\"potentialAction\":[{\"@type\":\"ReadAction\",\"target\":[\"https:\/\/ginecologiaavanzada.es\/de\/cookie-richtlinie\/\"]}]},{\"@type\":\"ImageObject\",\"inLanguage\":\"de\",\"@id\":\"https:\/\/ginecologiaavanzada.es\/de\/cookie-richtlinie\/#primaryimage\",\"url\":\"https:\/\/ginecologiaavanzada.es\/wp-content\/uploads\/Captura-de-pantalla-2026-02-25-a-las-13.52.49-400x339.png\",\"contentUrl\":\"https:\/\/ginecologiaavanzada.es\/wp-content\/uploads\/Captura-de-pantalla-2026-02-25-a-las-13.52.49-400x339.png\"},{\"@type\":\"BreadcrumbList\",\"@id\":\"https:\/\/ginecologiaavanzada.es\/de\/cookie-richtlinie\/#breadcrumb\",\"itemListElement\":[{\"@type\":\"ListItem\",\"position\":1,\"name\":\"Portada\",\"item\":\"https:\/\/ginecologiaavanzada.es\/de\/\"},{\"@type\":\"ListItem\",\"position\":2,\"name\":\"Cookie-Richtlinie\"}]},{\"@type\":\"WebSite\",\"@id\":\"https:\/\/ginecologiaavanzada.es\/de\/#website\",\"url\":\"https:\/\/ginecologiaavanzada.es\/de\/\",\"name\":\"Ginecologia Avanzada\",\"description\":\"Enfoque integral de la mujer, visi\u00f3n de la mujer en todos sus aspectos, f\u00edsicos, y emocionales.\",\"publisher\":{\"@id\":\"https:\/\/ginecologiaavanzada.es\/de\/#organization\"},\"potentialAction\":[{\"@type\":\"SearchAction\",\"target\":{\"@type\":\"EntryPoint\",\"urlTemplate\":\"https:\/\/ginecologiaavanzada.es\/de\/?s={search_term_string}\"},\"query-input\":{\"@type\":\"PropertyValueSpecification\",\"valueRequired\":true,\"valueName\":\"search_term_string\"}}],\"inLanguage\":\"de\"},{\"@type\":\"Organization\",\"@id\":\"https:\/\/ginecologiaavanzada.es\/de\/#organization\",\"name\":\"Ginecologia Avanzada\",\"url\":\"https:\/\/ginecologiaavanzada.es\/de\/\",\"logo\":{\"@type\":\"ImageObject\",\"inLanguage\":\"de\",\"@id\":\"https:\/\/ginecologiaavanzada.es\/de\/#\/schema\/logo\/image\/\",\"url\":\"https:\/\/ginecologiaavanzada.es\/wp-content\/uploads\/logo-fosc-1.jpg\",\"contentUrl\":\"https:\/\/ginecologiaavanzada.es\/wp-content\/uploads\/logo-fosc-1.jpg\",\"width\":680,\"height\":280,\"caption\":\"Ginecologia Avanzada\"},\"image\":{\"@id\":\"https:\/\/ginecologiaavanzada.es\/de\/#\/schema\/logo\/image\/\"}}]}<\/script>\n<!-- \/ Yoast SEO Premium plugin. -->","yoast_head_json":{"title":"Cookie-Richtlinie &#8902; Instituto Ginecolog\u00eda Avanzada","robots":{"index":"index","follow":"follow","max-snippet":"max-snippet:-1","max-image-preview":"max-image-preview:large","max-video-preview":"max-video-preview:-1"},"canonical":"https:\/\/ginecologiaavanzada.es\/de\/cookie-richtlinie\/","og_locale":"de_DE","og_type":"article","og_title":"Cookie-Richtlinie","og_description":"COOKIE-RICHTLINIE Gem\u00e4\u00df dem spanischen Gesetz \u00fcber Dienste der Informationsgesellschaft und des elektronischen Gesch\u00e4ftsverkehrs (LSSICE) ist es zwingend erforderlich, vor dem Besuch von Websites, die nicht unbedingt notwendige Cookies verwenden, die ausdr\u00fcckliche Einwilligung der Nutzer einzuholen.Daher erkl\u00e4ren wir im Folgenden, was Cookies sind, wozu sie verwendet werden und wie Sie sie bei Bedarf konfigurieren oder deaktivieren [&hellip;]","og_url":"https:\/\/ginecologiaavanzada.es\/de\/cookie-richtlinie\/","og_site_name":"Instituto Ginecolog\u00eda Avanzada","article_modified_time":"2026-02-26T17:20:49+00:00","og_image":[{"url":"https:\/\/ginecologiaavanzada.es\/wp-content\/uploads\/Captura-de-pantalla-2026-02-25-a-las-13.52.49-400x339.png","type":"","width":"","height":""}],"twitter_card":"summary_large_image","twitter_misc":{"Gesch\u00e4tzte Lesezeit":"4\u00a0Minuten"},"schema":{"@context":"https:\/\/schema.org","@graph":[{"@type":"WebPage","@id":"https:\/\/ginecologiaavanzada.es\/de\/cookie-richtlinie\/","url":"https:\/\/ginecologiaavanzada.es\/de\/cookie-richtlinie\/","name":"Cookie-Richtlinie &#8902; Instituto Ginecolog\u00eda Avanzada","isPartOf":{"@id":"https:\/\/ginecologiaavanzada.es\/de\/#website"},"primaryImageOfPage":{"@id":"https:\/\/ginecologiaavanzada.es\/de\/cookie-richtlinie\/#primaryimage"},"image":{"@id":"https:\/\/ginecologiaavanzada.es\/de\/cookie-richtlinie\/#primaryimage"},"thumbnailUrl":"https:\/\/ginecologiaavanzada.es\/wp-content\/uploads\/Captura-de-pantalla-2026-02-25-a-las-13.52.49-400x339.png","datePublished":"2026-02-25T13:35:38+00:00","dateModified":"2026-02-26T17:20:49+00:00","breadcrumb":{"@id":"https:\/\/ginecologiaavanzada.es\/de\/cookie-richtlinie\/#breadcrumb"},"inLanguage":"de","potentialAction":[{"@type":"ReadAction","target":["https:\/\/ginecologiaavanzada.es\/de\/cookie-richtlinie\/"]}]},{"@type":"ImageObject","inLanguage":"de","@id":"https:\/\/ginecologiaavanzada.es\/de\/cookie-richtlinie\/#primaryimage","url":"https:\/\/ginecologiaavanzada.es\/wp-content\/uploads\/Captura-de-pantalla-2026-02-25-a-las-13.52.49-400x339.png","contentUrl":"https:\/\/ginecologiaavanzada.es\/wp-content\/uploads\/Captura-de-pantalla-2026-02-25-a-las-13.52.49-400x339.png"},{"@type":"BreadcrumbList","@id":"https:\/\/ginecologiaavanzada.es\/de\/cookie-richtlinie\/#breadcrumb","itemListElement":[{"@type":"ListItem","position":1,"name":"Portada","item":"https:\/\/ginecologiaavanzada.es\/de\/"},{"@type":"ListItem","position":2,"name":"Cookie-Richtlinie"}]},{"@type":"WebSite","@id":"https:\/\/ginecologiaavanzada.es\/de\/#website","url":"https:\/\/ginecologiaavanzada.es\/de\/","name":"Ginecologia Avanzada","description":"Enfoque integral de la mujer, visi\u00f3n de la mujer en todos sus aspectos, f\u00edsicos, y emocionales.","publisher":{"@id":"https:\/\/ginecologiaavanzada.es\/de\/#organization"},"potentialAction":[{"@type":"SearchAction","target":{"@type":"EntryPoint","urlTemplate":"https:\/\/ginecologiaavanzada.es\/de\/?s={search_term_string}"},"query-input":{"@type":"PropertyValueSpecification","valueRequired":true,"valueName":"search_term_string"}}],"inLanguage":"de"},{"@type":"Organization","@id":"https:\/\/ginecologiaavanzada.es\/de\/#organization","name":"Ginecologia Avanzada","url":"https:\/\/ginecologiaavanzada.es\/de\/","logo":{"@type":"ImageObject","inLanguage":"de","@id":"https:\/\/ginecologiaavanzada.es\/de\/#\/schema\/logo\/image\/","url":"https:\/\/ginecologiaavanzada.es\/wp-content\/uploads\/logo-fosc-1.jpg","contentUrl":"https:\/\/ginecologiaavanzada.es\/wp-content\/uploads\/logo-fosc-1.jpg","width":680,"height":280,"caption":"Ginecologia Avanzada"},"image":{"@id":"https:\/\/ginecologiaavanzada.es\/de\/#\/schema\/logo\/image\/"}}]}},"_links":{"self":[{"href":"https:\/\/ginecologiaavanzada.es\/de\/wp-json\/wp\/v2\/pages\/82973","targetHints":{"allow":["GET"]}}],"collection":[{"href":"https:\/\/ginecologiaavanzada.es\/de\/wp-json\/wp\/v2\/pages"}],"about":[{"href":"https:\/\/ginecologiaavanzada.es\/de\/wp-json\/wp\/v2\/types\/page"}],"author":[{"embeddable":true,"href":"https:\/\/ginecologiaavanzada.es\/de\/wp-json\/wp\/v2\/users\/6"}],"replies":[{"embeddable":true,"href":"https:\/\/ginecologiaavanzada.es\/de\/wp-json\/wp\/v2\/comments?post=82973"}],"version-history":[{"count":1,"href":"https:\/\/ginecologiaavanzada.es\/de\/wp-json\/wp\/v2\/pages\/82973\/revisions"}],"predecessor-version":[{"id":82974,"href":"https:\/\/ginecologiaavanzada.es\/de\/wp-json\/wp\/v2\/pages\/82973\/revisions\/82974"}],"wp:attachment":[{"href":"https:\/\/ginecologiaavanzada.es\/de\/wp-json\/wp\/v2\/media?parent=82973"}],"curies":[{"name":"wp","href":"https:\/\/api.w.org\/{rel}","templated":true}]}}