{"id":82984,"date":"2026-02-25T13:58:32","date_gmt":"2026-02-25T13:58:32","guid":{"rendered":"https:\/\/ginecologiaavanzada.es\/datenschutzrichtlinie\/"},"modified":"2026-02-26T17:48:41","modified_gmt":"2026-02-26T17:48:41","slug":"datenschutzrichtlinie","status":"publish","type":"page","link":"https:\/\/ginecologiaavanzada.es\/de\/datenschutzrichtlinie\/","title":{"rendered":"Datenschutzrichtlinie"},"content":{"rendered":"\t\t<div data-elementor-type=\"wp-page\" data-elementor-id=\"82984\" class=\"elementor elementor-82984 elementor-82677\" data-elementor-post-type=\"page\">\n\t\t\t\t\t\t<section class=\"elementor-section elementor-top-section elementor-element elementor-element-018a7a5 elementor-section-full_width elementor-section-stretched elementor-section-height-default elementor-section-height-default\" data-id=\"018a7a5\" data-element_type=\"section\" data-e-type=\"section\" data-settings=\"{&quot;stretch_section&quot;:&quot;section-stretched&quot;}\">\n\t\t\t\t\t\t<div class=\"elementor-container elementor-column-gap-default\">\n\t\t\t\t\t<div class=\"elementor-column elementor-col-100 elementor-top-column elementor-element elementor-element-d5c89a1\" data-id=\"d5c89a1\" data-element_type=\"column\" data-e-type=\"column\">\n\t\t\t<div class=\"elementor-widget-wrap elementor-element-populated\">\n\t\t\t\t\t\t<div class=\"elementor-element elementor-element-a5e4ecb elementor-widget elementor-widget-text-editor\" data-id=\"a5e4ecb\" data-element_type=\"widget\" data-e-type=\"widget\" data-widget_type=\"text-editor.default\">\n\t\t\t\t<div class=\"elementor-widget-container\">\n\t\t\t\t\t\t\t\t\t<h1 style=\"text-align: center;\"><span style=\"color: #aa83b1;\">DATENSCHUTZRICHTLINIE<\/span><\/h1><p>VOLLST\u00c4NDIGE RICHTLINIE ZUM SCHUTZ PERSONENBEZOGENER DATEN<\/p><p>Datenschutz und Vertraulichkeit sind f\u00fcr C&amp;B MEDICAL PLUS SLP von gro\u00dfer Bedeutung. Diese Datenschutzrichtlinie legt fest, wie die vom Zentrum erhobenen personenbezogenen Daten verarbeitet werden und kann sich im Laufe der Zeit aufgrund m\u00f6glicher Gesetzes- oder Rechtsprechungs\u00e4nderungen oder \u00c4nderungen der Kriterien der spanischen Datenschutzbeh\u00f6rde und\/oder der zust\u00e4ndigen Aufsichtsbeh\u00f6rde \u00e4ndern. Daher beh\u00e4lt sich C&amp;B MEDICAL PLUS SLP das Recht vor, diese Richtlinie an die zum Zeitpunkt des Zugriffs auf die Website geltende neue Gesetzgebung oder Rechtsprechung anzupassen.  <br><span style=\"font-size: 18px;\"><br><\/span><\/p><p><span style=\"font-size: 18px;\">Letzte Aktualisierung: 25.10.2025<\/span><\/p><p>1. VERANTWORTLICH<br>Wer ist f\u00fcr die Verarbeitung Ihrer Daten verantwortlich?:<br>C&amp;B MEDICAL PLUS SLP<br>Canigo Round, 10. c 4<br>08950 Esplugues de Llobregat<br>CIF:B65773566<br>Mail: consultas@ginecologiaavanzada.es <\/p><p>2. ZWECKE<br>Wozu werden Ihre Daten verarbeitet?<br>Als Patient:in:<br>Wir verarbeiten die personenbezogenen Daten unserer Patient:innen zu folgenden Zwecken:<br>1. Zur Verwaltung von Besuchen, Diagnosen und allen medizinischen Behandlungen oder anderen gesundheitsbezogenen und dermatologischen Leistungen, die von diesem Zentrum erbracht werden, sowie zur Abrechnung und f\u00fcr die notwendige Kommunikation im Zusammenhang mit der Erbringung der genannten Leistungen.<br>2. Zum Versenden von Informationsmitteilungen \u00fcber die Werbung f\u00fcr Produkte und Dienstleistungen der Praxis, sofern Sie uns zuvor Ihre Einwilligung hierzu erteilt haben.<br>3. Zur Bearbeitung von Beschwerden oder Anfragen, die Sie \u00fcber die Formulare auf der Website oder andere Kontaktm\u00f6glichkeiten einreichen.<br>4. Zur Verwaltung von Online-Terminen.<\/p><p>Wir informieren Sie dar\u00fcber, dass die Verarbeitung von Gesundheitsdaten die Verarbeitung besonderer Kategorien personenbezogener Daten umfasst. Diese Verarbeitung ist f\u00fcr die Erbringung der Gesundheitsdienstleistungen erforderlich und wird von Fachkr\u00e4ften durchgef\u00fchrt, die der \u00e4rztlichen Schweigepflicht unterliegen.<br>Die erhobenen personenbezogenen Daten sind f\u00fcr die Erbringung der Dienstleistung und die Pflege der bestehenden Beziehung unbedingt erforderlich und angemessen, relevant und nicht \u00fcberm\u00e4\u00dfig. Sie beschr\u00e4nken sich auf das f\u00fcr die Verarbeitungszwecke notwendige Ma\u00df. <\/p><p>Um sicherzustellen, dass Ihre Angaben aktuell und korrekt sind, bitten wir Sie, uns \u00fcber jegliche \u00c4nderungen zu informieren.<br>Als Lieferant und\/oder Kooperationspartner: Wir verarbeiten die personenbezogenen Daten unserer Lieferanten und Kooperationspartner zur Pflege unserer bestehenden Gesch\u00e4ftsbeziehung.<br>Als Bewerber: Wir verarbeiten die Lebensl\u00e4ufe von Bewerbern zur Durchf\u00fchrung offener Stellenbesetzungen in unserem Zentrum.<\/p><p>3. RECHTSGRUNDLAGE UND AUFBEWAHRUNGSFRIST<br>Welche Rechtsgrundlage besteht f\u00fcr die Verarbeitung Ihrer Daten und wie lange speichern wir diese?<br>Als Patient:in:<br>Die Rechtsgrundlage f\u00fcr die Verarbeitung Ihrer personenbezogenen Daten ist die Vertragserf\u00fcllung der angeforderten medizinischen Leistungen und das berechtigte Interesse des Zentrums an der Bearbeitung Ihrer Anfragen.<br>In einigen F\u00e4llen ist die Rechtsgrundlage f\u00fcr die Verarbeitung der Schutz lebenswichtiger Interessen der betroffenen Person oder anderer nat\u00fcrlicher Personen.<br>F\u00fcr die Verarbeitung zu Werbezwecken f\u00fcr die Dienstleistungen und Produkte des Zentrums ist Ihre Einwilligung die Rechtsgrundlage.<br>Aufbewahrungsdauer:<br>Die angegebenen personenbezogenen Daten und Ihre Patientenakte werden in jedem Fall f\u00fcr die Dauer des bestehenden Behandlungsverh\u00e4ltnisses und nach dessen Beendigung f\u00fcr die gesetzlichen Aufbewahrungsfristen gem\u00e4\u00df Gesetz 21\/2000 vom 29. Dezember \u00fcber das Recht auf Gesundheitsinformationen und Patientenautonomie sowie \u00fcber klinische Dokumentation aufbewahrt. Die Patientenakte wird zusammen mit den Identifikationsdaten jedes Patienten mindestens f\u00fcnfzehn Jahre nach dem jeweiligen Behandlungsende aufbewahrt. Alle \u00fcbrigen Unterlagen werden f\u00fcnf Jahre nach Abschluss der jeweiligen Behandlung vernichtet.<br>Kontaktdaten f\u00fcr den Versand von Informationsmitteilungen werden bis zur L\u00f6schungsanfrage des Nutzers gespeichert.<br>Als Lieferant und\/oder Kooperationspartner:<br>Rechtsgrundlage f\u00fcr die Verarbeitung ist das Bestehen eines Vertragsverh\u00e4ltnisses.<br>Speicherdauer:<br>Die Daten werden in jedem Fall f\u00fcr die Dauer des Vertragsverh\u00e4ltnisses und anschlie\u00dfend f\u00fcr die gesetzlichen Verj\u00e4hrungsfristen gem\u00e4\u00df Zivilrecht sowie Rechnungslegungs- und Steuerrecht gespeichert.<br>Als Bewerber:<br>Rechtsgrundlage f\u00fcr die Verarbeitung ist die Durchf\u00fchrung vorvertraglicher Ma\u00dfnahmen im Rahmen der vom Unternehmen gef\u00fchrten Auswahlverfahren sowie die Einwilligung zur Speicherung des Lebenslaufs f\u00fcr zuk\u00fcnftige Auswahlverfahren.<br>Speicherdauer:  <br>Die Daten werden maximal 2 Jahre lang aufbewahrt. Danach werden sie gel\u00f6scht.<\/p><p>4. DATENEMPF\u00c4NGER<br>An wen geben wir Ihre personenbezogenen Daten weiter?<br>Patientendaten k\u00f6nnen in folgenden F\u00e4llen an Dritte weitergegeben werden:<br>\u2022 An ordnungsgem\u00e4\u00df akkreditiertes Personal der Gesundheitsverwaltung, das Inspektionsfunktionen wahrnimmt, um die Qualit\u00e4t der Versorgung, die Einhaltung der Patientenrechte oder sonstige Verpflichtungen der Arztpraxis gegen\u00fcber Patienten zu \u00fcberpr\u00fcfen.<br>\u2022 An die Gesundheitsverwaltung zu epidemiologischen, Forschungs- oder Lehrzwecken, wobei die personenbezogenen Daten des Patienten stets getrennt von den klinischen und gesundheitsbezogenen Daten behandelt werden.<br>\u2022 An Richter und Gerichte im Rahmen eines Rechtsantrags<br>\u2022 An medizinisches Fachpersonal, das an der Diagnose oder Behandlung beteiligt ist; an Verwaltungspersonal nur, wenn dies zur Erf\u00fcllung ihrer Aufgaben erforderlich ist.<br>\uf0b7 An die Krankenkassen zur Verwaltung der angeforderten medizinischen Leistungen und der entsprechenden Bezahlung.<br>\uf0b7 An medizinische Einrichtungen, Unternehmen und\/oder Fachkr\u00e4fte zum Zwecke der Abrechnung der erbrachten Leistung.<br>\uf0b7 An medizinische Labore zur Durchf\u00fchrung medizinischer Tests.<br>Alle Mitarbeiter, die im Rahmen ihrer T\u00e4tigkeit auf medizinische Daten zugreifen, unterliegen der Schweigepflicht.<br>Patientendaten, Krankenakten und Online-Termine werden in einem medizinischen Managementprogramm auf einem externen Server gespeichert, dessen Anbieter die in der DSGVO festgelegten Garantien und Sicherheitsma\u00dfnahmen einh\u00e4lt und mit dem eine Datenverarbeitungsvereinbarung unterzeichnet wurde.<br>Eine internationale \u00dcbermittlung Ihrer Daten ist nicht geplant.<\/p><p>5. Rechte der betroffenen Person<br>Welche Datenschutzrechte haben Sie?<br>Jede Person hat das Recht, Auskunft dar\u00fcber zu erhalten, welche Daten C&amp;B MEDICAL PLUS verarbeitet.<br>Nachfolgend erl\u00e4utern wir Ihre Rechte:<br>1. Recht auf Auskunft \u00fcber Ihre personenbezogenen Daten und Erhalt einer Kopie davon.<br>2. Recht auf Berichtigung unrichtiger Daten oder, falls zutreffend, auf L\u00f6schung Ihrer Daten, wenn diese unter anderem f\u00fcr die Zwecke, f\u00fcr die sie erhoben wurden, nicht mehr erforderlich sind.<br>3. Unter bestimmten Umst\u00e4nden k\u00f6nnen Sie die Einschr\u00e4nkung der Verarbeitung Ihrer Daten verlangen. In diesem Fall werden Ihre Daten nur noch zur Geltendmachung oder Verteidigung von Rechtsanspr\u00fcchen gespeichert.<br>4. Unter bestimmten Umst\u00e4nden und aus Gr\u00fcnden, die sich aus Ihrer besonderen Situation ergeben, k\u00f6nnen Sie der Verarbeitung Ihrer Daten widersprechen. Das Zentrum wird die Verarbeitung der Daten einstellen, es sei denn, es liegen zwingende berechtigte Gr\u00fcnde vor oder die Verarbeitung ist zur Geltendmachung oder Verteidigung von Rechtsanspr\u00fcchen erforderlich.<br>5. Daten\u00fcbertragbarkeit: Die betroffene Person hat das Recht, die sie betreffenden personenbezogenen Daten, die sie dem Unternehmen bereitgestellt hat, in einem strukturierten, g\u00e4ngigen und maschinenlesbaren Format zu erhalten, wenn: <br>a) Die Verarbeitung erfolgt auf Grundlage Ihrer Einwilligung oder eines Vertrags, und b) die Verarbeitung erfolgt automatisiert.<br>6. Wir weisen Sie auf Ihr Recht hin, eine Beschwerde bei der Aufsichtsbeh\u00f6rde (Spanische Datenschutzbeh\u00f6rde \u2013 www.agpd.es) einzureichen, falls Sie der Ansicht sind, dass die Aus\u00fcbung Ihrer hierin genannten Rechte nicht ausreichend gew\u00e4hrleistet wurde.<\/p><p>Um diese Rechte auszu\u00fcben, kontaktieren Sie uns bitte per E-Mail unter consultas@ginecologiaavanzada.es und geben Sie folgende Informationen an:<br>Vor- und Nachname<br>E-Mail-Adresse<br>Das Recht, das Sie aus\u00fcben m\u00f6chten<br>Details Ihrer Anfrage<br>Wir werden Ihre Anfrage innerhalb eines Monats beantworten und Sie an die von Ihnen angegebene E-Mail-Adresse benachrichtigen.<\/p><p>6. SICHERHEIT BEI DER BEHANDLUNG.<br>Welche Sicherheitsma\u00dfnahmen setzen wir in unseren Informationssystemen ein?<br>Unter Ber\u00fccksichtigung des Stands der Technik, der Implementierungskosten sowie der Art, des Umfangs, des Kontexts und der Zwecke der Verarbeitung sowie der Risiken unterschiedlicher Eintrittswahrscheinlichkeit und Schwere f\u00fcr die Rechte und Freiheiten nat\u00fcrlicher Personen wird C&amp;B MEDICAL PLUS geeignete technische und organisatorische Ma\u00dfnahmen ergreifen, um ein dem Risiko angemessenes Sicherheitsniveau zu gew\u00e4hrleisten und die versehentliche oder unrechtm\u00e4\u00dfige Zerst\u00f6rung, den Verlust oder die Ver\u00e4nderung von \u00fcbermittelten, gespeicherten oder anderweitig verarbeiteten personenbezogenen Daten oder die unbefugte Offenlegung oder den unbefugten Zugriff auf diese Daten zu verhindern.<\/p>\t\t\t\t\t\t\t\t<\/div>\n\t\t\t\t<\/div>\n\t\t\t\t\t<\/div>\n\t\t<\/div>\n\t\t\t\t\t<\/div>\n\t\t<\/section>\n\t\t\t\t<\/div>\n\t\t","protected":false},"excerpt":{"rendered":"<p>DATENSCHUTZRICHTLINIE VOLLST\u00c4NDIGE RICHTLINIE ZUM SCHUTZ PERSONENBEZOGENER DATEN Datenschutz und Vertraulichkeit sind f\u00fcr C&amp;B MEDICAL PLUS SLP von gro\u00dfer Bedeutung. Diese Datenschutzrichtlinie legt fest, wie die vom Zentrum erhobenen personenbezogenen Daten verarbeitet werden und kann sich im Laufe der Zeit aufgrund m\u00f6glicher Gesetzes- oder Rechtsprechungs\u00e4nderungen oder \u00c4nderungen der Kriterien der spanischen Datenschutzbeh\u00f6rde und\/oder der zust\u00e4ndigen Aufsichtsbeh\u00f6rde [&hellip;]<\/p>\n","protected":false},"author":6,"featured_media":0,"parent":0,"menu_order":0,"comment_status":"closed","ping_status":"closed","template":"","meta":{"_joinchat":[],"footnotes":""},"class_list":["post-82984","page","type-page","status-publish","hentry","entry"],"yoast_head":"<!-- This site is optimized with the Yoast SEO Premium plugin v27.1 (Yoast SEO v27.2) - https:\/\/yoast.com\/product\/yoast-seo-premium-wordpress\/ -->\n<title>Datenschutzrichtlinie &#8902; Instituto Ginecolog\u00eda Avanzada<\/title>\n<meta name=\"robots\" content=\"index, follow, max-snippet:-1, max-image-preview:large, max-video-preview:-1\" \/>\n<link rel=\"canonical\" href=\"https:\/\/ginecologiaavanzada.es\/de\/datenschutzrichtlinie\/\" \/>\n<meta property=\"og:locale\" content=\"de_DE\" \/>\n<meta property=\"og:type\" content=\"article\" \/>\n<meta property=\"og:title\" content=\"Datenschutzrichtlinie\" \/>\n<meta property=\"og:description\" content=\"DATENSCHUTZRICHTLINIE VOLLST\u00c4NDIGE RICHTLINIE ZUM SCHUTZ PERSONENBEZOGENER DATEN Datenschutz und Vertraulichkeit sind f\u00fcr C&amp;B MEDICAL PLUS SLP von gro\u00dfer Bedeutung. Diese Datenschutzrichtlinie legt fest, wie die vom Zentrum erhobenen personenbezogenen Daten verarbeitet werden und kann sich im Laufe der Zeit aufgrund m\u00f6glicher Gesetzes- oder Rechtsprechungs\u00e4nderungen oder \u00c4nderungen der Kriterien der spanischen Datenschutzbeh\u00f6rde und\/oder der zust\u00e4ndigen Aufsichtsbeh\u00f6rde [&hellip;]\" \/>\n<meta property=\"og:url\" content=\"https:\/\/ginecologiaavanzada.es\/de\/datenschutzrichtlinie\/\" \/>\n<meta property=\"og:site_name\" content=\"Instituto Ginecolog\u00eda Avanzada\" \/>\n<meta property=\"article:modified_time\" content=\"2026-02-26T17:48:41+00:00\" \/>\n<meta property=\"og:image\" content=\"https:\/\/ginecologiaavanzada.es\/wp-content\/uploads\/logo-fosc-1.jpg\" \/>\n\t<meta property=\"og:image:width\" content=\"680\" \/>\n\t<meta property=\"og:image:height\" content=\"280\" \/>\n\t<meta property=\"og:image:type\" content=\"image\/jpeg\" \/>\n<meta name=\"twitter:card\" content=\"summary_large_image\" \/>\n<meta name=\"twitter:label1\" content=\"Gesch\u00e4tzte Lesezeit\" \/>\n\t<meta name=\"twitter:data1\" content=\"6\u00a0Minuten\" \/>\n<script type=\"application\/ld+json\" class=\"yoast-schema-graph\">{\"@context\":\"https:\/\/schema.org\",\"@graph\":[{\"@type\":\"WebPage\",\"@id\":\"https:\/\/ginecologiaavanzada.es\/de\/datenschutzrichtlinie\/\",\"url\":\"https:\/\/ginecologiaavanzada.es\/de\/datenschutzrichtlinie\/\",\"name\":\"Datenschutzrichtlinie &#8902; Instituto Ginecolog\u00eda Avanzada\",\"isPartOf\":{\"@id\":\"https:\/\/ginecologiaavanzada.es\/de\/#website\"},\"datePublished\":\"2026-02-25T13:58:32+00:00\",\"dateModified\":\"2026-02-26T17:48:41+00:00\",\"breadcrumb\":{\"@id\":\"https:\/\/ginecologiaavanzada.es\/de\/datenschutzrichtlinie\/#breadcrumb\"},\"inLanguage\":\"de\",\"potentialAction\":[{\"@type\":\"ReadAction\",\"target\":[\"https:\/\/ginecologiaavanzada.es\/de\/datenschutzrichtlinie\/\"]}]},{\"@type\":\"BreadcrumbList\",\"@id\":\"https:\/\/ginecologiaavanzada.es\/de\/datenschutzrichtlinie\/#breadcrumb\",\"itemListElement\":[{\"@type\":\"ListItem\",\"position\":1,\"name\":\"Portada\",\"item\":\"https:\/\/ginecologiaavanzada.es\/de\/\"},{\"@type\":\"ListItem\",\"position\":2,\"name\":\"Datenschutzrichtlinie\"}]},{\"@type\":\"WebSite\",\"@id\":\"https:\/\/ginecologiaavanzada.es\/de\/#website\",\"url\":\"https:\/\/ginecologiaavanzada.es\/de\/\",\"name\":\"Ginecologia Avanzada\",\"description\":\"Enfoque integral de la mujer, visi\u00f3n de la mujer en todos sus aspectos, f\u00edsicos, y emocionales.\",\"publisher\":{\"@id\":\"https:\/\/ginecologiaavanzada.es\/de\/#organization\"},\"potentialAction\":[{\"@type\":\"SearchAction\",\"target\":{\"@type\":\"EntryPoint\",\"urlTemplate\":\"https:\/\/ginecologiaavanzada.es\/de\/?s={search_term_string}\"},\"query-input\":{\"@type\":\"PropertyValueSpecification\",\"valueRequired\":true,\"valueName\":\"search_term_string\"}}],\"inLanguage\":\"de\"},{\"@type\":\"Organization\",\"@id\":\"https:\/\/ginecologiaavanzada.es\/de\/#organization\",\"name\":\"Ginecologia Avanzada\",\"url\":\"https:\/\/ginecologiaavanzada.es\/de\/\",\"logo\":{\"@type\":\"ImageObject\",\"inLanguage\":\"de\",\"@id\":\"https:\/\/ginecologiaavanzada.es\/de\/#\/schema\/logo\/image\/\",\"url\":\"https:\/\/ginecologiaavanzada.es\/wp-content\/uploads\/logo-fosc-1.jpg\",\"contentUrl\":\"https:\/\/ginecologiaavanzada.es\/wp-content\/uploads\/logo-fosc-1.jpg\",\"width\":680,\"height\":280,\"caption\":\"Ginecologia Avanzada\"},\"image\":{\"@id\":\"https:\/\/ginecologiaavanzada.es\/de\/#\/schema\/logo\/image\/\"}}]}<\/script>\n<!-- \/ Yoast SEO Premium plugin. -->","yoast_head_json":{"title":"Datenschutzrichtlinie &#8902; Instituto Ginecolog\u00eda Avanzada","robots":{"index":"index","follow":"follow","max-snippet":"max-snippet:-1","max-image-preview":"max-image-preview:large","max-video-preview":"max-video-preview:-1"},"canonical":"https:\/\/ginecologiaavanzada.es\/de\/datenschutzrichtlinie\/","og_locale":"de_DE","og_type":"article","og_title":"Datenschutzrichtlinie","og_description":"DATENSCHUTZRICHTLINIE VOLLST\u00c4NDIGE RICHTLINIE ZUM SCHUTZ PERSONENBEZOGENER DATEN Datenschutz und Vertraulichkeit sind f\u00fcr C&amp;B MEDICAL PLUS SLP von gro\u00dfer Bedeutung. Diese Datenschutzrichtlinie legt fest, wie die vom Zentrum erhobenen personenbezogenen Daten verarbeitet werden und kann sich im Laufe der Zeit aufgrund m\u00f6glicher Gesetzes- oder Rechtsprechungs\u00e4nderungen oder \u00c4nderungen der Kriterien der spanischen Datenschutzbeh\u00f6rde und\/oder der zust\u00e4ndigen Aufsichtsbeh\u00f6rde [&hellip;]","og_url":"https:\/\/ginecologiaavanzada.es\/de\/datenschutzrichtlinie\/","og_site_name":"Instituto Ginecolog\u00eda Avanzada","article_modified_time":"2026-02-26T17:48:41+00:00","og_image":[{"width":680,"height":280,"url":"https:\/\/ginecologiaavanzada.es\/wp-content\/uploads\/logo-fosc-1.jpg","type":"image\/jpeg"}],"twitter_card":"summary_large_image","twitter_misc":{"Gesch\u00e4tzte Lesezeit":"6\u00a0Minuten"},"schema":{"@context":"https:\/\/schema.org","@graph":[{"@type":"WebPage","@id":"https:\/\/ginecologiaavanzada.es\/de\/datenschutzrichtlinie\/","url":"https:\/\/ginecologiaavanzada.es\/de\/datenschutzrichtlinie\/","name":"Datenschutzrichtlinie &#8902; Instituto Ginecolog\u00eda Avanzada","isPartOf":{"@id":"https:\/\/ginecologiaavanzada.es\/de\/#website"},"datePublished":"2026-02-25T13:58:32+00:00","dateModified":"2026-02-26T17:48:41+00:00","breadcrumb":{"@id":"https:\/\/ginecologiaavanzada.es\/de\/datenschutzrichtlinie\/#breadcrumb"},"inLanguage":"de","potentialAction":[{"@type":"ReadAction","target":["https:\/\/ginecologiaavanzada.es\/de\/datenschutzrichtlinie\/"]}]},{"@type":"BreadcrumbList","@id":"https:\/\/ginecologiaavanzada.es\/de\/datenschutzrichtlinie\/#breadcrumb","itemListElement":[{"@type":"ListItem","position":1,"name":"Portada","item":"https:\/\/ginecologiaavanzada.es\/de\/"},{"@type":"ListItem","position":2,"name":"Datenschutzrichtlinie"}]},{"@type":"WebSite","@id":"https:\/\/ginecologiaavanzada.es\/de\/#website","url":"https:\/\/ginecologiaavanzada.es\/de\/","name":"Ginecologia Avanzada","description":"Enfoque integral de la mujer, visi\u00f3n de la mujer en todos sus aspectos, f\u00edsicos, y emocionales.","publisher":{"@id":"https:\/\/ginecologiaavanzada.es\/de\/#organization"},"potentialAction":[{"@type":"SearchAction","target":{"@type":"EntryPoint","urlTemplate":"https:\/\/ginecologiaavanzada.es\/de\/?s={search_term_string}"},"query-input":{"@type":"PropertyValueSpecification","valueRequired":true,"valueName":"search_term_string"}}],"inLanguage":"de"},{"@type":"Organization","@id":"https:\/\/ginecologiaavanzada.es\/de\/#organization","name":"Ginecologia Avanzada","url":"https:\/\/ginecologiaavanzada.es\/de\/","logo":{"@type":"ImageObject","inLanguage":"de","@id":"https:\/\/ginecologiaavanzada.es\/de\/#\/schema\/logo\/image\/","url":"https:\/\/ginecologiaavanzada.es\/wp-content\/uploads\/logo-fosc-1.jpg","contentUrl":"https:\/\/ginecologiaavanzada.es\/wp-content\/uploads\/logo-fosc-1.jpg","width":680,"height":280,"caption":"Ginecologia Avanzada"},"image":{"@id":"https:\/\/ginecologiaavanzada.es\/de\/#\/schema\/logo\/image\/"}}]}},"_links":{"self":[{"href":"https:\/\/ginecologiaavanzada.es\/de\/wp-json\/wp\/v2\/pages\/82984","targetHints":{"allow":["GET"]}}],"collection":[{"href":"https:\/\/ginecologiaavanzada.es\/de\/wp-json\/wp\/v2\/pages"}],"about":[{"href":"https:\/\/ginecologiaavanzada.es\/de\/wp-json\/wp\/v2\/types\/page"}],"author":[{"embeddable":true,"href":"https:\/\/ginecologiaavanzada.es\/de\/wp-json\/wp\/v2\/users\/6"}],"replies":[{"embeddable":true,"href":"https:\/\/ginecologiaavanzada.es\/de\/wp-json\/wp\/v2\/comments?post=82984"}],"version-history":[{"count":1,"href":"https:\/\/ginecologiaavanzada.es\/de\/wp-json\/wp\/v2\/pages\/82984\/revisions"}],"predecessor-version":[{"id":82985,"href":"https:\/\/ginecologiaavanzada.es\/de\/wp-json\/wp\/v2\/pages\/82984\/revisions\/82985"}],"wp:attachment":[{"href":"https:\/\/ginecologiaavanzada.es\/de\/wp-json\/wp\/v2\/media?parent=82984"}],"curies":[{"name":"wp","href":"https:\/\/api.w.org\/{rel}","templated":true}]}}