{"id":81378,"date":"2025-12-05T14:09:27","date_gmt":"2025-12-05T14:09:27","guid":{"rendered":"https:\/\/ginecologiaavanzada.es\/isabel-garcia-penche-santillan\/"},"modified":"2026-04-10T21:13:54","modified_gmt":"2026-04-10T21:13:54","slug":"isabel-garcia-penche-santillan","status":"publish","type":"page","link":"https:\/\/ginecologiaavanzada.es\/en\/isabel-garcia-penche-santillan\/","title":{"rendered":"ISABEL GARCIA-PENCHE SANTILLAN"},"content":{"rendered":"\t\t<div data-elementor-type=\"wp-page\" data-elementor-id=\"81378\" class=\"elementor elementor-81378 elementor-80800\" data-elementor-post-type=\"page\">\n\t\t\t\t\t\t<section class=\"elementor-section elementor-top-section elementor-element elementor-element-d1b96b7 elementor-section-boxed elementor-section-height-default elementor-section-height-default\" data-id=\"d1b96b7\" data-element_type=\"section\" data-e-type=\"section\">\n\t\t\t\t\t\t<div class=\"elementor-container elementor-column-gap-default\">\n\t\t\t\t\t<div class=\"elementor-column elementor-col-50 elementor-top-column elementor-element elementor-element-1ed2a1c\" data-id=\"1ed2a1c\" data-element_type=\"column\" data-e-type=\"column\">\n\t\t\t<div class=\"elementor-widget-wrap elementor-element-populated\">\n\t\t\t\t\t\t<div class=\"elementor-element elementor-element-6884652 elementor-widget elementor-widget-image\" data-id=\"6884652\" data-element_type=\"widget\" data-e-type=\"widget\" data-widget_type=\"image.default\">\n\t\t\t\t<div class=\"elementor-widget-container\">\n\t\t\t\t\t\t\t\t\t\t\t\t\t\t\t<img fetchpriority=\"high\" decoding=\"async\" width=\"400\" height=\"400\" src=\"https:\/\/ginecologiaavanzada.es\/wp-content\/uploads\/2025\/11\/Isabel-Garcia-Penche-03-Photoroom-400x400.png\" class=\"attachment-large size-large wp-image-80069\" alt=\"\" srcset=\"https:\/\/ginecologiaavanzada.es\/wp-content\/uploads\/2025\/11\/Isabel-Garcia-Penche-03-Photoroom-400x400.png 400w, https:\/\/ginecologiaavanzada.es\/wp-content\/uploads\/2025\/11\/Isabel-Garcia-Penche-03-Photoroom-150x150.png 150w, https:\/\/ginecologiaavanzada.es\/wp-content\/uploads\/2025\/11\/Isabel-Garcia-Penche-03-Photoroom-768x767.png 768w, https:\/\/ginecologiaavanzada.es\/wp-content\/uploads\/2025\/11\/Isabel-Garcia-Penche-03-Photoroom-600x600.png 600w, https:\/\/ginecologiaavanzada.es\/wp-content\/uploads\/2025\/11\/Isabel-Garcia-Penche-03-Photoroom.png 1280w\" sizes=\"(max-width: 400px) 100vw, 400px\" \/>\t\t\t\t\t\t\t\t\t\t\t\t\t\t\t<\/div>\n\t\t\t\t<\/div>\n\t\t\t\t<div class=\"elementor-element elementor-element-de2decf elementor-widget elementor-widget-text-editor\" data-id=\"de2decf\" data-element_type=\"widget\" data-e-type=\"widget\" data-widget_type=\"text-editor.default\">\n\t\t\t\t<div class=\"elementor-widget-container\">\n\t\t\t\t\t\t\t\t\t<p>Dra. Isabel Garcia-Penche Santillan | Col. Number 33885<\/p>\t\t\t\t\t\t\t\t<\/div>\n\t\t\t\t<\/div>\n\t\t\t\t<div class=\"elementor-element elementor-element-f389ade elementor-widget elementor-widget-text-editor\" data-id=\"f389ade\" data-element_type=\"widget\" data-e-type=\"widget\" data-widget_type=\"text-editor.default\">\n\t\t\t\t<div class=\"elementor-widget-container\">\n\t\t\t\t\t\t\t\t\t<p><span style=\"color: #aa83b1;\">SPECIALIST<\/span><\/p><p>Normal and high-risk pregnancy<br>Prenatal diagnosis<br>Comprehensive menopause management<br>General and adolescent gynecology<\/p>\t\t\t\t\t\t\t\t<\/div>\n\t\t\t\t<\/div>\n\t\t\t\t<div class=\"elementor-element elementor-element-ec624b8 elementor-hidden-mobile elementor-widget elementor-widget-text-editor\" data-id=\"ec624b8\" data-element_type=\"widget\" data-e-type=\"widget\" data-widget_type=\"text-editor.default\">\n\t\t\t\t<div class=\"elementor-widget-container\">\n\t\t\t\t\t\t\t\t\t<p>Request an Appointment<\/p>\t\t\t\t\t\t\t\t<\/div>\n\t\t\t\t<\/div>\n\t\t\t\t<section class=\"elementor-section elementor-inner-section elementor-element elementor-element-f0fa187 elementor-hidden-mobile elementor-section-boxed elementor-section-height-default elementor-section-height-default\" data-id=\"f0fa187\" data-element_type=\"section\" data-e-type=\"section\">\n\t\t\t\t\t\t<div class=\"elementor-container elementor-column-gap-default\">\n\t\t\t\t\t<div class=\"elementor-column elementor-col-33 elementor-inner-column elementor-element elementor-element-53e07fd\" data-id=\"53e07fd\" data-element_type=\"column\" data-e-type=\"column\">\n\t\t\t<div class=\"elementor-widget-wrap\">\n\t\t\t\t\t\t\t<\/div>\n\t\t<\/div>\n\t\t\t\t<div class=\"elementor-column elementor-col-33 elementor-inner-column elementor-element elementor-element-ceaa54d\" data-id=\"ceaa54d\" data-element_type=\"column\" data-e-type=\"column\">\n\t\t\t<div class=\"elementor-widget-wrap elementor-element-populated\">\n\t\t\t\t\t\t<div class=\"elementor-element elementor-element-efab96e elementor-align-center elementor-widget elementor-widget-button\" data-id=\"efab96e\" data-element_type=\"widget\" data-e-type=\"widget\" data-widget_type=\"button.default\">\n\t\t\t\t<div class=\"elementor-widget-container\">\n\t\t\t\t\t\t\t\t\t<div class=\"elementor-button-wrapper\">\n\t\t\t\t\t<a class=\"elementor-button elementor-button-link elementor-size-sm\" href=\"#\">\n\t\t\t\t\t\t<span class=\"elementor-button-content-wrapper\">\n\t\t\t\t\t\t\t\t\t<span class=\"elementor-button-text\">QUIRON CENTER<\/span>\n\t\t\t\t\t<\/span>\n\t\t\t\t\t<\/a>\n\t\t\t\t<\/div>\n\t\t\t\t\t\t\t\t<\/div>\n\t\t\t\t<\/div>\n\t\t\t\t\t<\/div>\n\t\t<\/div>\n\t\t\t\t<div class=\"elementor-column elementor-col-33 elementor-inner-column elementor-element elementor-element-754ed0a\" data-id=\"754ed0a\" data-element_type=\"column\" data-e-type=\"column\">\n\t\t\t<div class=\"elementor-widget-wrap\">\n\t\t\t\t\t\t\t<\/div>\n\t\t<\/div>\n\t\t\t\t\t<\/div>\n\t\t<\/section>\n\t\t\t\t\t<\/div>\n\t\t<\/div>\n\t\t\t\t<div class=\"elementor-column elementor-col-50 elementor-top-column elementor-element elementor-element-fc21a34\" data-id=\"fc21a34\" data-element_type=\"column\" data-e-type=\"column\">\n\t\t\t<div class=\"elementor-widget-wrap elementor-element-populated\">\n\t\t\t\t\t\t<div class=\"elementor-element elementor-element-dcc8d9c elementor-widget elementor-widget-text-editor\" data-id=\"dcc8d9c\" data-element_type=\"widget\" data-e-type=\"widget\" data-widget_type=\"text-editor.default\">\n\t\t\t\t<div class=\"elementor-widget-container\">\n\t\t\t\t\t\t\t\t\t<p>Since completing my specialist training, I have worked as an assistant at the Sant Joan de D\u00e9u Hospital in Esplugues de Llobregat, in addition to having worked at the Hospital Cl\u00ednic i Provincial de Barcelona and at Teknon and later Quir\u00f3n Barcelona.<\/p><p>Currently working as a specialist at the Institute of Advanced Gynecology in Quir\u00f3n Barcelona.<\/p><p><span style=\"color: #aa83b1;\">ACADEMIC MERITS<\/span><\/p><p><strong><span style=\"color: #aa83b1;\">\u221a Bachelor of Medicine and Surgery. Faculty of Medicine, University of Barcelona.<\/span><\/strong> <\/p><p><strong><span style=\"color: #aa83b1;\">\u221a MIR: Specialist in Gynecology and Obstetrics. Trained as a Resident Physician at the Hospital Cl\u00ednic of Barcelona.<\/span><\/strong> <\/p><p style=\"font-variant-ligatures: normal; font-variant-caps: normal; font-family: Montserrat, sans-serif; font-size: 18px; font-style: normal; font-weight: 400;\"><span style=\"color: #aa83b1;\">OTHER ACADEMIC MERITS<\/span><\/p><p><strong style=\"font-size: 18px;\"><span style=\"color: #aa83b1;\">\u221a Level III ultrasound certification, awarded by SESEGO.<\/span><\/strong><\/p><p><span style=\"font-variant-ligatures: normal; font-variant-caps: normal; font-family: Montserrat, sans-serif; font-size: 18px; font-style: normal; font-weight: 600;\"><span style=\"font-size: 18px; color: #aa83b1;\">\u221a END OF RESIDENCY AWARD, by the Hospital Cl\u00ednic of Barcelona.<\/span><\/span><\/p><p><span style=\"font-variant-ligatures: normal; font-variant-caps: normal; font-family: Montserrat, sans-serif; font-size: 18px; font-style: normal; font-weight: 600;\"><span style=\"font-size: 18px; color: #aa83b1;\">\u221a <\/span><\/span><\/p><p style=\"font-variant-ligatures: normal; font-variant-caps: normal; font-family: Montserrat, sans-serif; font-size: 18px; font-style: normal; font-weight: 400;\"><span style=\"font-size: 18px; font-weight: 600;\"><span style=\"font-size: 18px; color: #aa83b1;\">\u221a CHORIONIC VILLUS BIOPSY TRAINING PROGRAM. Hospital Cl\u00ednic of Barcelona.<\/span><\/span> <\/p><div><span style=\"color: #aa83b1; font-size: 18px;\">\u221a Member of national and international scientific societies.<\/span><\/div>\t\t\t\t\t\t\t\t<\/div>\n\t\t\t\t<\/div>\n\t\t\t\t<div class=\"elementor-element elementor-element-4a2a4c3 elementor-hidden-desktop elementor-hidden-tablet elementor-widget elementor-widget-text-editor\" data-id=\"4a2a4c3\" data-element_type=\"widget\" data-e-type=\"widget\" data-widget_type=\"text-editor.default\">\n\t\t\t\t<div class=\"elementor-widget-container\">\n\t\t\t\t\t\t\t\t\t<p>Request an Appointment<\/p>\t\t\t\t\t\t\t\t<\/div>\n\t\t\t\t<\/div>\n\t\t\t\t<section class=\"elementor-section elementor-inner-section elementor-element elementor-element-86e84f7 elementor-hidden-desktop elementor-hidden-tablet elementor-section-boxed elementor-section-height-default elementor-section-height-default\" data-id=\"86e84f7\" data-element_type=\"section\" data-e-type=\"section\">\n\t\t\t\t\t\t<div class=\"elementor-container elementor-column-gap-default\">\n\t\t\t\t\t<div class=\"elementor-column elementor-col-33 elementor-inner-column elementor-element elementor-element-2b9a12d\" data-id=\"2b9a12d\" data-element_type=\"column\" data-e-type=\"column\">\n\t\t\t<div class=\"elementor-widget-wrap\">\n\t\t\t\t\t\t\t<\/div>\n\t\t<\/div>\n\t\t\t\t<div class=\"elementor-column elementor-col-33 elementor-inner-column elementor-element elementor-element-5fc00fe\" data-id=\"5fc00fe\" data-element_type=\"column\" data-e-type=\"column\">\n\t\t\t<div class=\"elementor-widget-wrap elementor-element-populated\">\n\t\t\t\t\t\t<div class=\"elementor-element elementor-element-d2dd9d4 elementor-align-center elementor-widget elementor-widget-button\" data-id=\"d2dd9d4\" data-element_type=\"widget\" data-e-type=\"widget\" data-widget_type=\"button.default\">\n\t\t\t\t<div class=\"elementor-widget-container\">\n\t\t\t\t\t\t\t\t\t<div class=\"elementor-button-wrapper\">\n\t\t\t\t\t<a class=\"elementor-button elementor-button-link elementor-size-sm\" href=\"#\">\n\t\t\t\t\t\t<span class=\"elementor-button-content-wrapper\">\n\t\t\t\t\t\t\t\t\t<span class=\"elementor-button-text\">QUIRON CENTER<\/span>\n\t\t\t\t\t<\/span>\n\t\t\t\t\t<\/a>\n\t\t\t\t<\/div>\n\t\t\t\t\t\t\t\t<\/div>\n\t\t\t\t<\/div>\n\t\t\t\t\t<\/div>\n\t\t<\/div>\n\t\t\t\t<div class=\"elementor-column elementor-col-33 elementor-inner-column elementor-element elementor-element-4b4f1d8\" data-id=\"4b4f1d8\" data-element_type=\"column\" data-e-type=\"column\">\n\t\t\t<div class=\"elementor-widget-wrap\">\n\t\t\t\t\t\t\t<\/div>\n\t\t<\/div>\n\t\t\t\t\t<\/div>\n\t\t<\/section>\n\t\t\t\t\t<\/div>\n\t\t<\/div>\n\t\t\t\t\t<\/div>\n\t\t<\/section>\n\t\t\t\t<\/div>\n\t\t","protected":false},"excerpt":{"rendered":"<p>Dra. Isabel Garcia-Penche Santillan | Col. Number 33885 SPECIALIST Normal and high-risk pregnancyPrenatal diagnosisComprehensive menopause managementGeneral and adolescent gynecology Request an Appointment QUIRON CENTER Since completing my specialist training, I have worked as an assistant at the Sant Joan de D\u00e9u Hospital in Esplugues de Llobregat, in addition to having worked at the Hospital Cl\u00ednic [&hellip;]<\/p>\n","protected":false},"author":6,"featured_media":0,"parent":0,"menu_order":0,"comment_status":"closed","ping_status":"closed","template":"","meta":{"_joinchat":[],"footnotes":""},"class_list":["post-81378","page","type-page","status-publish","hentry","entry"],"yoast_head":"<!-- This site is optimized with the Yoast SEO Premium plugin v27.1 (Yoast SEO v27.3) - https:\/\/yoast.com\/product\/yoast-seo-premium-wordpress\/ -->\n<title>ISABEL GARCIA-PENCHE SANTILLAN &#8902; Instituto Ginecolog\u00eda Avanzada<\/title>\n<meta name=\"robots\" content=\"index, follow, max-snippet:-1, max-image-preview:large, max-video-preview:-1\" \/>\n<link rel=\"canonical\" href=\"https:\/\/ginecologiaavanzada.es\/en\/isabel-garcia-penche-santillan\/\" \/>\n<meta property=\"og:locale\" content=\"en_US\" \/>\n<meta property=\"og:type\" content=\"article\" \/>\n<meta property=\"og:title\" content=\"ISABEL GARCIA-PENCHE SANTILLAN\" \/>\n<meta property=\"og:description\" content=\"Dra. Isabel Garcia-Penche Santillan | Col. Number 33885 SPECIALIST Normal and high-risk pregnancyPrenatal diagnosisComprehensive menopause managementGeneral and adolescent gynecology Request an Appointment QUIRON CENTER Since completing my specialist training, I have worked as an assistant at the Sant Joan de D\u00e9u Hospital in Esplugues de Llobregat, in addition to having worked at the Hospital Cl\u00ednic [&hellip;]\" \/>\n<meta property=\"og:url\" content=\"https:\/\/ginecologiaavanzada.es\/en\/isabel-garcia-penche-santillan\/\" \/>\n<meta property=\"og:site_name\" content=\"Instituto Ginecolog\u00eda Avanzada\" \/>\n<meta property=\"article:modified_time\" content=\"2026-04-10T21:13:54+00:00\" \/>\n<meta property=\"og:image\" content=\"https:\/\/ginecologiaavanzada.es\/wp-content\/uploads\/2025\/11\/Isabel-Garcia-Penche-03-Photoroom.png\" \/>\n\t<meta property=\"og:image:width\" content=\"1280\" \/>\n\t<meta property=\"og:image:height\" content=\"1279\" \/>\n\t<meta property=\"og:image:type\" content=\"image\/png\" \/>\n<meta name=\"twitter:card\" content=\"summary_large_image\" \/>\n<meta name=\"twitter:label1\" content=\"Est. reading time\" \/>\n\t<meta name=\"twitter:data1\" content=\"1 minute\" \/>\n<script type=\"application\/ld+json\" class=\"yoast-schema-graph\">{\"@context\":\"https:\\\/\\\/schema.org\",\"@graph\":[{\"@type\":\"WebPage\",\"@id\":\"https:\\\/\\\/ginecologiaavanzada.es\\\/en\\\/isabel-garcia-penche-santillan\\\/\",\"url\":\"https:\\\/\\\/ginecologiaavanzada.es\\\/en\\\/isabel-garcia-penche-santillan\\\/\",\"name\":\"ISABEL GARCIA-PENCHE SANTILLAN &#8902; Instituto Ginecolog\u00eda Avanzada\",\"isPartOf\":{\"@id\":\"https:\\\/\\\/ginecologiaavanzada.es\\\/en\\\/#website\"},\"primaryImageOfPage\":{\"@id\":\"https:\\\/\\\/ginecologiaavanzada.es\\\/en\\\/isabel-garcia-penche-santillan\\\/#primaryimage\"},\"image\":{\"@id\":\"https:\\\/\\\/ginecologiaavanzada.es\\\/en\\\/isabel-garcia-penche-santillan\\\/#primaryimage\"},\"thumbnailUrl\":\"https:\\\/\\\/ginecologiaavanzada.es\\\/wp-content\\\/uploads\\\/2025\\\/11\\\/Isabel-Garcia-Penche-03-Photoroom-400x400.png\",\"datePublished\":\"2025-12-05T14:09:27+00:00\",\"dateModified\":\"2026-04-10T21:13:54+00:00\",\"breadcrumb\":{\"@id\":\"https:\\\/\\\/ginecologiaavanzada.es\\\/en\\\/isabel-garcia-penche-santillan\\\/#breadcrumb\"},\"inLanguage\":\"en-US\",\"potentialAction\":[{\"@type\":\"ReadAction\",\"target\":[\"https:\\\/\\\/ginecologiaavanzada.es\\\/en\\\/isabel-garcia-penche-santillan\\\/\"]}]},{\"@type\":\"ImageObject\",\"inLanguage\":\"en-US\",\"@id\":\"https:\\\/\\\/ginecologiaavanzada.es\\\/en\\\/isabel-garcia-penche-santillan\\\/#primaryimage\",\"url\":\"https:\\\/\\\/ginecologiaavanzada.es\\\/wp-content\\\/uploads\\\/2025\\\/11\\\/Isabel-Garcia-Penche-03-Photoroom-400x400.png\",\"contentUrl\":\"https:\\\/\\\/ginecologiaavanzada.es\\\/wp-content\\\/uploads\\\/2025\\\/11\\\/Isabel-Garcia-Penche-03-Photoroom-400x400.png\"},{\"@type\":\"BreadcrumbList\",\"@id\":\"https:\\\/\\\/ginecologiaavanzada.es\\\/en\\\/isabel-garcia-penche-santillan\\\/#breadcrumb\",\"itemListElement\":[{\"@type\":\"ListItem\",\"position\":1,\"name\":\"Portada\",\"item\":\"https:\\\/\\\/ginecologiaavanzada.es\\\/en\\\/home\\\/\"},{\"@type\":\"ListItem\",\"position\":2,\"name\":\"ISABEL GARCIA-PENCHE SANTILLAN\"}]},{\"@type\":\"WebSite\",\"@id\":\"https:\\\/\\\/ginecologiaavanzada.es\\\/en\\\/#website\",\"url\":\"https:\\\/\\\/ginecologiaavanzada.es\\\/en\\\/\",\"name\":\"Ginecologia Avanzada\",\"description\":\"Enfoque integral de la mujer, visi\u00f3n de la mujer en todos sus aspectos, f\u00edsicos, y emocionales.\",\"publisher\":{\"@id\":\"https:\\\/\\\/ginecologiaavanzada.es\\\/en\\\/#organization\"},\"potentialAction\":[{\"@type\":\"SearchAction\",\"target\":{\"@type\":\"EntryPoint\",\"urlTemplate\":\"https:\\\/\\\/ginecologiaavanzada.es\\\/en\\\/?s={search_term_string}\"},\"query-input\":{\"@type\":\"PropertyValueSpecification\",\"valueRequired\":true,\"valueName\":\"search_term_string\"}}],\"inLanguage\":\"en-US\"},{\"@type\":\"Organization\",\"@id\":\"https:\\\/\\\/ginecologiaavanzada.es\\\/en\\\/#organization\",\"name\":\"Ginecologia Avanzada\",\"url\":\"https:\\\/\\\/ginecologiaavanzada.es\\\/en\\\/\",\"logo\":{\"@type\":\"ImageObject\",\"inLanguage\":\"en-US\",\"@id\":\"https:\\\/\\\/ginecologiaavanzada.es\\\/en\\\/#\\\/schema\\\/logo\\\/image\\\/\",\"url\":\"https:\\\/\\\/ginecologiaavanzada.es\\\/wp-content\\\/uploads\\\/logo-fosc-1.jpg\",\"contentUrl\":\"https:\\\/\\\/ginecologiaavanzada.es\\\/wp-content\\\/uploads\\\/logo-fosc-1.jpg\",\"width\":680,\"height\":280,\"caption\":\"Ginecologia Avanzada\"},\"image\":{\"@id\":\"https:\\\/\\\/ginecologiaavanzada.es\\\/en\\\/#\\\/schema\\\/logo\\\/image\\\/\"}}]}<\/script>\n<!-- \/ Yoast SEO Premium plugin. -->","yoast_head_json":{"title":"ISABEL GARCIA-PENCHE SANTILLAN &#8902; Instituto Ginecolog\u00eda Avanzada","robots":{"index":"index","follow":"follow","max-snippet":"max-snippet:-1","max-image-preview":"max-image-preview:large","max-video-preview":"max-video-preview:-1"},"canonical":"https:\/\/ginecologiaavanzada.es\/en\/isabel-garcia-penche-santillan\/","og_locale":"en_US","og_type":"article","og_title":"ISABEL GARCIA-PENCHE SANTILLAN","og_description":"Dra. Isabel Garcia-Penche Santillan | Col. Number 33885 SPECIALIST Normal and high-risk pregnancyPrenatal diagnosisComprehensive menopause managementGeneral and adolescent gynecology Request an Appointment QUIRON CENTER Since completing my specialist training, I have worked as an assistant at the Sant Joan de D\u00e9u Hospital in Esplugues de Llobregat, in addition to having worked at the Hospital Cl\u00ednic [&hellip;]","og_url":"https:\/\/ginecologiaavanzada.es\/en\/isabel-garcia-penche-santillan\/","og_site_name":"Instituto Ginecolog\u00eda Avanzada","article_modified_time":"2026-04-10T21:13:54+00:00","og_image":[{"width":1280,"height":1279,"url":"https:\/\/ginecologiaavanzada.es\/wp-content\/uploads\/2025\/11\/Isabel-Garcia-Penche-03-Photoroom.png","type":"image\/png"}],"twitter_card":"summary_large_image","twitter_misc":{"Est. reading time":"1 minute"},"schema":{"@context":"https:\/\/schema.org","@graph":[{"@type":"WebPage","@id":"https:\/\/ginecologiaavanzada.es\/en\/isabel-garcia-penche-santillan\/","url":"https:\/\/ginecologiaavanzada.es\/en\/isabel-garcia-penche-santillan\/","name":"ISABEL GARCIA-PENCHE SANTILLAN &#8902; Instituto Ginecolog\u00eda Avanzada","isPartOf":{"@id":"https:\/\/ginecologiaavanzada.es\/en\/#website"},"primaryImageOfPage":{"@id":"https:\/\/ginecologiaavanzada.es\/en\/isabel-garcia-penche-santillan\/#primaryimage"},"image":{"@id":"https:\/\/ginecologiaavanzada.es\/en\/isabel-garcia-penche-santillan\/#primaryimage"},"thumbnailUrl":"https:\/\/ginecologiaavanzada.es\/wp-content\/uploads\/2025\/11\/Isabel-Garcia-Penche-03-Photoroom-400x400.png","datePublished":"2025-12-05T14:09:27+00:00","dateModified":"2026-04-10T21:13:54+00:00","breadcrumb":{"@id":"https:\/\/ginecologiaavanzada.es\/en\/isabel-garcia-penche-santillan\/#breadcrumb"},"inLanguage":"en-US","potentialAction":[{"@type":"ReadAction","target":["https:\/\/ginecologiaavanzada.es\/en\/isabel-garcia-penche-santillan\/"]}]},{"@type":"ImageObject","inLanguage":"en-US","@id":"https:\/\/ginecologiaavanzada.es\/en\/isabel-garcia-penche-santillan\/#primaryimage","url":"https:\/\/ginecologiaavanzada.es\/wp-content\/uploads\/2025\/11\/Isabel-Garcia-Penche-03-Photoroom-400x400.png","contentUrl":"https:\/\/ginecologiaavanzada.es\/wp-content\/uploads\/2025\/11\/Isabel-Garcia-Penche-03-Photoroom-400x400.png"},{"@type":"BreadcrumbList","@id":"https:\/\/ginecologiaavanzada.es\/en\/isabel-garcia-penche-santillan\/#breadcrumb","itemListElement":[{"@type":"ListItem","position":1,"name":"Portada","item":"https:\/\/ginecologiaavanzada.es\/en\/home\/"},{"@type":"ListItem","position":2,"name":"ISABEL GARCIA-PENCHE SANTILLAN"}]},{"@type":"WebSite","@id":"https:\/\/ginecologiaavanzada.es\/en\/#website","url":"https:\/\/ginecologiaavanzada.es\/en\/","name":"Ginecologia Avanzada","description":"Enfoque integral de la mujer, visi\u00f3n de la mujer en todos sus aspectos, f\u00edsicos, y emocionales.","publisher":{"@id":"https:\/\/ginecologiaavanzada.es\/en\/#organization"},"potentialAction":[{"@type":"SearchAction","target":{"@type":"EntryPoint","urlTemplate":"https:\/\/ginecologiaavanzada.es\/en\/?s={search_term_string}"},"query-input":{"@type":"PropertyValueSpecification","valueRequired":true,"valueName":"search_term_string"}}],"inLanguage":"en-US"},{"@type":"Organization","@id":"https:\/\/ginecologiaavanzada.es\/en\/#organization","name":"Ginecologia Avanzada","url":"https:\/\/ginecologiaavanzada.es\/en\/","logo":{"@type":"ImageObject","inLanguage":"en-US","@id":"https:\/\/ginecologiaavanzada.es\/en\/#\/schema\/logo\/image\/","url":"https:\/\/ginecologiaavanzada.es\/wp-content\/uploads\/logo-fosc-1.jpg","contentUrl":"https:\/\/ginecologiaavanzada.es\/wp-content\/uploads\/logo-fosc-1.jpg","width":680,"height":280,"caption":"Ginecologia Avanzada"},"image":{"@id":"https:\/\/ginecologiaavanzada.es\/en\/#\/schema\/logo\/image\/"}}]}},"_links":{"self":[{"href":"https:\/\/ginecologiaavanzada.es\/en\/wp-json\/wp\/v2\/pages\/81378","targetHints":{"allow":["GET"]}}],"collection":[{"href":"https:\/\/ginecologiaavanzada.es\/en\/wp-json\/wp\/v2\/pages"}],"about":[{"href":"https:\/\/ginecologiaavanzada.es\/en\/wp-json\/wp\/v2\/types\/page"}],"author":[{"embeddable":true,"href":"https:\/\/ginecologiaavanzada.es\/en\/wp-json\/wp\/v2\/users\/6"}],"replies":[{"embeddable":true,"href":"https:\/\/ginecologiaavanzada.es\/en\/wp-json\/wp\/v2\/comments?post=81378"}],"version-history":[{"count":7,"href":"https:\/\/ginecologiaavanzada.es\/en\/wp-json\/wp\/v2\/pages\/81378\/revisions"}],"predecessor-version":[{"id":83649,"href":"https:\/\/ginecologiaavanzada.es\/en\/wp-json\/wp\/v2\/pages\/81378\/revisions\/83649"}],"wp:attachment":[{"href":"https:\/\/ginecologiaavanzada.es\/en\/wp-json\/wp\/v2\/media?parent=81378"}],"curies":[{"name":"wp","href":"https:\/\/api.w.org\/{rel}","templated":true}]}}