{"id":81762,"date":"2025-12-11T11:23:26","date_gmt":"2025-12-11T11:23:26","guid":{"rendered":"https:\/\/ginecologiaavanzada.es\/miriam-miguel-arbonies\/"},"modified":"2026-04-10T21:46:20","modified_gmt":"2026-04-10T21:46:20","slug":"miriam-miguel-arbonies","status":"publish","type":"page","link":"https:\/\/ginecologiaavanzada.es\/en\/miriam-miguel-arbonies\/","title":{"rendered":"Miriam Miguel Arbonies"},"content":{"rendered":"\t\t<div data-elementor-type=\"wp-page\" data-elementor-id=\"81762\" class=\"elementor elementor-81762 elementor-81163\" data-elementor-post-type=\"page\">\n\t\t\t\t\t\t<section class=\"elementor-section elementor-top-section elementor-element elementor-element-d1b96b7 elementor-section-boxed elementor-section-height-default elementor-section-height-default\" data-id=\"d1b96b7\" data-element_type=\"section\" data-e-type=\"section\">\n\t\t\t\t\t\t<div class=\"elementor-container elementor-column-gap-default\">\n\t\t\t\t\t<div class=\"elementor-column elementor-col-50 elementor-top-column elementor-element elementor-element-1ed2a1c\" data-id=\"1ed2a1c\" data-element_type=\"column\" data-e-type=\"column\">\n\t\t\t<div class=\"elementor-widget-wrap elementor-element-populated\">\n\t\t\t\t\t\t<div class=\"elementor-element elementor-element-6884652 elementor-widget elementor-widget-image\" data-id=\"6884652\" data-element_type=\"widget\" data-e-type=\"widget\" data-widget_type=\"image.default\">\n\t\t\t\t<div class=\"elementor-widget-container\">\n\t\t\t\t\t\t\t\t\t\t\t\t\t\t\t<img fetchpriority=\"high\" decoding=\"async\" width=\"400\" height=\"400\" src=\"https:\/\/ginecologiaavanzada.es\/wp-content\/uploads\/imatge-professionalsa-400x400.jpg\" class=\"attachment-large size-large wp-image-83371\" alt=\"\" srcset=\"https:\/\/ginecologiaavanzada.es\/wp-content\/uploads\/imatge-professionalsa-400x400.jpg 400w, https:\/\/ginecologiaavanzada.es\/wp-content\/uploads\/imatge-professionalsa-150x150.jpg 150w, https:\/\/ginecologiaavanzada.es\/wp-content\/uploads\/imatge-professionalsa-768x768.jpg 768w, https:\/\/ginecologiaavanzada.es\/wp-content\/uploads\/imatge-professionalsa-600x600.jpg 600w, https:\/\/ginecologiaavanzada.es\/wp-content\/uploads\/imatge-professionalsa.jpg 1280w\" sizes=\"(max-width: 400px) 100vw, 400px\" \/>\t\t\t\t\t\t\t\t\t\t\t\t\t\t\t<\/div>\n\t\t\t\t<\/div>\n\t\t\t\t<div class=\"elementor-element elementor-element-de2decf elementor-widget elementor-widget-text-editor\" data-id=\"de2decf\" data-element_type=\"widget\" data-e-type=\"widget\" data-widget_type=\"text-editor.default\">\n\t\t\t\t<div class=\"elementor-widget-container\">\n\t\t\t\t\t\t\t\t\t<p>Miriam Miguel Arbonies | Mem. No. 14251<\/p>\t\t\t\t\t\t\t\t<\/div>\n\t\t\t\t<\/div>\n\t\t\t\t<div class=\"elementor-element elementor-element-f389ade elementor-widget elementor-widget-text-editor\" data-id=\"f389ade\" data-element_type=\"widget\" data-e-type=\"widget\" data-widget_type=\"text-editor.default\">\n\t\t\t\t<div class=\"elementor-widget-container\">\n\t\t\t\t\t\t\t\t\t<p>General Health Psychologist &#8211; Psychotherapist<\/p><p>Children and youth<\/p>\t\t\t\t\t\t\t\t<\/div>\n\t\t\t\t<\/div>\n\t\t\t\t<div class=\"elementor-element elementor-element-ec624b8 elementor-hidden-mobile elementor-widget elementor-widget-text-editor\" data-id=\"ec624b8\" data-element_type=\"widget\" data-e-type=\"widget\" data-widget_type=\"text-editor.default\">\n\t\t\t\t<div class=\"elementor-widget-container\">\n\t\t\t\t\t\t\t\t\t<p>Request an Appointment<\/p>\t\t\t\t\t\t\t\t<\/div>\n\t\t\t\t<\/div>\n\t\t\t\t<section class=\"elementor-section elementor-inner-section elementor-element elementor-element-279b23b elementor-hidden-mobile elementor-section-boxed elementor-section-height-default elementor-section-height-default\" data-id=\"279b23b\" data-element_type=\"section\" data-e-type=\"section\">\n\t\t\t\t\t\t<div class=\"elementor-container elementor-column-gap-default\">\n\t\t\t\t\t<div class=\"elementor-column elementor-col-33 elementor-inner-column elementor-element elementor-element-e588edb\" data-id=\"e588edb\" data-element_type=\"column\" data-e-type=\"column\">\n\t\t\t<div class=\"elementor-widget-wrap\">\n\t\t\t\t\t\t\t<\/div>\n\t\t<\/div>\n\t\t\t\t<div class=\"elementor-column elementor-col-33 elementor-inner-column elementor-element elementor-element-0b7cdf9\" data-id=\"0b7cdf9\" data-element_type=\"column\" data-e-type=\"column\">\n\t\t\t<div class=\"elementor-widget-wrap elementor-element-populated\">\n\t\t\t\t\t\t<div class=\"elementor-element elementor-element-28babf8 elementor-align-center elementor-widget elementor-widget-button\" data-id=\"28babf8\" data-element_type=\"widget\" data-e-type=\"widget\" data-widget_type=\"button.default\">\n\t\t\t\t<div class=\"elementor-widget-container\">\n\t\t\t\t\t\t\t\t\t<div class=\"elementor-button-wrapper\">\n\t\t\t\t\t<a class=\"elementor-button elementor-button-link elementor-size-sm\" href=\"https:\/\/www.doctoralia.es\/clinicas\/instituto-de-ginecologia-avanzada-2?saasonly=true\" target=\"_blank\">\n\t\t\t\t\t\t<span class=\"elementor-button-content-wrapper\">\n\t\t\t\t\t\t\t\t\t<span class=\"elementor-button-text\">Francesc Maci\u00e0<\/span>\n\t\t\t\t\t<\/span>\n\t\t\t\t\t<\/a>\n\t\t\t\t<\/div>\n\t\t\t\t\t\t\t\t<\/div>\n\t\t\t\t<\/div>\n\t\t\t\t\t<\/div>\n\t\t<\/div>\n\t\t\t\t<div class=\"elementor-column elementor-col-33 elementor-inner-column elementor-element elementor-element-f0ed51a\" data-id=\"f0ed51a\" data-element_type=\"column\" data-e-type=\"column\">\n\t\t\t<div class=\"elementor-widget-wrap\">\n\t\t\t\t\t\t\t<\/div>\n\t\t<\/div>\n\t\t\t\t\t<\/div>\n\t\t<\/section>\n\t\t\t\t\t<\/div>\n\t\t<\/div>\n\t\t\t\t<div class=\"elementor-column elementor-col-50 elementor-top-column elementor-element elementor-element-fc21a34\" data-id=\"fc21a34\" data-element_type=\"column\" data-e-type=\"column\">\n\t\t\t<div class=\"elementor-widget-wrap elementor-element-populated\">\n\t\t\t\t\t\t<div class=\"elementor-element elementor-element-dcc8d9c elementor-widget elementor-widget-text-editor\" data-id=\"dcc8d9c\" data-element_type=\"widget\" data-e-type=\"widget\" data-widget_type=\"text-editor.default\">\n\t\t\t\t<div class=\"elementor-widget-container\">\n\t\t\t\t\t\t\t\t\t<p><span style=\"color: #aa83b1;\">EDUCATION<\/span><\/p><p>\u221a Bachelor&#8217;s Degree in Psychology (Ramon Llull University)<\/p><p>\u221a Master&#8217;s Degree in Child and Adolescent Psychiatry and Psychology (Autonomous University of Barcelona)<\/p><p>\u221a Master&#8217;s Degree in Psychoanalytic Psychotherapy (University of Girona)<\/p><p>\u221a Master&#8217;s Degree in Advanced Psychoanalytic Psychotherapy (Catalan Association of Psychoanalytic Psychotherapy)<\/p><p>\u221a Postgraduate Diploma in Groups, Mental Health and Scenic Therapy (Vidal and Barraquer Foundation)<\/p><p><span style=\"color: #aa83b1; font-family: Montserrat, sans-serif; font-size: 18px; font-style: normal; font-variant-ligatures: normal; font-variant-caps: normal; font-weight: 400;\">\u221a <\/span>Diploma de postgrado en Observaci\u00f3n de Beb\u00e9s y Atenci\u00f3n a la Primera Infancia (Asociaci\u00f3n Catalana de Psicoterapia Psicoanal\u00edtica)<\/p><p>\u221a Postgraduate course &#8220;Workshop of emotions&#8221; (Catalan Association of Psychoanalytic Psychotherapy).<\/p><p>\u221a Registered member no. 14251 of the Official College of Psychologists of Catalonia. Accredited by the Official College of Psychologists as a General Health Psychologist and as an Educational Psychologist.<\/p><p><span style=\"color: #aa83b1;\">WORK EXPERIENCE<\/span><\/p><section><div><div><div><div><div><div><div><div><div><div><div><div>\u221a General Health Psychologist specializing in child and adolescent clinical psychology and psychotherapy.<\/div><div> <\/div><div>\u221a Private consultation with research work within the field of Mental Health at the Pere Tarr\u00e9s Foundation, San Pere Claver, Vidal i Barraquer Foundation and Eul\u00e0lia Torres de Be\u00e0 Foundation in agreement with the Barcelona City Council. <\/div><div> <\/div><div>\u221a Collaborating professor at the Open University of Catalonia in the Master&#8217;s Degree in Child and Adolescent Psychology.<\/div><\/div><\/div><\/div><\/div><\/div><\/div><\/div><\/div><\/div><\/div><\/div><\/section><section><div><div><div> <\/div><\/div><\/div><\/section>\t\t\t\t\t\t\t\t<\/div>\n\t\t\t\t<\/div>\n\t\t\t\t<div class=\"elementor-element elementor-element-d859d26 elementor-hidden-desktop elementor-hidden-tablet elementor-widget elementor-widget-text-editor\" data-id=\"d859d26\" data-element_type=\"widget\" data-e-type=\"widget\" data-widget_type=\"text-editor.default\">\n\t\t\t\t<div class=\"elementor-widget-container\">\n\t\t\t\t\t\t\t\t\t<p>Request an Appointment<\/p>\t\t\t\t\t\t\t\t<\/div>\n\t\t\t\t<\/div>\n\t\t\t\t<section class=\"elementor-section elementor-inner-section elementor-element elementor-element-17a34c6 elementor-hidden-desktop elementor-hidden-tablet elementor-section-boxed elementor-section-height-default elementor-section-height-default\" data-id=\"17a34c6\" data-element_type=\"section\" data-e-type=\"section\">\n\t\t\t\t\t\t<div class=\"elementor-container elementor-column-gap-default\">\n\t\t\t\t\t<div class=\"elementor-column elementor-col-33 elementor-inner-column elementor-element elementor-element-ce6d755\" data-id=\"ce6d755\" data-element_type=\"column\" data-e-type=\"column\">\n\t\t\t<div class=\"elementor-widget-wrap\">\n\t\t\t\t\t\t\t<\/div>\n\t\t<\/div>\n\t\t\t\t<div class=\"elementor-column elementor-col-33 elementor-inner-column elementor-element elementor-element-8936d0a\" data-id=\"8936d0a\" data-element_type=\"column\" data-e-type=\"column\">\n\t\t\t<div class=\"elementor-widget-wrap elementor-element-populated\">\n\t\t\t\t\t\t<div class=\"elementor-element elementor-element-e186e74 elementor-align-center elementor-widget elementor-widget-button\" data-id=\"e186e74\" data-element_type=\"widget\" data-e-type=\"widget\" data-widget_type=\"button.default\">\n\t\t\t\t<div class=\"elementor-widget-container\">\n\t\t\t\t\t\t\t\t\t<div class=\"elementor-button-wrapper\">\n\t\t\t\t\t<a class=\"elementor-button elementor-button-link elementor-size-sm\" href=\"https:\/\/www.doctoralia.es\/clinicas\/instituto-de-ginecologia-avanzada-2?saasonly=true\" target=\"_blank\">\n\t\t\t\t\t\t<span class=\"elementor-button-content-wrapper\">\n\t\t\t\t\t\t\t\t\t<span class=\"elementor-button-text\">Francesc Maci\u00e0<\/span>\n\t\t\t\t\t<\/span>\n\t\t\t\t\t<\/a>\n\t\t\t\t<\/div>\n\t\t\t\t\t\t\t\t<\/div>\n\t\t\t\t<\/div>\n\t\t\t\t\t<\/div>\n\t\t<\/div>\n\t\t\t\t<div class=\"elementor-column elementor-col-33 elementor-inner-column elementor-element elementor-element-61f8581\" data-id=\"61f8581\" data-element_type=\"column\" data-e-type=\"column\">\n\t\t\t<div class=\"elementor-widget-wrap\">\n\t\t\t\t\t\t\t<\/div>\n\t\t<\/div>\n\t\t\t\t\t<\/div>\n\t\t<\/section>\n\t\t\t\t\t<\/div>\n\t\t<\/div>\n\t\t\t\t\t<\/div>\n\t\t<\/section>\n\t\t\t\t<\/div>\n\t\t","protected":false},"excerpt":{"rendered":"<p>Miriam Miguel Arbonies | Mem. No. 14251 General Health Psychologist &#8211; Psychotherapist Children and youth Request an Appointment Francesc Maci\u00e0 EDUCATION \u221a Bachelor&#8217;s Degree in Psychology (Ramon Llull University) \u221a Master&#8217;s Degree in Child and Adolescent Psychiatry and Psychology (Autonomous University of Barcelona) \u221a Master&#8217;s Degree in Psychoanalytic Psychotherapy (University of Girona) \u221a Master&#8217;s Degree [&hellip;]<\/p>\n","protected":false},"author":6,"featured_media":0,"parent":0,"menu_order":0,"comment_status":"closed","ping_status":"closed","template":"","meta":{"_joinchat":[],"footnotes":""},"class_list":["post-81762","page","type-page","status-publish","hentry","entry"],"yoast_head":"<!-- This site is optimized with the Yoast SEO Premium plugin v27.1 (Yoast SEO v27.3) - https:\/\/yoast.com\/product\/yoast-seo-premium-wordpress\/ -->\n<title>Miriam Miguel Arbonies &#8902; Instituto Ginecolog\u00eda Avanzada<\/title>\n<meta name=\"robots\" content=\"index, follow, max-snippet:-1, max-image-preview:large, max-video-preview:-1\" \/>\n<link rel=\"canonical\" href=\"https:\/\/ginecologiaavanzada.es\/en\/miriam-miguel-arbonies\/\" \/>\n<meta property=\"og:locale\" content=\"en_US\" \/>\n<meta property=\"og:type\" content=\"article\" \/>\n<meta property=\"og:title\" content=\"Miriam Miguel Arbonies\" \/>\n<meta property=\"og:description\" content=\"Miriam Miguel Arbonies | Mem. No. 14251 General Health Psychologist &#8211; Psychotherapist Children and youth Request an Appointment Francesc Maci\u00e0 EDUCATION \u221a Bachelor&#8217;s Degree in Psychology (Ramon Llull University) \u221a Master&#8217;s Degree in Child and Adolescent Psychiatry and Psychology (Autonomous University of Barcelona) \u221a Master&#8217;s Degree in Psychoanalytic Psychotherapy (University of Girona) \u221a Master&#8217;s Degree [&hellip;]\" \/>\n<meta property=\"og:url\" content=\"https:\/\/ginecologiaavanzada.es\/en\/miriam-miguel-arbonies\/\" \/>\n<meta property=\"og:site_name\" content=\"Instituto Ginecolog\u00eda Avanzada\" \/>\n<meta property=\"article:modified_time\" content=\"2026-04-10T21:46:20+00:00\" \/>\n<meta property=\"og:image\" content=\"https:\/\/ginecologiaavanzada.es\/wp-content\/uploads\/imatge-professionalsa.jpg\" \/>\n\t<meta property=\"og:image:width\" content=\"1280\" \/>\n\t<meta property=\"og:image:height\" content=\"1280\" \/>\n\t<meta property=\"og:image:type\" content=\"image\/jpeg\" \/>\n<meta name=\"twitter:card\" content=\"summary_large_image\" \/>\n<meta name=\"twitter:label1\" content=\"Est. reading time\" \/>\n\t<meta name=\"twitter:data1\" content=\"1 minute\" \/>\n<script type=\"application\/ld+json\" class=\"yoast-schema-graph\">{\"@context\":\"https:\\\/\\\/schema.org\",\"@graph\":[{\"@type\":\"WebPage\",\"@id\":\"https:\\\/\\\/ginecologiaavanzada.es\\\/en\\\/miriam-miguel-arbonies\\\/\",\"url\":\"https:\\\/\\\/ginecologiaavanzada.es\\\/en\\\/miriam-miguel-arbonies\\\/\",\"name\":\"Miriam Miguel Arbonies &#8902; Instituto Ginecolog\u00eda Avanzada\",\"isPartOf\":{\"@id\":\"https:\\\/\\\/ginecologiaavanzada.es\\\/en\\\/#website\"},\"primaryImageOfPage\":{\"@id\":\"https:\\\/\\\/ginecologiaavanzada.es\\\/en\\\/miriam-miguel-arbonies\\\/#primaryimage\"},\"image\":{\"@id\":\"https:\\\/\\\/ginecologiaavanzada.es\\\/en\\\/miriam-miguel-arbonies\\\/#primaryimage\"},\"thumbnailUrl\":\"https:\\\/\\\/ginecologiaavanzada.es\\\/wp-content\\\/uploads\\\/imatge-professionalsa-400x400.jpg\",\"datePublished\":\"2025-12-11T11:23:26+00:00\",\"dateModified\":\"2026-04-10T21:46:20+00:00\",\"breadcrumb\":{\"@id\":\"https:\\\/\\\/ginecologiaavanzada.es\\\/en\\\/miriam-miguel-arbonies\\\/#breadcrumb\"},\"inLanguage\":\"en-US\",\"potentialAction\":[{\"@type\":\"ReadAction\",\"target\":[\"https:\\\/\\\/ginecologiaavanzada.es\\\/en\\\/miriam-miguel-arbonies\\\/\"]}]},{\"@type\":\"ImageObject\",\"inLanguage\":\"en-US\",\"@id\":\"https:\\\/\\\/ginecologiaavanzada.es\\\/en\\\/miriam-miguel-arbonies\\\/#primaryimage\",\"url\":\"https:\\\/\\\/ginecologiaavanzada.es\\\/wp-content\\\/uploads\\\/imatge-professionalsa-400x400.jpg\",\"contentUrl\":\"https:\\\/\\\/ginecologiaavanzada.es\\\/wp-content\\\/uploads\\\/imatge-professionalsa-400x400.jpg\"},{\"@type\":\"BreadcrumbList\",\"@id\":\"https:\\\/\\\/ginecologiaavanzada.es\\\/en\\\/miriam-miguel-arbonies\\\/#breadcrumb\",\"itemListElement\":[{\"@type\":\"ListItem\",\"position\":1,\"name\":\"Portada\",\"item\":\"https:\\\/\\\/ginecologiaavanzada.es\\\/en\\\/home\\\/\"},{\"@type\":\"ListItem\",\"position\":2,\"name\":\"Miriam Miguel Arbonies\"}]},{\"@type\":\"WebSite\",\"@id\":\"https:\\\/\\\/ginecologiaavanzada.es\\\/en\\\/#website\",\"url\":\"https:\\\/\\\/ginecologiaavanzada.es\\\/en\\\/\",\"name\":\"Ginecologia Avanzada\",\"description\":\"Enfoque integral de la mujer, visi\u00f3n de la mujer en todos sus aspectos, f\u00edsicos, y emocionales.\",\"publisher\":{\"@id\":\"https:\\\/\\\/ginecologiaavanzada.es\\\/en\\\/#organization\"},\"potentialAction\":[{\"@type\":\"SearchAction\",\"target\":{\"@type\":\"EntryPoint\",\"urlTemplate\":\"https:\\\/\\\/ginecologiaavanzada.es\\\/en\\\/?s={search_term_string}\"},\"query-input\":{\"@type\":\"PropertyValueSpecification\",\"valueRequired\":true,\"valueName\":\"search_term_string\"}}],\"inLanguage\":\"en-US\"},{\"@type\":\"Organization\",\"@id\":\"https:\\\/\\\/ginecologiaavanzada.es\\\/en\\\/#organization\",\"name\":\"Ginecologia Avanzada\",\"url\":\"https:\\\/\\\/ginecologiaavanzada.es\\\/en\\\/\",\"logo\":{\"@type\":\"ImageObject\",\"inLanguage\":\"en-US\",\"@id\":\"https:\\\/\\\/ginecologiaavanzada.es\\\/en\\\/#\\\/schema\\\/logo\\\/image\\\/\",\"url\":\"https:\\\/\\\/ginecologiaavanzada.es\\\/wp-content\\\/uploads\\\/logo-fosc-1.jpg\",\"contentUrl\":\"https:\\\/\\\/ginecologiaavanzada.es\\\/wp-content\\\/uploads\\\/logo-fosc-1.jpg\",\"width\":680,\"height\":280,\"caption\":\"Ginecologia Avanzada\"},\"image\":{\"@id\":\"https:\\\/\\\/ginecologiaavanzada.es\\\/en\\\/#\\\/schema\\\/logo\\\/image\\\/\"}}]}<\/script>\n<!-- \/ Yoast SEO Premium plugin. -->","yoast_head_json":{"title":"Miriam Miguel Arbonies &#8902; Instituto Ginecolog\u00eda Avanzada","robots":{"index":"index","follow":"follow","max-snippet":"max-snippet:-1","max-image-preview":"max-image-preview:large","max-video-preview":"max-video-preview:-1"},"canonical":"https:\/\/ginecologiaavanzada.es\/en\/miriam-miguel-arbonies\/","og_locale":"en_US","og_type":"article","og_title":"Miriam Miguel Arbonies","og_description":"Miriam Miguel Arbonies | Mem. No. 14251 General Health Psychologist &#8211; Psychotherapist Children and youth Request an Appointment Francesc Maci\u00e0 EDUCATION \u221a Bachelor&#8217;s Degree in Psychology (Ramon Llull University) \u221a Master&#8217;s Degree in Child and Adolescent Psychiatry and Psychology (Autonomous University of Barcelona) \u221a Master&#8217;s Degree in Psychoanalytic Psychotherapy (University of Girona) \u221a Master&#8217;s Degree [&hellip;]","og_url":"https:\/\/ginecologiaavanzada.es\/en\/miriam-miguel-arbonies\/","og_site_name":"Instituto Ginecolog\u00eda Avanzada","article_modified_time":"2026-04-10T21:46:20+00:00","og_image":[{"width":1280,"height":1280,"url":"https:\/\/ginecologiaavanzada.es\/wp-content\/uploads\/imatge-professionalsa.jpg","type":"image\/jpeg"}],"twitter_card":"summary_large_image","twitter_misc":{"Est. reading time":"1 minute"},"schema":{"@context":"https:\/\/schema.org","@graph":[{"@type":"WebPage","@id":"https:\/\/ginecologiaavanzada.es\/en\/miriam-miguel-arbonies\/","url":"https:\/\/ginecologiaavanzada.es\/en\/miriam-miguel-arbonies\/","name":"Miriam Miguel Arbonies &#8902; Instituto Ginecolog\u00eda Avanzada","isPartOf":{"@id":"https:\/\/ginecologiaavanzada.es\/en\/#website"},"primaryImageOfPage":{"@id":"https:\/\/ginecologiaavanzada.es\/en\/miriam-miguel-arbonies\/#primaryimage"},"image":{"@id":"https:\/\/ginecologiaavanzada.es\/en\/miriam-miguel-arbonies\/#primaryimage"},"thumbnailUrl":"https:\/\/ginecologiaavanzada.es\/wp-content\/uploads\/imatge-professionalsa-400x400.jpg","datePublished":"2025-12-11T11:23:26+00:00","dateModified":"2026-04-10T21:46:20+00:00","breadcrumb":{"@id":"https:\/\/ginecologiaavanzada.es\/en\/miriam-miguel-arbonies\/#breadcrumb"},"inLanguage":"en-US","potentialAction":[{"@type":"ReadAction","target":["https:\/\/ginecologiaavanzada.es\/en\/miriam-miguel-arbonies\/"]}]},{"@type":"ImageObject","inLanguage":"en-US","@id":"https:\/\/ginecologiaavanzada.es\/en\/miriam-miguel-arbonies\/#primaryimage","url":"https:\/\/ginecologiaavanzada.es\/wp-content\/uploads\/imatge-professionalsa-400x400.jpg","contentUrl":"https:\/\/ginecologiaavanzada.es\/wp-content\/uploads\/imatge-professionalsa-400x400.jpg"},{"@type":"BreadcrumbList","@id":"https:\/\/ginecologiaavanzada.es\/en\/miriam-miguel-arbonies\/#breadcrumb","itemListElement":[{"@type":"ListItem","position":1,"name":"Portada","item":"https:\/\/ginecologiaavanzada.es\/en\/home\/"},{"@type":"ListItem","position":2,"name":"Miriam Miguel Arbonies"}]},{"@type":"WebSite","@id":"https:\/\/ginecologiaavanzada.es\/en\/#website","url":"https:\/\/ginecologiaavanzada.es\/en\/","name":"Ginecologia Avanzada","description":"Enfoque integral de la mujer, visi\u00f3n de la mujer en todos sus aspectos, f\u00edsicos, y emocionales.","publisher":{"@id":"https:\/\/ginecologiaavanzada.es\/en\/#organization"},"potentialAction":[{"@type":"SearchAction","target":{"@type":"EntryPoint","urlTemplate":"https:\/\/ginecologiaavanzada.es\/en\/?s={search_term_string}"},"query-input":{"@type":"PropertyValueSpecification","valueRequired":true,"valueName":"search_term_string"}}],"inLanguage":"en-US"},{"@type":"Organization","@id":"https:\/\/ginecologiaavanzada.es\/en\/#organization","name":"Ginecologia Avanzada","url":"https:\/\/ginecologiaavanzada.es\/en\/","logo":{"@type":"ImageObject","inLanguage":"en-US","@id":"https:\/\/ginecologiaavanzada.es\/en\/#\/schema\/logo\/image\/","url":"https:\/\/ginecologiaavanzada.es\/wp-content\/uploads\/logo-fosc-1.jpg","contentUrl":"https:\/\/ginecologiaavanzada.es\/wp-content\/uploads\/logo-fosc-1.jpg","width":680,"height":280,"caption":"Ginecologia Avanzada"},"image":{"@id":"https:\/\/ginecologiaavanzada.es\/en\/#\/schema\/logo\/image\/"}}]}},"_links":{"self":[{"href":"https:\/\/ginecologiaavanzada.es\/en\/wp-json\/wp\/v2\/pages\/81762","targetHints":{"allow":["GET"]}}],"collection":[{"href":"https:\/\/ginecologiaavanzada.es\/en\/wp-json\/wp\/v2\/pages"}],"about":[{"href":"https:\/\/ginecologiaavanzada.es\/en\/wp-json\/wp\/v2\/types\/page"}],"author":[{"embeddable":true,"href":"https:\/\/ginecologiaavanzada.es\/en\/wp-json\/wp\/v2\/users\/6"}],"replies":[{"embeddable":true,"href":"https:\/\/ginecologiaavanzada.es\/en\/wp-json\/wp\/v2\/comments?post=81762"}],"version-history":[{"count":5,"href":"https:\/\/ginecologiaavanzada.es\/en\/wp-json\/wp\/v2\/pages\/81762\/revisions"}],"predecessor-version":[{"id":83736,"href":"https:\/\/ginecologiaavanzada.es\/en\/wp-json\/wp\/v2\/pages\/81762\/revisions\/83736"}],"wp:attachment":[{"href":"https:\/\/ginecologiaavanzada.es\/en\/wp-json\/wp\/v2\/media?parent=81762"}],"curies":[{"name":"wp","href":"https:\/\/api.w.org\/{rel}","templated":true}]}}