{"id":81808,"date":"2025-12-05T14:02:12","date_gmt":"2025-12-05T14:02:12","guid":{"rendered":"https:\/\/ginecologiaavanzada.es\/carla-castell-arenillas\/"},"modified":"2026-02-26T19:12:30","modified_gmt":"2026-02-26T19:12:30","slug":"carla-castell-arenillas","status":"publish","type":"page","link":"https:\/\/ginecologiaavanzada.es\/fr\/carla-castell-arenillas\/","title":{"rendered":"CARLA CASTELL ARENILLAS"},"content":{"rendered":"\t\t<div data-elementor-type=\"wp-page\" data-elementor-id=\"81808\" class=\"elementor elementor-81808 elementor-80792\" data-elementor-post-type=\"page\">\n\t\t\t\t\t\t<section class=\"elementor-section elementor-top-section elementor-element elementor-element-d1b96b7 elementor-section-boxed elementor-section-height-default elementor-section-height-default\" data-id=\"d1b96b7\" data-element_type=\"section\" data-e-type=\"section\">\n\t\t\t\t\t\t<div class=\"elementor-container elementor-column-gap-default\">\n\t\t\t\t\t<div class=\"elementor-column elementor-col-50 elementor-top-column elementor-element elementor-element-1ed2a1c\" data-id=\"1ed2a1c\" data-element_type=\"column\" data-e-type=\"column\">\n\t\t\t<div class=\"elementor-widget-wrap elementor-element-populated\">\n\t\t\t\t\t\t<div class=\"elementor-element elementor-element-6884652 elementor-widget elementor-widget-image\" data-id=\"6884652\" data-element_type=\"widget\" data-e-type=\"widget\" data-widget_type=\"image.default\">\n\t\t\t\t<div class=\"elementor-widget-container\">\n\t\t\t\t\t\t\t\t\t\t\t\t\t\t\t<img fetchpriority=\"high\" decoding=\"async\" width=\"400\" height=\"400\" src=\"https:\/\/ginecologiaavanzada.es\/wp-content\/uploads\/2025\/11\/Carla-Castell-10-400x400.jpg\" class=\"attachment-large size-large wp-image-81807\" alt=\"\" srcset=\"https:\/\/ginecologiaavanzada.es\/wp-content\/uploads\/2025\/11\/Carla-Castell-10-400x400.jpg 400w, https:\/\/ginecologiaavanzada.es\/wp-content\/uploads\/2025\/11\/Carla-Castell-10-150x150.jpg 150w, https:\/\/ginecologiaavanzada.es\/wp-content\/uploads\/2025\/11\/Carla-Castell-10-768x768.jpg 768w, https:\/\/ginecologiaavanzada.es\/wp-content\/uploads\/2025\/11\/Carla-Castell-10-1536x1536.jpg 1536w, https:\/\/ginecologiaavanzada.es\/wp-content\/uploads\/2025\/11\/Carla-Castell-10-2048x2048.jpg 2048w, https:\/\/ginecologiaavanzada.es\/wp-content\/uploads\/2025\/11\/Carla-Castell-10-600x600.jpg 600w\" sizes=\"(max-width: 400px) 100vw, 400px\" \/>\t\t\t\t\t\t\t\t\t\t\t\t\t\t\t<\/div>\n\t\t\t\t<\/div>\n\t\t\t\t<div class=\"elementor-element elementor-element-de2decf elementor-widget elementor-widget-text-editor\" data-id=\"de2decf\" data-element_type=\"widget\" data-e-type=\"widget\" data-widget_type=\"text-editor.default\">\n\t\t\t\t<div class=\"elementor-widget-container\">\n\t\t\t\t\t\t\t\t\t<p>Dra. Carla Castell Arenillas <\/p>\t\t\t\t\t\t\t\t<\/div>\n\t\t\t\t<\/div>\n\t\t\t\t<div class=\"elementor-element elementor-element-f389ade elementor-widget elementor-widget-text-editor\" data-id=\"f389ade\" data-element_type=\"widget\" data-e-type=\"widget\" data-widget_type=\"text-editor.default\">\n\t\t\t\t<div class=\"elementor-widget-container\">\n\t\t\t\t\t\t\t\t\t<p><span style=\"color: #aa83b1;\">SP\u00c9CIALISTE<\/span><\/p>\n<p>Techniques de procr\u00e9ation assist\u00e9e : f\u00e9condation in vitro, ins\u00e9mination artificielle, cong\u00e9lation d\u2019ovocytes, don d\u2019ovocytes, m\u00e9thode ROPA<br>St\u00e9rilit\u00e9 et infertilit\u00e9<br>Maternit\u00e9 monoparentale<br>Maternit\u00e9 pour les couples de femmes<br>Endom\u00e9triose et infertilit\u00e9<br>Ovaires polykystiques et infertilit\u00e9<\/p>\t\t\t\t\t\t\t\t<\/div>\n\t\t\t\t<\/div>\n\t\t\t\t<div class=\"elementor-element elementor-element-ec624b8 elementor-widget elementor-widget-text-editor\" data-id=\"ec624b8\" data-element_type=\"widget\" data-e-type=\"widget\" data-widget_type=\"text-editor.default\">\n\t\t\t\t<div class=\"elementor-widget-container\">\n\t\t\t\t\t\t\t\t\t<p>Prendre rendez-vous<\/p>\t\t\t\t\t\t\t\t<\/div>\n\t\t\t\t<\/div>\n\t\t\t\t<section class=\"elementor-section elementor-inner-section elementor-element elementor-element-279b23b elementor-section-boxed elementor-section-height-default elementor-section-height-default\" data-id=\"279b23b\" data-element_type=\"section\" data-e-type=\"section\">\n\t\t\t\t\t\t<div class=\"elementor-container elementor-column-gap-default\">\n\t\t\t\t\t<div class=\"elementor-column elementor-col-33 elementor-inner-column elementor-element elementor-element-e588edb\" data-id=\"e588edb\" data-element_type=\"column\" data-e-type=\"column\">\n\t\t\t<div class=\"elementor-widget-wrap\">\n\t\t\t\t\t\t\t<\/div>\n\t\t<\/div>\n\t\t\t\t<div class=\"elementor-column elementor-col-33 elementor-inner-column elementor-element elementor-element-0b7cdf9\" data-id=\"0b7cdf9\" data-element_type=\"column\" data-e-type=\"column\">\n\t\t\t<div class=\"elementor-widget-wrap elementor-element-populated\">\n\t\t\t\t\t\t<div class=\"elementor-element elementor-element-28babf8 elementor-align-center elementor-widget elementor-widget-button\" data-id=\"28babf8\" data-element_type=\"widget\" data-e-type=\"widget\" data-widget_type=\"button.default\">\n\t\t\t\t<div class=\"elementor-widget-container\">\n\t\t\t\t\t\t\t\t\t<div class=\"elementor-button-wrapper\">\n\t\t\t\t\t<a class=\"elementor-button elementor-button-link elementor-size-sm\" href=\"https:\/\/www.doctoralia.es\/clinicas\/instituto-de-ginecologia-avanzada-2?saasonly=true\" target=\"_blank\">\n\t\t\t\t\t\t<span class=\"elementor-button-content-wrapper\">\n\t\t\t\t\t\t\t\t\t<span class=\"elementor-button-text\">Francesc Maci\u00e0<\/span>\n\t\t\t\t\t<\/span>\n\t\t\t\t\t<\/a>\n\t\t\t\t<\/div>\n\t\t\t\t\t\t\t\t<\/div>\n\t\t\t\t<\/div>\n\t\t\t\t\t<\/div>\n\t\t<\/div>\n\t\t\t\t<div class=\"elementor-column elementor-col-33 elementor-inner-column elementor-element elementor-element-f0ed51a\" data-id=\"f0ed51a\" data-element_type=\"column\" data-e-type=\"column\">\n\t\t\t<div class=\"elementor-widget-wrap\">\n\t\t\t\t\t\t\t<\/div>\n\t\t<\/div>\n\t\t\t\t\t<\/div>\n\t\t<\/section>\n\t\t\t\t\t<\/div>\n\t\t<\/div>\n\t\t\t\t<div class=\"elementor-column elementor-col-50 elementor-top-column elementor-element elementor-element-fc21a34\" data-id=\"fc21a34\" data-element_type=\"column\" data-e-type=\"column\">\n\t\t\t<div class=\"elementor-widget-wrap elementor-element-populated\">\n\t\t\t\t\t\t<div class=\"elementor-element elementor-element-dcc8d9c elementor-widget elementor-widget-text-editor\" data-id=\"dcc8d9c\" data-element_type=\"widget\" data-e-type=\"widget\" data-widget_type=\"text-editor.default\">\n\t\t\t\t<div class=\"elementor-widget-container\">\n\t\t\t\t\t\t\t\t\t<p>Sp\u00e9cialiste en gyn\u00e9cologie et en reproduction assist\u00e9e, exer\u00e7ant \u00e0 l&rsquo;Hospital Clinic i Provincial de Barcelona, \u00e0 l&rsquo;Instituto Marqu\u00e9s, \u00e0 l&rsquo;Hospital de Matar\u00f3 et Mollet, au SomDex Gynecological Center et en tant que responsable de l&rsquo;unit\u00e9 de reproduction assist\u00e9e au Women&rsquo;s Health and Wellbeing of Women et au CIRH Center- EUGIN Clinic- Barcelona.<\/p>\n<p>Actuellement, sp\u00e9cialiste \u00e0 l&rsquo;Institut de gyn\u00e9cologie avanc\u00e9e, \u00e0 Francesc Maci\u00e0.<\/p>\n<p><span style=\"color: #aa83b1;\">M\u00c9RIT\u00c9S ACAD\u00c9MIQUES<\/span><\/p>\n<p><span style=\"color: #aa83b1; font-size: 18px;\">\u221a&nbsp;<\/span>Dipl\u00f4m\u00e9 en m\u00e9decine et chirurgie de l&rsquo;Universit\u00e9 autonome de Barcelone. Unit\u00e9 d&rsquo;enseignement \u00e0 l&rsquo;h\u00f4pital&nbsp; Germans Trias i Pujol.<\/p>\n<p><span style=\"font-size: 18px; color: #aa83b1;\">\u221a&nbsp;<\/span>Sp\u00e9cialiste en obst\u00e9trique et gyn\u00e9cologie et reproduction au Centre d&rsquo;enseignement Consorci Sanitari de Terrassa par le biais du syst\u00e8me de r\u00e9sidence via MIR.<\/p>\n<p style=\"font-variant-ligatures: normal; font-variant-caps: normal; font-family: Montserrat, sans-serif; font-size: 18px; font-style: normal; font-weight: 400;\"><span style=\"font-size: 18px; color: #aa83b1;\">AUTRES M\u00c9RIT\u00c9S ACAD\u00c9MIQUES<\/span><\/p>\n<p><span style=\"color: #aa83b1; font-size: 18px;\">\u221a&nbsp;<\/span>Bourse Socrates-Erasmus \u00e0 l&rsquo;Universit\u00e9 Denis Diderot-Paris VII \u00e0 Paris. Service de m\u00e9decine interne \u00e0 l&rsquo;h\u00f4pital Saint-Louis ; Service de gyn\u00e9cologie et Obst\u00e9trique, chirurgie g\u00e9n\u00e9rale, traumatologie et cardiologie \u00e0 l&rsquo;h\u00f4pital Lariboisi\u00e8re.<\/p>\n<p><span style=\"color: #aa83b1; font-family: Montserrat, sans-serif; font-size: 18px; font-style: normal; font-variant-ligatures: normal; font-variant-caps: normal; font-weight: 400;\">\u221a&nbsp;<\/span>Formation en \u00e9chographie obst\u00e9tricale et gyn\u00e9cologique niveaux I-II-III du SESEGO. H\u00f4pital Vall d&rsquo;H\u00e9bron.<\/p>\t\t\t\t\t\t\t\t<\/div>\n\t\t\t\t<\/div>\n\t\t\t\t\t<\/div>\n\t\t<\/div>\n\t\t\t\t\t<\/div>\n\t\t<\/section>\n\t\t\t\t<\/div>\n\t\t","protected":false},"excerpt":{"rendered":"<p>Dra. Carla Castell Arenillas SP\u00c9CIALISTE Techniques de procr\u00e9ation assist\u00e9e : f\u00e9condation in vitro, ins\u00e9mination artificielle, cong\u00e9lation d\u2019ovocytes, don d\u2019ovocytes, m\u00e9thode ROPASt\u00e9rilit\u00e9 et infertilit\u00e9Maternit\u00e9 monoparentaleMaternit\u00e9 pour les couples de femmesEndom\u00e9triose et infertilit\u00e9Ovaires polykystiques et infertilit\u00e9 Prendre rendez-vous Francesc Maci\u00e0 Sp\u00e9cialiste en gyn\u00e9cologie et en reproduction assist\u00e9e, exer\u00e7ant \u00e0 l&rsquo;Hospital Clinic i Provincial de Barcelona, \u00e0 l&rsquo;Instituto [&hellip;]<\/p>\n","protected":false},"author":6,"featured_media":0,"parent":0,"menu_order":0,"comment_status":"closed","ping_status":"closed","template":"","meta":{"_joinchat":[],"footnotes":""},"class_list":["post-81808","page","type-page","status-publish","hentry","entry"],"yoast_head":"<!-- This site is optimized with the Yoast SEO Premium plugin v27.1 (Yoast SEO v27.3) - https:\/\/yoast.com\/product\/yoast-seo-premium-wordpress\/ -->\n<title>CARLA CASTELL ARENILLAS &#8902; Instituto Ginecolog\u00eda Avanzada<\/title>\n<meta name=\"robots\" content=\"index, follow, max-snippet:-1, max-image-preview:large, max-video-preview:-1\" \/>\n<link rel=\"canonical\" href=\"https:\/\/ginecologiaavanzada.es\/fr\/carla-castell-arenillas\/\" \/>\n<meta property=\"og:locale\" content=\"fr_FR\" \/>\n<meta property=\"og:type\" content=\"article\" \/>\n<meta property=\"og:title\" content=\"CARLA CASTELL ARENILLAS\" \/>\n<meta property=\"og:description\" content=\"Dra. Carla Castell Arenillas SP\u00c9CIALISTE Techniques de procr\u00e9ation assist\u00e9e : f\u00e9condation in vitro, ins\u00e9mination artificielle, cong\u00e9lation d\u2019ovocytes, don d\u2019ovocytes, m\u00e9thode ROPASt\u00e9rilit\u00e9 et infertilit\u00e9Maternit\u00e9 monoparentaleMaternit\u00e9 pour les couples de femmesEndom\u00e9triose et infertilit\u00e9Ovaires polykystiques et infertilit\u00e9 Prendre rendez-vous Francesc Maci\u00e0 Sp\u00e9cialiste en gyn\u00e9cologie et en reproduction assist\u00e9e, exer\u00e7ant \u00e0 l&rsquo;Hospital Clinic i Provincial de Barcelona, \u00e0 l&rsquo;Instituto [&hellip;]\" \/>\n<meta property=\"og:url\" content=\"https:\/\/ginecologiaavanzada.es\/fr\/carla-castell-arenillas\/\" \/>\n<meta property=\"og:site_name\" content=\"Instituto Ginecolog\u00eda Avanzada\" \/>\n<meta property=\"article:modified_time\" content=\"2026-02-26T19:12:30+00:00\" \/>\n<meta property=\"og:image\" content=\"https:\/\/ginecologiaavanzada.es\/wp-content\/uploads\/2025\/11\/Carla-Castell-10-400x400.jpg\" \/>\n<meta name=\"twitter:card\" content=\"summary_large_image\" \/>\n<meta name=\"twitter:label1\" content=\"Dur\u00e9e de lecture estim\u00e9e\" \/>\n\t<meta name=\"twitter:data1\" content=\"1 minute\" \/>\n<script type=\"application\/ld+json\" class=\"yoast-schema-graph\">{\"@context\":\"https:\\\/\\\/schema.org\",\"@graph\":[{\"@type\":\"WebPage\",\"@id\":\"https:\\\/\\\/ginecologiaavanzada.es\\\/fr\\\/carla-castell-arenillas\\\/\",\"url\":\"https:\\\/\\\/ginecologiaavanzada.es\\\/fr\\\/carla-castell-arenillas\\\/\",\"name\":\"CARLA CASTELL ARENILLAS &#8902; Instituto Ginecolog\u00eda Avanzada\",\"isPartOf\":{\"@id\":\"https:\\\/\\\/ginecologiaavanzada.es\\\/fr\\\/#website\"},\"primaryImageOfPage\":{\"@id\":\"https:\\\/\\\/ginecologiaavanzada.es\\\/fr\\\/carla-castell-arenillas\\\/#primaryimage\"},\"image\":{\"@id\":\"https:\\\/\\\/ginecologiaavanzada.es\\\/fr\\\/carla-castell-arenillas\\\/#primaryimage\"},\"thumbnailUrl\":\"https:\\\/\\\/ginecologiaavanzada.es\\\/wp-content\\\/uploads\\\/2025\\\/11\\\/Carla-Castell-10-400x400.jpg\",\"datePublished\":\"2025-12-05T14:02:12+00:00\",\"dateModified\":\"2026-02-26T19:12:30+00:00\",\"breadcrumb\":{\"@id\":\"https:\\\/\\\/ginecologiaavanzada.es\\\/fr\\\/carla-castell-arenillas\\\/#breadcrumb\"},\"inLanguage\":\"fr-FR\",\"potentialAction\":[{\"@type\":\"ReadAction\",\"target\":[\"https:\\\/\\\/ginecologiaavanzada.es\\\/fr\\\/carla-castell-arenillas\\\/\"]}]},{\"@type\":\"ImageObject\",\"inLanguage\":\"fr-FR\",\"@id\":\"https:\\\/\\\/ginecologiaavanzada.es\\\/fr\\\/carla-castell-arenillas\\\/#primaryimage\",\"url\":\"https:\\\/\\\/ginecologiaavanzada.es\\\/wp-content\\\/uploads\\\/2025\\\/11\\\/Carla-Castell-10-400x400.jpg\",\"contentUrl\":\"https:\\\/\\\/ginecologiaavanzada.es\\\/wp-content\\\/uploads\\\/2025\\\/11\\\/Carla-Castell-10-400x400.jpg\"},{\"@type\":\"BreadcrumbList\",\"@id\":\"https:\\\/\\\/ginecologiaavanzada.es\\\/fr\\\/carla-castell-arenillas\\\/#breadcrumb\",\"itemListElement\":[{\"@type\":\"ListItem\",\"position\":1,\"name\":\"Portada\",\"item\":\"https:\\\/\\\/ginecologiaavanzada.es\\\/fr\\\/inicio\\\/\"},{\"@type\":\"ListItem\",\"position\":2,\"name\":\"CARLA CASTELL ARENILLAS\"}]},{\"@type\":\"WebSite\",\"@id\":\"https:\\\/\\\/ginecologiaavanzada.es\\\/fr\\\/#website\",\"url\":\"https:\\\/\\\/ginecologiaavanzada.es\\\/fr\\\/\",\"name\":\"Ginecologia Avanzada\",\"description\":\"Enfoque integral de la mujer, visi\u00f3n de la mujer en todos sus aspectos, f\u00edsicos, y emocionales.\",\"publisher\":{\"@id\":\"https:\\\/\\\/ginecologiaavanzada.es\\\/fr\\\/#organization\"},\"potentialAction\":[{\"@type\":\"SearchAction\",\"target\":{\"@type\":\"EntryPoint\",\"urlTemplate\":\"https:\\\/\\\/ginecologiaavanzada.es\\\/fr\\\/?s={search_term_string}\"},\"query-input\":{\"@type\":\"PropertyValueSpecification\",\"valueRequired\":true,\"valueName\":\"search_term_string\"}}],\"inLanguage\":\"fr-FR\"},{\"@type\":\"Organization\",\"@id\":\"https:\\\/\\\/ginecologiaavanzada.es\\\/fr\\\/#organization\",\"name\":\"Ginecologia Avanzada\",\"url\":\"https:\\\/\\\/ginecologiaavanzada.es\\\/fr\\\/\",\"logo\":{\"@type\":\"ImageObject\",\"inLanguage\":\"fr-FR\",\"@id\":\"https:\\\/\\\/ginecologiaavanzada.es\\\/fr\\\/#\\\/schema\\\/logo\\\/image\\\/\",\"url\":\"https:\\\/\\\/ginecologiaavanzada.es\\\/wp-content\\\/uploads\\\/logo-fosc-1.jpg\",\"contentUrl\":\"https:\\\/\\\/ginecologiaavanzada.es\\\/wp-content\\\/uploads\\\/logo-fosc-1.jpg\",\"width\":680,\"height\":280,\"caption\":\"Ginecologia Avanzada\"},\"image\":{\"@id\":\"https:\\\/\\\/ginecologiaavanzada.es\\\/fr\\\/#\\\/schema\\\/logo\\\/image\\\/\"}}]}<\/script>\n<!-- \/ Yoast SEO Premium plugin. -->","yoast_head_json":{"title":"CARLA CASTELL ARENILLAS &#8902; Instituto Ginecolog\u00eda Avanzada","robots":{"index":"index","follow":"follow","max-snippet":"max-snippet:-1","max-image-preview":"max-image-preview:large","max-video-preview":"max-video-preview:-1"},"canonical":"https:\/\/ginecologiaavanzada.es\/fr\/carla-castell-arenillas\/","og_locale":"fr_FR","og_type":"article","og_title":"CARLA CASTELL ARENILLAS","og_description":"Dra. Carla Castell Arenillas SP\u00c9CIALISTE Techniques de procr\u00e9ation assist\u00e9e : f\u00e9condation in vitro, ins\u00e9mination artificielle, cong\u00e9lation d\u2019ovocytes, don d\u2019ovocytes, m\u00e9thode ROPASt\u00e9rilit\u00e9 et infertilit\u00e9Maternit\u00e9 monoparentaleMaternit\u00e9 pour les couples de femmesEndom\u00e9triose et infertilit\u00e9Ovaires polykystiques et infertilit\u00e9 Prendre rendez-vous Francesc Maci\u00e0 Sp\u00e9cialiste en gyn\u00e9cologie et en reproduction assist\u00e9e, exer\u00e7ant \u00e0 l&rsquo;Hospital Clinic i Provincial de Barcelona, \u00e0 l&rsquo;Instituto [&hellip;]","og_url":"https:\/\/ginecologiaavanzada.es\/fr\/carla-castell-arenillas\/","og_site_name":"Instituto Ginecolog\u00eda Avanzada","article_modified_time":"2026-02-26T19:12:30+00:00","og_image":[{"url":"https:\/\/ginecologiaavanzada.es\/wp-content\/uploads\/2025\/11\/Carla-Castell-10-400x400.jpg","type":"","width":"","height":""}],"twitter_card":"summary_large_image","twitter_misc":{"Dur\u00e9e de lecture estim\u00e9e":"1 minute"},"schema":{"@context":"https:\/\/schema.org","@graph":[{"@type":"WebPage","@id":"https:\/\/ginecologiaavanzada.es\/fr\/carla-castell-arenillas\/","url":"https:\/\/ginecologiaavanzada.es\/fr\/carla-castell-arenillas\/","name":"CARLA CASTELL ARENILLAS &#8902; Instituto Ginecolog\u00eda Avanzada","isPartOf":{"@id":"https:\/\/ginecologiaavanzada.es\/fr\/#website"},"primaryImageOfPage":{"@id":"https:\/\/ginecologiaavanzada.es\/fr\/carla-castell-arenillas\/#primaryimage"},"image":{"@id":"https:\/\/ginecologiaavanzada.es\/fr\/carla-castell-arenillas\/#primaryimage"},"thumbnailUrl":"https:\/\/ginecologiaavanzada.es\/wp-content\/uploads\/2025\/11\/Carla-Castell-10-400x400.jpg","datePublished":"2025-12-05T14:02:12+00:00","dateModified":"2026-02-26T19:12:30+00:00","breadcrumb":{"@id":"https:\/\/ginecologiaavanzada.es\/fr\/carla-castell-arenillas\/#breadcrumb"},"inLanguage":"fr-FR","potentialAction":[{"@type":"ReadAction","target":["https:\/\/ginecologiaavanzada.es\/fr\/carla-castell-arenillas\/"]}]},{"@type":"ImageObject","inLanguage":"fr-FR","@id":"https:\/\/ginecologiaavanzada.es\/fr\/carla-castell-arenillas\/#primaryimage","url":"https:\/\/ginecologiaavanzada.es\/wp-content\/uploads\/2025\/11\/Carla-Castell-10-400x400.jpg","contentUrl":"https:\/\/ginecologiaavanzada.es\/wp-content\/uploads\/2025\/11\/Carla-Castell-10-400x400.jpg"},{"@type":"BreadcrumbList","@id":"https:\/\/ginecologiaavanzada.es\/fr\/carla-castell-arenillas\/#breadcrumb","itemListElement":[{"@type":"ListItem","position":1,"name":"Portada","item":"https:\/\/ginecologiaavanzada.es\/fr\/inicio\/"},{"@type":"ListItem","position":2,"name":"CARLA CASTELL ARENILLAS"}]},{"@type":"WebSite","@id":"https:\/\/ginecologiaavanzada.es\/fr\/#website","url":"https:\/\/ginecologiaavanzada.es\/fr\/","name":"Ginecologia Avanzada","description":"Enfoque integral de la mujer, visi\u00f3n de la mujer en todos sus aspectos, f\u00edsicos, y emocionales.","publisher":{"@id":"https:\/\/ginecologiaavanzada.es\/fr\/#organization"},"potentialAction":[{"@type":"SearchAction","target":{"@type":"EntryPoint","urlTemplate":"https:\/\/ginecologiaavanzada.es\/fr\/?s={search_term_string}"},"query-input":{"@type":"PropertyValueSpecification","valueRequired":true,"valueName":"search_term_string"}}],"inLanguage":"fr-FR"},{"@type":"Organization","@id":"https:\/\/ginecologiaavanzada.es\/fr\/#organization","name":"Ginecologia Avanzada","url":"https:\/\/ginecologiaavanzada.es\/fr\/","logo":{"@type":"ImageObject","inLanguage":"fr-FR","@id":"https:\/\/ginecologiaavanzada.es\/fr\/#\/schema\/logo\/image\/","url":"https:\/\/ginecologiaavanzada.es\/wp-content\/uploads\/logo-fosc-1.jpg","contentUrl":"https:\/\/ginecologiaavanzada.es\/wp-content\/uploads\/logo-fosc-1.jpg","width":680,"height":280,"caption":"Ginecologia Avanzada"},"image":{"@id":"https:\/\/ginecologiaavanzada.es\/fr\/#\/schema\/logo\/image\/"}}]}},"_links":{"self":[{"href":"https:\/\/ginecologiaavanzada.es\/fr\/wp-json\/wp\/v2\/pages\/81808","targetHints":{"allow":["GET"]}}],"collection":[{"href":"https:\/\/ginecologiaavanzada.es\/fr\/wp-json\/wp\/v2\/pages"}],"about":[{"href":"https:\/\/ginecologiaavanzada.es\/fr\/wp-json\/wp\/v2\/types\/page"}],"author":[{"embeddable":true,"href":"https:\/\/ginecologiaavanzada.es\/fr\/wp-json\/wp\/v2\/users\/6"}],"replies":[{"embeddable":true,"href":"https:\/\/ginecologiaavanzada.es\/fr\/wp-json\/wp\/v2\/comments?post=81808"}],"version-history":[{"count":8,"href":"https:\/\/ginecologiaavanzada.es\/fr\/wp-json\/wp\/v2\/pages\/81808\/revisions"}],"predecessor-version":[{"id":83133,"href":"https:\/\/ginecologiaavanzada.es\/fr\/wp-json\/wp\/v2\/pages\/81808\/revisions\/83133"}],"wp:attachment":[{"href":"https:\/\/ginecologiaavanzada.es\/fr\/wp-json\/wp\/v2\/media?parent=81808"}],"curies":[{"name":"wp","href":"https:\/\/api.w.org\/{rel}","templated":true}]}}