{"id":81811,"date":"2025-12-08T10:09:39","date_gmt":"2025-12-08T10:09:39","guid":{"rendered":"https:\/\/ginecologiaavanzada.es\/cecilia-irene-sanchez-rodriguez\/"},"modified":"2026-04-10T20:23:47","modified_gmt":"2026-04-10T20:23:47","slug":"cecilia-irene-sanchez-rodriguez","status":"publish","type":"page","link":"https:\/\/ginecologiaavanzada.es\/fr\/cecilia-irene-sanchez-rodriguez\/","title":{"rendered":"CECILIA IRENE S\u00c1NCHEZ RODR\u00cdGUEZ"},"content":{"rendered":"\t\t<div data-elementor-type=\"wp-page\" data-elementor-id=\"81811\" class=\"elementor elementor-81811 elementor-80914\" data-elementor-post-type=\"page\">\n\t\t\t\t\t\t<section class=\"elementor-section elementor-top-section elementor-element elementor-element-d1b96b7 elementor-section-boxed elementor-section-height-default elementor-section-height-default\" data-id=\"d1b96b7\" data-element_type=\"section\" data-e-type=\"section\">\n\t\t\t\t\t\t<div class=\"elementor-container elementor-column-gap-default\">\n\t\t\t\t\t<div class=\"elementor-column elementor-col-50 elementor-top-column elementor-element elementor-element-1ed2a1c\" data-id=\"1ed2a1c\" data-element_type=\"column\" data-e-type=\"column\">\n\t\t\t<div class=\"elementor-widget-wrap elementor-element-populated\">\n\t\t\t\t\t\t<div class=\"elementor-element elementor-element-6884652 elementor-widget elementor-widget-image\" data-id=\"6884652\" data-element_type=\"widget\" data-e-type=\"widget\" data-widget_type=\"image.default\">\n\t\t\t\t<div class=\"elementor-widget-container\">\n\t\t\t\t\t\t\t\t\t\t\t\t\t\t\t<img fetchpriority=\"high\" decoding=\"async\" width=\"400\" height=\"400\" src=\"https:\/\/ginecologiaavanzada.es\/wp-content\/uploads\/2025\/12\/ChatGPT-Image-8-dic-2025-10_16_07-400x400.png\" class=\"attachment-large size-large wp-image-80920\" alt=\"\" srcset=\"https:\/\/ginecologiaavanzada.es\/wp-content\/uploads\/2025\/12\/ChatGPT-Image-8-dic-2025-10_16_07-400x400.png 400w, https:\/\/ginecologiaavanzada.es\/wp-content\/uploads\/2025\/12\/ChatGPT-Image-8-dic-2025-10_16_07-150x150.png 150w, https:\/\/ginecologiaavanzada.es\/wp-content\/uploads\/2025\/12\/ChatGPT-Image-8-dic-2025-10_16_07-768x768.png 768w, https:\/\/ginecologiaavanzada.es\/wp-content\/uploads\/2025\/12\/ChatGPT-Image-8-dic-2025-10_16_07-600x600.png 600w, https:\/\/ginecologiaavanzada.es\/wp-content\/uploads\/2025\/12\/ChatGPT-Image-8-dic-2025-10_16_07.png 1024w\" sizes=\"(max-width: 400px) 100vw, 400px\" \/>\t\t\t\t\t\t\t\t\t\t\t\t\t\t\t<\/div>\n\t\t\t\t<\/div>\n\t\t\t\t<div class=\"elementor-element elementor-element-de2decf elementor-widget elementor-widget-text-editor\" data-id=\"de2decf\" data-element_type=\"widget\" data-e-type=\"widget\" data-widget_type=\"text-editor.default\">\n\t\t\t\t<div class=\"elementor-widget-container\">\n\t\t\t\t\t\t\t\t\t<p>Dr. Cecilia S\u00e1nchez | N\u00ba Col. 34896<\/p>\t\t\t\t\t\t\t\t<\/div>\n\t\t\t\t<\/div>\n\t\t\t\t<div class=\"elementor-element elementor-element-f389ade elementor-hidden-mobile elementor-widget elementor-widget-text-editor\" data-id=\"f389ade\" data-element_type=\"widget\" data-e-type=\"widget\" data-widget_type=\"text-editor.default\">\n\t\t\t\t<div class=\"elementor-widget-container\">\n\t\t\t\t\t\t\t\t\t<p><span style=\"color: #aa83b1;\">SP\u00c9CIALISTE<\/span><\/p><p>Gyn\u00e9cologie g\u00e9n\u00e9rale<br>Gyn\u00e9cologie de l&rsquo;adolescente<br>Prise en charge compl\u00e8te de la m\u00e9nopause<br>Grossesse normale<br>Accouchement respectueux<br>Chirurgie hyst\u00e9roscopique<\/p>\t\t\t\t\t\t\t\t<\/div>\n\t\t\t\t<\/div>\n\t\t\t\t<div class=\"elementor-element elementor-element-a778c07 elementor-hidden-desktop elementor-hidden-tablet elementor-widget elementor-widget-text-editor\" data-id=\"a778c07\" data-element_type=\"widget\" data-e-type=\"widget\" data-widget_type=\"text-editor.default\">\n\t\t\t\t<div class=\"elementor-widget-container\">\n\t\t\t\t\t\t\t\t\t<p><strong><span style=\"color: #aa83b1;\">SP\u00c9CIALISTE<\/span><\/strong><\/p><p>Gyn\u00e9cologie g\u00e9n\u00e9rale<br>Gyn\u00e9cologie de l&rsquo;adolescente<br>Prise en charge compl\u00e8te de la m\u00e9nopause<br>Grossesse normale<br>Accouchement respectueux<br>Chirurgie hyst\u00e9roscopique<\/p>\t\t\t\t\t\t\t\t<\/div>\n\t\t\t\t<\/div>\n\t\t\t\t<div class=\"elementor-element elementor-element-ec624b8 elementor-hidden-mobile elementor-widget elementor-widget-text-editor\" data-id=\"ec624b8\" data-element_type=\"widget\" data-e-type=\"widget\" data-widget_type=\"text-editor.default\">\n\t\t\t\t<div class=\"elementor-widget-container\">\n\t\t\t\t\t\t\t\t\t<p>Prendre rendez-vous<\/p>\t\t\t\t\t\t\t\t<\/div>\n\t\t\t\t<\/div>\n\t\t\t\t<section class=\"elementor-section elementor-inner-section elementor-element elementor-element-15e93d0 elementor-hidden-mobile elementor-section-boxed elementor-section-height-default elementor-section-height-default\" data-id=\"15e93d0\" data-element_type=\"section\" data-e-type=\"section\">\n\t\t\t\t\t\t<div class=\"elementor-container elementor-column-gap-default\">\n\t\t\t\t\t<div class=\"elementor-column elementor-col-50 elementor-inner-column elementor-element elementor-element-210e969\" data-id=\"210e969\" data-element_type=\"column\" data-e-type=\"column\">\n\t\t\t<div class=\"elementor-widget-wrap elementor-element-populated\">\n\t\t\t\t\t\t<div class=\"elementor-element elementor-element-c271e9e elementor-align-right elementor-widget elementor-widget-button\" data-id=\"c271e9e\" data-element_type=\"widget\" data-e-type=\"widget\" data-widget_type=\"button.default\">\n\t\t\t\t<div class=\"elementor-widget-container\">\n\t\t\t\t\t\t\t\t\t<div class=\"elementor-button-wrapper\">\n\t\t\t\t\t<a class=\"elementor-button elementor-button-link elementor-size-sm\" href=\"https:\/\/www.doctoralia.es\/clinicas\/instituto-de-ginecologia-avanzada-2?saasonly=true\" target=\"_blank\">\n\t\t\t\t\t\t<span class=\"elementor-button-content-wrapper\">\n\t\t\t\t\t\t\t\t\t<span class=\"elementor-button-text\">FrANCESC Maci\u00e0<\/span>\n\t\t\t\t\t<\/span>\n\t\t\t\t\t<\/a>\n\t\t\t\t<\/div>\n\t\t\t\t\t\t\t\t<\/div>\n\t\t\t\t<\/div>\n\t\t\t\t\t<\/div>\n\t\t<\/div>\n\t\t\t\t<div class=\"elementor-column elementor-col-50 elementor-inner-column elementor-element elementor-element-c276504\" data-id=\"c276504\" data-element_type=\"column\" data-e-type=\"column\">\n\t\t\t<div class=\"elementor-widget-wrap elementor-element-populated\">\n\t\t\t\t\t\t<div class=\"elementor-element elementor-element-1e0e923 elementor-widget elementor-widget-button\" data-id=\"1e0e923\" data-element_type=\"widget\" data-e-type=\"widget\" data-widget_type=\"button.default\">\n\t\t\t\t<div class=\"elementor-widget-container\">\n\t\t\t\t\t\t\t\t\t<div class=\"elementor-button-wrapper\">\n\t\t\t\t\t<a class=\"elementor-button elementor-button-link elementor-size-sm\" href=\"#\">\n\t\t\t\t\t\t<span class=\"elementor-button-content-wrapper\">\n\t\t\t\t\t\t\t\t\t<span class=\"elementor-button-text\">CENTRE QUIRON<\/span>\n\t\t\t\t\t<\/span>\n\t\t\t\t\t<\/a>\n\t\t\t\t<\/div>\n\t\t\t\t\t\t\t\t<\/div>\n\t\t\t\t<\/div>\n\t\t\t\t\t<\/div>\n\t\t<\/div>\n\t\t\t\t\t<\/div>\n\t\t<\/section>\n\t\t\t\t\t<\/div>\n\t\t<\/div>\n\t\t\t\t<div class=\"elementor-column elementor-col-50 elementor-top-column elementor-element elementor-element-fc21a34\" data-id=\"fc21a34\" data-element_type=\"column\" data-e-type=\"column\">\n\t\t\t<div class=\"elementor-widget-wrap elementor-element-populated\">\n\t\t\t\t\t\t<div class=\"elementor-element elementor-element-dcc8d9c elementor-widget__width-initial elementor-hidden-mobile elementor-widget elementor-widget-text-editor\" data-id=\"dcc8d9c\" data-element_type=\"widget\" data-e-type=\"widget\" data-widget_type=\"text-editor.default\">\n\t\t\t\t<div class=\"elementor-widget-container\">\n\t\t\t\t\t\t\t\t\t<p style=\"text-align: left;\">Dans mon exp\u00e9rience de sp\u00e9cialiste, j&rsquo;ai travaill\u00e9 dans des h\u00f4pitaux publics et des cliniques priv\u00e9es telles que l&rsquo;h\u00f4pital Sant Joan de D\u00e9u \u00e0 Esplugues de Llobregat, directeur de Donanoba, Teknon et Clinica Tres Torres, entre autres.<\/p>\n<p style=\"text-align: left;\">Actuellement sp\u00e9cialiste \u00e0 l&rsquo;Institut de Gyn\u00e9cologie Avanc\u00e9e \u00e0 Quir\u00f3n Barcelone et \u00e0 notre clinique \u00e0 Francesc Maci\u00e0.<\/p>\n<p style=\"text-align: left;\"><span style=\"color: #aa83b1;\">M\u00c9RIT\u00c9S ACAD\u00c9MIQUES<\/span><\/p>\n<p style=\"text-align: left;\"><span style=\"color: #aa83b1; font-size: 18px;\">\u221a&nbsp;<\/span>Dipl\u00f4m\u00e9 en m\u00e9decine et chirurgie de l&rsquo;Universit\u00e9 de Barcelone. H\u00f4pital Cl\u00ednc i Provincial. <\/p>\n<p style=\"text-align: left;\"><span style=\"color: #aa83b1; font-size: 18px;\">\u221a&nbsp;<\/span>Sp\u00e9cialiste en gyn\u00e9cologie et obst\u00e9trique via MIR \u00e0 l&rsquo;h\u00f4pital universitaire allemand Trias i Pujol, Badalona.<\/p>\n<p style=\"font-variant-ligatures: normal; font-variant-caps: normal; font-family: Montserrat, sans-serif; font-size: 18px; font-style: normal; font-weight: 400; text-align: left;\"><span style=\"font-size: 18px; color: #aa83b1;\">AUTRES M\u00c9RIT\u00c9S ACAD\u00c9MIQUES<\/span><\/p>\n<p style=\"text-align: left;\"><span style=\"color: #aa83b1; font-size: 18px;\">\u221a&nbsp;<\/span> <\/p>\n<p style=\"text-align: left;\"><span style=\"color: #aa83b1; font-size: 18px;\">\u221a&nbsp;<\/span>Certifi\u00e9e en r\u00e9animation n\u00e9onatale compl\u00e8te. Groupe de r\u00e9animation n\u00e9onatale de la SEGO (Soci\u00e9t\u00e9 espagnole de gyn\u00e9cologie et d&rsquo;obst\u00e9trique). <\/p>\n<p style=\"text-align: left;\"><span style=\"color: #aa83b1; font-size: 18px;\">\u221a&nbsp;<\/span>Membre de soci\u00e9t\u00e9s scientifiques nationales et internationales.<\/p>\n<p style=\"text-align: left;\"><span style=\"color: #aa83b1; font-size: 18px;\">\u221a&nbsp;<\/span>Membre de la Soci\u00e9t\u00e9 espagnole de gyn\u00e9cologie-obst\u00e9trique.<\/p>\n<p style=\"text-align: left;\"><span style=\"font-family: Montserrat, sans-serif; font-size: 18px; font-style: normal; font-variant-ligatures: normal; font-variant-caps: normal; font-weight: 400; color: #aa83b1;\">\u221a&nbsp;<\/span>Bourse \u00c9G\u00c9ENNE. Stagiaire chez Skejby Sygehus. Aarhus. Danemark.<\/p>\n<p style=\"text-align: left;\"><span style=\"font-family: Montserrat, sans-serif; font-size: 18px; font-style: normal; font-variant-ligatures: normal; font-variant-caps: normal; font-weight: 400; color: #aa83b1;\">\u221a&nbsp;<\/span><span style=\"font-size: 18px;\">North Amercian Menopause Society. 22nd Annual Meeting. Washington D.C.<\/span><\/p>\n<p style=\"text-align: left;\"><span style=\"font-family: Montserrat, sans-serif; font-size: 18px; font-style: normal; font-variant-ligatures: normal; font-variant-caps: normal; font-weight: 400; color: #aa83b1;\">\u221a&nbsp;<\/span><span style=\"font-size: 18px;\">Visiting Scholarship. Ob\/Gyn Moffit\/ Long Hospital.UCSF. San Francisco. California.<\/span><\/p>\t\t\t\t\t\t\t\t<\/div>\n\t\t\t\t<\/div>\n\t\t\t\t<div class=\"elementor-element elementor-element-9fbbdbf elementor-hidden-desktop elementor-hidden-tablet elementor-widget elementor-widget-text-editor\" data-id=\"9fbbdbf\" data-element_type=\"widget\" data-e-type=\"widget\" data-widget_type=\"text-editor.default\">\n\t\t\t\t<div class=\"elementor-widget-container\">\n\t\t\t\t\t\t\t\t\t<p>Prendre rendez-vous<\/p>\t\t\t\t\t\t\t\t<\/div>\n\t\t\t\t<\/div>\n\t\t\t\t<section class=\"elementor-section elementor-inner-section elementor-element elementor-element-b92173f elementor-hidden-desktop elementor-hidden-tablet elementor-section-boxed elementor-section-height-default elementor-section-height-default\" data-id=\"b92173f\" data-element_type=\"section\" data-e-type=\"section\">\n\t\t\t\t\t\t<div class=\"elementor-container elementor-column-gap-default\">\n\t\t\t\t\t<div class=\"elementor-column elementor-col-50 elementor-inner-column elementor-element elementor-element-a476b0b\" data-id=\"a476b0b\" data-element_type=\"column\" data-e-type=\"column\">\n\t\t\t<div class=\"elementor-widget-wrap elementor-element-populated\">\n\t\t\t\t\t\t<div class=\"elementor-element elementor-element-ea839fe elementor-align-right elementor-widget elementor-widget-button\" data-id=\"ea839fe\" data-element_type=\"widget\" data-e-type=\"widget\" data-widget_type=\"button.default\">\n\t\t\t\t<div class=\"elementor-widget-container\">\n\t\t\t\t\t\t\t\t\t<div class=\"elementor-button-wrapper\">\n\t\t\t\t\t<a class=\"elementor-button elementor-button-link elementor-size-sm\" href=\"https:\/\/www.doctoralia.es\/clinicas\/instituto-de-ginecologia-avanzada-2?saasonly=true\" target=\"_blank\">\n\t\t\t\t\t\t<span class=\"elementor-button-content-wrapper\">\n\t\t\t\t\t\t\t\t\t<span class=\"elementor-button-text\">FrANCESC Maci\u00e0<\/span>\n\t\t\t\t\t<\/span>\n\t\t\t\t\t<\/a>\n\t\t\t\t<\/div>\n\t\t\t\t\t\t\t\t<\/div>\n\t\t\t\t<\/div>\n\t\t\t\t\t<\/div>\n\t\t<\/div>\n\t\t\t\t<div class=\"elementor-column elementor-col-50 elementor-inner-column elementor-element elementor-element-35789af\" data-id=\"35789af\" data-element_type=\"column\" data-e-type=\"column\">\n\t\t\t<div class=\"elementor-widget-wrap elementor-element-populated\">\n\t\t\t\t\t\t<div class=\"elementor-element elementor-element-6ea5c36 elementor-widget elementor-widget-button\" data-id=\"6ea5c36\" data-element_type=\"widget\" data-e-type=\"widget\" data-widget_type=\"button.default\">\n\t\t\t\t<div class=\"elementor-widget-container\">\n\t\t\t\t\t\t\t\t\t<div class=\"elementor-button-wrapper\">\n\t\t\t\t\t<a class=\"elementor-button elementor-button-link elementor-size-sm\" href=\"#\">\n\t\t\t\t\t\t<span class=\"elementor-button-content-wrapper\">\n\t\t\t\t\t\t\t\t\t<span class=\"elementor-button-text\">CENTRE QUIRON<\/span>\n\t\t\t\t\t<\/span>\n\t\t\t\t\t<\/a>\n\t\t\t\t<\/div>\n\t\t\t\t\t\t\t\t<\/div>\n\t\t\t\t<\/div>\n\t\t\t\t\t<\/div>\n\t\t<\/div>\n\t\t\t\t\t<\/div>\n\t\t<\/section>\n\t\t\t\t\t<\/div>\n\t\t<\/div>\n\t\t\t\t\t<\/div>\n\t\t<\/section>\n\t\t\t\t<\/div>\n\t\t","protected":false},"excerpt":{"rendered":"<p>Dr. Cecilia S\u00e1nchez | N\u00ba Col. 34896 SP\u00c9CIALISTE Gyn\u00e9cologie g\u00e9n\u00e9raleGyn\u00e9cologie de l&rsquo;adolescentePrise en charge compl\u00e8te de la m\u00e9nopauseGrossesse normaleAccouchement respectueuxChirurgie hyst\u00e9roscopique SP\u00c9CIALISTE Gyn\u00e9cologie g\u00e9n\u00e9raleGyn\u00e9cologie de l&rsquo;adolescentePrise en charge compl\u00e8te de la m\u00e9nopauseGrossesse normaleAccouchement respectueuxChirurgie hyst\u00e9roscopique Prendre rendez-vous FrANCESC Maci\u00e0 CENTRE QUIRON Dans mon exp\u00e9rience de sp\u00e9cialiste, j&rsquo;ai travaill\u00e9 dans des h\u00f4pitaux publics et des cliniques [&hellip;]<\/p>\n","protected":false},"author":6,"featured_media":0,"parent":0,"menu_order":0,"comment_status":"closed","ping_status":"closed","template":"","meta":{"_joinchat":[],"footnotes":""},"class_list":["post-81811","page","type-page","status-publish","hentry","entry"],"yoast_head":"<!-- This site is optimized with the Yoast SEO Premium plugin v27.1 (Yoast SEO v27.3) - https:\/\/yoast.com\/product\/yoast-seo-premium-wordpress\/ -->\n<title>CECILIA IRENE S\u00c1NCHEZ RODR\u00cdGUEZ &#8902; Instituto Ginecolog\u00eda Avanzada<\/title>\n<meta name=\"robots\" content=\"index, follow, max-snippet:-1, max-image-preview:large, max-video-preview:-1\" \/>\n<link rel=\"canonical\" href=\"https:\/\/ginecologiaavanzada.es\/fr\/cecilia-irene-sanchez-rodriguez\/\" \/>\n<meta property=\"og:locale\" content=\"fr_FR\" \/>\n<meta property=\"og:type\" content=\"article\" \/>\n<meta property=\"og:title\" content=\"CECILIA IRENE S\u00c1NCHEZ RODR\u00cdGUEZ\" \/>\n<meta property=\"og:description\" content=\"Dr. Cecilia S\u00e1nchez | N\u00ba Col. 34896 SP\u00c9CIALISTE Gyn\u00e9cologie g\u00e9n\u00e9raleGyn\u00e9cologie de l&rsquo;adolescentePrise en charge compl\u00e8te de la m\u00e9nopauseGrossesse normaleAccouchement respectueuxChirurgie hyst\u00e9roscopique SP\u00c9CIALISTE Gyn\u00e9cologie g\u00e9n\u00e9raleGyn\u00e9cologie de l&rsquo;adolescentePrise en charge compl\u00e8te de la m\u00e9nopauseGrossesse normaleAccouchement respectueuxChirurgie hyst\u00e9roscopique Prendre rendez-vous FrANCESC Maci\u00e0 CENTRE QUIRON Dans mon exp\u00e9rience de sp\u00e9cialiste, j&rsquo;ai travaill\u00e9 dans des h\u00f4pitaux publics et des cliniques [&hellip;]\" \/>\n<meta property=\"og:url\" content=\"https:\/\/ginecologiaavanzada.es\/fr\/cecilia-irene-sanchez-rodriguez\/\" \/>\n<meta property=\"og:site_name\" content=\"Instituto Ginecolog\u00eda Avanzada\" \/>\n<meta property=\"article:modified_time\" content=\"2026-04-10T20:23:47+00:00\" \/>\n<meta property=\"og:image\" content=\"https:\/\/ginecologiaavanzada.es\/wp-content\/uploads\/2025\/12\/ChatGPT-Image-8-dic-2025-10_16_07.png\" \/>\n\t<meta property=\"og:image:width\" content=\"1024\" \/>\n\t<meta property=\"og:image:height\" content=\"1024\" \/>\n\t<meta property=\"og:image:type\" content=\"image\/png\" \/>\n<meta name=\"twitter:card\" content=\"summary_large_image\" \/>\n<meta name=\"twitter:label1\" content=\"Dur\u00e9e de lecture estim\u00e9e\" \/>\n\t<meta name=\"twitter:data1\" content=\"1 minute\" \/>\n<script type=\"application\/ld+json\" class=\"yoast-schema-graph\">{\"@context\":\"https:\\\/\\\/schema.org\",\"@graph\":[{\"@type\":\"WebPage\",\"@id\":\"https:\\\/\\\/ginecologiaavanzada.es\\\/fr\\\/cecilia-irene-sanchez-rodriguez\\\/\",\"url\":\"https:\\\/\\\/ginecologiaavanzada.es\\\/fr\\\/cecilia-irene-sanchez-rodriguez\\\/\",\"name\":\"CECILIA IRENE S\u00c1NCHEZ RODR\u00cdGUEZ &#8902; Instituto Ginecolog\u00eda Avanzada\",\"isPartOf\":{\"@id\":\"https:\\\/\\\/ginecologiaavanzada.es\\\/fr\\\/#website\"},\"primaryImageOfPage\":{\"@id\":\"https:\\\/\\\/ginecologiaavanzada.es\\\/fr\\\/cecilia-irene-sanchez-rodriguez\\\/#primaryimage\"},\"image\":{\"@id\":\"https:\\\/\\\/ginecologiaavanzada.es\\\/fr\\\/cecilia-irene-sanchez-rodriguez\\\/#primaryimage\"},\"thumbnailUrl\":\"https:\\\/\\\/ginecologiaavanzada.es\\\/wp-content\\\/uploads\\\/2025\\\/12\\\/ChatGPT-Image-8-dic-2025-10_16_07-400x400.png\",\"datePublished\":\"2025-12-08T10:09:39+00:00\",\"dateModified\":\"2026-04-10T20:23:47+00:00\",\"breadcrumb\":{\"@id\":\"https:\\\/\\\/ginecologiaavanzada.es\\\/fr\\\/cecilia-irene-sanchez-rodriguez\\\/#breadcrumb\"},\"inLanguage\":\"fr-FR\",\"potentialAction\":[{\"@type\":\"ReadAction\",\"target\":[\"https:\\\/\\\/ginecologiaavanzada.es\\\/fr\\\/cecilia-irene-sanchez-rodriguez\\\/\"]}]},{\"@type\":\"ImageObject\",\"inLanguage\":\"fr-FR\",\"@id\":\"https:\\\/\\\/ginecologiaavanzada.es\\\/fr\\\/cecilia-irene-sanchez-rodriguez\\\/#primaryimage\",\"url\":\"https:\\\/\\\/ginecologiaavanzada.es\\\/wp-content\\\/uploads\\\/2025\\\/12\\\/ChatGPT-Image-8-dic-2025-10_16_07-400x400.png\",\"contentUrl\":\"https:\\\/\\\/ginecologiaavanzada.es\\\/wp-content\\\/uploads\\\/2025\\\/12\\\/ChatGPT-Image-8-dic-2025-10_16_07-400x400.png\"},{\"@type\":\"BreadcrumbList\",\"@id\":\"https:\\\/\\\/ginecologiaavanzada.es\\\/fr\\\/cecilia-irene-sanchez-rodriguez\\\/#breadcrumb\",\"itemListElement\":[{\"@type\":\"ListItem\",\"position\":1,\"name\":\"Portada\",\"item\":\"https:\\\/\\\/ginecologiaavanzada.es\\\/fr\\\/inicio\\\/\"},{\"@type\":\"ListItem\",\"position\":2,\"name\":\"CECILIA IRENE S\u00c1NCHEZ RODR\u00cdGUEZ\"}]},{\"@type\":\"WebSite\",\"@id\":\"https:\\\/\\\/ginecologiaavanzada.es\\\/fr\\\/#website\",\"url\":\"https:\\\/\\\/ginecologiaavanzada.es\\\/fr\\\/\",\"name\":\"Ginecologia Avanzada\",\"description\":\"Enfoque integral de la mujer, visi\u00f3n de la mujer en todos sus aspectos, f\u00edsicos, y emocionales.\",\"publisher\":{\"@id\":\"https:\\\/\\\/ginecologiaavanzada.es\\\/fr\\\/#organization\"},\"potentialAction\":[{\"@type\":\"SearchAction\",\"target\":{\"@type\":\"EntryPoint\",\"urlTemplate\":\"https:\\\/\\\/ginecologiaavanzada.es\\\/fr\\\/?s={search_term_string}\"},\"query-input\":{\"@type\":\"PropertyValueSpecification\",\"valueRequired\":true,\"valueName\":\"search_term_string\"}}],\"inLanguage\":\"fr-FR\"},{\"@type\":\"Organization\",\"@id\":\"https:\\\/\\\/ginecologiaavanzada.es\\\/fr\\\/#organization\",\"name\":\"Ginecologia Avanzada\",\"url\":\"https:\\\/\\\/ginecologiaavanzada.es\\\/fr\\\/\",\"logo\":{\"@type\":\"ImageObject\",\"inLanguage\":\"fr-FR\",\"@id\":\"https:\\\/\\\/ginecologiaavanzada.es\\\/fr\\\/#\\\/schema\\\/logo\\\/image\\\/\",\"url\":\"https:\\\/\\\/ginecologiaavanzada.es\\\/wp-content\\\/uploads\\\/logo-fosc-1.jpg\",\"contentUrl\":\"https:\\\/\\\/ginecologiaavanzada.es\\\/wp-content\\\/uploads\\\/logo-fosc-1.jpg\",\"width\":680,\"height\":280,\"caption\":\"Ginecologia Avanzada\"},\"image\":{\"@id\":\"https:\\\/\\\/ginecologiaavanzada.es\\\/fr\\\/#\\\/schema\\\/logo\\\/image\\\/\"}}]}<\/script>\n<!-- \/ Yoast SEO Premium plugin. -->","yoast_head_json":{"title":"CECILIA IRENE S\u00c1NCHEZ RODR\u00cdGUEZ &#8902; Instituto Ginecolog\u00eda Avanzada","robots":{"index":"index","follow":"follow","max-snippet":"max-snippet:-1","max-image-preview":"max-image-preview:large","max-video-preview":"max-video-preview:-1"},"canonical":"https:\/\/ginecologiaavanzada.es\/fr\/cecilia-irene-sanchez-rodriguez\/","og_locale":"fr_FR","og_type":"article","og_title":"CECILIA IRENE S\u00c1NCHEZ RODR\u00cdGUEZ","og_description":"Dr. Cecilia S\u00e1nchez | N\u00ba Col. 34896 SP\u00c9CIALISTE Gyn\u00e9cologie g\u00e9n\u00e9raleGyn\u00e9cologie de l&rsquo;adolescentePrise en charge compl\u00e8te de la m\u00e9nopauseGrossesse normaleAccouchement respectueuxChirurgie hyst\u00e9roscopique SP\u00c9CIALISTE Gyn\u00e9cologie g\u00e9n\u00e9raleGyn\u00e9cologie de l&rsquo;adolescentePrise en charge compl\u00e8te de la m\u00e9nopauseGrossesse normaleAccouchement respectueuxChirurgie hyst\u00e9roscopique Prendre rendez-vous FrANCESC Maci\u00e0 CENTRE QUIRON Dans mon exp\u00e9rience de sp\u00e9cialiste, j&rsquo;ai travaill\u00e9 dans des h\u00f4pitaux publics et des cliniques [&hellip;]","og_url":"https:\/\/ginecologiaavanzada.es\/fr\/cecilia-irene-sanchez-rodriguez\/","og_site_name":"Instituto Ginecolog\u00eda Avanzada","article_modified_time":"2026-04-10T20:23:47+00:00","og_image":[{"width":1024,"height":1024,"url":"https:\/\/ginecologiaavanzada.es\/wp-content\/uploads\/2025\/12\/ChatGPT-Image-8-dic-2025-10_16_07.png","type":"image\/png"}],"twitter_card":"summary_large_image","twitter_misc":{"Dur\u00e9e de lecture estim\u00e9e":"1 minute"},"schema":{"@context":"https:\/\/schema.org","@graph":[{"@type":"WebPage","@id":"https:\/\/ginecologiaavanzada.es\/fr\/cecilia-irene-sanchez-rodriguez\/","url":"https:\/\/ginecologiaavanzada.es\/fr\/cecilia-irene-sanchez-rodriguez\/","name":"CECILIA IRENE S\u00c1NCHEZ RODR\u00cdGUEZ &#8902; Instituto Ginecolog\u00eda Avanzada","isPartOf":{"@id":"https:\/\/ginecologiaavanzada.es\/fr\/#website"},"primaryImageOfPage":{"@id":"https:\/\/ginecologiaavanzada.es\/fr\/cecilia-irene-sanchez-rodriguez\/#primaryimage"},"image":{"@id":"https:\/\/ginecologiaavanzada.es\/fr\/cecilia-irene-sanchez-rodriguez\/#primaryimage"},"thumbnailUrl":"https:\/\/ginecologiaavanzada.es\/wp-content\/uploads\/2025\/12\/ChatGPT-Image-8-dic-2025-10_16_07-400x400.png","datePublished":"2025-12-08T10:09:39+00:00","dateModified":"2026-04-10T20:23:47+00:00","breadcrumb":{"@id":"https:\/\/ginecologiaavanzada.es\/fr\/cecilia-irene-sanchez-rodriguez\/#breadcrumb"},"inLanguage":"fr-FR","potentialAction":[{"@type":"ReadAction","target":["https:\/\/ginecologiaavanzada.es\/fr\/cecilia-irene-sanchez-rodriguez\/"]}]},{"@type":"ImageObject","inLanguage":"fr-FR","@id":"https:\/\/ginecologiaavanzada.es\/fr\/cecilia-irene-sanchez-rodriguez\/#primaryimage","url":"https:\/\/ginecologiaavanzada.es\/wp-content\/uploads\/2025\/12\/ChatGPT-Image-8-dic-2025-10_16_07-400x400.png","contentUrl":"https:\/\/ginecologiaavanzada.es\/wp-content\/uploads\/2025\/12\/ChatGPT-Image-8-dic-2025-10_16_07-400x400.png"},{"@type":"BreadcrumbList","@id":"https:\/\/ginecologiaavanzada.es\/fr\/cecilia-irene-sanchez-rodriguez\/#breadcrumb","itemListElement":[{"@type":"ListItem","position":1,"name":"Portada","item":"https:\/\/ginecologiaavanzada.es\/fr\/inicio\/"},{"@type":"ListItem","position":2,"name":"CECILIA IRENE S\u00c1NCHEZ RODR\u00cdGUEZ"}]},{"@type":"WebSite","@id":"https:\/\/ginecologiaavanzada.es\/fr\/#website","url":"https:\/\/ginecologiaavanzada.es\/fr\/","name":"Ginecologia Avanzada","description":"Enfoque integral de la mujer, visi\u00f3n de la mujer en todos sus aspectos, f\u00edsicos, y emocionales.","publisher":{"@id":"https:\/\/ginecologiaavanzada.es\/fr\/#organization"},"potentialAction":[{"@type":"SearchAction","target":{"@type":"EntryPoint","urlTemplate":"https:\/\/ginecologiaavanzada.es\/fr\/?s={search_term_string}"},"query-input":{"@type":"PropertyValueSpecification","valueRequired":true,"valueName":"search_term_string"}}],"inLanguage":"fr-FR"},{"@type":"Organization","@id":"https:\/\/ginecologiaavanzada.es\/fr\/#organization","name":"Ginecologia Avanzada","url":"https:\/\/ginecologiaavanzada.es\/fr\/","logo":{"@type":"ImageObject","inLanguage":"fr-FR","@id":"https:\/\/ginecologiaavanzada.es\/fr\/#\/schema\/logo\/image\/","url":"https:\/\/ginecologiaavanzada.es\/wp-content\/uploads\/logo-fosc-1.jpg","contentUrl":"https:\/\/ginecologiaavanzada.es\/wp-content\/uploads\/logo-fosc-1.jpg","width":680,"height":280,"caption":"Ginecologia Avanzada"},"image":{"@id":"https:\/\/ginecologiaavanzada.es\/fr\/#\/schema\/logo\/image\/"}}]}},"_links":{"self":[{"href":"https:\/\/ginecologiaavanzada.es\/fr\/wp-json\/wp\/v2\/pages\/81811","targetHints":{"allow":["GET"]}}],"collection":[{"href":"https:\/\/ginecologiaavanzada.es\/fr\/wp-json\/wp\/v2\/pages"}],"about":[{"href":"https:\/\/ginecologiaavanzada.es\/fr\/wp-json\/wp\/v2\/types\/page"}],"author":[{"embeddable":true,"href":"https:\/\/ginecologiaavanzada.es\/fr\/wp-json\/wp\/v2\/users\/6"}],"replies":[{"embeddable":true,"href":"https:\/\/ginecologiaavanzada.es\/fr\/wp-json\/wp\/v2\/comments?post=81811"}],"version-history":[{"count":8,"href":"https:\/\/ginecologiaavanzada.es\/fr\/wp-json\/wp\/v2\/pages\/81811\/revisions"}],"predecessor-version":[{"id":83550,"href":"https:\/\/ginecologiaavanzada.es\/fr\/wp-json\/wp\/v2\/pages\/81811\/revisions\/83550"}],"wp:attachment":[{"href":"https:\/\/ginecologiaavanzada.es\/fr\/wp-json\/wp\/v2\/media?parent=81811"}],"curies":[{"name":"wp","href":"https:\/\/api.w.org\/{rel}","templated":true}]}}