{"id":82018,"date":"2025-12-05T14:09:27","date_gmt":"2025-12-05T14:09:27","guid":{"rendered":"https:\/\/ginecologiaavanzada.es\/isabel-garcia-penche-santillan\/"},"modified":"2026-04-10T21:14:53","modified_gmt":"2026-04-10T21:14:53","slug":"isabel-garcia-penche-santillan","status":"publish","type":"page","link":"https:\/\/ginecologiaavanzada.es\/fr\/isabel-garcia-penche-santillan\/","title":{"rendered":"ISABEL GARCIA-PENCHE SANTILLAN"},"content":{"rendered":"\t\t<div data-elementor-type=\"wp-page\" data-elementor-id=\"82018\" class=\"elementor elementor-82018 elementor-80800\" data-elementor-post-type=\"page\">\n\t\t\t\t\t\t<section class=\"elementor-section elementor-top-section elementor-element elementor-element-d1b96b7 elementor-section-boxed elementor-section-height-default elementor-section-height-default\" data-id=\"d1b96b7\" data-element_type=\"section\" data-e-type=\"section\">\n\t\t\t\t\t\t<div class=\"elementor-container elementor-column-gap-default\">\n\t\t\t\t\t<div class=\"elementor-column elementor-col-50 elementor-top-column elementor-element elementor-element-1ed2a1c\" data-id=\"1ed2a1c\" data-element_type=\"column\" data-e-type=\"column\">\n\t\t\t<div class=\"elementor-widget-wrap elementor-element-populated\">\n\t\t\t\t\t\t<div class=\"elementor-element elementor-element-6884652 elementor-widget elementor-widget-image\" data-id=\"6884652\" data-element_type=\"widget\" data-e-type=\"widget\" data-widget_type=\"image.default\">\n\t\t\t\t<div class=\"elementor-widget-container\">\n\t\t\t\t\t\t\t\t\t\t\t\t\t\t\t<img fetchpriority=\"high\" decoding=\"async\" width=\"400\" height=\"400\" src=\"https:\/\/ginecologiaavanzada.es\/wp-content\/uploads\/2025\/11\/Isabel-Garcia-Penche-03-Photoroom-400x400.png\" class=\"attachment-large size-large wp-image-80069\" alt=\"\" srcset=\"https:\/\/ginecologiaavanzada.es\/wp-content\/uploads\/2025\/11\/Isabel-Garcia-Penche-03-Photoroom-400x400.png 400w, https:\/\/ginecologiaavanzada.es\/wp-content\/uploads\/2025\/11\/Isabel-Garcia-Penche-03-Photoroom-150x150.png 150w, https:\/\/ginecologiaavanzada.es\/wp-content\/uploads\/2025\/11\/Isabel-Garcia-Penche-03-Photoroom-768x767.png 768w, https:\/\/ginecologiaavanzada.es\/wp-content\/uploads\/2025\/11\/Isabel-Garcia-Penche-03-Photoroom-600x600.png 600w, https:\/\/ginecologiaavanzada.es\/wp-content\/uploads\/2025\/11\/Isabel-Garcia-Penche-03-Photoroom.png 1280w\" sizes=\"(max-width: 400px) 100vw, 400px\" \/>\t\t\t\t\t\t\t\t\t\t\t\t\t\t\t<\/div>\n\t\t\t\t<\/div>\n\t\t\t\t<div class=\"elementor-element elementor-element-de2decf elementor-widget elementor-widget-text-editor\" data-id=\"de2decf\" data-element_type=\"widget\" data-e-type=\"widget\" data-widget_type=\"text-editor.default\">\n\t\t\t\t<div class=\"elementor-widget-container\">\n\t\t\t\t\t\t\t\t\t<p>Dr. Isabel Garcia-Penche Santillan | Num\u00e9ro d&rsquo;immatriculation  33885<\/p>\t\t\t\t\t\t\t\t<\/div>\n\t\t\t\t<\/div>\n\t\t\t\t<div class=\"elementor-element elementor-element-f389ade elementor-widget elementor-widget-text-editor\" data-id=\"f389ade\" data-element_type=\"widget\" data-e-type=\"widget\" data-widget_type=\"text-editor.default\">\n\t\t\t\t<div class=\"elementor-widget-container\">\n\t\t\t\t\t\t\t\t\t<p><span style=\"color: #aa83b1;\">SP\u00c9CIALISTE<\/span><\/p><p>Grossesses normales et \u00e0 risque<br>Diagnostic pr\u00e9natal<br>Prise en charge globale de la m\u00e9nopause<br>Gyn\u00e9cologie g\u00e9n\u00e9rale et de l&rsquo;adolescente<\/p>\t\t\t\t\t\t\t\t<\/div>\n\t\t\t\t<\/div>\n\t\t\t\t<div class=\"elementor-element elementor-element-ec624b8 elementor-hidden-mobile elementor-widget elementor-widget-text-editor\" data-id=\"ec624b8\" data-element_type=\"widget\" data-e-type=\"widget\" data-widget_type=\"text-editor.default\">\n\t\t\t\t<div class=\"elementor-widget-container\">\n\t\t\t\t\t\t\t\t\t<p>Prendre rendez-vous<\/p>\t\t\t\t\t\t\t\t<\/div>\n\t\t\t\t<\/div>\n\t\t\t\t<section class=\"elementor-section elementor-inner-section elementor-element elementor-element-f0fa187 elementor-hidden-mobile elementor-section-boxed elementor-section-height-default elementor-section-height-default\" data-id=\"f0fa187\" data-element_type=\"section\" data-e-type=\"section\">\n\t\t\t\t\t\t<div class=\"elementor-container elementor-column-gap-default\">\n\t\t\t\t\t<div class=\"elementor-column elementor-col-33 elementor-inner-column elementor-element elementor-element-53e07fd\" data-id=\"53e07fd\" data-element_type=\"column\" data-e-type=\"column\">\n\t\t\t<div class=\"elementor-widget-wrap\">\n\t\t\t\t\t\t\t<\/div>\n\t\t<\/div>\n\t\t\t\t<div class=\"elementor-column elementor-col-33 elementor-inner-column elementor-element elementor-element-ceaa54d\" data-id=\"ceaa54d\" data-element_type=\"column\" data-e-type=\"column\">\n\t\t\t<div class=\"elementor-widget-wrap elementor-element-populated\">\n\t\t\t\t\t\t<div class=\"elementor-element elementor-element-efab96e elementor-align-center elementor-widget elementor-widget-button\" data-id=\"efab96e\" data-element_type=\"widget\" data-e-type=\"widget\" data-widget_type=\"button.default\">\n\t\t\t\t<div class=\"elementor-widget-container\">\n\t\t\t\t\t\t\t\t\t<div class=\"elementor-button-wrapper\">\n\t\t\t\t\t<a class=\"elementor-button elementor-button-link elementor-size-sm\" href=\"#\">\n\t\t\t\t\t\t<span class=\"elementor-button-content-wrapper\">\n\t\t\t\t\t\t\t\t\t<span class=\"elementor-button-text\">CENTRE QUIRON<\/span>\n\t\t\t\t\t<\/span>\n\t\t\t\t\t<\/a>\n\t\t\t\t<\/div>\n\t\t\t\t\t\t\t\t<\/div>\n\t\t\t\t<\/div>\n\t\t\t\t\t<\/div>\n\t\t<\/div>\n\t\t\t\t<div class=\"elementor-column elementor-col-33 elementor-inner-column elementor-element elementor-element-754ed0a\" data-id=\"754ed0a\" data-element_type=\"column\" data-e-type=\"column\">\n\t\t\t<div class=\"elementor-widget-wrap\">\n\t\t\t\t\t\t\t<\/div>\n\t\t<\/div>\n\t\t\t\t\t<\/div>\n\t\t<\/section>\n\t\t\t\t\t<\/div>\n\t\t<\/div>\n\t\t\t\t<div class=\"elementor-column elementor-col-50 elementor-top-column elementor-element elementor-element-fc21a34\" data-id=\"fc21a34\" data-element_type=\"column\" data-e-type=\"column\">\n\t\t\t<div class=\"elementor-widget-wrap elementor-element-populated\">\n\t\t\t\t\t\t<div class=\"elementor-element elementor-element-dcc8d9c elementor-widget elementor-widget-text-editor\" data-id=\"dcc8d9c\" data-element_type=\"widget\" data-e-type=\"widget\" data-widget_type=\"text-editor.default\">\n\t\t\t\t<div class=\"elementor-widget-container\">\n\t\t\t\t\t\t\t\t\t<p>Depuis la fin de ma formation de sp\u00e9cialiste, j&rsquo;ai travaill\u00e9 comme assistant \u00e0 l&rsquo;h\u00f4pital Sant Joan de D\u00e9u \u00e0 Esplugues de Llobregat, en plus d&rsquo;avoir travaill\u00e9 \u00e0 l&rsquo;Hospital Cl\u00ednic i Provincial de Barcelona et \u00e0 Teknon puis \u00e0 Quir\u00f3n Barcelona.<\/p><p>Je travaille actuellement comme sp\u00e9cialiste \u00e0 l&rsquo;Institut de gyn\u00e9cologie avanc\u00e9e de Quir\u00f3n, \u00e0 Barcelone.<\/p><p><span style=\"color: #aa83b1;\">M\u00c9RIT\u00c9S ACAD\u00c9MIQUES<\/span><\/p><p>\u221a Licence en m\u00e9decine et chirurgie. Facult\u00e9 de m\u00e9decine, Universit\u00e9 de Barcelone. <\/p><p>\u221a MIR : Sp\u00e9cialiste en gyn\u00e9cologie-obst\u00e9trique. Formation de m\u00e9decin r\u00e9sident \u00e0 l\u2019Hospital Cl\u00ednic de Barcelone. <\/p><p style=\"font-variant-ligatures: normal; font-variant-caps: normal; font-family: Montserrat, sans-serif; font-size: 18px; font-style: normal; font-weight: 400;\"><span style=\"color: #aa83b1;\">AUTRES M\u00c9RIT\u00c9S ACAD\u00c9MIQUES<\/span><\/p><p>\u221a Niveau III d&rsquo;\u00e9chographie, d\u00e9cern\u00e9 par SESEGO.<\/p><p>\u221a PRIX DE FIN DE R\u00c9SIDENCE, d\u00e9cern\u00e9 par l&rsquo;Hospital Cl\u00ednic de Barcelone.<\/p><p>\u221a Prix de co-investigateur de fin de r\u00e9sidence d\u00e9cern\u00e9 au Dr M. Jord\u00e1 pour ses \u00e9tudes de recherche, par l&rsquo;Hospital Cl\u00ednic de Barcelone.<\/p><p style=\"font-variant-ligatures: normal; font-variant-caps: normal; font-family: Montserrat, sans-serif; font-size: 18px; font-style: normal; font-weight: 400;\">\u221a PROGRAMME DE FORMATION \u00c0 LA BIOPSIE DES VILLONS CHORIONES. Hospital Cl\u00ednic de Barcelone. <\/p><div>\u221a Membre de soci\u00e9t\u00e9s scientifiques nationales et internationales.<\/div>\t\t\t\t\t\t\t\t<\/div>\n\t\t\t\t<\/div>\n\t\t\t\t<div class=\"elementor-element elementor-element-4a2a4c3 elementor-hidden-desktop elementor-hidden-tablet elementor-widget elementor-widget-text-editor\" data-id=\"4a2a4c3\" data-element_type=\"widget\" data-e-type=\"widget\" data-widget_type=\"text-editor.default\">\n\t\t\t\t<div class=\"elementor-widget-container\">\n\t\t\t\t\t\t\t\t\t<p>Prendre rendez-vous<\/p>\t\t\t\t\t\t\t\t<\/div>\n\t\t\t\t<\/div>\n\t\t\t\t<section class=\"elementor-section elementor-inner-section elementor-element elementor-element-86e84f7 elementor-hidden-desktop elementor-hidden-tablet elementor-section-boxed elementor-section-height-default elementor-section-height-default\" data-id=\"86e84f7\" data-element_type=\"section\" data-e-type=\"section\">\n\t\t\t\t\t\t<div class=\"elementor-container elementor-column-gap-default\">\n\t\t\t\t\t<div class=\"elementor-column elementor-col-33 elementor-inner-column elementor-element elementor-element-2b9a12d\" data-id=\"2b9a12d\" data-element_type=\"column\" data-e-type=\"column\">\n\t\t\t<div class=\"elementor-widget-wrap\">\n\t\t\t\t\t\t\t<\/div>\n\t\t<\/div>\n\t\t\t\t<div class=\"elementor-column elementor-col-33 elementor-inner-column elementor-element elementor-element-5fc00fe\" data-id=\"5fc00fe\" data-element_type=\"column\" data-e-type=\"column\">\n\t\t\t<div class=\"elementor-widget-wrap elementor-element-populated\">\n\t\t\t\t\t\t<div class=\"elementor-element elementor-element-d2dd9d4 elementor-align-center elementor-widget elementor-widget-button\" data-id=\"d2dd9d4\" data-element_type=\"widget\" data-e-type=\"widget\" data-widget_type=\"button.default\">\n\t\t\t\t<div class=\"elementor-widget-container\">\n\t\t\t\t\t\t\t\t\t<div class=\"elementor-button-wrapper\">\n\t\t\t\t\t<a class=\"elementor-button elementor-button-link elementor-size-sm\" href=\"#\">\n\t\t\t\t\t\t<span class=\"elementor-button-content-wrapper\">\n\t\t\t\t\t\t\t\t\t<span class=\"elementor-button-text\">CENTRE QUIRON<\/span>\n\t\t\t\t\t<\/span>\n\t\t\t\t\t<\/a>\n\t\t\t\t<\/div>\n\t\t\t\t\t\t\t\t<\/div>\n\t\t\t\t<\/div>\n\t\t\t\t\t<\/div>\n\t\t<\/div>\n\t\t\t\t<div class=\"elementor-column elementor-col-33 elementor-inner-column elementor-element elementor-element-4b4f1d8\" data-id=\"4b4f1d8\" data-element_type=\"column\" data-e-type=\"column\">\n\t\t\t<div class=\"elementor-widget-wrap\">\n\t\t\t\t\t\t\t<\/div>\n\t\t<\/div>\n\t\t\t\t\t<\/div>\n\t\t<\/section>\n\t\t\t\t\t<\/div>\n\t\t<\/div>\n\t\t\t\t\t<\/div>\n\t\t<\/section>\n\t\t\t\t<\/div>\n\t\t","protected":false},"excerpt":{"rendered":"<p>Dr. Isabel Garcia-Penche Santillan | Num\u00e9ro d&rsquo;immatriculation 33885 SP\u00c9CIALISTE Grossesses normales et \u00e0 risqueDiagnostic pr\u00e9natalPrise en charge globale de la m\u00e9nopauseGyn\u00e9cologie g\u00e9n\u00e9rale et de l&rsquo;adolescente Prendre rendez-vous CENTRE QUIRON Depuis la fin de ma formation de sp\u00e9cialiste, j&rsquo;ai travaill\u00e9 comme assistant \u00e0 l&rsquo;h\u00f4pital Sant Joan de D\u00e9u \u00e0 Esplugues de Llobregat, en plus d&rsquo;avoir travaill\u00e9 [&hellip;]<\/p>\n","protected":false},"author":6,"featured_media":0,"parent":0,"menu_order":0,"comment_status":"closed","ping_status":"closed","template":"","meta":{"_joinchat":[],"footnotes":""},"class_list":["post-82018","page","type-page","status-publish","hentry","entry"],"yoast_head":"<!-- This site is optimized with the Yoast SEO Premium plugin v27.1 (Yoast SEO v27.3) - https:\/\/yoast.com\/product\/yoast-seo-premium-wordpress\/ -->\n<title>ISABEL GARCIA-PENCHE SANTILLAN &#8902; Instituto Ginecolog\u00eda Avanzada<\/title>\n<meta name=\"robots\" content=\"index, follow, max-snippet:-1, max-image-preview:large, max-video-preview:-1\" \/>\n<link rel=\"canonical\" href=\"https:\/\/ginecologiaavanzada.es\/fr\/isabel-garcia-penche-santillan\/\" \/>\n<meta property=\"og:locale\" content=\"fr_FR\" \/>\n<meta property=\"og:type\" content=\"article\" \/>\n<meta property=\"og:title\" content=\"ISABEL GARCIA-PENCHE SANTILLAN\" \/>\n<meta property=\"og:description\" content=\"Dr. Isabel Garcia-Penche Santillan | Num\u00e9ro d&rsquo;immatriculation 33885 SP\u00c9CIALISTE Grossesses normales et \u00e0 risqueDiagnostic pr\u00e9natalPrise en charge globale de la m\u00e9nopauseGyn\u00e9cologie g\u00e9n\u00e9rale et de l&rsquo;adolescente Prendre rendez-vous CENTRE QUIRON Depuis la fin de ma formation de sp\u00e9cialiste, j&rsquo;ai travaill\u00e9 comme assistant \u00e0 l&rsquo;h\u00f4pital Sant Joan de D\u00e9u \u00e0 Esplugues de Llobregat, en plus d&rsquo;avoir travaill\u00e9 [&hellip;]\" \/>\n<meta property=\"og:url\" content=\"https:\/\/ginecologiaavanzada.es\/fr\/isabel-garcia-penche-santillan\/\" \/>\n<meta property=\"og:site_name\" content=\"Instituto Ginecolog\u00eda Avanzada\" \/>\n<meta property=\"article:modified_time\" content=\"2026-04-10T21:14:53+00:00\" \/>\n<meta property=\"og:image\" content=\"https:\/\/ginecologiaavanzada.es\/wp-content\/uploads\/2025\/11\/Isabel-Garcia-Penche-03-Photoroom.png\" \/>\n\t<meta property=\"og:image:width\" content=\"1280\" \/>\n\t<meta property=\"og:image:height\" content=\"1279\" \/>\n\t<meta property=\"og:image:type\" content=\"image\/png\" \/>\n<meta name=\"twitter:card\" content=\"summary_large_image\" \/>\n<meta name=\"twitter:label1\" content=\"Dur\u00e9e de lecture estim\u00e9e\" \/>\n\t<meta name=\"twitter:data1\" content=\"1 minute\" \/>\n<script type=\"application\/ld+json\" class=\"yoast-schema-graph\">{\"@context\":\"https:\\\/\\\/schema.org\",\"@graph\":[{\"@type\":\"WebPage\",\"@id\":\"https:\\\/\\\/ginecologiaavanzada.es\\\/fr\\\/isabel-garcia-penche-santillan\\\/\",\"url\":\"https:\\\/\\\/ginecologiaavanzada.es\\\/fr\\\/isabel-garcia-penche-santillan\\\/\",\"name\":\"ISABEL GARCIA-PENCHE SANTILLAN &#8902; Instituto Ginecolog\u00eda Avanzada\",\"isPartOf\":{\"@id\":\"https:\\\/\\\/ginecologiaavanzada.es\\\/fr\\\/#website\"},\"primaryImageOfPage\":{\"@id\":\"https:\\\/\\\/ginecologiaavanzada.es\\\/fr\\\/isabel-garcia-penche-santillan\\\/#primaryimage\"},\"image\":{\"@id\":\"https:\\\/\\\/ginecologiaavanzada.es\\\/fr\\\/isabel-garcia-penche-santillan\\\/#primaryimage\"},\"thumbnailUrl\":\"https:\\\/\\\/ginecologiaavanzada.es\\\/wp-content\\\/uploads\\\/2025\\\/11\\\/Isabel-Garcia-Penche-03-Photoroom-400x400.png\",\"datePublished\":\"2025-12-05T14:09:27+00:00\",\"dateModified\":\"2026-04-10T21:14:53+00:00\",\"breadcrumb\":{\"@id\":\"https:\\\/\\\/ginecologiaavanzada.es\\\/fr\\\/isabel-garcia-penche-santillan\\\/#breadcrumb\"},\"inLanguage\":\"fr-FR\",\"potentialAction\":[{\"@type\":\"ReadAction\",\"target\":[\"https:\\\/\\\/ginecologiaavanzada.es\\\/fr\\\/isabel-garcia-penche-santillan\\\/\"]}]},{\"@type\":\"ImageObject\",\"inLanguage\":\"fr-FR\",\"@id\":\"https:\\\/\\\/ginecologiaavanzada.es\\\/fr\\\/isabel-garcia-penche-santillan\\\/#primaryimage\",\"url\":\"https:\\\/\\\/ginecologiaavanzada.es\\\/wp-content\\\/uploads\\\/2025\\\/11\\\/Isabel-Garcia-Penche-03-Photoroom-400x400.png\",\"contentUrl\":\"https:\\\/\\\/ginecologiaavanzada.es\\\/wp-content\\\/uploads\\\/2025\\\/11\\\/Isabel-Garcia-Penche-03-Photoroom-400x400.png\"},{\"@type\":\"BreadcrumbList\",\"@id\":\"https:\\\/\\\/ginecologiaavanzada.es\\\/fr\\\/isabel-garcia-penche-santillan\\\/#breadcrumb\",\"itemListElement\":[{\"@type\":\"ListItem\",\"position\":1,\"name\":\"Portada\",\"item\":\"https:\\\/\\\/ginecologiaavanzada.es\\\/fr\\\/inicio\\\/\"},{\"@type\":\"ListItem\",\"position\":2,\"name\":\"ISABEL GARCIA-PENCHE SANTILLAN\"}]},{\"@type\":\"WebSite\",\"@id\":\"https:\\\/\\\/ginecologiaavanzada.es\\\/fr\\\/#website\",\"url\":\"https:\\\/\\\/ginecologiaavanzada.es\\\/fr\\\/\",\"name\":\"Ginecologia Avanzada\",\"description\":\"Enfoque integral de la mujer, visi\u00f3n de la mujer en todos sus aspectos, f\u00edsicos, y emocionales.\",\"publisher\":{\"@id\":\"https:\\\/\\\/ginecologiaavanzada.es\\\/fr\\\/#organization\"},\"potentialAction\":[{\"@type\":\"SearchAction\",\"target\":{\"@type\":\"EntryPoint\",\"urlTemplate\":\"https:\\\/\\\/ginecologiaavanzada.es\\\/fr\\\/?s={search_term_string}\"},\"query-input\":{\"@type\":\"PropertyValueSpecification\",\"valueRequired\":true,\"valueName\":\"search_term_string\"}}],\"inLanguage\":\"fr-FR\"},{\"@type\":\"Organization\",\"@id\":\"https:\\\/\\\/ginecologiaavanzada.es\\\/fr\\\/#organization\",\"name\":\"Ginecologia Avanzada\",\"url\":\"https:\\\/\\\/ginecologiaavanzada.es\\\/fr\\\/\",\"logo\":{\"@type\":\"ImageObject\",\"inLanguage\":\"fr-FR\",\"@id\":\"https:\\\/\\\/ginecologiaavanzada.es\\\/fr\\\/#\\\/schema\\\/logo\\\/image\\\/\",\"url\":\"https:\\\/\\\/ginecologiaavanzada.es\\\/wp-content\\\/uploads\\\/logo-fosc-1.jpg\",\"contentUrl\":\"https:\\\/\\\/ginecologiaavanzada.es\\\/wp-content\\\/uploads\\\/logo-fosc-1.jpg\",\"width\":680,\"height\":280,\"caption\":\"Ginecologia Avanzada\"},\"image\":{\"@id\":\"https:\\\/\\\/ginecologiaavanzada.es\\\/fr\\\/#\\\/schema\\\/logo\\\/image\\\/\"}}]}<\/script>\n<!-- \/ Yoast SEO Premium plugin. -->","yoast_head_json":{"title":"ISABEL GARCIA-PENCHE SANTILLAN &#8902; Instituto Ginecolog\u00eda Avanzada","robots":{"index":"index","follow":"follow","max-snippet":"max-snippet:-1","max-image-preview":"max-image-preview:large","max-video-preview":"max-video-preview:-1"},"canonical":"https:\/\/ginecologiaavanzada.es\/fr\/isabel-garcia-penche-santillan\/","og_locale":"fr_FR","og_type":"article","og_title":"ISABEL GARCIA-PENCHE SANTILLAN","og_description":"Dr. Isabel Garcia-Penche Santillan | Num\u00e9ro d&rsquo;immatriculation 33885 SP\u00c9CIALISTE Grossesses normales et \u00e0 risqueDiagnostic pr\u00e9natalPrise en charge globale de la m\u00e9nopauseGyn\u00e9cologie g\u00e9n\u00e9rale et de l&rsquo;adolescente Prendre rendez-vous CENTRE QUIRON Depuis la fin de ma formation de sp\u00e9cialiste, j&rsquo;ai travaill\u00e9 comme assistant \u00e0 l&rsquo;h\u00f4pital Sant Joan de D\u00e9u \u00e0 Esplugues de Llobregat, en plus d&rsquo;avoir travaill\u00e9 [&hellip;]","og_url":"https:\/\/ginecologiaavanzada.es\/fr\/isabel-garcia-penche-santillan\/","og_site_name":"Instituto Ginecolog\u00eda Avanzada","article_modified_time":"2026-04-10T21:14:53+00:00","og_image":[{"width":1280,"height":1279,"url":"https:\/\/ginecologiaavanzada.es\/wp-content\/uploads\/2025\/11\/Isabel-Garcia-Penche-03-Photoroom.png","type":"image\/png"}],"twitter_card":"summary_large_image","twitter_misc":{"Dur\u00e9e de lecture estim\u00e9e":"1 minute"},"schema":{"@context":"https:\/\/schema.org","@graph":[{"@type":"WebPage","@id":"https:\/\/ginecologiaavanzada.es\/fr\/isabel-garcia-penche-santillan\/","url":"https:\/\/ginecologiaavanzada.es\/fr\/isabel-garcia-penche-santillan\/","name":"ISABEL GARCIA-PENCHE SANTILLAN &#8902; Instituto Ginecolog\u00eda Avanzada","isPartOf":{"@id":"https:\/\/ginecologiaavanzada.es\/fr\/#website"},"primaryImageOfPage":{"@id":"https:\/\/ginecologiaavanzada.es\/fr\/isabel-garcia-penche-santillan\/#primaryimage"},"image":{"@id":"https:\/\/ginecologiaavanzada.es\/fr\/isabel-garcia-penche-santillan\/#primaryimage"},"thumbnailUrl":"https:\/\/ginecologiaavanzada.es\/wp-content\/uploads\/2025\/11\/Isabel-Garcia-Penche-03-Photoroom-400x400.png","datePublished":"2025-12-05T14:09:27+00:00","dateModified":"2026-04-10T21:14:53+00:00","breadcrumb":{"@id":"https:\/\/ginecologiaavanzada.es\/fr\/isabel-garcia-penche-santillan\/#breadcrumb"},"inLanguage":"fr-FR","potentialAction":[{"@type":"ReadAction","target":["https:\/\/ginecologiaavanzada.es\/fr\/isabel-garcia-penche-santillan\/"]}]},{"@type":"ImageObject","inLanguage":"fr-FR","@id":"https:\/\/ginecologiaavanzada.es\/fr\/isabel-garcia-penche-santillan\/#primaryimage","url":"https:\/\/ginecologiaavanzada.es\/wp-content\/uploads\/2025\/11\/Isabel-Garcia-Penche-03-Photoroom-400x400.png","contentUrl":"https:\/\/ginecologiaavanzada.es\/wp-content\/uploads\/2025\/11\/Isabel-Garcia-Penche-03-Photoroom-400x400.png"},{"@type":"BreadcrumbList","@id":"https:\/\/ginecologiaavanzada.es\/fr\/isabel-garcia-penche-santillan\/#breadcrumb","itemListElement":[{"@type":"ListItem","position":1,"name":"Portada","item":"https:\/\/ginecologiaavanzada.es\/fr\/inicio\/"},{"@type":"ListItem","position":2,"name":"ISABEL GARCIA-PENCHE SANTILLAN"}]},{"@type":"WebSite","@id":"https:\/\/ginecologiaavanzada.es\/fr\/#website","url":"https:\/\/ginecologiaavanzada.es\/fr\/","name":"Ginecologia Avanzada","description":"Enfoque integral de la mujer, visi\u00f3n de la mujer en todos sus aspectos, f\u00edsicos, y emocionales.","publisher":{"@id":"https:\/\/ginecologiaavanzada.es\/fr\/#organization"},"potentialAction":[{"@type":"SearchAction","target":{"@type":"EntryPoint","urlTemplate":"https:\/\/ginecologiaavanzada.es\/fr\/?s={search_term_string}"},"query-input":{"@type":"PropertyValueSpecification","valueRequired":true,"valueName":"search_term_string"}}],"inLanguage":"fr-FR"},{"@type":"Organization","@id":"https:\/\/ginecologiaavanzada.es\/fr\/#organization","name":"Ginecologia Avanzada","url":"https:\/\/ginecologiaavanzada.es\/fr\/","logo":{"@type":"ImageObject","inLanguage":"fr-FR","@id":"https:\/\/ginecologiaavanzada.es\/fr\/#\/schema\/logo\/image\/","url":"https:\/\/ginecologiaavanzada.es\/wp-content\/uploads\/logo-fosc-1.jpg","contentUrl":"https:\/\/ginecologiaavanzada.es\/wp-content\/uploads\/logo-fosc-1.jpg","width":680,"height":280,"caption":"Ginecologia Avanzada"},"image":{"@id":"https:\/\/ginecologiaavanzada.es\/fr\/#\/schema\/logo\/image\/"}}]}},"_links":{"self":[{"href":"https:\/\/ginecologiaavanzada.es\/fr\/wp-json\/wp\/v2\/pages\/82018","targetHints":{"allow":["GET"]}}],"collection":[{"href":"https:\/\/ginecologiaavanzada.es\/fr\/wp-json\/wp\/v2\/pages"}],"about":[{"href":"https:\/\/ginecologiaavanzada.es\/fr\/wp-json\/wp\/v2\/types\/page"}],"author":[{"embeddable":true,"href":"https:\/\/ginecologiaavanzada.es\/fr\/wp-json\/wp\/v2\/users\/6"}],"replies":[{"embeddable":true,"href":"https:\/\/ginecologiaavanzada.es\/fr\/wp-json\/wp\/v2\/comments?post=82018"}],"version-history":[{"count":7,"href":"https:\/\/ginecologiaavanzada.es\/fr\/wp-json\/wp\/v2\/pages\/82018\/revisions"}],"predecessor-version":[{"id":83654,"href":"https:\/\/ginecologiaavanzada.es\/fr\/wp-json\/wp\/v2\/pages\/82018\/revisions\/83654"}],"wp:attachment":[{"href":"https:\/\/ginecologiaavanzada.es\/fr\/wp-json\/wp\/v2\/media?parent=82018"}],"curies":[{"name":"wp","href":"https:\/\/api.w.org\/{rel}","templated":true}]}}