{"id":82172,"date":"2025-12-04T19:01:59","date_gmt":"2025-12-04T19:01:59","guid":{"rendered":"https:\/\/ginecologiaavanzada.es\/romina-castagno\/"},"modified":"2026-04-10T21:38:52","modified_gmt":"2026-04-10T21:38:52","slug":"romina-castagno","status":"publish","type":"page","link":"https:\/\/ginecologiaavanzada.es\/fr\/romina-castagno\/","title":{"rendered":"Romina Castagno"},"content":{"rendered":"\t\t<div data-elementor-type=\"wp-page\" data-elementor-id=\"82172\" class=\"elementor elementor-82172 elementor-80651\" data-elementor-post-type=\"page\">\n\t\t\t\t\t\t<section class=\"elementor-section elementor-top-section elementor-element elementor-element-d1b96b7 elementor-section-boxed elementor-section-height-default elementor-section-height-default\" data-id=\"d1b96b7\" data-element_type=\"section\" data-e-type=\"section\">\n\t\t\t\t\t\t<div class=\"elementor-container elementor-column-gap-default\">\n\t\t\t\t\t<div class=\"elementor-column elementor-col-50 elementor-top-column elementor-element elementor-element-1ed2a1c\" data-id=\"1ed2a1c\" data-element_type=\"column\" data-e-type=\"column\">\n\t\t\t<div class=\"elementor-widget-wrap elementor-element-populated\">\n\t\t\t\t\t\t<div class=\"elementor-element elementor-element-6884652 elementor-widget elementor-widget-image\" data-id=\"6884652\" data-element_type=\"widget\" data-e-type=\"widget\" data-widget_type=\"image.default\">\n\t\t\t\t<div class=\"elementor-widget-container\">\n\t\t\t\t\t\t\t\t\t\t\t\t\t\t\t<img fetchpriority=\"high\" decoding=\"async\" width=\"400\" height=\"400\" src=\"https:\/\/ginecologiaavanzada.es\/wp-content\/uploads\/2025\/11\/Castagno-12-Photoroom-400x400.png\" class=\"attachment-large size-large wp-image-80128\" alt=\"\" srcset=\"https:\/\/ginecologiaavanzada.es\/wp-content\/uploads\/2025\/11\/Castagno-12-Photoroom-400x400.png 400w, https:\/\/ginecologiaavanzada.es\/wp-content\/uploads\/2025\/11\/Castagno-12-Photoroom-150x150.png 150w, https:\/\/ginecologiaavanzada.es\/wp-content\/uploads\/2025\/11\/Castagno-12-Photoroom-768x767.png 768w, https:\/\/ginecologiaavanzada.es\/wp-content\/uploads\/2025\/11\/Castagno-12-Photoroom-600x600.png 600w, https:\/\/ginecologiaavanzada.es\/wp-content\/uploads\/2025\/11\/Castagno-12-Photoroom.png 1280w\" sizes=\"(max-width: 400px) 100vw, 400px\" \/>\t\t\t\t\t\t\t\t\t\t\t\t\t\t\t<\/div>\n\t\t\t\t<\/div>\n\t\t\t\t<div class=\"elementor-element elementor-element-de2decf elementor-widget elementor-widget-text-editor\" data-id=\"de2decf\" data-element_type=\"widget\" data-e-type=\"widget\" data-widget_type=\"text-editor.default\">\n\t\t\t\t<div class=\"elementor-widget-container\">\n\t\t\t\t\t\t\t\t\t<p>Dr. Romina Castagno | Num\u00e9ro d&rsquo;immatriculation 39006<\/p>\t\t\t\t\t\t\t\t<\/div>\n\t\t\t\t<\/div>\n\t\t\t\t<div class=\"elementor-element elementor-element-f389ade elementor-widget elementor-widget-text-editor\" data-id=\"f389ade\" data-element_type=\"widget\" data-e-type=\"widget\" data-widget_type=\"text-editor.default\">\n\t\t\t\t<div class=\"elementor-widget-container\">\n\t\t\t\t\t\t\t\t\t<p>SP\u00c9CIALISTE<br>Prise en charge compl\u00e8te de la m\u00e9nopause<br>Gyn\u00e9cologie g\u00e9n\u00e9rale<br>Gyn\u00e9cologie de l&rsquo;adolescente<\/p>\t\t\t\t\t\t\t\t<\/div>\n\t\t\t\t<\/div>\n\t\t\t\t<div class=\"elementor-element elementor-element-8e684cf elementor-hidden-mobile elementor-widget elementor-widget-text-editor\" data-id=\"8e684cf\" data-element_type=\"widget\" data-e-type=\"widget\" data-widget_type=\"text-editor.default\">\n\t\t\t\t<div class=\"elementor-widget-container\">\n\t\t\t\t\t\t\t\t\t<p>Consulter<\/p>\t\t\t\t\t\t\t\t<\/div>\n\t\t\t\t<\/div>\n\t\t\t\t<section class=\"elementor-section elementor-inner-section elementor-element elementor-element-ca0ee7b elementor-hidden-mobile elementor-section-boxed elementor-section-height-default elementor-section-height-default\" data-id=\"ca0ee7b\" data-element_type=\"section\" data-e-type=\"section\">\n\t\t\t\t\t\t<div class=\"elementor-container elementor-column-gap-default\">\n\t\t\t\t\t<div class=\"elementor-column elementor-col-50 elementor-inner-column elementor-element elementor-element-b3d622d\" data-id=\"b3d622d\" data-element_type=\"column\" data-e-type=\"column\">\n\t\t\t<div class=\"elementor-widget-wrap elementor-element-populated\">\n\t\t\t\t\t\t<div class=\"elementor-element elementor-element-3ce1e68 elementor-align-right elementor-widget elementor-widget-button\" data-id=\"3ce1e68\" data-element_type=\"widget\" data-e-type=\"widget\" data-widget_type=\"button.default\">\n\t\t\t\t<div class=\"elementor-widget-container\">\n\t\t\t\t\t\t\t\t\t<div class=\"elementor-button-wrapper\">\n\t\t\t\t\t<a class=\"elementor-button elementor-button-link elementor-size-sm\" href=\"https:\/\/www.doctoralia.es\/clinicas\/instituto-de-ginecologia-avanzada-2?saasonly=true\" target=\"_blank\">\n\t\t\t\t\t\t<span class=\"elementor-button-content-wrapper\">\n\t\t\t\t\t\t\t\t\t<span class=\"elementor-button-text\">Francesc Maci\u00e0<\/span>\n\t\t\t\t\t<\/span>\n\t\t\t\t\t<\/a>\n\t\t\t\t<\/div>\n\t\t\t\t\t\t\t\t<\/div>\n\t\t\t\t<\/div>\n\t\t\t\t\t<\/div>\n\t\t<\/div>\n\t\t\t\t<div class=\"elementor-column elementor-col-50 elementor-inner-column elementor-element elementor-element-48bf678\" data-id=\"48bf678\" data-element_type=\"column\" data-e-type=\"column\">\n\t\t\t<div class=\"elementor-widget-wrap elementor-element-populated\">\n\t\t\t\t\t\t<div class=\"elementor-element elementor-element-23d8e2a elementor-widget elementor-widget-button\" data-id=\"23d8e2a\" data-element_type=\"widget\" data-e-type=\"widget\" data-widget_type=\"button.default\">\n\t\t\t\t<div class=\"elementor-widget-container\">\n\t\t\t\t\t\t\t\t\t<div class=\"elementor-button-wrapper\">\n\t\t\t\t\t<a class=\"elementor-button elementor-button-link elementor-size-sm\" href=\"#\">\n\t\t\t\t\t\t<span class=\"elementor-button-content-wrapper\">\n\t\t\t\t\t\t\t\t\t<span class=\"elementor-button-text\">CENTRE QUIRON<\/span>\n\t\t\t\t\t<\/span>\n\t\t\t\t\t<\/a>\n\t\t\t\t<\/div>\n\t\t\t\t\t\t\t\t<\/div>\n\t\t\t\t<\/div>\n\t\t\t\t\t<\/div>\n\t\t<\/div>\n\t\t\t\t\t<\/div>\n\t\t<\/section>\n\t\t\t\t\t<\/div>\n\t\t<\/div>\n\t\t\t\t<div class=\"elementor-column elementor-col-50 elementor-top-column elementor-element elementor-element-fc21a34\" data-id=\"fc21a34\" data-element_type=\"column\" data-e-type=\"column\">\n\t\t\t<div class=\"elementor-widget-wrap elementor-element-populated\">\n\t\t\t\t\t\t<div class=\"elementor-element elementor-element-dcc8d9c elementor-widget elementor-widget-text-editor\" data-id=\"dcc8d9c\" data-element_type=\"widget\" data-e-type=\"widget\" data-widget_type=\"text-editor.default\">\n\t\t\t\t<div class=\"elementor-widget-container\">\n\t\t\t\t\t\t\t\t\t<p>Depuis ma sp\u00e9cialisation, j&rsquo;ai travaill\u00e9 dans des h\u00f4pitaux de haut niveau tels que l&rsquo;unit\u00e9 de m\u00e9decine f\u0153tale de l&rsquo;h\u00f4pital m\u00e8re-enfant Vall d&rsquo;Hebron, l&rsquo;h\u00f4pital Quir\u00f3n de Barcelone, la clinique Creu Blanca et en tant que partenaire du centre m\u00e9dical WE Woman Excellence, \u00e0 Sant Cugat del Valles.<\/p><p>Actuellement, je travaille comme sp\u00e9cialiste \u00e0 l&rsquo;Institut de gyn\u00e9cologie avanc\u00e9e, \u00e0 Francesc Maci\u00e0.<\/p><p><span style=\"color: #aa83b1;\">M\u00c9RIT\u00c9S ACAD\u00c9MIQUES<\/span><\/p><p><span style=\"color: #aa83b1;\">\u221a <strong style=\"font-size: 18px;\">Baccalaur\u00e9at<\/strong> en m\u00e9decine et chirurgie de la Facult\u00e9 de m\u00e9decine.<\/span> Universit\u00e9 de Buenos Aires, Argentine. <\/p><p>\u221a Dipl\u00f4me de m\u00e9decin honoraire (inscription), Universit\u00e9 de Buenos Aires, Argentine.<\/p><p>\u221a Sp\u00e9cialiste en gyn\u00e9cologie et obst\u00e9trique, de l&rsquo;Institut universitaire CEMIC (Centre de formation m\u00e9dicale et de recherche clinique \u00ab Norberto Quirno \u00bb).<\/p><p>\u221a Titre de sp\u00e9cialiste en obst\u00e9trique et gyn\u00e9cologie, d\u00e9cern\u00e9 par le minist\u00e8re de l&rsquo;\u00c9ducation, de la Culture et du Sport, Madrid.<\/p><p style=\"font-variant-ligatures: normal; font-variant-caps: normal; font-family: Montserrat, sans-serif; font-size: 18px; font-style: normal; font-weight: 400;\"><span style=\"font-size: 18px; color: #aa83b1;\">AUTRES M\u00c9RIT\u00c9S ACAD\u00c9MIQUES<\/span><\/p><p>\u221a Niveau I-II-III de la Section d&rsquo;\u00e9chographie de la Soci\u00e9t\u00e9 espagnole d&rsquo;obst\u00e9trique et de gyn\u00e9cologie (SESEGO).<\/p><p>\u221a Dipl\u00f4me national d&rsquo;\u00e9chographie en gyn\u00e9cologie et obst\u00e9trique. Soci\u00e9t\u00e9 argentine d&rsquo;\u00e9chographie en m\u00e9decine et biologie (SAUMB). <\/p><p>\u221a Dipl\u00f4me national interuniversitaire d&rsquo;\u00e9chographie en gyn\u00e9cologie-obst\u00e9trique de la r\u00e9gion Sud-Ouest de la France. PAUL SABATIER Universit\u00e9 de Toulouse (Dr. SARRAMON) et VICTOR SEGALEN Universit\u00e9 de Bordeaux II (Dr. MAUGEAY-LAULOM). <\/p><p>\u221a Ma\u00eetrise en m\u00e9decine de l&rsquo;adolescent.<\/p><p>\u221a Sp\u00e9cialiste de la m\u00e9nopause. Formation universitaire d&rsquo;experte. AEEM et Universit\u00e9 Alfonso X de Madrid.  <\/p><p>\u221a Bourse de recherche en gyn\u00e9cologie et obst\u00e9trique. (Faisant-Fonction d\u2019Interne de Gyn\u00e9cologie et Obst\u00e9trique en pr\u00e9parant une Attestation de Formation Sp\u00e9cialis\u00e9e Approfondie. Universit\u00e9 Paul Sabatier Toulouse III). Orientation obst\u00e9tricale \u00e0 haut risque \u00e0 l&rsquo;H\u00f4pital PAULE DE VIGUIER, Pr. REM\u00c9. Toulouse, France.    <\/p><p>\u221a Stage au sein du service de diagnostic pr\u00e9natal et d&rsquo;\u00e9chographie, Dr MF SARRAMON, H\u00f4pital Paule de Viguier, Centre hospitalier universitaire de Toulouse. <\/p><p>\u221a Assistante \u00e9trang\u00e8re \u00e0 la clinique Grossesse et VIH, Dr. BERREBI, H\u00f4pital Paule de Viguier. Centre Hospitalier Universitaire de Toulouse. <\/p><p>\u221a Assistante d&rsquo;enseignement pour le programme d&rsquo;obst\u00e9trique \u00e0 l&rsquo;\u00c9cole des sages-femmes. H\u00f4pital La Grave, Centre hospitalier universitaire de Toulouse.<\/p>\t\t\t\t\t\t\t\t<\/div>\n\t\t\t\t<\/div>\n\t\t\t\t<div class=\"elementor-element elementor-element-28280a3 elementor-hidden-desktop elementor-hidden-tablet elementor-widget elementor-widget-text-editor\" data-id=\"28280a3\" data-element_type=\"widget\" data-e-type=\"widget\" data-widget_type=\"text-editor.default\">\n\t\t\t\t<div class=\"elementor-widget-container\">\n\t\t\t\t\t\t\t\t\t<p>Consulter<\/p>\t\t\t\t\t\t\t\t<\/div>\n\t\t\t\t<\/div>\n\t\t\t\t<section class=\"elementor-section elementor-inner-section elementor-element elementor-element-e8aa7af elementor-hidden-desktop elementor-hidden-tablet elementor-section-boxed elementor-section-height-default elementor-section-height-default\" data-id=\"e8aa7af\" data-element_type=\"section\" data-e-type=\"section\">\n\t\t\t\t\t\t<div class=\"elementor-container elementor-column-gap-default\">\n\t\t\t\t\t<div class=\"elementor-column elementor-col-50 elementor-inner-column elementor-element elementor-element-ed9e317\" data-id=\"ed9e317\" data-element_type=\"column\" data-e-type=\"column\">\n\t\t\t<div class=\"elementor-widget-wrap elementor-element-populated\">\n\t\t\t\t\t\t<div class=\"elementor-element elementor-element-4f011e9 elementor-align-right elementor-widget elementor-widget-button\" data-id=\"4f011e9\" data-element_type=\"widget\" data-e-type=\"widget\" data-widget_type=\"button.default\">\n\t\t\t\t<div class=\"elementor-widget-container\">\n\t\t\t\t\t\t\t\t\t<div class=\"elementor-button-wrapper\">\n\t\t\t\t\t<a class=\"elementor-button elementor-button-link elementor-size-sm\" href=\"https:\/\/www.doctoralia.es\/clinicas\/instituto-de-ginecologia-avanzada-2?saasonly=true\" target=\"_blank\">\n\t\t\t\t\t\t<span class=\"elementor-button-content-wrapper\">\n\t\t\t\t\t\t\t\t\t<span class=\"elementor-button-text\">Francesc Maci\u00e0<\/span>\n\t\t\t\t\t<\/span>\n\t\t\t\t\t<\/a>\n\t\t\t\t<\/div>\n\t\t\t\t\t\t\t\t<\/div>\n\t\t\t\t<\/div>\n\t\t\t\t\t<\/div>\n\t\t<\/div>\n\t\t\t\t<div class=\"elementor-column elementor-col-50 elementor-inner-column elementor-element elementor-element-05910f4\" data-id=\"05910f4\" data-element_type=\"column\" data-e-type=\"column\">\n\t\t\t<div class=\"elementor-widget-wrap elementor-element-populated\">\n\t\t\t\t\t\t<div class=\"elementor-element elementor-element-b54bd7f elementor-widget elementor-widget-button\" data-id=\"b54bd7f\" data-element_type=\"widget\" data-e-type=\"widget\" data-widget_type=\"button.default\">\n\t\t\t\t<div class=\"elementor-widget-container\">\n\t\t\t\t\t\t\t\t\t<div class=\"elementor-button-wrapper\">\n\t\t\t\t\t<a class=\"elementor-button elementor-button-link elementor-size-sm\" href=\"#\">\n\t\t\t\t\t\t<span class=\"elementor-button-content-wrapper\">\n\t\t\t\t\t\t\t\t\t<span class=\"elementor-button-text\">CENTRE QUIRON<\/span>\n\t\t\t\t\t<\/span>\n\t\t\t\t\t<\/a>\n\t\t\t\t<\/div>\n\t\t\t\t\t\t\t\t<\/div>\n\t\t\t\t<\/div>\n\t\t\t\t\t<\/div>\n\t\t<\/div>\n\t\t\t\t\t<\/div>\n\t\t<\/section>\n\t\t\t\t\t<\/div>\n\t\t<\/div>\n\t\t\t\t\t<\/div>\n\t\t<\/section>\n\t\t\t\t<\/div>\n\t\t","protected":false},"excerpt":{"rendered":"<p>Dr. Romina Castagno | Num\u00e9ro d&rsquo;immatriculation 39006 SP\u00c9CIALISTEPrise en charge compl\u00e8te de la m\u00e9nopauseGyn\u00e9cologie g\u00e9n\u00e9raleGyn\u00e9cologie de l&rsquo;adolescente Consulter Francesc Maci\u00e0 CENTRE QUIRON Depuis ma sp\u00e9cialisation, j&rsquo;ai travaill\u00e9 dans des h\u00f4pitaux de haut niveau tels que l&rsquo;unit\u00e9 de m\u00e9decine f\u0153tale de l&rsquo;h\u00f4pital m\u00e8re-enfant Vall d&rsquo;Hebron, l&rsquo;h\u00f4pital Quir\u00f3n de Barcelone, la clinique Creu Blanca et en tant [&hellip;]<\/p>\n","protected":false},"author":6,"featured_media":0,"parent":0,"menu_order":0,"comment_status":"closed","ping_status":"closed","template":"","meta":{"_joinchat":[],"footnotes":""},"class_list":["post-82172","page","type-page","status-publish","hentry","entry"],"yoast_head":"<!-- This site is optimized with the Yoast SEO Premium plugin v27.1 (Yoast SEO v27.3) - https:\/\/yoast.com\/product\/yoast-seo-premium-wordpress\/ -->\n<title>Romina Castagno &#8902; Instituto Ginecolog\u00eda Avanzada<\/title>\n<meta name=\"robots\" content=\"index, follow, max-snippet:-1, max-image-preview:large, max-video-preview:-1\" \/>\n<link rel=\"canonical\" href=\"https:\/\/ginecologiaavanzada.es\/fr\/romina-castagno\/\" \/>\n<meta property=\"og:locale\" content=\"fr_FR\" \/>\n<meta property=\"og:type\" content=\"article\" \/>\n<meta property=\"og:title\" content=\"Romina Castagno\" \/>\n<meta property=\"og:description\" content=\"Dr. Romina Castagno | Num\u00e9ro d&rsquo;immatriculation 39006 SP\u00c9CIALISTEPrise en charge compl\u00e8te de la m\u00e9nopauseGyn\u00e9cologie g\u00e9n\u00e9raleGyn\u00e9cologie de l&rsquo;adolescente Consulter Francesc Maci\u00e0 CENTRE QUIRON Depuis ma sp\u00e9cialisation, j&rsquo;ai travaill\u00e9 dans des h\u00f4pitaux de haut niveau tels que l&rsquo;unit\u00e9 de m\u00e9decine f\u0153tale de l&rsquo;h\u00f4pital m\u00e8re-enfant Vall d&rsquo;Hebron, l&rsquo;h\u00f4pital Quir\u00f3n de Barcelone, la clinique Creu Blanca et en tant [&hellip;]\" \/>\n<meta property=\"og:url\" content=\"https:\/\/ginecologiaavanzada.es\/fr\/romina-castagno\/\" \/>\n<meta property=\"og:site_name\" content=\"Instituto Ginecolog\u00eda Avanzada\" \/>\n<meta property=\"article:modified_time\" content=\"2026-04-10T21:38:52+00:00\" \/>\n<meta property=\"og:image\" content=\"https:\/\/ginecologiaavanzada.es\/wp-content\/uploads\/2025\/11\/Castagno-12-Photoroom.png\" \/>\n\t<meta property=\"og:image:width\" content=\"1280\" \/>\n\t<meta property=\"og:image:height\" content=\"1279\" \/>\n\t<meta property=\"og:image:type\" content=\"image\/png\" \/>\n<meta name=\"twitter:card\" content=\"summary_large_image\" \/>\n<meta name=\"twitter:label1\" content=\"Dur\u00e9e de lecture estim\u00e9e\" \/>\n\t<meta name=\"twitter:data1\" content=\"2 minutes\" \/>\n<script type=\"application\/ld+json\" class=\"yoast-schema-graph\">{\"@context\":\"https:\\\/\\\/schema.org\",\"@graph\":[{\"@type\":\"WebPage\",\"@id\":\"https:\\\/\\\/ginecologiaavanzada.es\\\/fr\\\/romina-castagno\\\/\",\"url\":\"https:\\\/\\\/ginecologiaavanzada.es\\\/fr\\\/romina-castagno\\\/\",\"name\":\"Romina Castagno &#8902; Instituto Ginecolog\u00eda Avanzada\",\"isPartOf\":{\"@id\":\"https:\\\/\\\/ginecologiaavanzada.es\\\/fr\\\/#website\"},\"primaryImageOfPage\":{\"@id\":\"https:\\\/\\\/ginecologiaavanzada.es\\\/fr\\\/romina-castagno\\\/#primaryimage\"},\"image\":{\"@id\":\"https:\\\/\\\/ginecologiaavanzada.es\\\/fr\\\/romina-castagno\\\/#primaryimage\"},\"thumbnailUrl\":\"https:\\\/\\\/ginecologiaavanzada.es\\\/wp-content\\\/uploads\\\/2025\\\/11\\\/Castagno-12-Photoroom-400x400.png\",\"datePublished\":\"2025-12-04T19:01:59+00:00\",\"dateModified\":\"2026-04-10T21:38:52+00:00\",\"breadcrumb\":{\"@id\":\"https:\\\/\\\/ginecologiaavanzada.es\\\/fr\\\/romina-castagno\\\/#breadcrumb\"},\"inLanguage\":\"fr-FR\",\"potentialAction\":[{\"@type\":\"ReadAction\",\"target\":[\"https:\\\/\\\/ginecologiaavanzada.es\\\/fr\\\/romina-castagno\\\/\"]}]},{\"@type\":\"ImageObject\",\"inLanguage\":\"fr-FR\",\"@id\":\"https:\\\/\\\/ginecologiaavanzada.es\\\/fr\\\/romina-castagno\\\/#primaryimage\",\"url\":\"https:\\\/\\\/ginecologiaavanzada.es\\\/wp-content\\\/uploads\\\/2025\\\/11\\\/Castagno-12-Photoroom-400x400.png\",\"contentUrl\":\"https:\\\/\\\/ginecologiaavanzada.es\\\/wp-content\\\/uploads\\\/2025\\\/11\\\/Castagno-12-Photoroom-400x400.png\"},{\"@type\":\"BreadcrumbList\",\"@id\":\"https:\\\/\\\/ginecologiaavanzada.es\\\/fr\\\/romina-castagno\\\/#breadcrumb\",\"itemListElement\":[{\"@type\":\"ListItem\",\"position\":1,\"name\":\"Portada\",\"item\":\"https:\\\/\\\/ginecologiaavanzada.es\\\/fr\\\/inicio\\\/\"},{\"@type\":\"ListItem\",\"position\":2,\"name\":\"Romina Castagno\"}]},{\"@type\":\"WebSite\",\"@id\":\"https:\\\/\\\/ginecologiaavanzada.es\\\/fr\\\/#website\",\"url\":\"https:\\\/\\\/ginecologiaavanzada.es\\\/fr\\\/\",\"name\":\"Ginecologia Avanzada\",\"description\":\"Enfoque integral de la mujer, visi\u00f3n de la mujer en todos sus aspectos, f\u00edsicos, y emocionales.\",\"publisher\":{\"@id\":\"https:\\\/\\\/ginecologiaavanzada.es\\\/fr\\\/#organization\"},\"potentialAction\":[{\"@type\":\"SearchAction\",\"target\":{\"@type\":\"EntryPoint\",\"urlTemplate\":\"https:\\\/\\\/ginecologiaavanzada.es\\\/fr\\\/?s={search_term_string}\"},\"query-input\":{\"@type\":\"PropertyValueSpecification\",\"valueRequired\":true,\"valueName\":\"search_term_string\"}}],\"inLanguage\":\"fr-FR\"},{\"@type\":\"Organization\",\"@id\":\"https:\\\/\\\/ginecologiaavanzada.es\\\/fr\\\/#organization\",\"name\":\"Ginecologia Avanzada\",\"url\":\"https:\\\/\\\/ginecologiaavanzada.es\\\/fr\\\/\",\"logo\":{\"@type\":\"ImageObject\",\"inLanguage\":\"fr-FR\",\"@id\":\"https:\\\/\\\/ginecologiaavanzada.es\\\/fr\\\/#\\\/schema\\\/logo\\\/image\\\/\",\"url\":\"https:\\\/\\\/ginecologiaavanzada.es\\\/wp-content\\\/uploads\\\/logo-fosc-1.jpg\",\"contentUrl\":\"https:\\\/\\\/ginecologiaavanzada.es\\\/wp-content\\\/uploads\\\/logo-fosc-1.jpg\",\"width\":680,\"height\":280,\"caption\":\"Ginecologia Avanzada\"},\"image\":{\"@id\":\"https:\\\/\\\/ginecologiaavanzada.es\\\/fr\\\/#\\\/schema\\\/logo\\\/image\\\/\"}}]}<\/script>\n<!-- \/ Yoast SEO Premium plugin. -->","yoast_head_json":{"title":"Romina Castagno &#8902; Instituto Ginecolog\u00eda Avanzada","robots":{"index":"index","follow":"follow","max-snippet":"max-snippet:-1","max-image-preview":"max-image-preview:large","max-video-preview":"max-video-preview:-1"},"canonical":"https:\/\/ginecologiaavanzada.es\/fr\/romina-castagno\/","og_locale":"fr_FR","og_type":"article","og_title":"Romina Castagno","og_description":"Dr. Romina Castagno | Num\u00e9ro d&rsquo;immatriculation 39006 SP\u00c9CIALISTEPrise en charge compl\u00e8te de la m\u00e9nopauseGyn\u00e9cologie g\u00e9n\u00e9raleGyn\u00e9cologie de l&rsquo;adolescente Consulter Francesc Maci\u00e0 CENTRE QUIRON Depuis ma sp\u00e9cialisation, j&rsquo;ai travaill\u00e9 dans des h\u00f4pitaux de haut niveau tels que l&rsquo;unit\u00e9 de m\u00e9decine f\u0153tale de l&rsquo;h\u00f4pital m\u00e8re-enfant Vall d&rsquo;Hebron, l&rsquo;h\u00f4pital Quir\u00f3n de Barcelone, la clinique Creu Blanca et en tant [&hellip;]","og_url":"https:\/\/ginecologiaavanzada.es\/fr\/romina-castagno\/","og_site_name":"Instituto Ginecolog\u00eda Avanzada","article_modified_time":"2026-04-10T21:38:52+00:00","og_image":[{"width":1280,"height":1279,"url":"https:\/\/ginecologiaavanzada.es\/wp-content\/uploads\/2025\/11\/Castagno-12-Photoroom.png","type":"image\/png"}],"twitter_card":"summary_large_image","twitter_misc":{"Dur\u00e9e de lecture estim\u00e9e":"2 minutes"},"schema":{"@context":"https:\/\/schema.org","@graph":[{"@type":"WebPage","@id":"https:\/\/ginecologiaavanzada.es\/fr\/romina-castagno\/","url":"https:\/\/ginecologiaavanzada.es\/fr\/romina-castagno\/","name":"Romina Castagno &#8902; Instituto Ginecolog\u00eda Avanzada","isPartOf":{"@id":"https:\/\/ginecologiaavanzada.es\/fr\/#website"},"primaryImageOfPage":{"@id":"https:\/\/ginecologiaavanzada.es\/fr\/romina-castagno\/#primaryimage"},"image":{"@id":"https:\/\/ginecologiaavanzada.es\/fr\/romina-castagno\/#primaryimage"},"thumbnailUrl":"https:\/\/ginecologiaavanzada.es\/wp-content\/uploads\/2025\/11\/Castagno-12-Photoroom-400x400.png","datePublished":"2025-12-04T19:01:59+00:00","dateModified":"2026-04-10T21:38:52+00:00","breadcrumb":{"@id":"https:\/\/ginecologiaavanzada.es\/fr\/romina-castagno\/#breadcrumb"},"inLanguage":"fr-FR","potentialAction":[{"@type":"ReadAction","target":["https:\/\/ginecologiaavanzada.es\/fr\/romina-castagno\/"]}]},{"@type":"ImageObject","inLanguage":"fr-FR","@id":"https:\/\/ginecologiaavanzada.es\/fr\/romina-castagno\/#primaryimage","url":"https:\/\/ginecologiaavanzada.es\/wp-content\/uploads\/2025\/11\/Castagno-12-Photoroom-400x400.png","contentUrl":"https:\/\/ginecologiaavanzada.es\/wp-content\/uploads\/2025\/11\/Castagno-12-Photoroom-400x400.png"},{"@type":"BreadcrumbList","@id":"https:\/\/ginecologiaavanzada.es\/fr\/romina-castagno\/#breadcrumb","itemListElement":[{"@type":"ListItem","position":1,"name":"Portada","item":"https:\/\/ginecologiaavanzada.es\/fr\/inicio\/"},{"@type":"ListItem","position":2,"name":"Romina Castagno"}]},{"@type":"WebSite","@id":"https:\/\/ginecologiaavanzada.es\/fr\/#website","url":"https:\/\/ginecologiaavanzada.es\/fr\/","name":"Ginecologia Avanzada","description":"Enfoque integral de la mujer, visi\u00f3n de la mujer en todos sus aspectos, f\u00edsicos, y emocionales.","publisher":{"@id":"https:\/\/ginecologiaavanzada.es\/fr\/#organization"},"potentialAction":[{"@type":"SearchAction","target":{"@type":"EntryPoint","urlTemplate":"https:\/\/ginecologiaavanzada.es\/fr\/?s={search_term_string}"},"query-input":{"@type":"PropertyValueSpecification","valueRequired":true,"valueName":"search_term_string"}}],"inLanguage":"fr-FR"},{"@type":"Organization","@id":"https:\/\/ginecologiaavanzada.es\/fr\/#organization","name":"Ginecologia Avanzada","url":"https:\/\/ginecologiaavanzada.es\/fr\/","logo":{"@type":"ImageObject","inLanguage":"fr-FR","@id":"https:\/\/ginecologiaavanzada.es\/fr\/#\/schema\/logo\/image\/","url":"https:\/\/ginecologiaavanzada.es\/wp-content\/uploads\/logo-fosc-1.jpg","contentUrl":"https:\/\/ginecologiaavanzada.es\/wp-content\/uploads\/logo-fosc-1.jpg","width":680,"height":280,"caption":"Ginecologia Avanzada"},"image":{"@id":"https:\/\/ginecologiaavanzada.es\/fr\/#\/schema\/logo\/image\/"}}]}},"_links":{"self":[{"href":"https:\/\/ginecologiaavanzada.es\/fr\/wp-json\/wp\/v2\/pages\/82172","targetHints":{"allow":["GET"]}}],"collection":[{"href":"https:\/\/ginecologiaavanzada.es\/fr\/wp-json\/wp\/v2\/pages"}],"about":[{"href":"https:\/\/ginecologiaavanzada.es\/fr\/wp-json\/wp\/v2\/types\/page"}],"author":[{"embeddable":true,"href":"https:\/\/ginecologiaavanzada.es\/fr\/wp-json\/wp\/v2\/users\/6"}],"replies":[{"embeddable":true,"href":"https:\/\/ginecologiaavanzada.es\/fr\/wp-json\/wp\/v2\/comments?post=82172"}],"version-history":[{"count":5,"href":"https:\/\/ginecologiaavanzada.es\/fr\/wp-json\/wp\/v2\/pages\/82172\/revisions"}],"predecessor-version":[{"id":83715,"href":"https:\/\/ginecologiaavanzada.es\/fr\/wp-json\/wp\/v2\/pages\/82172\/revisions\/83715"}],"wp:attachment":[{"href":"https:\/\/ginecologiaavanzada.es\/fr\/wp-json\/wp\/v2\/media?parent=82172"}],"curies":[{"name":"wp","href":"https:\/\/api.w.org\/{rel}","templated":true}]}}