{"id":82957,"date":"2026-02-25T14:12:19","date_gmt":"2026-02-25T14:12:19","guid":{"rendered":"https:\/\/ginecologiaavanzada.es\/avis-juridique\/"},"modified":"2026-02-26T17:04:57","modified_gmt":"2026-02-26T17:04:57","slug":"avis-juridique","status":"publish","type":"page","link":"https:\/\/ginecologiaavanzada.es\/fr\/avis-juridique\/","title":{"rendered":"Avis juridique"},"content":{"rendered":"\t\t<div data-elementor-type=\"wp-page\" data-elementor-id=\"82957\" class=\"elementor elementor-82957 elementor-82682\" data-elementor-post-type=\"page\">\n\t\t\t\t\t\t<section class=\"elementor-section elementor-top-section elementor-element elementor-element-018a7a5 elementor-section-full_width elementor-section-stretched elementor-section-height-default elementor-section-height-default\" data-id=\"018a7a5\" data-element_type=\"section\" data-e-type=\"section\" data-settings=\"{&quot;stretch_section&quot;:&quot;section-stretched&quot;}\">\n\t\t\t\t\t\t<div class=\"elementor-container elementor-column-gap-default\">\n\t\t\t\t\t<div class=\"elementor-column elementor-col-100 elementor-top-column elementor-element elementor-element-d5c89a1\" data-id=\"d5c89a1\" data-element_type=\"column\" data-e-type=\"column\">\n\t\t\t<div class=\"elementor-widget-wrap elementor-element-populated\">\n\t\t\t\t\t\t<div class=\"elementor-element elementor-element-a5e4ecb elementor-widget elementor-widget-text-editor\" data-id=\"a5e4ecb\" data-element_type=\"widget\" data-e-type=\"widget\" data-widget_type=\"text-editor.default\">\n\t\t\t\t<div class=\"elementor-widget-container\">\n\t\t\t\t\t\t\t\t\t<h1 style=\"text-align: center;\"><span style=\"color: #aa83b1;\">MENTIONS L\u00c9GALES<\/span><\/h1><p><br>La soci\u00e9t\u00e9 C&amp;B MEDICAL PLUS SLP est propri\u00e9taire de ce site web (http:\/\/ginecologiaavanzada.es\/). Sauf mention contraire, elle d\u00e9tient tous les droits de propri\u00e9t\u00e9 intellectuelle et industrielle sur le contenu. Conform\u00e9ment \u00e0 la loi 34\/2002 relative aux services de la soci\u00e9t\u00e9 de l&rsquo;information, nous vous communiquons les informations suivantes :<br>C&amp;B MEDICAL PLUS SLP<br>Ronda Canigo, 10. c 4<br>08950 Esplugues de Llobregat<br>N\u00b0 TVA : B65773566<br>Inscrite au Registre du Commerce de Barcelone ; Volume 43176 ; Folio 140 ; Page B425420, Inscription 1  <\/p><p>1. Conditions d&rsquo;utilisation<br>L&rsquo;utilisateur s&rsquo;engage \u00e0 utiliser les informations contenues sur ce site web exclusivement pour ses propres besoins et \u00e0 ne pas exploiter, directement ou indirectement, \u00e0 des fins commerciales le contenu et les services auxquels il a acc\u00e8s. L&rsquo;utilisateur b\u00e9n\u00e9ficie d&rsquo;un acc\u00e8s libre et ouvert aux informations publiques pr\u00e9sent\u00e9es ici ; toutefois, C&amp;B MEDICAL PLUS se r\u00e9serve le droit de restreindre l&rsquo;acc\u00e8s \u00e0 certaines sections et services du portail. C&amp;B MEDICAL PLUS s&rsquo;efforce de fournir des informations exactes et \u00e0 jour. C&amp;B MEDICAL PLUS d\u00e9cline toute responsabilit\u00e9 quant \u00e0 la pertinence des informations contenues sur le site web.   <\/p><p>2. Liens<br>Ce site web peut proposer des liens vers d&rsquo;autres sites web tiers, dont le contenu est susceptible d&rsquo;\u00e9voluer rapidement en raison de la nature m\u00eame d&rsquo;Internet.<br>Par cons\u00e9quent, C&amp;B MEDICAL PLUS d\u00e9cline toute responsabilit\u00e9 quant aux informations, services ou contenus de ces sites web tiers.<br>Tout site web externe accessible depuis le site web de C&amp;B MEDICAL PLUS est ind\u00e9pendant, et C&amp;B MEDICAL PLUS n&rsquo;exerce aucun contr\u00f4le sur son contenu. De plus, la pr\u00e9sence d&rsquo;un lien vers un site web autre que celui de C&amp;B MEDICAL PLUS n&rsquo;implique aucune approbation ni acceptation de responsabilit\u00e9 quant \u00e0 son contenu ou son utilisation.<br>Si C&amp;B MEDICAL PLUS constate que l&rsquo;activit\u00e9 ou les informations auxquelles renvoient ces liens sont ill\u00e9gales, constituent un d\u00e9lit ou sont susceptibles de porter atteinte aux biens ou aux droits de tiers donnant lieu \u00e0 indemnisation, elle s&rsquo;efforcera de supprimer ou de d\u00e9sactiver le lien correspondant dans les meilleurs d\u00e9lais. <\/p><p>3. Droits de propri\u00e9t\u00e9 intellectuelle et industrielle<br>Les droits relatifs \u00e0 la propri\u00e9t\u00e9 industrielle et intellectuelle (notamment les marques, logos, textes, photographies, ic\u00f4nes, images, etc., ainsi que la conception graphique, le code source et les autres \u00e9l\u00e9ments logiciels pr\u00e9sents sur ce site web) appartiennent \u00e0 C&amp;B MEDICAL PLUS. Ils sont donc prot\u00e9g\u00e9s par les droits de propri\u00e9t\u00e9 intellectuelle et industrielle en vertu du droit espagnol et international. <br>Sans l&rsquo;autorisation \u00e9crite pr\u00e9alable de C&amp;B MEDICAL PLUS, il est interdit d&rsquo;utiliser, de reproduire, de transmettre, de manipuler ou d&rsquo;exploiter le contenu du site web, au-del\u00e0 de ce qui est n\u00e9cessaire pour consulter le site et utiliser les services propos\u00e9s.<br>L&rsquo;acc\u00e8s aux services fournis n&rsquo;implique aucune renonciation, aucun transfert ni aucune cession, totale ou partielle, par C&amp;B MEDICAL PLUS des droits de propri\u00e9t\u00e9 intellectuelle et industrielle, et n&rsquo;octroie aucun droit d&rsquo;utiliser, de modifier, d&rsquo;exploiter, de reproduire, de distribuer ou de communiquer publiquement ce contenu sans l&rsquo;autorisation \u00e9crite pr\u00e9alable et expresse des titulaires de droits respectifs. Ceci est sans pr\u00e9judice du droit de consulter et d&rsquo;obtenir une copie de sauvegarde priv\u00e9e de ce contenu, \u00e0 condition que ce droit soit exerc\u00e9 de bonne foi, que la propri\u00e9t\u00e9 intellectuelle et industrielle du titulaire des droits reste intacte, que le contenu soit utilis\u00e9 \u00e0 des fins non commerciales et exclusivement pour l&rsquo;information personnelle de l&rsquo;utilisateur. La responsabilit\u00e9 d\u00e9coulant de l&rsquo;utilisation du contenu est limit\u00e9e \u00e0 [ins\u00e9rer le nom du contenu]. Les \u00e9l\u00e9ments prot\u00e9g\u00e9s par des droits de propri\u00e9t\u00e9 intellectuelle et industrielle contenus sur cette page appartiennent exclusivement \u00e0 l&rsquo;utilisateur.<\/p><p>4. \u00c9thique et responsabilit\u00e9 de l&rsquo;utilisateur du site web :<br>C&amp;B MEDICAL PLUS d\u00e9cline toute responsabilit\u00e9 quant \u00e0 l&rsquo;utilisation du site web par l&rsquo;utilisateur. Ce dernier s&rsquo;engage \u00e0 s&rsquo;abstenir de tout comportement, lors de l&rsquo;utilisation du site web ou des ressources mises \u00e0 sa disposition, qui enfreigne les droits de propri\u00e9t\u00e9 intellectuelle ou industrielle de C&amp;B MEDICAL PLUS ou de tiers, qui porte atteinte \u00e0 l&rsquo;honneur, \u00e0 la vie priv\u00e9e ou \u00e0 l&rsquo;image de tiers, ou qui soit ill\u00e9gal ou contraire aux bonnes m\u0153urs. L&rsquo;utilisateur s&rsquo;engage \u00e9galement \u00e0 garantir C&amp;B MEDICAL PLUS contre toute r\u00e9clamation, judiciaire ou extrajudiciaire, formul\u00e9e \u00e0 son encontre du fait de cette utilisation. L&rsquo;utilisateur s&rsquo;engage \u00e0 ne pas d\u00e9truire, alt\u00e9rer, d\u00e9sactiver ou endommager, par quelque moyen que ce soit, les donn\u00e9es, programmes ou documents \u00e9lectroniques appartenant \u00e0 C&amp;B MEDICAL PLUS, ni \u00e0 introduire ou diffuser sur le r\u00e9seau des programmes, virus, applets ou tout instrument physique ou \u00e9lectronique susceptible d&rsquo;alt\u00e9rer le r\u00e9seau, le syst\u00e8me ou l&rsquo;\u00e9quipement de tiers.  <\/p><p>5. Droit applicable \u2013 Juridiction<br>Tout litige ou d\u00e9saccord relatif aux conditions d&rsquo;utilisation de ce site web sera r\u00e9gi par le droit espagnol et les tribunaux de la ville de Barcelone seront exclusivement comp\u00e9tents.<\/p>\t\t\t\t\t\t\t\t<\/div>\n\t\t\t\t<\/div>\n\t\t\t\t\t<\/div>\n\t\t<\/div>\n\t\t\t\t\t<\/div>\n\t\t<\/section>\n\t\t\t\t<\/div>\n\t\t","protected":false},"excerpt":{"rendered":"<p>MENTIONS L\u00c9GALES La soci\u00e9t\u00e9 C&amp;B MEDICAL PLUS SLP est propri\u00e9taire de ce site web (http:\/\/ginecologiaavanzada.es\/). Sauf mention contraire, elle d\u00e9tient tous les droits de propri\u00e9t\u00e9 intellectuelle et industrielle sur le contenu. Conform\u00e9ment \u00e0 la loi 34\/2002 relative aux services de la soci\u00e9t\u00e9 de l&rsquo;information, nous vous communiquons les informations suivantes :C&amp;B MEDICAL PLUS SLPRonda Canigo, [&hellip;]<\/p>\n","protected":false},"author":6,"featured_media":0,"parent":0,"menu_order":0,"comment_status":"closed","ping_status":"closed","template":"","meta":{"_joinchat":[],"footnotes":""},"class_list":["post-82957","page","type-page","status-publish","hentry","entry"],"yoast_head":"<!-- This site is optimized with the Yoast SEO Premium plugin v27.1 (Yoast SEO v27.2) - https:\/\/yoast.com\/product\/yoast-seo-premium-wordpress\/ -->\n<title>Avis juridique &#8902; Instituto Ginecolog\u00eda Avanzada<\/title>\n<meta name=\"robots\" content=\"index, follow, max-snippet:-1, max-image-preview:large, max-video-preview:-1\" \/>\n<link rel=\"canonical\" href=\"https:\/\/ginecologiaavanzada.es\/fr\/avis-juridique\/\" \/>\n<meta property=\"og:locale\" content=\"fr_FR\" \/>\n<meta property=\"og:type\" content=\"article\" \/>\n<meta property=\"og:title\" content=\"Avis juridique\" \/>\n<meta property=\"og:description\" content=\"MENTIONS L\u00c9GALES La soci\u00e9t\u00e9 C&amp;B MEDICAL PLUS SLP est propri\u00e9taire de ce site web (http:\/\/ginecologiaavanzada.es\/). Sauf mention contraire, elle d\u00e9tient tous les droits de propri\u00e9t\u00e9 intellectuelle et industrielle sur le contenu. Conform\u00e9ment \u00e0 la loi 34\/2002 relative aux services de la soci\u00e9t\u00e9 de l&rsquo;information, nous vous communiquons les informations suivantes :C&amp;B MEDICAL PLUS SLPRonda Canigo, [&hellip;]\" \/>\n<meta property=\"og:url\" content=\"https:\/\/ginecologiaavanzada.es\/fr\/avis-juridique\/\" \/>\n<meta property=\"og:site_name\" content=\"Instituto Ginecolog\u00eda Avanzada\" \/>\n<meta property=\"article:modified_time\" content=\"2026-02-26T17:04:57+00:00\" \/>\n<meta property=\"og:image\" content=\"https:\/\/ginecologiaavanzada.es\/wp-content\/uploads\/logo-fosc-1.jpg\" \/>\n\t<meta property=\"og:image:width\" content=\"680\" \/>\n\t<meta property=\"og:image:height\" content=\"280\" \/>\n\t<meta property=\"og:image:type\" content=\"image\/jpeg\" \/>\n<meta name=\"twitter:card\" content=\"summary_large_image\" \/>\n<meta name=\"twitter:label1\" content=\"Dur\u00e9e de lecture estim\u00e9e\" \/>\n\t<meta name=\"twitter:data1\" content=\"4 minutes\" \/>\n<script type=\"application\/ld+json\" class=\"yoast-schema-graph\">{\"@context\":\"https:\/\/schema.org\",\"@graph\":[{\"@type\":\"WebPage\",\"@id\":\"https:\/\/ginecologiaavanzada.es\/fr\/avis-juridique\/\",\"url\":\"https:\/\/ginecologiaavanzada.es\/fr\/avis-juridique\/\",\"name\":\"Avis juridique &#8902; Instituto Ginecolog\u00eda Avanzada\",\"isPartOf\":{\"@id\":\"https:\/\/ginecologiaavanzada.es\/fr\/#website\"},\"datePublished\":\"2026-02-25T14:12:19+00:00\",\"dateModified\":\"2026-02-26T17:04:57+00:00\",\"breadcrumb\":{\"@id\":\"https:\/\/ginecologiaavanzada.es\/fr\/avis-juridique\/#breadcrumb\"},\"inLanguage\":\"fr-FR\",\"potentialAction\":[{\"@type\":\"ReadAction\",\"target\":[\"https:\/\/ginecologiaavanzada.es\/fr\/avis-juridique\/\"]}]},{\"@type\":\"BreadcrumbList\",\"@id\":\"https:\/\/ginecologiaavanzada.es\/fr\/avis-juridique\/#breadcrumb\",\"itemListElement\":[{\"@type\":\"ListItem\",\"position\":1,\"name\":\"Portada\",\"item\":\"https:\/\/ginecologiaavanzada.es\/fr\/\"},{\"@type\":\"ListItem\",\"position\":2,\"name\":\"Avis juridique\"}]},{\"@type\":\"WebSite\",\"@id\":\"https:\/\/ginecologiaavanzada.es\/fr\/#website\",\"url\":\"https:\/\/ginecologiaavanzada.es\/fr\/\",\"name\":\"Ginecologia Avanzada\",\"description\":\"Enfoque integral de la mujer, visi\u00f3n de la mujer en todos sus aspectos, f\u00edsicos, y emocionales.\",\"publisher\":{\"@id\":\"https:\/\/ginecologiaavanzada.es\/fr\/#organization\"},\"potentialAction\":[{\"@type\":\"SearchAction\",\"target\":{\"@type\":\"EntryPoint\",\"urlTemplate\":\"https:\/\/ginecologiaavanzada.es\/fr\/?s={search_term_string}\"},\"query-input\":{\"@type\":\"PropertyValueSpecification\",\"valueRequired\":true,\"valueName\":\"search_term_string\"}}],\"inLanguage\":\"fr-FR\"},{\"@type\":\"Organization\",\"@id\":\"https:\/\/ginecologiaavanzada.es\/fr\/#organization\",\"name\":\"Ginecologia Avanzada\",\"url\":\"https:\/\/ginecologiaavanzada.es\/fr\/\",\"logo\":{\"@type\":\"ImageObject\",\"inLanguage\":\"fr-FR\",\"@id\":\"https:\/\/ginecologiaavanzada.es\/fr\/#\/schema\/logo\/image\/\",\"url\":\"https:\/\/ginecologiaavanzada.es\/wp-content\/uploads\/logo-fosc-1.jpg\",\"contentUrl\":\"https:\/\/ginecologiaavanzada.es\/wp-content\/uploads\/logo-fosc-1.jpg\",\"width\":680,\"height\":280,\"caption\":\"Ginecologia Avanzada\"},\"image\":{\"@id\":\"https:\/\/ginecologiaavanzada.es\/fr\/#\/schema\/logo\/image\/\"}}]}<\/script>\n<!-- \/ Yoast SEO Premium plugin. -->","yoast_head_json":{"title":"Avis juridique &#8902; Instituto Ginecolog\u00eda Avanzada","robots":{"index":"index","follow":"follow","max-snippet":"max-snippet:-1","max-image-preview":"max-image-preview:large","max-video-preview":"max-video-preview:-1"},"canonical":"https:\/\/ginecologiaavanzada.es\/fr\/avis-juridique\/","og_locale":"fr_FR","og_type":"article","og_title":"Avis juridique","og_description":"MENTIONS L\u00c9GALES La soci\u00e9t\u00e9 C&amp;B MEDICAL PLUS SLP est propri\u00e9taire de ce site web (http:\/\/ginecologiaavanzada.es\/). Sauf mention contraire, elle d\u00e9tient tous les droits de propri\u00e9t\u00e9 intellectuelle et industrielle sur le contenu. Conform\u00e9ment \u00e0 la loi 34\/2002 relative aux services de la soci\u00e9t\u00e9 de l&rsquo;information, nous vous communiquons les informations suivantes :C&amp;B MEDICAL PLUS SLPRonda Canigo, [&hellip;]","og_url":"https:\/\/ginecologiaavanzada.es\/fr\/avis-juridique\/","og_site_name":"Instituto Ginecolog\u00eda Avanzada","article_modified_time":"2026-02-26T17:04:57+00:00","og_image":[{"width":680,"height":280,"url":"https:\/\/ginecologiaavanzada.es\/wp-content\/uploads\/logo-fosc-1.jpg","type":"image\/jpeg"}],"twitter_card":"summary_large_image","twitter_misc":{"Dur\u00e9e de lecture estim\u00e9e":"4 minutes"},"schema":{"@context":"https:\/\/schema.org","@graph":[{"@type":"WebPage","@id":"https:\/\/ginecologiaavanzada.es\/fr\/avis-juridique\/","url":"https:\/\/ginecologiaavanzada.es\/fr\/avis-juridique\/","name":"Avis juridique &#8902; Instituto Ginecolog\u00eda Avanzada","isPartOf":{"@id":"https:\/\/ginecologiaavanzada.es\/fr\/#website"},"datePublished":"2026-02-25T14:12:19+00:00","dateModified":"2026-02-26T17:04:57+00:00","breadcrumb":{"@id":"https:\/\/ginecologiaavanzada.es\/fr\/avis-juridique\/#breadcrumb"},"inLanguage":"fr-FR","potentialAction":[{"@type":"ReadAction","target":["https:\/\/ginecologiaavanzada.es\/fr\/avis-juridique\/"]}]},{"@type":"BreadcrumbList","@id":"https:\/\/ginecologiaavanzada.es\/fr\/avis-juridique\/#breadcrumb","itemListElement":[{"@type":"ListItem","position":1,"name":"Portada","item":"https:\/\/ginecologiaavanzada.es\/fr\/"},{"@type":"ListItem","position":2,"name":"Avis juridique"}]},{"@type":"WebSite","@id":"https:\/\/ginecologiaavanzada.es\/fr\/#website","url":"https:\/\/ginecologiaavanzada.es\/fr\/","name":"Ginecologia Avanzada","description":"Enfoque integral de la mujer, visi\u00f3n de la mujer en todos sus aspectos, f\u00edsicos, y emocionales.","publisher":{"@id":"https:\/\/ginecologiaavanzada.es\/fr\/#organization"},"potentialAction":[{"@type":"SearchAction","target":{"@type":"EntryPoint","urlTemplate":"https:\/\/ginecologiaavanzada.es\/fr\/?s={search_term_string}"},"query-input":{"@type":"PropertyValueSpecification","valueRequired":true,"valueName":"search_term_string"}}],"inLanguage":"fr-FR"},{"@type":"Organization","@id":"https:\/\/ginecologiaavanzada.es\/fr\/#organization","name":"Ginecologia Avanzada","url":"https:\/\/ginecologiaavanzada.es\/fr\/","logo":{"@type":"ImageObject","inLanguage":"fr-FR","@id":"https:\/\/ginecologiaavanzada.es\/fr\/#\/schema\/logo\/image\/","url":"https:\/\/ginecologiaavanzada.es\/wp-content\/uploads\/logo-fosc-1.jpg","contentUrl":"https:\/\/ginecologiaavanzada.es\/wp-content\/uploads\/logo-fosc-1.jpg","width":680,"height":280,"caption":"Ginecologia Avanzada"},"image":{"@id":"https:\/\/ginecologiaavanzada.es\/fr\/#\/schema\/logo\/image\/"}}]}},"_links":{"self":[{"href":"https:\/\/ginecologiaavanzada.es\/fr\/wp-json\/wp\/v2\/pages\/82957","targetHints":{"allow":["GET"]}}],"collection":[{"href":"https:\/\/ginecologiaavanzada.es\/fr\/wp-json\/wp\/v2\/pages"}],"about":[{"href":"https:\/\/ginecologiaavanzada.es\/fr\/wp-json\/wp\/v2\/types\/page"}],"author":[{"embeddable":true,"href":"https:\/\/ginecologiaavanzada.es\/fr\/wp-json\/wp\/v2\/users\/6"}],"replies":[{"embeddable":true,"href":"https:\/\/ginecologiaavanzada.es\/fr\/wp-json\/wp\/v2\/comments?post=82957"}],"version-history":[{"count":1,"href":"https:\/\/ginecologiaavanzada.es\/fr\/wp-json\/wp\/v2\/pages\/82957\/revisions"}],"predecessor-version":[{"id":82958,"href":"https:\/\/ginecologiaavanzada.es\/fr\/wp-json\/wp\/v2\/pages\/82957\/revisions\/82958"}],"wp:attachment":[{"href":"https:\/\/ginecologiaavanzada.es\/fr\/wp-json\/wp\/v2\/media?parent=82957"}],"curies":[{"name":"wp","href":"https:\/\/api.w.org\/{rel}","templated":true}]}}