{"id":82970,"date":"2026-02-25T13:35:38","date_gmt":"2026-02-25T13:35:38","guid":{"rendered":"https:\/\/ginecologiaavanzada.es\/politique-en-matiere-de-cookies\/"},"modified":"2026-02-26T17:17:47","modified_gmt":"2026-02-26T17:17:47","slug":"politique-en-matiere-de-cookies","status":"publish","type":"page","link":"https:\/\/ginecologiaavanzada.es\/fr\/politique-en-matiere-de-cookies\/","title":{"rendered":"politique en mati\u00e8re de cookies"},"content":{"rendered":"\t\t<div data-elementor-type=\"wp-page\" data-elementor-id=\"82970\" class=\"elementor elementor-82970 elementor-82655\" data-elementor-post-type=\"page\">\n\t\t\t\t\t\t<section class=\"elementor-section elementor-top-section elementor-element elementor-element-018a7a5 elementor-section-full_width elementor-section-stretched elementor-section-height-default elementor-section-height-default\" data-id=\"018a7a5\" data-element_type=\"section\" data-e-type=\"section\" data-settings=\"{&quot;stretch_section&quot;:&quot;section-stretched&quot;}\">\n\t\t\t\t\t\t<div class=\"elementor-container elementor-column-gap-default\">\n\t\t\t\t\t<div class=\"elementor-column elementor-col-100 elementor-top-column elementor-element elementor-element-d5c89a1\" data-id=\"d5c89a1\" data-element_type=\"column\" data-e-type=\"column\">\n\t\t\t<div class=\"elementor-widget-wrap elementor-element-populated\">\n\t\t\t\t\t\t<div class=\"elementor-element elementor-element-a5e4ecb elementor-widget elementor-widget-text-editor\" data-id=\"a5e4ecb\" data-element_type=\"widget\" data-e-type=\"widget\" data-widget_type=\"text-editor.default\">\n\t\t\t\t<div class=\"elementor-widget-container\">\n\t\t\t\t\t\t\t\t\t<h1 style=\"text-align: center;\"><span style=\"color: #aa83b1;\"><strong>POLITIQUE RELATIVE AUX COOKIES<\/strong><\/span><\/h1><div><span style=\"color: #aa83b1;\"><strong> <\/strong><\/span><\/div><div><span style=\"color: #aa83b1;\"><strong> <\/strong><\/span><\/div><p>Conform\u00e9ment \u00e0 la loi espagnole sur les services de la soci\u00e9t\u00e9 de l&rsquo;information et le commerce \u00e9lectronique (LSSICE), le consentement explicite des utilisateurs de tout site web utilisant des cookies non essentiels doit \u00eatre obtenu avant toute navigation.<br>Vous trouverez ci-dessous des explications sur la nature des cookies, leur utilit\u00e9 et la mani\u00e8re de les configurer ou de les d\u00e9sactiver. Nous vous informons \u00e9galement sur les diff\u00e9rents types de cookies existants et leurs finalit\u00e9s.<br>Sur https:\/\/ginecologiaavanzada.es\/, nous utilisons des cookies pour assurer le bon fonctionnement de notre site web et am\u00e9liorer son contenu gr\u00e2ce \u00e0 l&rsquo;analyse des habitudes de navigation des utilisateurs. <\/p><p><span style=\"color: #aa83b1;\">QUE SONT LES COOKIES ?<\/span><br>Un cookie est un petit fichier texte enregistr\u00e9 dans votre navigateur lorsque vous consultez certains sites web. Il permet de recueillir des informations sur les visiteurs. Les cookies stockent g\u00e9n\u00e9ralement des informations techniques, vos pr\u00e9f\u00e9rences personnelles, la personnalisation du contenu, des statistiques d&rsquo;utilisation, des liens vers les r\u00e9seaux sociaux, l&rsquo;acc\u00e8s \u00e0 votre compte utilisateur, etc. L&rsquo;objectif du cookie est d&rsquo;adapter le contenu du site web \u00e0 votre profil et \u00e0 vos besoins. Sans cookies,<br>les services propos\u00e9s par un site web seraient consid\u00e9rablement r\u00e9duits.    <\/p><p><span style=\"color: #aa83b1;\">TYPES DE COOKIES<\/span><\/p><p><b>1. Selon l&rsquo;entit\u00e9 qui les g\u00e8re<\/b><\/p><p><b><\/b>Selon l&rsquo;entit\u00e9 qui g\u00e8re l&rsquo;\u00e9quipement ou le domaine \u00e0 partir duquel les cookies sont envoy\u00e9s et qui traite les donn\u00e9es obtenues, on distingue :<br>a) Cookies internes : ils sont envoy\u00e9s au terminal de l&rsquo;utilisateur depuis un ordinateur ou un domaine g\u00e9r\u00e9 par l&rsquo;\u00e9diteur lui-m\u00eame, qui fournit le service demand\u00e9 par l&rsquo;utilisateur.<br>b) Cookies tiers : ils sont envoy\u00e9s au terminal de l&rsquo;utilisateur depuis un ordinateur ou un domaine non g\u00e9r\u00e9 par l&rsquo;\u00e9diteur, mais par une autre entit\u00e9 qui traite les donn\u00e9es obtenues par le biais des cookies.<\/p><p><b>2. Selon leur finalit\u00e9<\/b><\/p><p>Les donn\u00e9es obtenues par le biais des cookies peuvent \u00eatre trait\u00e9es pour les finalit\u00e9s suivantes :<br>a) Cookies techniques : Ces cookies permettent \u00e0 l\u2019utilisateur de naviguer sur un site web, une plateforme ou une application et d\u2019utiliser les diff\u00e9rentes options ou services disponibles, y compris ceux utilis\u00e9s par l\u2019\u00e9diteur pour g\u00e9rer et exploiter le site web et activer ses fonctions et services (par exemple, contr\u00f4ler le trafic et la communication de donn\u00e9es, identifier la session, acc\u00e9der aux zones restreintes, m\u00e9moriser les articles d\u2019une commande, traiter une commande, g\u00e9rer le paiement, s\u2019inscrire \u00e0 un \u00e9v\u00e9nement ou y participer, stocker du contenu pour la lecture vid\u00e9o ou audio, activer du contenu dynamique ou partager du contenu via les r\u00e9seaux sociaux).<br>b) Cookies de pr\u00e9f\u00e9rence ou de personnalisation : ce sont ceux qui permettent de m\u00e9moriser des informations afin que l&rsquo;utilisateur puisse acc\u00e9der au service avec certaines caract\u00e9ristiques qui peuvent diff\u00e9rencier son exp\u00e9rience de celle des autres utilisateurs, par exemple la langue, le nombre de r\u00e9sultats \u00e0 afficher lorsque l&rsquo;utilisateur effectue une recherche, l&rsquo;apparence ou le contenu du service en fonction du type de navigateur par lequel l&rsquo;utilisateur acc\u00e8de au service ou de la r\u00e9gion \u00e0 partir de laquelle il acc\u00e8de au service, etc.<br>c) Cookies d&rsquo;analyse ou de mesure : Ces cookies permettent \u00e0 leur responsable de suivre et d&rsquo;analyser le comportement des utilisateurs sur les sites web auxquels ils sont associ\u00e9s, notamment en quantifiant l&rsquo;impact des publicit\u00e9s. Les informations recueillies gr\u00e2ce \u00e0 ces cookies servent \u00e0 mesurer l&rsquo;activit\u00e9 des sites web, applications ou plateformes afin d&rsquo;apporter des am\u00e9liorations bas\u00e9es sur l&rsquo;analyse des donn\u00e9es des utilisateurs. <br>d) Cookies de publicit\u00e9 comportementale : ce sont ceux qui stockent des informations sur le comportement de l&rsquo;utilisateur obtenues gr\u00e2ce \u00e0 l&rsquo;observation continue de ses habitudes de navigation, ce qui permet d&rsquo;\u00e9tablir un profil sp\u00e9cifique pour afficher des publicit\u00e9s bas\u00e9es sur celui-ci.<\/p><p>3. Selon leur dur\u00e9e de vie<br>Selon leur dur\u00e9e de vie sur l&rsquo;appareil de l&rsquo;utilisateur, on distingue :<br>a) Les cookies de session : ils sont con\u00e7us pour collecter et stocker des donn\u00e9es pendant la navigation de l&rsquo;utilisateur sur un site web. Ils servent g\u00e9n\u00e9ralement \u00e0 stocker des informations n\u00e9cessaires \u00e0 la fourniture du service demand\u00e9 ponctuellement, par exemple la liste des produits achet\u00e9s, et disparaissent donc \u00e0 la fin de la session.<br>b) Les cookies persistants : ces cookies conservent les donn\u00e9es sur l&rsquo;appareil de l&rsquo;utilisateur et permettent leur acc\u00e8s et leur traitement pendant une dur\u00e9e d\u00e9finie par le fournisseur du cookie, allant de quelques minutes \u00e0 plusieurs ann\u00e9es. <\/p><p><span style=\"color: #aa83b1;\">QUELS COOKIES UTILISONS-NOUS ?<\/span><\/p><p>Nous expliquons ci-dessous quels cookies sont utilis\u00e9s sur notre site web, ainsi que leurs caract\u00e9ristiques :<\/p>\t\t\t\t\t\t\t\t<\/div>\n\t\t\t\t<\/div>\n\t\t\t\t\t<\/div>\n\t\t<\/div>\n\t\t\t\t\t<\/div>\n\t\t<\/section>\n\t\t\t\t<section class=\"elementor-section elementor-top-section elementor-element elementor-element-932131d elementor-section-full_width elementor-section-stretched elementor-section-height-default elementor-section-height-default\" data-id=\"932131d\" data-element_type=\"section\" data-e-type=\"section\" data-settings=\"{&quot;stretch_section&quot;:&quot;section-stretched&quot;}\">\n\t\t\t\t\t\t<div class=\"elementor-container elementor-column-gap-default\">\n\t\t\t\t\t<div class=\"elementor-column elementor-col-100 elementor-top-column elementor-element elementor-element-d29397c\" data-id=\"d29397c\" data-element_type=\"column\" data-e-type=\"column\">\n\t\t\t<div class=\"elementor-widget-wrap elementor-element-populated\">\n\t\t\t\t\t\t<div class=\"elementor-element elementor-element-1a36953 elementor-widget elementor-widget-image\" data-id=\"1a36953\" data-element_type=\"widget\" data-e-type=\"widget\" data-widget_type=\"image.default\">\n\t\t\t\t<div class=\"elementor-widget-container\">\n\t\t\t\t\t\t\t\t\t\t\t\t\t\t\t<img fetchpriority=\"high\" decoding=\"async\" width=\"400\" height=\"339\" src=\"https:\/\/ginecologiaavanzada.es\/wp-content\/uploads\/Captura-de-pantalla-2026-02-25-a-las-13.52.49-400x339.png\" class=\"attachment-large size-large wp-image-82967\" alt=\"\" srcset=\"https:\/\/ginecologiaavanzada.es\/wp-content\/uploads\/Captura-de-pantalla-2026-02-25-a-las-13.52.49-400x339.png 400w, https:\/\/ginecologiaavanzada.es\/wp-content\/uploads\/Captura-de-pantalla-2026-02-25-a-las-13.52.49-150x127.png 150w, https:\/\/ginecologiaavanzada.es\/wp-content\/uploads\/Captura-de-pantalla-2026-02-25-a-las-13.52.49-768x652.png 768w, https:\/\/ginecologiaavanzada.es\/wp-content\/uploads\/Captura-de-pantalla-2026-02-25-a-las-13.52.49-1536x1304.png 1536w, https:\/\/ginecologiaavanzada.es\/wp-content\/uploads\/Captura-de-pantalla-2026-02-25-a-las-13.52.49-2048x1738.png 2048w\" sizes=\"(max-width: 400px) 100vw, 400px\" \/>\t\t\t\t\t\t\t\t\t\t\t\t\t\t\t<\/div>\n\t\t\t\t<\/div>\n\t\t\t\t\t<\/div>\n\t\t<\/div>\n\t\t\t\t\t<\/div>\n\t\t<\/section>\n\t\t\t\t<section class=\"elementor-section elementor-top-section elementor-element elementor-element-f51129b elementor-section-full_width elementor-section-stretched elementor-section-height-default elementor-section-height-default\" data-id=\"f51129b\" data-element_type=\"section\" data-e-type=\"section\" data-settings=\"{&quot;stretch_section&quot;:&quot;section-stretched&quot;}\">\n\t\t\t\t\t\t<div class=\"elementor-container elementor-column-gap-default\">\n\t\t\t\t\t<div class=\"elementor-column elementor-col-100 elementor-top-column elementor-element elementor-element-9a71422\" data-id=\"9a71422\" data-element_type=\"column\" data-e-type=\"column\">\n\t\t\t<div class=\"elementor-widget-wrap elementor-element-populated\">\n\t\t\t\t\t\t<div class=\"elementor-element elementor-element-7d48e7e elementor-widget elementor-widget-text-editor\" data-id=\"7d48e7e\" data-element_type=\"widget\" data-e-type=\"widget\" data-widget_type=\"text-editor.default\">\n\t\t\t\t<div class=\"elementor-widget-container\">\n\t\t\t\t\t\t\t\t\t<p><span style=\"color: #aa83b1;\">COMMENT CONFIGURER LES COOKIES ?<\/span><\/p><p>Vous pouvez accepter ou refuser l&rsquo;utilisation des cookies via le centre de gestion des cookies.<br>Pour acc\u00e9der \u00e0 ce centre, cliquez sur le message d&rsquo;information qui s&rsquo;affiche sur le site web. Vous pourrez alors accepter ou retirer votre consentement \u00e0 l&rsquo;utilisation des cookies.<br>Veuillez noter que le retrait des cookies tiers ne supprime pas les cookies existants. Cette action doit \u00eatre effectu\u00e9e dans les param\u00e8tres de votre navigateur.<br>Param\u00e8tres du navigateur  <\/p><p>Chrome<br>http:\/\/support.google.com\/chrome\/answer\/95647?hl=es<\/p><p>Internet Explorer<br>https:\/\/support.microsoft.com\/es-es\/kb\/278835<\/p><p>Firefox<br>https:\/\/www.mozilla.org\/es-ES\/privacy\/websites\/#cookies<\/p><p>Safari Versi\u00f3n<br>http:\/\/support.apple.com\/kb\/PH5042<\/p><p>Opera<br>https:\/\/help.opera.com\/en\/latest\/web-preferences\/<\/p><p>Otros navegadores<br>Consulte la documentaci\u00f3n del navegador que tenga instalado.<\/p>\t\t\t\t\t\t\t\t<\/div>\n\t\t\t\t<\/div>\n\t\t\t\t\t<\/div>\n\t\t<\/div>\n\t\t\t\t\t<\/div>\n\t\t<\/section>\n\t\t\t\t<\/div>\n\t\t","protected":false},"excerpt":{"rendered":"<p>POLITIQUE RELATIVE AUX COOKIES Conform\u00e9ment \u00e0 la loi espagnole sur les services de la soci\u00e9t\u00e9 de l&rsquo;information et le commerce \u00e9lectronique (LSSICE), le consentement explicite des utilisateurs de tout site web utilisant des cookies non essentiels doit \u00eatre obtenu avant toute navigation.Vous trouverez ci-dessous des explications sur la nature des cookies, leur utilit\u00e9 et la [&hellip;]<\/p>\n","protected":false},"author":6,"featured_media":0,"parent":0,"menu_order":0,"comment_status":"closed","ping_status":"closed","template":"","meta":{"_joinchat":[],"footnotes":""},"class_list":["post-82970","page","type-page","status-publish","hentry","entry"],"yoast_head":"<!-- This site is optimized with the Yoast SEO Premium plugin v27.1 (Yoast SEO v27.2) - https:\/\/yoast.com\/product\/yoast-seo-premium-wordpress\/ -->\n<title>politique en mati\u00e8re de cookies &#8902; Instituto Ginecolog\u00eda Avanzada<\/title>\n<meta name=\"robots\" content=\"index, follow, max-snippet:-1, max-image-preview:large, max-video-preview:-1\" \/>\n<link rel=\"canonical\" href=\"https:\/\/ginecologiaavanzada.es\/fr\/politique-en-matiere-de-cookies\/\" \/>\n<meta property=\"og:locale\" content=\"fr_FR\" \/>\n<meta property=\"og:type\" content=\"article\" \/>\n<meta property=\"og:title\" content=\"politique en mati\u00e8re de cookies\" \/>\n<meta property=\"og:description\" content=\"POLITIQUE RELATIVE AUX COOKIES Conform\u00e9ment \u00e0 la loi espagnole sur les services de la soci\u00e9t\u00e9 de l&rsquo;information et le commerce \u00e9lectronique (LSSICE), le consentement explicite des utilisateurs de tout site web utilisant des cookies non essentiels doit \u00eatre obtenu avant toute navigation.Vous trouverez ci-dessous des explications sur la nature des cookies, leur utilit\u00e9 et la [&hellip;]\" \/>\n<meta property=\"og:url\" content=\"https:\/\/ginecologiaavanzada.es\/fr\/politique-en-matiere-de-cookies\/\" \/>\n<meta property=\"og:site_name\" content=\"Instituto Ginecolog\u00eda Avanzada\" \/>\n<meta property=\"article:modified_time\" content=\"2026-02-26T17:17:47+00:00\" \/>\n<meta property=\"og:image\" content=\"https:\/\/ginecologiaavanzada.es\/wp-content\/uploads\/Captura-de-pantalla-2026-02-25-a-las-13.52.49-400x339.png\" \/>\n<meta name=\"twitter:card\" content=\"summary_large_image\" \/>\n<meta name=\"twitter:label1\" content=\"Dur\u00e9e de lecture estim\u00e9e\" \/>\n\t<meta name=\"twitter:data1\" content=\"5 minutes\" \/>\n<script type=\"application\/ld+json\" class=\"yoast-schema-graph\">{\"@context\":\"https:\/\/schema.org\",\"@graph\":[{\"@type\":\"WebPage\",\"@id\":\"https:\/\/ginecologiaavanzada.es\/fr\/politique-en-matiere-de-cookies\/\",\"url\":\"https:\/\/ginecologiaavanzada.es\/fr\/politique-en-matiere-de-cookies\/\",\"name\":\"politique en mati\u00e8re de cookies &#8902; Instituto Ginecolog\u00eda Avanzada\",\"isPartOf\":{\"@id\":\"https:\/\/ginecologiaavanzada.es\/fr\/#website\"},\"primaryImageOfPage\":{\"@id\":\"https:\/\/ginecologiaavanzada.es\/fr\/politique-en-matiere-de-cookies\/#primaryimage\"},\"image\":{\"@id\":\"https:\/\/ginecologiaavanzada.es\/fr\/politique-en-matiere-de-cookies\/#primaryimage\"},\"thumbnailUrl\":\"https:\/\/ginecologiaavanzada.es\/wp-content\/uploads\/Captura-de-pantalla-2026-02-25-a-las-13.52.49-400x339.png\",\"datePublished\":\"2026-02-25T13:35:38+00:00\",\"dateModified\":\"2026-02-26T17:17:47+00:00\",\"breadcrumb\":{\"@id\":\"https:\/\/ginecologiaavanzada.es\/fr\/politique-en-matiere-de-cookies\/#breadcrumb\"},\"inLanguage\":\"fr-FR\",\"potentialAction\":[{\"@type\":\"ReadAction\",\"target\":[\"https:\/\/ginecologiaavanzada.es\/fr\/politique-en-matiere-de-cookies\/\"]}]},{\"@type\":\"ImageObject\",\"inLanguage\":\"fr-FR\",\"@id\":\"https:\/\/ginecologiaavanzada.es\/fr\/politique-en-matiere-de-cookies\/#primaryimage\",\"url\":\"https:\/\/ginecologiaavanzada.es\/wp-content\/uploads\/Captura-de-pantalla-2026-02-25-a-las-13.52.49-400x339.png\",\"contentUrl\":\"https:\/\/ginecologiaavanzada.es\/wp-content\/uploads\/Captura-de-pantalla-2026-02-25-a-las-13.52.49-400x339.png\"},{\"@type\":\"BreadcrumbList\",\"@id\":\"https:\/\/ginecologiaavanzada.es\/fr\/politique-en-matiere-de-cookies\/#breadcrumb\",\"itemListElement\":[{\"@type\":\"ListItem\",\"position\":1,\"name\":\"Portada\",\"item\":\"https:\/\/ginecologiaavanzada.es\/fr\/\"},{\"@type\":\"ListItem\",\"position\":2,\"name\":\"politique en mati\u00e8re de cookies\"}]},{\"@type\":\"WebSite\",\"@id\":\"https:\/\/ginecologiaavanzada.es\/fr\/#website\",\"url\":\"https:\/\/ginecologiaavanzada.es\/fr\/\",\"name\":\"Ginecologia Avanzada\",\"description\":\"Enfoque integral de la mujer, visi\u00f3n de la mujer en todos sus aspectos, f\u00edsicos, y emocionales.\",\"publisher\":{\"@id\":\"https:\/\/ginecologiaavanzada.es\/fr\/#organization\"},\"potentialAction\":[{\"@type\":\"SearchAction\",\"target\":{\"@type\":\"EntryPoint\",\"urlTemplate\":\"https:\/\/ginecologiaavanzada.es\/fr\/?s={search_term_string}\"},\"query-input\":{\"@type\":\"PropertyValueSpecification\",\"valueRequired\":true,\"valueName\":\"search_term_string\"}}],\"inLanguage\":\"fr-FR\"},{\"@type\":\"Organization\",\"@id\":\"https:\/\/ginecologiaavanzada.es\/fr\/#organization\",\"name\":\"Ginecologia Avanzada\",\"url\":\"https:\/\/ginecologiaavanzada.es\/fr\/\",\"logo\":{\"@type\":\"ImageObject\",\"inLanguage\":\"fr-FR\",\"@id\":\"https:\/\/ginecologiaavanzada.es\/fr\/#\/schema\/logo\/image\/\",\"url\":\"https:\/\/ginecologiaavanzada.es\/wp-content\/uploads\/logo-fosc-1.jpg\",\"contentUrl\":\"https:\/\/ginecologiaavanzada.es\/wp-content\/uploads\/logo-fosc-1.jpg\",\"width\":680,\"height\":280,\"caption\":\"Ginecologia Avanzada\"},\"image\":{\"@id\":\"https:\/\/ginecologiaavanzada.es\/fr\/#\/schema\/logo\/image\/\"}}]}<\/script>\n<!-- \/ Yoast SEO Premium plugin. -->","yoast_head_json":{"title":"politique en mati\u00e8re de cookies &#8902; Instituto Ginecolog\u00eda Avanzada","robots":{"index":"index","follow":"follow","max-snippet":"max-snippet:-1","max-image-preview":"max-image-preview:large","max-video-preview":"max-video-preview:-1"},"canonical":"https:\/\/ginecologiaavanzada.es\/fr\/politique-en-matiere-de-cookies\/","og_locale":"fr_FR","og_type":"article","og_title":"politique en mati\u00e8re de cookies","og_description":"POLITIQUE RELATIVE AUX COOKIES Conform\u00e9ment \u00e0 la loi espagnole sur les services de la soci\u00e9t\u00e9 de l&rsquo;information et le commerce \u00e9lectronique (LSSICE), le consentement explicite des utilisateurs de tout site web utilisant des cookies non essentiels doit \u00eatre obtenu avant toute navigation.Vous trouverez ci-dessous des explications sur la nature des cookies, leur utilit\u00e9 et la [&hellip;]","og_url":"https:\/\/ginecologiaavanzada.es\/fr\/politique-en-matiere-de-cookies\/","og_site_name":"Instituto Ginecolog\u00eda Avanzada","article_modified_time":"2026-02-26T17:17:47+00:00","og_image":[{"url":"https:\/\/ginecologiaavanzada.es\/wp-content\/uploads\/Captura-de-pantalla-2026-02-25-a-las-13.52.49-400x339.png","type":"","width":"","height":""}],"twitter_card":"summary_large_image","twitter_misc":{"Dur\u00e9e de lecture estim\u00e9e":"5 minutes"},"schema":{"@context":"https:\/\/schema.org","@graph":[{"@type":"WebPage","@id":"https:\/\/ginecologiaavanzada.es\/fr\/politique-en-matiere-de-cookies\/","url":"https:\/\/ginecologiaavanzada.es\/fr\/politique-en-matiere-de-cookies\/","name":"politique en mati\u00e8re de cookies &#8902; Instituto Ginecolog\u00eda Avanzada","isPartOf":{"@id":"https:\/\/ginecologiaavanzada.es\/fr\/#website"},"primaryImageOfPage":{"@id":"https:\/\/ginecologiaavanzada.es\/fr\/politique-en-matiere-de-cookies\/#primaryimage"},"image":{"@id":"https:\/\/ginecologiaavanzada.es\/fr\/politique-en-matiere-de-cookies\/#primaryimage"},"thumbnailUrl":"https:\/\/ginecologiaavanzada.es\/wp-content\/uploads\/Captura-de-pantalla-2026-02-25-a-las-13.52.49-400x339.png","datePublished":"2026-02-25T13:35:38+00:00","dateModified":"2026-02-26T17:17:47+00:00","breadcrumb":{"@id":"https:\/\/ginecologiaavanzada.es\/fr\/politique-en-matiere-de-cookies\/#breadcrumb"},"inLanguage":"fr-FR","potentialAction":[{"@type":"ReadAction","target":["https:\/\/ginecologiaavanzada.es\/fr\/politique-en-matiere-de-cookies\/"]}]},{"@type":"ImageObject","inLanguage":"fr-FR","@id":"https:\/\/ginecologiaavanzada.es\/fr\/politique-en-matiere-de-cookies\/#primaryimage","url":"https:\/\/ginecologiaavanzada.es\/wp-content\/uploads\/Captura-de-pantalla-2026-02-25-a-las-13.52.49-400x339.png","contentUrl":"https:\/\/ginecologiaavanzada.es\/wp-content\/uploads\/Captura-de-pantalla-2026-02-25-a-las-13.52.49-400x339.png"},{"@type":"BreadcrumbList","@id":"https:\/\/ginecologiaavanzada.es\/fr\/politique-en-matiere-de-cookies\/#breadcrumb","itemListElement":[{"@type":"ListItem","position":1,"name":"Portada","item":"https:\/\/ginecologiaavanzada.es\/fr\/"},{"@type":"ListItem","position":2,"name":"politique en mati\u00e8re de cookies"}]},{"@type":"WebSite","@id":"https:\/\/ginecologiaavanzada.es\/fr\/#website","url":"https:\/\/ginecologiaavanzada.es\/fr\/","name":"Ginecologia Avanzada","description":"Enfoque integral de la mujer, visi\u00f3n de la mujer en todos sus aspectos, f\u00edsicos, y emocionales.","publisher":{"@id":"https:\/\/ginecologiaavanzada.es\/fr\/#organization"},"potentialAction":[{"@type":"SearchAction","target":{"@type":"EntryPoint","urlTemplate":"https:\/\/ginecologiaavanzada.es\/fr\/?s={search_term_string}"},"query-input":{"@type":"PropertyValueSpecification","valueRequired":true,"valueName":"search_term_string"}}],"inLanguage":"fr-FR"},{"@type":"Organization","@id":"https:\/\/ginecologiaavanzada.es\/fr\/#organization","name":"Ginecologia Avanzada","url":"https:\/\/ginecologiaavanzada.es\/fr\/","logo":{"@type":"ImageObject","inLanguage":"fr-FR","@id":"https:\/\/ginecologiaavanzada.es\/fr\/#\/schema\/logo\/image\/","url":"https:\/\/ginecologiaavanzada.es\/wp-content\/uploads\/logo-fosc-1.jpg","contentUrl":"https:\/\/ginecologiaavanzada.es\/wp-content\/uploads\/logo-fosc-1.jpg","width":680,"height":280,"caption":"Ginecologia Avanzada"},"image":{"@id":"https:\/\/ginecologiaavanzada.es\/fr\/#\/schema\/logo\/image\/"}}]}},"_links":{"self":[{"href":"https:\/\/ginecologiaavanzada.es\/fr\/wp-json\/wp\/v2\/pages\/82970","targetHints":{"allow":["GET"]}}],"collection":[{"href":"https:\/\/ginecologiaavanzada.es\/fr\/wp-json\/wp\/v2\/pages"}],"about":[{"href":"https:\/\/ginecologiaavanzada.es\/fr\/wp-json\/wp\/v2\/types\/page"}],"author":[{"embeddable":true,"href":"https:\/\/ginecologiaavanzada.es\/fr\/wp-json\/wp\/v2\/users\/6"}],"replies":[{"embeddable":true,"href":"https:\/\/ginecologiaavanzada.es\/fr\/wp-json\/wp\/v2\/comments?post=82970"}],"version-history":[{"count":1,"href":"https:\/\/ginecologiaavanzada.es\/fr\/wp-json\/wp\/v2\/pages\/82970\/revisions"}],"predecessor-version":[{"id":82971,"href":"https:\/\/ginecologiaavanzada.es\/fr\/wp-json\/wp\/v2\/pages\/82970\/revisions\/82971"}],"wp:attachment":[{"href":"https:\/\/ginecologiaavanzada.es\/fr\/wp-json\/wp\/v2\/media?parent=82970"}],"curies":[{"name":"wp","href":"https:\/\/api.w.org\/{rel}","templated":true}]}}