{"id":82982,"date":"2026-02-25T13:58:32","date_gmt":"2026-02-25T13:58:32","guid":{"rendered":"https:\/\/ginecologiaavanzada.es\/politique-de-confidentialite\/"},"modified":"2026-04-10T21:40:36","modified_gmt":"2026-04-10T21:40:36","slug":"politique-de-confidentialite","status":"publish","type":"page","link":"https:\/\/ginecologiaavanzada.es\/fr\/politique-de-confidentialite\/","title":{"rendered":"politique de confidentialit\u00e9"},"content":{"rendered":"\t\t<div data-elementor-type=\"wp-page\" data-elementor-id=\"82982\" class=\"elementor elementor-82982 elementor-82677\" data-elementor-post-type=\"page\">\n\t\t\t\t\t\t<section class=\"elementor-section elementor-top-section elementor-element elementor-element-018a7a5 elementor-section-stretched elementor-section-boxed elementor-section-height-default elementor-section-height-default\" data-id=\"018a7a5\" data-element_type=\"section\" data-e-type=\"section\" data-settings=\"{&quot;stretch_section&quot;:&quot;section-stretched&quot;}\">\n\t\t\t\t\t\t<div class=\"elementor-container elementor-column-gap-default\">\n\t\t\t\t\t<div class=\"elementor-column elementor-col-100 elementor-top-column elementor-element elementor-element-d5c89a1\" data-id=\"d5c89a1\" data-element_type=\"column\" data-e-type=\"column\">\n\t\t\t<div class=\"elementor-widget-wrap elementor-element-populated\">\n\t\t\t\t\t\t<div class=\"elementor-element elementor-element-a5e4ecb elementor-widget elementor-widget-text-editor\" data-id=\"a5e4ecb\" data-element_type=\"widget\" data-e-type=\"widget\" data-widget_type=\"text-editor.default\">\n\t\t\t\t<div class=\"elementor-widget-container\">\n\t\t\t\t\t\t\t\t\t<h1 style=\"text-align: center;\"><span style=\"color: #aa83b1;\">POLITIQUE DE CONFIDENTIALIT\u00c9<\/span><\/h1>\n<p><\/p>\n<p>POLITIQUE COMPL\u00c8TE DE PROTECTION DES DONN\u00c9ES PERSONNELLES<\/p>\n<p>La protection des donn\u00e9es et la confidentialit\u00e9 des informations sont des aspects essentiels pour C&amp;B MEDICAL PLUS SLP. La pr\u00e9sente politique de protection des donn\u00e9es d\u00e9finit le traitement des donn\u00e9es personnelles collect\u00e9es par le centre et peut \u00e9voluer en fonction des \u00e9volutions l\u00e9gislatives ou jurisprudentielles, ou des changements de crit\u00e8res appliqu\u00e9s par l&rsquo;Agence espagnole de protection des donn\u00e9es et\/ou l&rsquo;autorit\u00e9 comp\u00e9tente. Par cons\u00e9quent, C&amp;B MEDICAL PLUS SLP se r\u00e9serve le droit de modifier cette politique afin de l&rsquo;adapter \u00e0 la l\u00e9gislation ou \u00e0 la jurisprudence en vigueur lors de la consultation du site web.  <br><span style=\"font-size: 18px;\"><br><\/span><\/p>\n<p><span style=\"font-size: 18px;\">Derni\u00e8re mise \u00e0 jour : 25\/10\/2025<\/span><\/p>\n<p>1. RESPONSABLE<br>Qui est responsable du traitement de vos donn\u00e9es ?<br>C&amp;B MEDICAL PLUS SLP<br>Canigo Round, 10. c 4<br>08950 Esplugues de Llobregat<br>CIF : B65773566<br>Mail: consultas@ginecologiaavanzada.es <\/p>\n<p>2) FINALIT\u00c9S<br>Pour quelles raisons traitons-nous vos donn\u00e9es ?<\/p>\n<p><b>En tant que patient :<\/b><br>Nous traitons les donn\u00e9es personnelles de nos patients aux fins suivantes :<br>1. G\u00e9rer les consultations, les diagnostics et tous les traitements m\u00e9dicaux ou autres services de sant\u00e9 et services dermatologiques dispens\u00e9s par notre centre, y compris la facturation et les communications n\u00e9cessaires \u00e0 la prestation de ces services.<br>2. Vous envoyer des communications d\u2019information sur les produits et services propos\u00e9s par notre cabinet m\u00e9dical, sous r\u00e9serve de votre autorisation pr\u00e9alable.<br>3. Traiter vos r\u00e9clamations ou demandes formul\u00e9es via les formulaires disponibles sur notre site web ou par tout autre moyen de contact.<br>4. G\u00e9rer vos rendez-vous en ligne.<\/p>\n<p>Nous vous informons que le traitement des donn\u00e9es de sant\u00e9 implique le traitement de donn\u00e9es sensibles. Ce traitement est n\u00e9cessaire \u00e0 la gestion des services de sant\u00e9 et sera effectu\u00e9 par des professionnels tenus au secret professionnel.<br>Les donn\u00e9es personnelles collect\u00e9es sont strictement n\u00e9cessaires \u00e0 la fourniture du service et \u00e0 la gestion de la relation \u00e9tablie. Elles sont ad\u00e9quates, pertinentes et non excessives, et limit\u00e9es \u00e0 ce qui est n\u00e9cessaire au regard des finalit\u00e9s pour lesquelles elles sont trait\u00e9es. <\/p>\n<p>Afin que les donn\u00e9es restent actuelles, pr\u00e9cises et \u00e0 jour, veuillez nous informer de tout changement ou modification qui pourrait survenir.<\/p>\n<p><b>En tant que fournisseur et\/ou collaborateur<\/b><br>Nous traitons les donn\u00e9es \u00e0 caract\u00e8re personnel de nos fournisseurs et collaborateurs dans le but de g\u00e9rer la relation professionnelle \u00e9tablie.<\/p>\n<p><b>En tant que candidat \u00e0 un poste d&#8217;employ\u00e9<\/b><br>Nous traitons les donn\u00e9es curriculaires des candidats \u00e0 des postes d&#8217;employ\u00e9s dans le but de g\u00e9rer les processus de s\u00e9lection que le centre maintient ouverts.<\/p>\n<p>3. LEGITIMITE ET PERIODE DE CONSERVATION<br>Quelle est la base l\u00e9gale du traitement de vos donn\u00e9es et pendant combien de temps les conservons-nous<br>?<\/p><p><b>En tant que patient,<\/b><br>Le traitement de vos donn\u00e9es personnelles est fond\u00e9 sur la contractualisation des services m\u00e9dicaux demand\u00e9s et sur l&rsquo;int\u00e9r\u00eat l\u00e9gitime du centre \u00e0 r\u00e9pondre \u00e0 vos demandes.<br>Dans certains cas, le traitement sera fond\u00e9 sur la protection des int\u00e9r\u00eats vitaux de la personne concern\u00e9e ou d&rsquo;autres personnes physiques.<br>Pour le traitement \u00e0 des fins promotionnelles des services et produits du centre, le traitement sera fond\u00e9 sur votre consentement.<br>Dur\u00e9e de conservation :<br>Les donn\u00e9es personnelles fournies et votre dossier m\u00e9dical seront conserv\u00e9s pendant toute la dur\u00e9e de la relation de soins \u00e9tablie et, une fois celle-ci termin\u00e9e, pendant les d\u00e9lais l\u00e9gaux de prescription pr\u00e9vus par la loi 21\/2000 du 29 d\u00e9cembre relative aux droits \u00e0 l&rsquo;information en mati\u00e8re de sant\u00e9 et \u00e0 l&rsquo;autonomie du patient, ainsi qu&rsquo;\u00e0 la documentation m\u00e9dicale. Le dossier m\u00e9dical, ainsi que les donn\u00e9es d&rsquo;identification de chaque patient, seront conserv\u00e9s pendant au moins quinze ans \u00e0 compter de la date de fin de chaque \u00e9pisode de soins. Les autres documents seront d\u00e9truits cinq ans apr\u00e8s la date de fin de chaque \u00e9pisode de soins.<br>Vos coordonn\u00e9es pour l&rsquo;envoi de communications d&rsquo;information seront conserv\u00e9es jusqu&rsquo;\u00e0 ce que vous demandiez leur suppression.  <\/p><p><b>En tant que fournisseur et\/ou collaborateur,<\/b><br>le traitement de vos donn\u00e9es est fond\u00e9 sur l&rsquo;existence d&rsquo;une relation contractuelle.<br>Dur\u00e9e de conservation :<br>Les donn\u00e9es seront conserv\u00e9es pendant toute la dur\u00e9e de la relation contractuelle, puis pendant les d\u00e9lais l\u00e9gaux pr\u00e9vus par le droit civil (prescription des obligations contractuelles) et par la l\u00e9gislation comptable et fiscale.<\/p><p><b>En tant que candidat \u00e0 un poste :<\/b><br>Le traitement de vos donn\u00e9es est fond\u00e9 sur la mise en \u0153uvre de mesures pr\u00e9contractuelles dans le cadre des processus de recrutement men\u00e9s par l\u2019entreprise, ainsi que sur votre consentement \u00e0 la conservation de votre CV pour de futurs recrutements.<br>Dur\u00e9e de conservation :<br>Vos donn\u00e9es seront conserv\u00e9es pendant une dur\u00e9e maximale de deux ans. Elles seront ensuite supprim\u00e9es.<\/p>\n<p>4. DESTINATAIRES DES DONN\u00c9ES<br>Avec qui partagerons-nous vos donn\u00e9es personnelles ?<br>Les donn\u00e9es des patients peuvent \u00eatre communiqu\u00e9es \u00e0 des tiers dans les cas suivants :<br>\u2022 Au personnel administratif de sant\u00e9 d\u00fbment accr\u00e9dit\u00e9 exer\u00e7ant des fonctions d\u2019inspection, afin de v\u00e9rifier la qualit\u00e9 des soins, le respect des droits des patients ou toute autre obligation de l\u2019\u00e9tablissement m\u00e9dical envers les patients.<br>\u2022 \u00c0 l\u2019administration de sant\u00e9 \u00e0 des fins \u00e9pid\u00e9miologiques, de recherche ou d\u2019enseignement, en veillant toujours \u00e0 dissocier les donn\u00e9es d\u2019identification personnelle du patient de ses donn\u00e9es cliniques et de sant\u00e9.<br>\u2022 Aux juges et aux tribunaux dans le cadre d&rsquo;une demande l\u00e9gale<br>\u2022 Aux professionnels de la sant\u00e9 impliqu\u00e9s dans le diagnostic ou le traitement m\u00e9dical ; au personnel administratif uniquement lorsque cela est n\u00e9cessaire \u00e0 l&rsquo;exercice de leurs fonctions.<br>\uf0b7 Aux mutuelles de sant\u00e9 pour la gestion des services m\u00e9dico-sant\u00e9 demand\u00e9s et leur paiement correspondant.<br>\uf0b7 Aux entit\u00e9s m\u00e9dicales, entreprises et\/ou professionnels aux fins de facturation du service fourni.<br>\u2022 Aux laboratoires m\u00e9dicaux pour la r\u00e9alisation d&rsquo;analyses m\u00e9dicales.<br>Tout le personnel qui acc\u00e8de \u00e0 des donn\u00e9es de dossiers m\u00e9dicaux, quels qu&rsquo;ils soient, dans le cadre de ses fonctions, est soumis \u00e0 une obligation de confidentialit\u00e9.<br>Les donn\u00e9es des patients, les dossiers m\u00e9dicaux et les rendez-vous en ligne sont h\u00e9berg\u00e9s sur un logiciel de gestion m\u00e9dicale situ\u00e9 sur un serveur externe, dont le fournisseur respecte les garanties et les mesures de s\u00e9curit\u00e9 \u00e9tablies par le RGPD et avec lequel un accord de traitement des donn\u00e9es a \u00e9t\u00e9 sign\u00e9.<br>Aucun transfert international de vos donn\u00e9es n&rsquo;est pr\u00e9vu.<\/p>\n<p>5. DROITS DES PERSONNES CONCERN\u00c9ES<br>Quels sont vos droits en mati\u00e8re de protection des donn\u00e9es ?<br>Toute personne a le droit d\u2019obtenir des informations sur les donn\u00e9es trait\u00e9es par C&amp;B MEDICAL PLUS.<br>Voici vos droits :<br>1. Droit d\u2019acc\u00e9der \u00e0 vos donn\u00e9es personnelles et d\u2019en obtenir une copie.<br>2. Droit de demander la rectification des donn\u00e9es inexactes ou, le cas \u00e9ch\u00e9ant, leur effacement, notamment lorsque ces donn\u00e9es ne sont plus n\u00e9cessaires aux fins pour lesquelles elles ont \u00e9t\u00e9 collect\u00e9es.<br>3. Dans certaines circonstances, vous pouvez demander la limitation du traitement de vos donn\u00e9es. Celles-ci seront alors conserv\u00e9es uniquement pour la constatation, l\u2019exercice ou la d\u00e9fense de droits en justice.<br>4. Dans certaines circonstances et pour des raisons tenant \u00e0 votre situation particuli\u00e8re, vous pouvez vous opposer au traitement de vos donn\u00e9es. Le centre cessera alors de les traiter, sauf en cas de motifs l\u00e9gitimes et imp\u00e9rieux, ou pour la constatation, l\u2019exercice ou la d\u00e9fense de droits en justice.<br>5. Portabilit\u00e9 : La personne concern\u00e9e a le droit de recevoir les donn\u00e9es \u00e0 caract\u00e8re personnel la concernant qu\u2019elle a fournies \u00e0 l\u2019entreprise, dans un format structur\u00e9, couramment utilis\u00e9 et lisible par machine, lorsque : <br><span style=\"font-size: 18px;\">a) el tratamiento est\u00e9 basado en el consentimiento o en un contrato, y b) el tratamiento se efect\u00fae <\/span><span style=\"font-size: 18px;\">por medios automatizados.<br><\/span><span style=\"font-size: 18px;\">6.- Le informamos de su derecho a presentar una reclamaci\u00f3n ante la autoridad de control (AEPD.-&nbsp;<\/span><span style=\"font-size: 18px;\">www.agpd.es) en el caso que no haya visto satisfechos el ejercicio de sus derechos aqu\u00ed indicados.<\/span><\/p>\n<p>Pour exercer ces droits, vous pouvez nous contacter par courriel \u00e0 l&rsquo;adresse consultas@ginecologiaavanzada.es en fournissant les informations suivantes :<br>Nom et pr\u00e9nom<br>Adresse courriel<br>Droit que vous souhaitez exercer<br>D\u00e9tails de votre demande<br>Nous r\u00e9pondrons \u00e0 votre demande dans un d\u00e9lai d&rsquo;un mois et vous en informerons \u00e0 l&rsquo;adresse courriel que vous nous aurez communiqu\u00e9e.<\/p>\n<p>6. S\u00c9CURIT\u00c9 DU TRAITEMENT.<br>Quelles mesures de s\u00e9curit\u00e9 mettons-nous en \u0153uvre dans nos syst\u00e8mes d&rsquo;information ?<br>Compte tenu de l\u2019\u00e9tat de l\u2019art, des co\u00fbts de mise en \u0153uvre, de la nature, de la port\u00e9e, du contexte et des finalit\u00e9s du traitement, ainsi que des risques de probabilit\u00e9 et de gravit\u00e9 variables pour les droits et libert\u00e9s des personnes physiques, C&amp;B MEDICAL PLUS mettra en \u0153uvre des mesures techniques et organisationnelles appropri\u00e9es pour assurer un niveau de s\u00e9curit\u00e9 adapt\u00e9 au risque, en emp\u00eachant la destruction, la perte ou l\u2019alt\u00e9ration accidentelles ou illicites des donn\u00e9es \u00e0 caract\u00e8re personnel transmises, stock\u00e9es ou autrement trait\u00e9es, ou la divulgation ou l\u2019acc\u00e8s non autoris\u00e9 \u00e0 ces donn\u00e9es.<\/p>\t\t\t\t\t\t\t\t<\/div>\n\t\t\t\t<\/div>\n\t\t\t\t\t<\/div>\n\t\t<\/div>\n\t\t\t\t\t<\/div>\n\t\t<\/section>\n\t\t\t\t<\/div>\n\t\t","protected":false},"excerpt":{"rendered":"<p>POLITIQUE DE CONFIDENTIALIT\u00c9 POLITIQUE COMPL\u00c8TE DE PROTECTION DES DONN\u00c9ES PERSONNELLES La protection des donn\u00e9es et la confidentialit\u00e9 des informations sont des aspects essentiels pour C&amp;B MEDICAL PLUS SLP. La pr\u00e9sente politique de protection des donn\u00e9es d\u00e9finit le traitement des donn\u00e9es personnelles collect\u00e9es par le centre et peut \u00e9voluer en fonction des \u00e9volutions l\u00e9gislatives ou jurisprudentielles, [&hellip;]<\/p>\n","protected":false},"author":6,"featured_media":0,"parent":0,"menu_order":0,"comment_status":"closed","ping_status":"closed","template":"","meta":{"_joinchat":[],"footnotes":""},"class_list":["post-82982","page","type-page","status-publish","hentry","entry"],"yoast_head":"<!-- This site is optimized with the Yoast SEO Premium plugin v27.1 (Yoast SEO v27.3) - https:\/\/yoast.com\/product\/yoast-seo-premium-wordpress\/ -->\n<title>politique de confidentialit\u00e9 &#8902; Instituto Ginecolog\u00eda Avanzada<\/title>\n<meta name=\"robots\" content=\"index, follow, max-snippet:-1, max-image-preview:large, max-video-preview:-1\" \/>\n<link rel=\"canonical\" href=\"https:\/\/ginecologiaavanzada.es\/fr\/politique-de-confidentialite\/\" \/>\n<meta property=\"og:locale\" content=\"fr_FR\" \/>\n<meta property=\"og:type\" content=\"article\" \/>\n<meta property=\"og:title\" content=\"politique de confidentialit\u00e9\" \/>\n<meta property=\"og:description\" content=\"POLITIQUE DE CONFIDENTIALIT\u00c9 POLITIQUE COMPL\u00c8TE DE PROTECTION DES DONN\u00c9ES PERSONNELLES La protection des donn\u00e9es et la confidentialit\u00e9 des informations sont des aspects essentiels pour C&amp;B MEDICAL PLUS SLP. La pr\u00e9sente politique de protection des donn\u00e9es d\u00e9finit le traitement des donn\u00e9es personnelles collect\u00e9es par le centre et peut \u00e9voluer en fonction des \u00e9volutions l\u00e9gislatives ou jurisprudentielles, [&hellip;]\" \/>\n<meta property=\"og:url\" content=\"https:\/\/ginecologiaavanzada.es\/fr\/politique-de-confidentialite\/\" \/>\n<meta property=\"og:site_name\" content=\"Instituto Ginecolog\u00eda Avanzada\" \/>\n<meta property=\"article:modified_time\" content=\"2026-04-10T21:40:36+00:00\" \/>\n<meta property=\"og:image\" content=\"https:\/\/ginecologiaavanzada.es\/wp-content\/uploads\/logo-fosc-1.jpg\" \/>\n\t<meta property=\"og:image:width\" content=\"680\" \/>\n\t<meta property=\"og:image:height\" content=\"280\" \/>\n\t<meta property=\"og:image:type\" content=\"image\/jpeg\" \/>\n<meta name=\"twitter:card\" content=\"summary_large_image\" \/>\n<meta name=\"twitter:label1\" content=\"Dur\u00e9e de lecture estim\u00e9e\" \/>\n\t<meta name=\"twitter:data1\" content=\"8 minutes\" \/>\n<script type=\"application\/ld+json\" class=\"yoast-schema-graph\">{\"@context\":\"https:\\\/\\\/schema.org\",\"@graph\":[{\"@type\":\"WebPage\",\"@id\":\"https:\\\/\\\/ginecologiaavanzada.es\\\/fr\\\/politique-de-confidentialite\\\/\",\"url\":\"https:\\\/\\\/ginecologiaavanzada.es\\\/fr\\\/politique-de-confidentialite\\\/\",\"name\":\"politique de confidentialit\u00e9 &#8902; Instituto Ginecolog\u00eda Avanzada\",\"isPartOf\":{\"@id\":\"https:\\\/\\\/ginecologiaavanzada.es\\\/fr\\\/#website\"},\"datePublished\":\"2026-02-25T13:58:32+00:00\",\"dateModified\":\"2026-04-10T21:40:36+00:00\",\"breadcrumb\":{\"@id\":\"https:\\\/\\\/ginecologiaavanzada.es\\\/fr\\\/politique-de-confidentialite\\\/#breadcrumb\"},\"inLanguage\":\"fr-FR\",\"potentialAction\":[{\"@type\":\"ReadAction\",\"target\":[\"https:\\\/\\\/ginecologiaavanzada.es\\\/fr\\\/politique-de-confidentialite\\\/\"]}]},{\"@type\":\"BreadcrumbList\",\"@id\":\"https:\\\/\\\/ginecologiaavanzada.es\\\/fr\\\/politique-de-confidentialite\\\/#breadcrumb\",\"itemListElement\":[{\"@type\":\"ListItem\",\"position\":1,\"name\":\"Portada\",\"item\":\"https:\\\/\\\/ginecologiaavanzada.es\\\/fr\\\/inicio\\\/\"},{\"@type\":\"ListItem\",\"position\":2,\"name\":\"politique de confidentialit\u00e9\"}]},{\"@type\":\"WebSite\",\"@id\":\"https:\\\/\\\/ginecologiaavanzada.es\\\/fr\\\/#website\",\"url\":\"https:\\\/\\\/ginecologiaavanzada.es\\\/fr\\\/\",\"name\":\"Ginecologia Avanzada\",\"description\":\"Enfoque integral de la mujer, visi\u00f3n de la mujer en todos sus aspectos, f\u00edsicos, y emocionales.\",\"publisher\":{\"@id\":\"https:\\\/\\\/ginecologiaavanzada.es\\\/fr\\\/#organization\"},\"potentialAction\":[{\"@type\":\"SearchAction\",\"target\":{\"@type\":\"EntryPoint\",\"urlTemplate\":\"https:\\\/\\\/ginecologiaavanzada.es\\\/fr\\\/?s={search_term_string}\"},\"query-input\":{\"@type\":\"PropertyValueSpecification\",\"valueRequired\":true,\"valueName\":\"search_term_string\"}}],\"inLanguage\":\"fr-FR\"},{\"@type\":\"Organization\",\"@id\":\"https:\\\/\\\/ginecologiaavanzada.es\\\/fr\\\/#organization\",\"name\":\"Ginecologia Avanzada\",\"url\":\"https:\\\/\\\/ginecologiaavanzada.es\\\/fr\\\/\",\"logo\":{\"@type\":\"ImageObject\",\"inLanguage\":\"fr-FR\",\"@id\":\"https:\\\/\\\/ginecologiaavanzada.es\\\/fr\\\/#\\\/schema\\\/logo\\\/image\\\/\",\"url\":\"https:\\\/\\\/ginecologiaavanzada.es\\\/wp-content\\\/uploads\\\/logo-fosc-1.jpg\",\"contentUrl\":\"https:\\\/\\\/ginecologiaavanzada.es\\\/wp-content\\\/uploads\\\/logo-fosc-1.jpg\",\"width\":680,\"height\":280,\"caption\":\"Ginecologia Avanzada\"},\"image\":{\"@id\":\"https:\\\/\\\/ginecologiaavanzada.es\\\/fr\\\/#\\\/schema\\\/logo\\\/image\\\/\"}}]}<\/script>\n<!-- \/ Yoast SEO Premium plugin. -->","yoast_head_json":{"title":"politique de confidentialit\u00e9 &#8902; Instituto Ginecolog\u00eda Avanzada","robots":{"index":"index","follow":"follow","max-snippet":"max-snippet:-1","max-image-preview":"max-image-preview:large","max-video-preview":"max-video-preview:-1"},"canonical":"https:\/\/ginecologiaavanzada.es\/fr\/politique-de-confidentialite\/","og_locale":"fr_FR","og_type":"article","og_title":"politique de confidentialit\u00e9","og_description":"POLITIQUE DE CONFIDENTIALIT\u00c9 POLITIQUE COMPL\u00c8TE DE PROTECTION DES DONN\u00c9ES PERSONNELLES La protection des donn\u00e9es et la confidentialit\u00e9 des informations sont des aspects essentiels pour C&amp;B MEDICAL PLUS SLP. La pr\u00e9sente politique de protection des donn\u00e9es d\u00e9finit le traitement des donn\u00e9es personnelles collect\u00e9es par le centre et peut \u00e9voluer en fonction des \u00e9volutions l\u00e9gislatives ou jurisprudentielles, [&hellip;]","og_url":"https:\/\/ginecologiaavanzada.es\/fr\/politique-de-confidentialite\/","og_site_name":"Instituto Ginecolog\u00eda Avanzada","article_modified_time":"2026-04-10T21:40:36+00:00","og_image":[{"width":680,"height":280,"url":"https:\/\/ginecologiaavanzada.es\/wp-content\/uploads\/logo-fosc-1.jpg","type":"image\/jpeg"}],"twitter_card":"summary_large_image","twitter_misc":{"Dur\u00e9e de lecture estim\u00e9e":"8 minutes"},"schema":{"@context":"https:\/\/schema.org","@graph":[{"@type":"WebPage","@id":"https:\/\/ginecologiaavanzada.es\/fr\/politique-de-confidentialite\/","url":"https:\/\/ginecologiaavanzada.es\/fr\/politique-de-confidentialite\/","name":"politique de confidentialit\u00e9 &#8902; Instituto Ginecolog\u00eda Avanzada","isPartOf":{"@id":"https:\/\/ginecologiaavanzada.es\/fr\/#website"},"datePublished":"2026-02-25T13:58:32+00:00","dateModified":"2026-04-10T21:40:36+00:00","breadcrumb":{"@id":"https:\/\/ginecologiaavanzada.es\/fr\/politique-de-confidentialite\/#breadcrumb"},"inLanguage":"fr-FR","potentialAction":[{"@type":"ReadAction","target":["https:\/\/ginecologiaavanzada.es\/fr\/politique-de-confidentialite\/"]}]},{"@type":"BreadcrumbList","@id":"https:\/\/ginecologiaavanzada.es\/fr\/politique-de-confidentialite\/#breadcrumb","itemListElement":[{"@type":"ListItem","position":1,"name":"Portada","item":"https:\/\/ginecologiaavanzada.es\/fr\/inicio\/"},{"@type":"ListItem","position":2,"name":"politique de confidentialit\u00e9"}]},{"@type":"WebSite","@id":"https:\/\/ginecologiaavanzada.es\/fr\/#website","url":"https:\/\/ginecologiaavanzada.es\/fr\/","name":"Ginecologia Avanzada","description":"Enfoque integral de la mujer, visi\u00f3n de la mujer en todos sus aspectos, f\u00edsicos, y emocionales.","publisher":{"@id":"https:\/\/ginecologiaavanzada.es\/fr\/#organization"},"potentialAction":[{"@type":"SearchAction","target":{"@type":"EntryPoint","urlTemplate":"https:\/\/ginecologiaavanzada.es\/fr\/?s={search_term_string}"},"query-input":{"@type":"PropertyValueSpecification","valueRequired":true,"valueName":"search_term_string"}}],"inLanguage":"fr-FR"},{"@type":"Organization","@id":"https:\/\/ginecologiaavanzada.es\/fr\/#organization","name":"Ginecologia Avanzada","url":"https:\/\/ginecologiaavanzada.es\/fr\/","logo":{"@type":"ImageObject","inLanguage":"fr-FR","@id":"https:\/\/ginecologiaavanzada.es\/fr\/#\/schema\/logo\/image\/","url":"https:\/\/ginecologiaavanzada.es\/wp-content\/uploads\/logo-fosc-1.jpg","contentUrl":"https:\/\/ginecologiaavanzada.es\/wp-content\/uploads\/logo-fosc-1.jpg","width":680,"height":280,"caption":"Ginecologia Avanzada"},"image":{"@id":"https:\/\/ginecologiaavanzada.es\/fr\/#\/schema\/logo\/image\/"}}]}},"_links":{"self":[{"href":"https:\/\/ginecologiaavanzada.es\/fr\/wp-json\/wp\/v2\/pages\/82982","targetHints":{"allow":["GET"]}}],"collection":[{"href":"https:\/\/ginecologiaavanzada.es\/fr\/wp-json\/wp\/v2\/pages"}],"about":[{"href":"https:\/\/ginecologiaavanzada.es\/fr\/wp-json\/wp\/v2\/types\/page"}],"author":[{"embeddable":true,"href":"https:\/\/ginecologiaavanzada.es\/fr\/wp-json\/wp\/v2\/users\/6"}],"replies":[{"embeddable":true,"href":"https:\/\/ginecologiaavanzada.es\/fr\/wp-json\/wp\/v2\/comments?post=82982"}],"version-history":[{"count":2,"href":"https:\/\/ginecologiaavanzada.es\/fr\/wp-json\/wp\/v2\/pages\/82982\/revisions"}],"predecessor-version":[{"id":83718,"href":"https:\/\/ginecologiaavanzada.es\/fr\/wp-json\/wp\/v2\/pages\/82982\/revisions\/83718"}],"wp:attachment":[{"href":"https:\/\/ginecologiaavanzada.es\/fr\/wp-json\/wp\/v2\/media?parent=82982"}],"curies":[{"name":"wp","href":"https:\/\/api.w.org\/{rel}","templated":true}]}}